{"id":7839,"date":"2020-06-01T14:20:29","date_gmt":"2020-06-01T13:20:29","guid":{"rendered":"https:\/\/www.gasdum.com\/ban-do-trang-web-2\/"},"modified":"2020-07-02T08:17:54","modified_gmt":"2020-07-02T07:17:54","slug":"ban-do-trang-web-2","status":"publish","type":"page","link":"https:\/\/gasdum.com\/vi\/ban-do-trang-web-2\/","title":{"rendered":"B\u1ea3n \u0111\u1ed3 trang web"},"content":{"rendered":"<div class=\"row\"  id=\"row-1859986688\">\n\n\t<div id=\"col-554835616\" class=\"col small-12 large-12\"  >\n\t\t\t\t<div class=\"col-inner\"  >\n\t\t\t\n\t\t\t\n<ul><li><a href=\"https:\/\/gasdum.com\/vi\/ban-do-trang-web\/\">B\u1ea3n \u0111\u1ed3 trang web<\/a><\/li>\n<li><a href=\"https:\/\/gasdum.com\/vi\/ban-do-trang-web-2\/\">B\u1ea3n \u0111\u1ed3 trang web<\/a><\/li>\n<li><a href=\"https:\/\/gasdum.com\/vi\/ban-tin\/\">B\u1ea3n tin<\/a><\/li>\n<li><a href=\"https:\/\/gasdum.com\/vi\/blog\/\">Blog<\/a><\/li>\n<li><a href=\"https:\/\/gasdum.com\/vi\/basket\/\">C\u00e1i r\u1ed5<\/a><\/li>\n<li><a href=\"https:\/\/gasdum.com\/vi\/legal-warning\/\">C\u1ea3nh b\u00e1o ph\u00e1p l\u00fd<\/a><\/li>\n<li><a href=\"https:\/\/gasdum.com\/vi\/privacy\/\">Ch\u00ednh s\u00e1ch b\u1ea3o m\u1eadt<\/a><\/li>\n<li><a href=\"https:\/\/gasdum.com\/vi\/chinh-sach-cookie\/\">Ch\u00ednh s\u00e1ch cookie<\/a><\/li>\n<li><a href=\"https:\/\/gasdum.com\/vi\/xac-thuc\/\">Ch\u1ee9ng nh\u1eadn<\/a><\/li>\n<li><a href=\"https:\/\/gasdum.com\/vi\/du-an\/\">D\u1ef1 \u00e1n<\/a><\/li>\n<li><a href=\"https:\/\/gasdum.com\/vi\/san-pham-2\/\">S\u1ea2N PH\u1ea8M<\/a><\/li>\n<li><a href=\"https:\/\/gasdum.com\/vi\/tai-khoan-cua-toi\/\">T\u00e0i kho\u1ea3n c\u1ee7a t\u00f4i<\/a><\/li>\n<li><a href=\"https:\/\/gasdum.com\/vi\/thong-bao-phap-ly\/\">Th\u00f4ng b\u00e1o ph\u00e1p l\u00fd<\/a><\/li>\n<li><a href=\"https:\/\/gasdum.com\/vi\/checkout\/\">Th\u1ee7 t\u1ee5c thanh to\u00e1n<\/a><\/li>\n<li><a href=\"https:\/\/gasdum.com\/vi\/contact\/\">ti\u1ebfp x\u00fac<\/a><\/li>\n<li><a href=\"https:\/\/gasdum.com\/vi\/\">Trang Ch\u1ee7<\/a><\/li>\n<li><a href=\"https:\/\/gasdum.com\/vi\/trang-chu-2\/\">Trang Ch\u1ee7<\/a><\/li>\n<li><a href=\"https:\/\/gasdum.com\/vi\/trang-chu\/\">Trang Ch\u1ee7<\/a><\/li>\n<li><a href=\"https:\/\/gasdum.com\/vi\/ve-gasdum\/\">V\u1ec1 Gasdum<\/a>\n<ul class='children'>\n\t<li><a href=\"https:\/\/gasdum.com\/vi\/ve-gasdum\/comment\/\">B\u00ecnh lu\u1eadn<\/a><\/li>\n\t<li><a href=\"https:\/\/gasdum.com\/vi\/ve-gasdum\/chung-chi\/\">Ch\u1ee9ng ch\u1ec9<\/a><\/li>\n\t<li><a href=\"https:\/\/gasdum.com\/vi\/ve-gasdum\/ho-so\/\">H\u1ed3 s\u01a1<\/a><\/li>\n\t<li><a href=\"https:\/\/gasdum.com\/vi\/ve-gasdum\/du-an\/\">L\u00e0m vi\u1ec7c v\u1edbi ch\u00fang t\u00f4i<\/a><\/li>\n\t<li><a href=\"https:\/\/gasdum.com\/vi\/ve-gasdum\/nha-che-tao\/\">nh\u00e0 ch\u1ebf t\u1ea1o<\/a><\/li>\n<\/ul>\n<\/li>\n<\/ul>\n\t\t<\/div>\n\t\t\t\t\t<\/div>\n\n\t\n<\/div>\n","protected":false},"excerpt":{"rendered":"","protected":false},"author":1,"featured_media":0,"parent":0,"menu_order":0,"comment_status":"closed","ping_status":"closed","template":"","meta":{"_acf_changed":false,"footnotes":""},"class_list":["post-7839","page","type-page","status-publish","hentry"],"acf":[],"_links":{"self":[{"href":"https:\/\/gasdum.com\/vi\/wp-json\/wp\/v2\/pages\/7839","targetHints":{"allow":["GET"]}}],"collection":[{"href":"https:\/\/gasdum.com\/vi\/wp-json\/wp\/v2\/pages"}],"about":[{"href":"https:\/\/gasdum.com\/vi\/wp-json\/wp\/v2\/types\/page"}],"author":[{"embeddable":true,"href":"https:\/\/gasdum.com\/vi\/wp-json\/wp\/v2\/users\/1"}],"replies":[{"embeddable":true,"href":"https:\/\/gasdum.com\/vi\/wp-json\/wp\/v2\/comments?post=7839"}],"version-history":[{"count":0,"href":"https:\/\/gasdum.com\/vi\/wp-json\/wp\/v2\/pages\/7839\/revisions"}],"wp:attachment":[{"href":"https:\/\/gasdum.com\/vi\/wp-json\/wp\/v2\/media?parent=7839"}],"curies":[{"name":"wp","href":"https:\/\/api.w.org\/{rel}","templated":true}]}}