{"id":7523,"date":"2020-05-22T18:56:49","date_gmt":"2020-05-22T17:56:49","guid":{"rendered":"https:\/\/www.gasdum.com\/ban-tin\/"},"modified":"2020-06-26T12:14:08","modified_gmt":"2020-06-26T11:14:08","slug":"ban-tin","status":"publish","type":"page","link":"https:\/\/gasdum.com\/vi\/ban-tin\/","title":{"rendered":"B\u1ea3n tin"},"content":{"rendered":"<h1 class=\"page-main-title-newsletter subscribe-title\">Theo d\u00f5i v\u00e0 \u0111\u01b0\u1ee3c truy\u1ec1n c\u1ea3m h\u1ee9ng b\u1edfi Gasdum<\/h1>\n<div class=\"row row-collapse\"  id=\"row-1502275905\">\n\n\t<div id=\"col-1901798047\" class=\"col medium-6 small-12 large-6\"  >\n\t\t\t\t<div class=\"col-inner\"  >\n\t\t\t\n\t\t\t\n<div class=\"newsletter-content\">\n<h3 class=\"newsletter_title\">B\u1ea3n tin<\/h3>\n<p>T\u00ecm hi\u1ec3u m\u1ecdi th\u1ee9 x\u1ea3y ra trong Gasdum: tin t\u1ee9c, \u01b0u \u0111\u00e3i v\u00e0 c\u1ea3m h\u1ee9ng v\u1ec1 n\u1ed9i th\u1ea5t ph\u00f2ng t\u1eafm, m\u00e0n h\u00ecnh, ch\u1eadu r\u1eeda v\u00e0 t\u1ea5t c\u1ea3 c\u00e1c ph\u1ee5 ki\u1ec7n \u0111\u1ec3 bi\u1ebfn ph\u00f2ng t\u1eafm c\u1ee7a b\u1ea1n th\u00e0nh c\u0103n ph\u00f2ng y\u00eau th\u00edch c\u1ee7a b\u1ea1n \u1edf nh\u00e0<\/p>\n<\/div>\n[mc4wp_form id=&#8221;7328&#8243;]\n\t\t<\/div>\n\t\t\t\t\n<style>\n#col-1901798047 > .col-inner {\n  padding: 0px 10px 0px 10px;\n}\n<\/style>\n\t<\/div>\n\n\t\n\n\t<div id=\"col-788581612\" class=\"col medium-6 small-12 large-6\"  >\n\t\t\t\t<div class=\"col-inner\"  >\n\t\t\t\n\t\t\t\n\t<div class=\"img has-hover custom-image x md-x lg-x y md-y lg-y\" id=\"image_1129355171\">\n\t\t\t\t\t\t\t\t<div class=\"img-inner dark\" >\n\t\t\t<img loading=\"lazy\" decoding=\"async\" width=\"400\" height=\"400\" src=\"https:\/\/gasdum.com\/wp-content\/uploads\/2020\/06\/newsletter-770x770-1-400x40012-1.jpg\" class=\"attachment-medium size-medium\" alt=\"\" srcset=\"https:\/\/gasdum.com\/wp-content\/uploads\/2020\/06\/newsletter-770x770-1-400x40012-1.jpg 400w, https:\/\/gasdum.com\/wp-content\/uploads\/2020\/06\/newsletter-770x770-1-400x40012-1-280x280.jpg 280w, https:\/\/gasdum.com\/wp-content\/uploads\/2020\/06\/newsletter-770x770-1-400x40012-1-100x100.jpg 100w\" sizes=\"auto, (max-width: 400px) 100vw, 400px\" \/>\t\t\t\t\t\t\n\t\t\t\t\t<\/div>\n\t\t\t\t\t\t\t\t\n<style>\n#image_1129355171 {\n  width: 100%;\n}\n<\/style>\n\t<\/div>\n\t\n\t\t<\/div>\n\t\t\t\t\n<style>\n#col-788581612 > .col-inner {\n  padding: 0px 0 0px 0px;\n  margin: 0px 0 0px 0px;\n}\n<\/style>\n\t<\/div>\n\n\t\n<\/div>\n","protected":false},"excerpt":{"rendered":"<p>Theo d\u00f5i v\u00e0 \u0111\u01b0\u1ee3c truy\u1ec1n c\u1ea3m h\u1ee9ng b\u1edfi Gasdum<\/p>\n","protected":false},"author":1,"featured_media":0,"parent":0,"menu_order":0,"comment_status":"closed","ping_status":"closed","template":"","meta":{"_acf_changed":false,"footnotes":""},"class_list":["post-7523","page","type-page","status-publish","hentry"],"acf":[],"_links":{"self":[{"href":"https:\/\/gasdum.com\/vi\/wp-json\/wp\/v2\/pages\/7523","targetHints":{"allow":["GET"]}}],"collection":[{"href":"https:\/\/gasdum.com\/vi\/wp-json\/wp\/v2\/pages"}],"about":[{"href":"https:\/\/gasdum.com\/vi\/wp-json\/wp\/v2\/types\/page"}],"author":[{"embeddable":true,"href":"https:\/\/gasdum.com\/vi\/wp-json\/wp\/v2\/users\/1"}],"replies":[{"embeddable":true,"href":"https:\/\/gasdum.com\/vi\/wp-json\/wp\/v2\/comments?post=7523"}],"version-history":[{"count":0,"href":"https:\/\/gasdum.com\/vi\/wp-json\/wp\/v2\/pages\/7523\/revisions"}],"wp:attachment":[{"href":"https:\/\/gasdum.com\/vi\/wp-json\/wp\/v2\/media?parent=7523"}],"curies":[{"name":"wp","href":"https:\/\/api.w.org\/{rel}","templated":true}]}}