{"id":5620,"date":"2020-04-16T06:57:17","date_gmt":"2020-04-16T05:57:17","guid":{"rendered":"https:\/\/www.gasdum.com\/xac-thuc\/"},"modified":"2021-03-29T08:02:23","modified_gmt":"2021-03-29T00:02:23","slug":"xac-thuc","status":"publish","type":"page","link":"https:\/\/gasdum.com\/vi\/xac-thuc\/","title":{"rendered":"Ch\u1ee9ng nh\u1eadn"},"content":{"rendered":"\n  <div class=\"banner has-hover\" id=\"banner-1028612846\">\n          <div class=\"banner-inner fill\">\n        <div class=\"banner-bg fill\" >\n            <img loading=\"lazy\" decoding=\"async\" width=\"1500\" height=\"297\" src=\"https:\/\/gasdum.com\/wp-content\/uploads\/2019\/12\/img-gasdum.jpg\" class=\"bg attachment-original size-original\" alt=\"\" \/>                        <div class=\"overlay\"><\/div>            \n                    <\/div>\n\t\t\n        <div class=\"banner-layers container\">\n            <div class=\"fill banner-link\"><\/div>            \n        <\/div>\n      <\/div>\n\n              <div class=\"height-fix is-invisible\"><img loading=\"lazy\" decoding=\"async\" width=\"1500\" height=\"297\" src=\"https:\/\/gasdum.com\/wp-content\/uploads\/2019\/12\/img-gasdum.jpg\" class=\"attachment-original size-original\" alt=\"\" srcset=\"https:\/\/gasdum.com\/wp-content\/uploads\/2019\/12\/img-gasdum.jpg 1500w, https:\/\/gasdum.com\/wp-content\/uploads\/2019\/12\/img-gasdum-510x101.jpg 510w, https:\/\/gasdum.com\/wp-content\/uploads\/2019\/12\/img-gasdum-800x158.jpg 800w, https:\/\/gasdum.com\/wp-content\/uploads\/2019\/12\/img-gasdum-1400x277.jpg 1400w, https:\/\/gasdum.com\/wp-content\/uploads\/2019\/12\/img-gasdum-768x152.jpg 768w, https:\/\/gasdum.com\/wp-content\/uploads\/2019\/12\/img-gasdum-1536x304.jpg 1536w\" sizes=\"auto, (max-width: 1500px) 100vw, 1500px\" \/><\/div>\n            \n<style>\n#banner-1028612846 {\n  padding-top: 100px;\n}\n#banner-1028612846 .overlay {\n  background-color: rgba(0, 0, 0, 0.1);\n}\n#banner-1028612846 .banner-bg img {\n  object-position: 64% 40%;\n}\n@media (min-width:550px) {\n  #banner-1028612846 {\n    padding-top: 300px;\n  }\n}\n<\/style>\n  <\/div>\n\n\n\n\t<section class=\"section\" id=\"section_151409854\">\n\t\t<div class=\"section-bg fill\" >\n\t\t\t\t\t\t\t\t\t\n\t\t\t\n\n\t\t<\/div>\n\n\t\t\n\n\t\t<div class=\"section-content relative\">\n\t\t\t\n<div class=\"row align-equal\"  id=\"row-1634131766\">\n\n\t<div id=\"col-389676015\" class=\"col medium-6 small-12 large-6\"  >\n\t\t\t\t<div class=\"col-inner box-shadow-1\"  >\n\t\t\t\n\t\t\t\n<div class=\"row align-middle\"  id=\"row-434252367\">\n\n\t<div id=\"col-461170376\" class=\"col medium-6 small-12 large-6\"  >\n\t\t\t\t<div class=\"col-inner\"  >\n\t\t\t\n\t\t\t\n\t<div class=\"img has-hover x md-x lg-x y md-y lg-y\" id=\"image_1867567792\">\n\t\t\t\t\t\t\t\t<div class=\"img-inner dark\" >\n\t\t\t<img loading=\"lazy\" decoding=\"async\" width=\"250\" height=\"250\" src=\"https:\/\/gasdum.com\/wp-content\/uploads\/2019\/12\/watermark.jpg\" class=\"attachment-original size-original\" alt=\"\" srcset=\"https:\/\/gasdum.com\/wp-content\/uploads\/2019\/12\/watermark.jpg 250w, https:\/\/gasdum.com\/wp-content\/uploads\/2019\/12\/watermark-100x100.jpg 100w\" sizes=\"auto, (max-width: 250px) 100vw, 250px\" \/>\t\t\t\t\t\t\n\t\t\t\t\t<\/div>\n\t\t\t\t\t\t\t\t\n<style>\n#image_1867567792 {\n  width: 100%;\n}\n<\/style>\n\t<\/div>\n\t\n\t\t<\/div>\n\t\t\t\t\t<\/div>\n\n\t\n\n\t<div id=\"col-1900130403\" class=\"col medium-6 small-12 large-6\"  >\n\t\t\t\t<div class=\"col-inner\"  >\n\t\t\t\n\t\t\t\n<h3>CH\u1eee K\u00dd \u1ea2NH<\/h3>\n<p>Ch\u1ee9ng nh\u1eadn WATERMARK l\u00e0 nh\u00e3n hi\u1ec7u ch\u1ee9ng nh\u1eadn c\u1ee7a Standard Australia Limited. C\u00e1c s\u1ea3n ph\u1ea9m \u0111\u01b0\u1ee3c ch\u1ee9ng nh\u1eadn bao g\u1ed3m v\u00f2i, t\u1ea5t c\u1ea3 c\u00e1c lo\u1ea1i van n\u01b0\u1edbc, \u1ed1ng n\u01b0\u1edbc, ph\u1ee5 ki\u1ec7n b\u1ec3 n\u01b0\u1edbc, v\u00f2i hoa sen, b\u1ed3n t\u1eafm, ph\u1ee5 ki\u1ec7n v\u00e0 cung c\u1ea5p n\u01b0\u1edbc kh\u00e1c, s\u1ea3n ph\u1ea9m n\u01b0\u1edbc th\u1ea3i. WATERMARK l\u00e0 m\u1ed9t t\u1ed5 ch\u1ee9c ch\u1ee9ng nh\u1eadn \u0111\u1ed9c l\u1eadp<\/p>\n<a href=\"\/authentication\/watermark\/\" class=\"button primary is-outline\"  >\n\t\t<span>S\u1ea3n ph\u1ea9m li\u00ean quan<\/span>\n\t<\/a>\n\n\t\t<\/div>\n\t\t\t\t\t<\/div>\n\n\t\n<\/div>\n\t\t<\/div>\n\t\t\t\t\n<style>\n#col-389676015 > .col-inner {\n  padding: 20px 10px 0px 10px;\n}\n<\/style>\n\t<\/div>\n\n\t\n\n\t<div id=\"col-1675566358\" class=\"col medium-6 small-12 large-6\"  >\n\t\t\t\t<div class=\"col-inner box-shadow-1\"  >\n\t\t\t\n\t\t\t\n<div class=\"row align-middle\"  id=\"row-1021165359\">\n\n\t<div id=\"col-1263704583\" class=\"col medium-6 small-12 large-6\"  >\n\t\t\t\t<div class=\"col-inner\"  >\n\t\t\t\n\t\t\t\n\t<div class=\"img has-hover x md-x lg-x y md-y lg-y\" id=\"image_268528569\">\n\t\t\t\t\t\t\t\t<div class=\"img-inner dark\" >\n\t\t\t<img loading=\"lazy\" decoding=\"async\" width=\"250\" height=\"250\" src=\"https:\/\/gasdum.com\/wp-content\/uploads\/2019\/12\/UPC-CUPC.jpg\" class=\"attachment-original size-original\" alt=\"\" srcset=\"https:\/\/gasdum.com\/wp-content\/uploads\/2019\/12\/UPC-CUPC.jpg 250w, https:\/\/gasdum.com\/wp-content\/uploads\/2019\/12\/UPC-CUPC-100x100.jpg 100w\" sizes=\"auto, (max-width: 250px) 100vw, 250px\" \/>\t\t\t\t\t\t\n\t\t\t\t\t<\/div>\n\t\t\t\t\t\t\t\t\n<style>\n#image_268528569 {\n  width: 100%;\n}\n<\/style>\n\t<\/div>\n\t\n\t\t<\/div>\n\t\t\t\t\t<\/div>\n\n\t\n\n\t<div id=\"col-540046695\" class=\"col medium-6 small-12 large-6\"  >\n\t\t\t\t<div class=\"col-inner\"  >\n\t\t\t\n\t\t\t\n<h3>UPC\/CUPC<\/h3>\n<p>UPC l\u00e0 nh\u00e3n hi\u1ec7u ch\u1ee9ng nh\u1eadn c\u1ee7a Hi\u1ec7p h\u1ed9i ch\u1ee9ng nh\u1eadn \u0111\u01b0\u1eddng \u1ed1ng qu\u1ed1c t\u1ebf Hoa K\u1ef3 (IAPMO), ti\u00eau chu\u1ea9n s\u1ea3n ph\u1ea9m \u1ed1ng ph\u00f2ng t\u1eafm th\u1ed1ng nh\u1ea5t, l\u00e0 \u0111\u1ec3 v\u00e0o th\u1ecb tr\u01b0\u1eddng s\u1ea3n ph\u1ea9m thi\u1ebft b\u1ecb v\u1ec7 sinh th\u1ecb tr\u01b0\u1eddng Hoa K\u1ef3, c\u01a1 quan ch\u1ee9ng nh\u1eadn, v\u1edbi &#8220;c&#8221; \u0111\u1ec1 c\u1eadp \u0111\u1ebfn th\u1ecb tr\u01b0\u1eddng Canada, cUPC l\u00e0 B\u1eafc M\u1ef9\u2026<\/p>\n<a href=\"\/authentication\/upc\/\" class=\"button primary is-outline\"  >\n\t\t<span>S\u1ea3n ph\u1ea9m li\u00ean quan<\/span>\n\t<\/a>\n\n\t\t<\/div>\n\t\t\t\t\t<\/div>\n\n\t\n<\/div>\n\t\t<\/div>\n\t\t\t\t\n<style>\n#col-1675566358 > .col-inner {\n  padding: 20px 10px 0px 10px;\n}\n<\/style>\n\t<\/div>\n\n\t\n\n<style>\n#row-1634131766 > .col > .col-inner {\n  background-color: rgb(255, 255, 255);\n}\n<\/style>\n<\/div>\n<div class=\"row align-equal\"  id=\"row-359806358\">\n\n\t<div id=\"col-1827457066\" class=\"col medium-6 small-12 large-6\"  >\n\t\t\t\t<div class=\"col-inner box-shadow-1\"  >\n\t\t\t\n\t\t\t\n<div class=\"row align-middle\"  id=\"row-739259921\">\n\n\t<div id=\"col-387681063\" class=\"col medium-6 small-12 large-6\"  >\n\t\t\t\t<div class=\"col-inner\"  >\n\t\t\t\n\t\t\t\n\t<div class=\"img has-hover x md-x lg-x y md-y lg-y\" id=\"image_732867962\">\n\t\t\t\t\t\t\t\t<div class=\"img-inner dark\" >\n\t\t\t<img loading=\"lazy\" decoding=\"async\" width=\"250\" height=\"250\" src=\"https:\/\/gasdum.com\/wp-content\/uploads\/2019\/12\/WCC.jpg\" class=\"attachment-original size-original\" alt=\"\" srcset=\"https:\/\/gasdum.com\/wp-content\/uploads\/2019\/12\/WCC.jpg 250w, https:\/\/gasdum.com\/wp-content\/uploads\/2019\/12\/WCC-100x100.jpg 100w\" sizes=\"auto, (max-width: 250px) 100vw, 250px\" \/>\t\t\t\t\t\t\n\t\t\t\t\t<\/div>\n\t\t\t\t\t\t\t\t\n<style>\n#image_732867962 {\n  width: 100%;\n}\n<\/style>\n\t<\/div>\n\t\n\t\t<\/div>\n\t\t\t\t\t<\/div>\n\n\t\n\n\t<div id=\"col-1579205222\" class=\"col medium-6 small-12 large-6\"  >\n\t\t\t\t<div class=\"col-inner\"  >\n\t\t\t\n\t\t\t\n<h3>WCC<\/h3>\n<p>Ch\u1ee9ng nh\u1eadn s\u1ea3n ph\u1ea9m ti\u1ebft ki\u1ec7m n\u01b0\u1edbc d\u1ef1a tr\u00ean c\u00e1c ti\u00eau chu\u1ea9n v\u00e0 y\u00eau c\u1ea7u k\u1ef9 thu\u1eadt c\u00f3 li\u00ean quan, \u0111\u01b0\u1ee3c ch\u1ee9ng nh\u1eadn b\u1edfi c\u00e1c t\u1ed5 ch\u1ee9c ch\u1ee9ng nh\u1eadn s\u1ea3n ph\u1ea9m ti\u1ebft ki\u1ec7m n\u01b0\u1edbc v\u00e0 th\u00f4ng qua vi\u1ec7c ban h\u00e0nh ch\u1ee9ng nh\u1eadn s\u1ea3n ph\u1ea9m ti\u1ebft ki\u1ec7m n\u01b0\u1edbc v\u00e0 c\u00e1c d\u1ea5u hi\u1ec7u ti\u1ebft ki\u1ec7m n\u01b0\u1edbc \u0111\u1ec3 ch\u1ee9ng minh r\u1eb1ng s\u1ea3n ph\u1ea9m \u0111\u01b0\u1ee3c ch\u1ee9ng nh\u1eadn cho s\u1ea3n ph\u1ea9m ti\u1ebft ki\u1ec7m n\u01b0\u1edbc<\/p>\n<a href=\"\/authentication\/wcc\/\" class=\"button primary is-outline\"  >\n\t\t<span>S\u1ea3n ph\u1ea9m li\u00ean quan<\/span>\n\t<\/a>\n\n\t\t<\/div>\n\t\t\t\t\t<\/div>\n\n\t\n<\/div>\n\t\t<\/div>\n\t\t\t\t\n<style>\n#col-1827457066 > .col-inner {\n  padding: 20px 10px 0px 10px;\n}\n<\/style>\n\t<\/div>\n\n\t\n\n\t<div id=\"col-1558650695\" class=\"col medium-6 small-12 large-6\"  >\n\t\t\t\t<div class=\"col-inner box-shadow-1\"  >\n\t\t\t\n\t\t\t\n<div class=\"row align-middle\"  id=\"row-2073956858\">\n\n\t<div id=\"col-1973285051\" class=\"col medium-6 small-12 large-6\"  >\n\t\t\t\t<div class=\"col-inner\"  >\n\t\t\t\n\t\t\t\n\t<div class=\"img has-hover x md-x lg-x y md-y lg-y\" id=\"image_1408811200\">\n\t\t\t\t\t\t\t\t<div class=\"img-inner dark\" >\n\t\t\t<img loading=\"lazy\" decoding=\"async\" width=\"250\" height=\"250\" src=\"https:\/\/gasdum.com\/wp-content\/uploads\/2019\/12\/CQM.jpg\" class=\"attachment-original size-original\" alt=\"\" srcset=\"https:\/\/gasdum.com\/wp-content\/uploads\/2019\/12\/CQM.jpg 250w, https:\/\/gasdum.com\/wp-content\/uploads\/2019\/12\/CQM-100x100.jpg 100w\" sizes=\"auto, (max-width: 250px) 100vw, 250px\" \/>\t\t\t\t\t\t\n\t\t\t\t\t<\/div>\n\t\t\t\t\t\t\t\t\n<style>\n#image_1408811200 {\n  width: 100%;\n}\n<\/style>\n\t<\/div>\n\t\n\t\t<\/div>\n\t\t\t\t\t<\/div>\n\n\t\n\n\t<div id=\"col-401951159\" class=\"col medium-6 small-12 large-6\"  >\n\t\t\t\t<div class=\"col-inner\"  >\n\t\t\t\n\t\t\t\n<h3>CQM<\/h3>\n<p>Nh\u00f3m ch\u1ee9ng nh\u1eadn b\u00e1n k\u00ednh \u0111\u01b0\u1ee3c ph\u00ea duy\u1ec7t b\u1edfi khu v\u1ef1c c\u00f4ng nghi\u1ec7p v\u00e0 th\u01b0\u01a1ng m\u1ea1i qu\u1ed1c gia, tham gia v\u00e0o c\u00e1c nh\u00f3m doanh nghi\u1ec7p kinh doanh ch\u1ee9ng nh\u1eadn. Ch\u1ee9ng nh\u1eadn logo b\u00e1n k\u00ednh kinh doanh c\u1ed1t l\u00f5i c\u1ee7a n\u00f3 Group Limited (&#8220;Group&#8221;) \u0111\u01b0\u1ee3c ph\u00ea duy\u1ec7t b\u1edfi ch\u1ee9ng nh\u1eadn qu\u1ed1c gia v\u00e0 gi\u00e1m s\u00e1t c\u00f4ng nh\u1eadn &#8230;<\/p>\n<a href=\"\/authentication\/cqm\/\" class=\"button primary is-outline\"  >\n\t\t<span>S\u1ea3n ph\u1ea9m li\u00ean quan<\/span>\n\t<\/a>\n\n\t\t<\/div>\n\t\t\t\t\t<\/div>\n\n\t\n<\/div>\n\t\t<\/div>\n\t\t\t\t\n<style>\n#col-1558650695 > .col-inner {\n  padding: 20px 10px 0px 10px;\n}\n<\/style>\n\t<\/div>\n\n\t\n\n<style>\n#row-359806358 > .col > .col-inner {\n  background-color: rgb(255, 255, 255);\n}\n<\/style>\n<\/div>\n<div class=\"row align-equal\"  id=\"row-1847301328\">\n\n\t<div id=\"col-1678493531\" class=\"col medium-6 small-12 large-6\"  >\n\t\t\t\t<div class=\"col-inner box-shadow-1\"  >\n\t\t\t\n\t\t\t\n<div class=\"row align-middle\"  id=\"row-412182355\">\n\n\t<div id=\"col-1094897340\" class=\"col medium-6 small-12 large-6\"  >\n\t\t\t\t<div class=\"col-inner\"  >\n\t\t\t\n\t\t\t\n\t<div class=\"img has-hover x md-x lg-x y md-y lg-y\" id=\"image_1983664147\">\n\t\t\t\t\t\t\t\t<div class=\"img-inner dark\" >\n\t\t\t<img loading=\"lazy\" decoding=\"async\" width=\"250\" height=\"250\" src=\"https:\/\/gasdum.com\/wp-content\/uploads\/2019\/12\/CE.jpg\" class=\"attachment-original size-original\" alt=\"\" srcset=\"https:\/\/gasdum.com\/wp-content\/uploads\/2019\/12\/CE.jpg 250w, https:\/\/gasdum.com\/wp-content\/uploads\/2019\/12\/CE-100x100.jpg 100w\" sizes=\"auto, (max-width: 250px) 100vw, 250px\" \/>\t\t\t\t\t\t\n\t\t\t\t\t<\/div>\n\t\t\t\t\t\t\t\t\n<style>\n#image_1983664147 {\n  width: 100%;\n}\n<\/style>\n\t<\/div>\n\t\n\t\t<\/div>\n\t\t\t\t\t<\/div>\n\n\t\n\n\t<div id=\"col-838586709\" class=\"col medium-6 small-12 large-6\"  >\n\t\t\t\t<div class=\"col-inner\"  >\n\t\t\t\n\t\t\t\n<h3>CE<\/h3>\n<p>Ch\u1ee9ng nh\u1eadn CE, gi\u1edbi h\u1ea1n trong s\u1ea3n ph\u1ea9m kh\u00f4ng g\u00e2y nguy hi\u1ec3m cho s\u1ef1 an to\u00e0n c\u1ee7a c\u00e1c y\u00eau c\u1ea7u an to\u00e0n c\u1ee7a con ng\u01b0\u1eddi, \u0111\u1ed9ng v\u1eadt v\u00e0 s\u1ea3n ph\u1ea9m, thay v\u00ec c\u00e1c y\u00eau c\u1ea7u ch\u1ea5t l\u01b0\u1ee3ng chung, vi\u1ec7c \u0111i\u1ec1u ph\u1ed1i c\u00e1c ch\u1ec9 th\u1ecb ch\u1ec9 cung c\u1ea5p c\u00e1c y\u00eau c\u1ea7u ch\u00ednh, ch\u1ec9 th\u1ecb chung l\u00e0 m\u1ed9t nhi\u1ec7m v\u1ee5 ti\u00eau chu\u1ea9n. Do \u0111\u00f3, ch\u00ednh x\u00e1c<\/p>\n<a href=\"\/authentication\/ce\/\" class=\"button primary is-outline\"  >\n\t\t<span>S\u1ea3n ph\u1ea9m li\u00ean quan<\/span>\n\t<\/a>\n\n\t\t<\/div>\n\t\t\t\t\t<\/div>\n\n\t\n<\/div>\n\t\t<\/div>\n\t\t\t\t\n<style>\n#col-1678493531 > .col-inner {\n  padding: 20px 10px 0px 10px;\n}\n<\/style>\n\t<\/div>\n\n\t\n\n\t<div id=\"col-1263767712\" class=\"col medium-6 small-12 large-6\"  >\n\t\t\t\t<div class=\"col-inner box-shadow-1\"  >\n\t\t\t\n\t\t\t\n<div class=\"row align-middle\"  id=\"row-619942347\">\n\n\t<div id=\"col-1820007384\" class=\"col medium-6 small-12 large-6\"  >\n\t\t\t\t<div class=\"col-inner\"  >\n\t\t\t\n\t\t\t\n\t<div class=\"img has-hover x md-x lg-x y md-y lg-y\" id=\"image_1961294020\">\n\t\t\t\t\t\t\t\t<div class=\"img-inner dark\" >\n\t\t\t<img loading=\"lazy\" decoding=\"async\" width=\"250\" height=\"250\" src=\"https:\/\/gasdum.com\/wp-content\/uploads\/2019\/12\/CAS.jpg\" class=\"attachment-original size-original\" alt=\"\" srcset=\"https:\/\/gasdum.com\/wp-content\/uploads\/2019\/12\/CAS.jpg 250w, https:\/\/gasdum.com\/wp-content\/uploads\/2019\/12\/CAS-100x100.jpg 100w\" sizes=\"auto, (max-width: 250px) 100vw, 250px\" \/>\t\t\t\t\t\t\n\t\t\t\t\t<\/div>\n\t\t\t\t\t\t\t\t\n<style>\n#image_1961294020 {\n  width: 100%;\n}\n<\/style>\n\t<\/div>\n\t\n\t\t<\/div>\n\t\t\t\t\t<\/div>\n\n\t\n\n\t<div id=\"col-538018273\" class=\"col medium-6 small-12 large-6\"  >\n\t\t\t\t<div class=\"col-inner\"  >\n\t\t\t\n\t\t\t\n<h3>CAS<\/h3>\n<p>CSA l\u00e0 Hi\u1ec7p h\u1ed9i Ti\u00eau chu\u1ea9n Canada (Hi\u1ec7p h\u1ed9i Ti\u00eau chu\u1ea9n Canada) \u0111\u01b0\u1ee3c g\u1ecdi l\u00e0 n\u00f3 \u0111\u01b0\u1ee3c th\u00e0nh l\u1eadp v\u00e0o n\u0103m 1919, l\u00e0 ti\u00eau chu\u1ea9n c\u00f4ng nghi\u1ec7p \u0111\u1ea7u ti\u00ean c\u1ee7a Canada \u0111\u1ec3 ph\u00e1t tri\u1ec3n c\u00e1c t\u1ed5 ch\u1ee9c phi l\u1ee3i nhu\u1eadn. T\u1ea1i th\u1ecb tr\u01b0\u1eddng B\u1eafc M\u1ef9, doanh s\u1ed1 b\u00e1n h\u00e0ng \u0111i\u1ec7n t\u1eed, thi\u1ebft b\u1ecb \u0111i\u1ec7n v\u00e0 c\u00e1c s\u1ea3n ph\u1ea9m kh\u00e1c c\u1ea7n c\u00f3<\/p>\n<a href=\"\/authentication\/cas\/\" class=\"button primary is-outline\"  >\n\t\t<span>S\u1ea3n ph\u1ea9m li\u00ean quan<\/span>\n\t<\/a>\n\n\t\t<\/div>\n\t\t\t\t\t<\/div>\n\n\t\n<\/div>\n\t\t<\/div>\n\t\t\t\t\n<style>\n#col-1263767712 > .col-inner {\n  padding: 20px 10px 0px 10px;\n}\n<\/style>\n\t<\/div>\n\n\t\n\n<style>\n#row-1847301328 > .col > .col-inner {\n  background-color: rgb(255, 255, 255);\n}\n<\/style>\n<\/div>\n\t\t<\/div>\n\n\t\t\n<style>\n#section_151409854 {\n  padding-top: 35px;\n  padding-bottom: 35px;\n  background-color: rgb(244, 244, 244);\n}\n<\/style>\n\t<\/section>\n\t\n","protected":false},"excerpt":{"rendered":"","protected":false},"author":1,"featured_media":0,"parent":0,"menu_order":0,"comment_status":"closed","ping_status":"closed","template":"page-blank.php","meta":{"_acf_changed":false,"footnotes":""},"class_list":["post-5620","page","type-page","status-publish","hentry"],"acf":[],"_links":{"self":[{"href":"https:\/\/gasdum.com\/vi\/wp-json\/wp\/v2\/pages\/5620","targetHints":{"allow":["GET"]}}],"collection":[{"href":"https:\/\/gasdum.com\/vi\/wp-json\/wp\/v2\/pages"}],"about":[{"href":"https:\/\/gasdum.com\/vi\/wp-json\/wp\/v2\/types\/page"}],"author":[{"embeddable":true,"href":"https:\/\/gasdum.com\/vi\/wp-json\/wp\/v2\/users\/1"}],"replies":[{"embeddable":true,"href":"https:\/\/gasdum.com\/vi\/wp-json\/wp\/v2\/comments?post=5620"}],"version-history":[{"count":0,"href":"https:\/\/gasdum.com\/vi\/wp-json\/wp\/v2\/pages\/5620\/revisions"}],"wp:attachment":[{"href":"https:\/\/gasdum.com\/vi\/wp-json\/wp\/v2\/media?parent=5620"}],"curies":[{"name":"wp","href":"https:\/\/api.w.org\/{rel}","templated":true}]}}