{"id":5613,"date":"2020-04-16T06:26:53","date_gmt":"2020-04-16T05:26:53","guid":{"rendered":"https:\/\/www.gasdum.com\/ve-gasdum\/ho-so\/"},"modified":"2023-10-28T16:25:25","modified_gmt":"2023-10-28T08:25:25","slug":"ho-so","status":"publish","type":"page","link":"https:\/\/gasdum.com\/vi\/ve-gasdum\/ho-so\/","title":{"rendered":"H\u1ed3 s\u01a1"},"content":{"rendered":"\n  <div class=\"banner has-hover\" id=\"banner-871504944\">\n          <div class=\"banner-inner fill\">\n        <div class=\"banner-bg fill\" >\n            <img loading=\"lazy\" decoding=\"async\" width=\"1500\" height=\"297\" src=\"https:\/\/gasdum.com\/wp-content\/uploads\/2019\/12\/banner-image.jpg\" class=\"bg attachment-original size-original\" alt=\"\" \/>                        <div class=\"overlay\"><\/div>            \n                    <\/div>\n\t\t\n        <div class=\"banner-layers container\">\n            <div class=\"fill banner-link\"><\/div>            \n   <div id=\"text-box-1559399940\" class=\"text-box banner-layer x50 md-x50 lg-x50 y50 md-y50 lg-y50 res-text\">\n                                <div class=\"text-box-content text dark\">\n              \n              <div class=\"text-inner text-center\">\n                  \n              <\/div>\n           <\/div>\n                            \n<style>\n#text-box-1559399940 {\n  width: 60%;\n}\n#text-box-1559399940 .text-box-content {\n  font-size: 100%;\n}\n<\/style>\n    <\/div>\n \n        <\/div>\n      <\/div>\n\n              <div class=\"height-fix is-invisible\"><img loading=\"lazy\" decoding=\"async\" width=\"1500\" height=\"297\" src=\"https:\/\/gasdum.com\/wp-content\/uploads\/2019\/12\/banner-image.jpg\" class=\"attachment-original size-original\" alt=\"\" srcset=\"https:\/\/gasdum.com\/wp-content\/uploads\/2019\/12\/banner-image.jpg 1500w, https:\/\/gasdum.com\/wp-content\/uploads\/2019\/12\/banner-image-510x101.jpg 510w, https:\/\/gasdum.com\/wp-content\/uploads\/2019\/12\/banner-image-800x158.jpg 800w, https:\/\/gasdum.com\/wp-content\/uploads\/2019\/12\/banner-image-1400x277.jpg 1400w, https:\/\/gasdum.com\/wp-content\/uploads\/2019\/12\/banner-image-768x152.jpg 768w, https:\/\/gasdum.com\/wp-content\/uploads\/2019\/12\/banner-image-1536x304.jpg 1536w\" sizes=\"auto, (max-width: 1500px) 100vw, 1500px\" \/><\/div>\n            \n<style>\n#banner-871504944 {\n  padding-top: 96px;\n}\n#banner-871504944 .overlay {\n  background-color: rgba(163, 163, 163, 0.22);\n}\n#banner-871504944 .banner-bg img {\n  object-position: 22% 0%;\n}\n<\/style>\n  <\/div>\n\n\n\n\t<section class=\"section\" id=\"section_954308951\">\n\t\t<div class=\"section-bg fill\" >\n\t\t\t<img loading=\"lazy\" decoding=\"async\" width=\"1500\" height=\"297\" src=\"https:\/\/gasdum.com\/wp-content\/uploads\/2019\/12\/banner-image.jpg\" class=\"bg attachment- size-\" alt=\"\" \/>\t\t\t\t\t\t<div class=\"section-bg-overlay absolute fill\"><\/div>\n\t\t\t\n\n\t\t<\/div>\n\n\t\t\n\n\t\t<div class=\"section-content relative\">\n\t\t\t\n  <div class=\"banner-grid-wrapper\">\n  <div id=\"banner-grid-23936931\" class=\"banner-grid row row-grid row-small\" data-packery-options=\"\">\n                      \n<div class=\"col grid-col large-9 grid-col-1\" ><div class=\"col-inner\">\n\t<div class=\"img has-hover x md-x lg-x y md-y lg-y\" id=\"image_1020754812\">\n\t\t\t\t\t\t\t\t<div class=\"img-inner dark\" >\n\t\t\t<img loading=\"lazy\" decoding=\"async\" width=\"1020\" height=\"765\" src=\"https:\/\/gasdum.com\/wp-content\/uploads\/2023\/10\/59a1a23dc3e35229dd0463513c6a85a-1-1067x800.jpg\" class=\"attachment-large size-large\" alt=\"\" srcset=\"https:\/\/gasdum.com\/wp-content\/uploads\/2023\/10\/59a1a23dc3e35229dd0463513c6a85a-1-1067x800.jpg 1067w, https:\/\/gasdum.com\/wp-content\/uploads\/2023\/10\/59a1a23dc3e35229dd0463513c6a85a-1-533x400.jpg 533w, https:\/\/gasdum.com\/wp-content\/uploads\/2023\/10\/59a1a23dc3e35229dd0463513c6a85a-1-768x576.jpg 768w, https:\/\/gasdum.com\/wp-content\/uploads\/2023\/10\/59a1a23dc3e35229dd0463513c6a85a-1-1536x1152.jpg 1536w, https:\/\/gasdum.com\/wp-content\/uploads\/2023\/10\/59a1a23dc3e35229dd0463513c6a85a-1-2048x1536.jpg 2048w, https:\/\/gasdum.com\/wp-content\/uploads\/2023\/10\/59a1a23dc3e35229dd0463513c6a85a-1-610x458.jpg 610w, https:\/\/gasdum.com\/wp-content\/uploads\/2023\/10\/59a1a23dc3e35229dd0463513c6a85a-1-510x383.jpg 510w\" sizes=\"auto, (max-width: 1020px) 100vw, 1020px\" \/>\t\t\t\t\t\t\n\t\t\t\t\t<\/div>\n\t\t\t\t\t\t\t\t\n<style>\n#image_1020754812 {\n  width: 100%;\n}\n<\/style>\n\t<\/div>\n\t\n<\/div><\/div>\n<div class=\"col grid-col large-3 grid-col-1-2\" ><div class=\"col-inner\">\n\t<div class=\"img has-hover x md-x lg-x y md-y lg-y\" id=\"image_175836009\">\n\t\t\t\t\t\t\t\t<div class=\"img-inner dark\" >\n\t\t\t<img loading=\"lazy\" decoding=\"async\" width=\"1020\" height=\"765\" src=\"https:\/\/gasdum.com\/wp-content\/uploads\/2023\/10\/a94425460daa5bd932844237683d994-1067x800.jpg\" class=\"attachment-large size-large\" alt=\"\" srcset=\"https:\/\/gasdum.com\/wp-content\/uploads\/2023\/10\/a94425460daa5bd932844237683d994-1067x800.jpg 1067w, https:\/\/gasdum.com\/wp-content\/uploads\/2023\/10\/a94425460daa5bd932844237683d994-533x400.jpg 533w, https:\/\/gasdum.com\/wp-content\/uploads\/2023\/10\/a94425460daa5bd932844237683d994-768x576.jpg 768w, https:\/\/gasdum.com\/wp-content\/uploads\/2023\/10\/a94425460daa5bd932844237683d994-1536x1152.jpg 1536w, https:\/\/gasdum.com\/wp-content\/uploads\/2023\/10\/a94425460daa5bd932844237683d994-2048x1536.jpg 2048w, https:\/\/gasdum.com\/wp-content\/uploads\/2023\/10\/a94425460daa5bd932844237683d994-610x458.jpg 610w, https:\/\/gasdum.com\/wp-content\/uploads\/2023\/10\/a94425460daa5bd932844237683d994-510x383.jpg 510w\" sizes=\"auto, (max-width: 1020px) 100vw, 1020px\" \/>\t\t\t\t\t\t\n\t\t\t\t\t<\/div>\n\t\t\t\t\t\t\t\t\n<style>\n#image_175836009 {\n  width: 100%;\n}\n<\/style>\n\t<\/div>\n\t\n<\/div><\/div>\n<div class=\"col grid-col large-3 grid-col-1-2\" ><div class=\"col-inner\">\n\t<div class=\"img has-hover x md-x lg-x y md-y lg-y\" id=\"image_1490988147\">\n\t\t\t\t\t\t\t\t<div class=\"img-inner dark\" >\n\t\t\t<img loading=\"lazy\" decoding=\"async\" width=\"1020\" height=\"574\" src=\"https:\/\/gasdum.com\/wp-content\/uploads\/2022\/09\/gasdum_fair2-1400x788.jpg\" class=\"attachment-large size-large\" alt=\"\" srcset=\"https:\/\/gasdum.com\/wp-content\/uploads\/2022\/09\/gasdum_fair2-1400x788.jpg 1400w, https:\/\/gasdum.com\/wp-content\/uploads\/2022\/09\/gasdum_fair2-711x400.jpg 711w, https:\/\/gasdum.com\/wp-content\/uploads\/2022\/09\/gasdum_fair2-768x432.jpg 768w, https:\/\/gasdum.com\/wp-content\/uploads\/2022\/09\/gasdum_fair2-1536x864.jpg 1536w, https:\/\/gasdum.com\/wp-content\/uploads\/2022\/09\/gasdum_fair2-610x343.jpg 610w, https:\/\/gasdum.com\/wp-content\/uploads\/2022\/09\/gasdum_fair2-510x287.jpg 510w, https:\/\/gasdum.com\/wp-content\/uploads\/2022\/09\/gasdum_fair2.jpg 1600w\" sizes=\"auto, (max-width: 1020px) 100vw, 1020px\" \/>\t\t\t\t\t\t\n\t\t\t\t\t<\/div>\n\t\t\t\t\t\t\t\t\n<style>\n#image_1490988147 {\n  width: 100%;\n}\n<\/style>\n\t<\/div>\n\t\n<\/div><\/div>\n            <\/div>\n    <style>\n    #banner-grid-23936931 .grid-col-1{height: 600px}\n    #banner-grid-23936931 .grid-col-1-2{height: 300px}\n    #banner-grid-23936931 .grid-col-1-3{height:200px}\n    #banner-grid-23936931 .grid-col-2-3{height: 400px}\n    #banner-grid-23936931 .grid-col-1-4{height: 150px}\n    #banner-grid-23936931 .grid-col-3-4{height: 450px}\n\n\n    \n    \n\n  <\/style>\n    <\/div>\n  \n\t\t<\/div>\n\n\t\t\n<style>\n#section_954308951 {\n  padding-top: 30px;\n  padding-bottom: 30px;\n}\n#section_954308951 .section-bg-overlay {\n  background-color: rgba(255, 255, 255, 0.9);\n}\n<\/style>\n\t<\/section>\n\t\n\n\t<section class=\"section\" id=\"section_1171008578\">\n\t\t<div class=\"section-bg fill\" >\n\t\t\t\t\t\t\t\t\t\n\t\t\t\n\n\t\t<\/div>\n\n\t\t\n\n\t\t<div class=\"section-content relative\">\n\t\t\t\n<div class=\"row\"  id=\"row-186727488\">\n\n\t<div id=\"col-665607537\" class=\"col medium-6 small-12 large-6\"  >\n\t\t\t\t<div class=\"col-inner\"  >\n\t\t\t\n\t\t\t\n<h4><span data-text-color=\"primary\"><strong>Gi\u1edbi thi\u1ec7u v\u1ec1 ch\u00fang t\u00f4i -Gasdum, th\u01b0\u01a1ng hi\u1ec7u b\u1ea1n lu\u00f4n c\u00f3 th\u1ec3 tin t\u01b0\u1edfng\u2026!<\/strong><\/span><br \/>C\u00f4ng ty TNHH S\u1ea3n xu\u1ea5t \u0110\u1ed3 d\u00f9ng V\u1ec7 sinh Morton \u0111\u00e3 ra \u0111\u1eddi t\u1eeb nhi\u1ec1u n\u0103m kinh nghi\u1ec7m v\u00e0 chuy\u00ean m\u00f4n trong l\u0129nh v\u1ef1c s\u1ea3n xu\u1ea5t c\u00e1c s\u1ea3n ph\u1ea9m v\u1ec7 sinh b\u1eb1ng g\u1ed1m h\u1ea3o h\u1ea1ng. V\u1edbi tri\u1ebft l\u00fd k\u1ebft h\u1ee3p truy\u1ec1n th\u1ed1ng v\u00e0 \u0111\u1ed5i m\u1edbi s\u00e1ng t\u1ea1o, ch\u00fang t\u00f4i n\u1ed7 l\u1ef1c \u0111em \u0111\u1ebfn cu\u1ed9c s\u1ed1ng tinh t\u1ebf v\u00e0 h\u01b0\u1edbng t\u1edbi tr\u1edf th\u00e0nh c\u00f4ng ty \u0111\u1ed3 d\u00f9ng v\u1ec7 sinh t\u1ed1t nh\u1ea5t th\u1ebf gi\u1edbi.<br \/>Qua nhi\u1ec1u n\u0103m, Gasdum \u0111\u00e3 thi\u1ebft k\u1ebf nhi\u1ec1u m\u1eabu s\u1ea3n ph\u1ea9m phong ph\u00fa, hi\u1ec7u n\u0103ng cao v\u1edbi nh\u1eefng ch\u1ee9c n\u0103ng n\u1ed5i b\u1eadt v\u00e0 thi\u1ebft k\u1ebf hi\u1ec7n \u0111\u1ea1i, ph\u00f9 h\u1ee3p v\u1edbi m\u1ecdi ph\u00e2n kh\u00fac v\u00e0 ng\u00e2n s\u00e1ch, bao g\u1ed3m c\u00e1c th\u1ecb tr\u01b0\u1eddng ph\u00f2ng v\u1ec7 sinh th\u01b0\u01a1ng m\u1ea1i, d\u00e2n d\u1ee5ng, gi\u00e1o d\u1ee5c v\u00e0 y t\u1ebf. Ch\u00fang t\u00f4i t\u0103ng c\u01b0\u1eddng s\u1ef1 \u0111\u1ed5i m\u1edbi s\u00e1ng t\u1ea1o v\u00e0 n\u0103ng su\u1ea5t c\u1ee7a m\u00ecnh th\u00f4ng qua c\u00f4ng t\u00e1c \u0111\u00e0o t\u1ea1o nh\u00e2n l\u1ef1c v\u00e0 qu\u1ea3n l\u00fd doanh nghi\u1ec7p nh\u1eb1m gia t\u0103ng t\u00ednh c\u1ea1nh tranh.<br \/>Ch\u00fang t\u00f4i k\u1ebft h\u1ee3p c\u00e1c k\u1ef9 thu\u1eadt \u0111\u1ed9c \u0111\u00e1o trong kh\u00e2u s\u1ea3n xu\u1ea5t v\u00e0 b\u00e1n h\u00e0ng nh\u1eb1m \u0111a d\u1ea1ng h\u00f3a v\u00e0 qu\u1ed1c t\u1ebf h\u00f3a.<br \/>S\u1ee9 m\u1ec7nh<br \/>Th\u00edch \u1ee9ng v\u1edbi s\u1ef1 ph\u00e1t tri\u1ec3n nhanh ch\u00f3ng v\u1ec1 c\u00f4ng ngh\u1ec7 v\u00e0 duy tr\u00ec l\u1ee3i th\u1ebf b\u1eb1ng c\u00e1ch \u0111\u01b0a ra c\u00e1c s\u1ea3n ph\u1ea9m v\u00e0 d\u1ecbch v\u1ee5 v\u01b0\u1ee3t tr\u1ed9i cho c\u00e1c kh\u00e1ch h\u00e0ng c\u1ee7a ch\u00fang t\u00f4i v\u1edbi m\u1ee9c gi\u00e1 c\u1ea1nh tranh.<\/h4>\n\t\t<\/div>\n\t\t\t\t\n<style>\n#col-665607537 > .col-inner {\n  padding: 40px 0px 0px 0px;\n}\n<\/style>\n\t<\/div>\n\n\t\n\n\t<div id=\"col-873510230\" class=\"col medium-6 small-12 large-6\"  >\n\t\t\t\t<div class=\"col-inner\"  >\n\t\t\t\n\t\t\t\n\t<div class=\"img has-hover x md-x lg-x y md-y lg-y\" id=\"image_575026881\">\n\t\t\t\t\t\t\t\t<div class=\"img-inner dark\" >\n\t\t\t<img loading=\"lazy\" decoding=\"async\" width=\"485\" height=\"476\" src=\"https:\/\/gasdum.com\/wp-content\/uploads\/2019\/12\/profile.png\" class=\"attachment-original size-original\" alt=\"\" srcset=\"https:\/\/gasdum.com\/wp-content\/uploads\/2019\/12\/profile.png 485w, https:\/\/gasdum.com\/wp-content\/uploads\/2019\/12\/profile-408x400.png 408w\" sizes=\"auto, (max-width: 485px) 100vw, 485px\" \/>\t\t\t\t\t\t\n\t\t\t\t\t<\/div>\n\t\t\t\t\t\t\t\t\n<style>\n#image_575026881 {\n  width: 100%;\n}\n<\/style>\n\t<\/div>\n\t\n\t\t<\/div>\n\t\t\t\t\n<style>\n#col-873510230 > .col-inner {\n  margin: -20px 0px 0px 0px;\n}\n<\/style>\n\t<\/div>\n\n\t\n\n\t<div id=\"col-1913193082\" class=\"col small-12 large-12\"  >\n\t\t\t\t<div class=\"col-inner\"  >\n\t\t\t\n\t\t\t\n<h4>T\u1ea7m nh\u00ecn<br \/>N\u00e2ng cao ch\u1ea5t l\u01b0\u1ee3ng cu\u1ed9c s\u1ed1ng v\u1edbi nh\u1eefng \u0111\u1ed5i m\u1edbi s\u00e1ng t\u1ea1o trong kh\u00e2u ph\u00e1t tri\u1ec3n s\u1ea3n ph\u1ea9m v\u00e0 tr\u1edf th\u00e0nh c\u00f4ng ty ti\u00ean phong tr\u00ean th\u1ecb tr\u01b0\u1eddng \u0111\u1ed3 d\u00f9ng v\u1ec7 sinh.<br \/>Ch\u00ednh s\u00e1ch ch\u1ea5t l\u01b0\u1ee3ng<br \/>Gasdum tu\u00e2n theo nguy\u00ean t\u1eafc \u201ckh\u00f4ng \u0111\u00e1nh \u0111\u1ed5i ch\u1ea5t l\u01b0\u1ee3ng\u201d trong qu\u00e1 tr\u00ecnh s\u1ea3n xu\u1ea5t t\u1ea5t c\u1ea3 s\u1ea3n ph\u1ea9m \u0111\u1ed3ng th\u1eddi l\u01b0u \u00fd \u0111\u1ebfn y\u1ebfu t\u1ed1 m\u00f4i tr\u01b0\u1eddng trong c\u1ea5u tr\u00fac. C\u00f4ng ty c\u1ee7a ch\u00fang t\u00f4i \u0111\u01b0\u1ee3c ch\u1ee9ng nh\u1eadn ISO 9001:2000 v\u00e0 t\u1ea5t c\u1ea3 h\u01b0\u1edbng d\u1eabn v\u01b0\u1ee3t tr\u00ean Ti\u00eau chu\u1ea9n \u0111\u1ed3 d\u00f9ng v\u1ec7 sinh b\u1eb1ng s\u1ee9 GB\/T6952-2005.<br \/>Gi\u00e1 tr\u1ecb c\u1ed1t l\u00f5i<br \/>\u25cf L\u00e0m vi\u1ec7c t\u1eadp th\u1ec3\u2013Ch\u00fang t\u00f4i l\u00e0m vi\u1ec7c theo nh\u00f3m nh\u1eb1m t\u0103ng c\u01b0\u1eddng brainstorming \u0111\u1ec3 t\u00ecm ra nh\u1eefng c\u00e1ch th\u1ee9c s\u00e1ng t\u1ea1o \u0111\u1ec3 s\u1ea3n xu\u1ea5t s\u1ea3n ph\u1ea9m.<br \/>\u25cf \u0110\u1ed5i m\u1edbi s\u00e1ng t\u1ea1o\u2013\u0110\u1ed5i m\u1edbi s\u00e1ng t\u1ea1o l\u00e0 gi\u00e1 tr\u1ecb trung t\u00e2m c\u1ee7a Gasdum, \u0111\u01b0\u1ee3c th\u00fac \u0111\u1ea9y trong t\u1eebng s\u1ea3n ph\u1ea9m v\u00e0 quy tr\u00ecnh c\u1ee7a ch\u00fang t\u00f4i nh\u1eb1m \u0111em \u0111\u1ebfn nh\u1eefng gi\u00e1 tr\u1ecb v\u01b0\u1ee3t tr\u1ed9i cho kh\u00e1ch h\u00e0ng.<br \/>\u25cf Linh ho\u1ea1t\u2013Ch\u00fang t\u00f4i n\u1ed7 l\u1ef1c th\u00edch \u1ee9ng m\u1ed9t c\u00e1ch hi\u1ec7u qu\u1ea3 v\u00e0 nhanh ch\u00f3ng v\u1edbi nh\u1eefng ti\u1ec1m n\u0103ng do thay \u0111\u1ed5i v\u1ec1 c\u00f4ng ngh\u1ec7 \u0111em l\u1ea1i nh\u1eb1m n\u1eafm l\u1ea5y th\u1eddi c\u01a1.<br \/>\u25cf Ch\u00fa tr\u1ecdng kh\u00e1ch h\u00e0ng\u2013M\u1ecdi \u0111i\u1ec1u ch\u00fang t\u00f4i l\u00e0m \u0111\u1ec1u h\u01b0\u1edbng \u0111\u1ebfn c\u1ea3i thi\u1ec7n ch\u1ea5t l\u01b0\u1ee3ng cu\u1ed9c s\u1ed1ng c\u1ee7a kh\u00e1ch h\u00e0ng b\u1eb1ng c\u00e1ch mang \u0111\u1ebfn nh\u1eefng tr\u1ea3i nghi\u1ec7m t\u1ed1t nh\u1ea5t v\u00e0 nh\u1eefng thi\u1ebft k\u1ebf m\u1edbi m\u1ebb nh\u1ea5t.<br \/><span data-text-color=\"primary\">\u25cf Ch\u1ea5t l\u01b0\u1ee3ng\u2013Ch\u00fang t\u00f4i tr\u00e2n tr\u1ecdng m\u1ed7i kh\u00e1ch h\u00e0ng v\u00e0 n\u1ed7 l\u1ef1c t\u1ed1i \u0111a \u0111\u1ec3 cung c\u1ea5p nh\u1eefng s\u1ea3n ph\u1ea9m v\u1edbi ch\u1ea5t l\u01b0\u1ee3ng, \u0111\u1ea3m b\u1ea3o x\u1ee9ng \u0111\u00e1ng v\u1edbi k\u1ef3 v\u1ecdng v\u00e0 ni\u1ec1m tin c\u1ee7a kh\u00e1ch h\u00e0ng.<\/span><br \/><span data-text-color=\"primary\">\u0110i\u1ec1u ch\u00fang t\u00f4i th\u1ef1c hi\u1ec7n-Thanh l\u1ecbch. Sang tr\u1ecdng. ch\u00fang t\u00f4i kh\u1edfi s\u1ef1 l\u00e0 m\u1ed9t nh\u00f3m ki\u1ec3m so\u00e1t ch\u1ea5t l\u01b0\u1ee3ng \u0111\u1ed3 d\u00f9ng v\u1ec7 sinh v\u00e0 \u0111\u00e3 ki\u1ec3m tra cho nhi\u1ec1u th\u01b0\u01a1ng hi\u1ec7u l\u1edbn v\u00e0 khi\u1ebfn h\u1ecd h\u00e0i l\u00f2ng. Sau khi tr\u1edf th\u00e0nh chuy\u00ean gia ki\u1ec3m so\u00e1t ch\u1ea5t l\u01b0\u1ee3ng, ch\u00fang t\u00f4i chuy\u1ec3n sang l\u0129nh v\u1ef1c s\u1ea3n xu\u1ea5t c\u00e1c s\u1ea3n ph\u1ea9m v\u1ec7 sinh. Ban \u0111\u1ea7u, ch\u00fang t\u00f4i ch\u1ec9 s\u1ea3n xu\u1ea5t ch\u1eadu r\u1eeda v\u00e0 b\u1ed3n c\u1ea7u nh\u01b0ng hi\u1ec7n nay ch\u00fang t\u00f4i \u0111\u00e3 m\u1edf r\u1ed9ng ra t\u1ea5t c\u1ea3 c\u00e1c s\u1ea3n ph\u1ea9m v\u1ec7 sinh d\u00e0nh cho c\u00e1c t\u00f2a nh\u00e0 th\u01b0\u01a1ng m\u1ea1i v\u00e0 d\u00e2n c\u01b0, kh\u00e1ch s\u1ea1n v\u00e0 v\u0103n ph\u00f2ng.<\/span><br \/><span data-text-color=\"primary\">Ch\u00fang t\u00f4i cung c\u1ea5p nhi\u1ec1u s\u1ea3n ph\u1ea9m \u0111a d\u1ea1ng, b\u1ec1n v\u1edbi nhi\u1ec1u thi\u1ebft k\u1ebf, ch\u1ee7 \u0111\u1ec1, m\u00e0u s\u1eafc kh\u00e1c nhau, ph\u1ee5c v\u1ee5 \u0111\u1ea7y \u0111\u1ee7 y\u00eau c\u1ea7u c\u1ee7a kh\u00e1ch h\u00e0ng.<\/span><br \/><span data-text-color=\"primary\">\u25cf B\u1ed3n c\u1ea7u<\/span><br \/><span data-text-color=\"primary\">T\u1ea1i Gasdum, ch\u00fang t\u00f4i c\u00f3 c\u00e1c s\u1ea3n ph\u1ea9m b\u1ed3n c\u1ea7u v\u1edbi nhi\u1ec1u m\u1eabu thi\u1ebft k\u1ebf v\u00e0 t\u00ednh n\u0103ng kh\u00e1c nhau, t\u00f4 \u0111i\u1ec3m th\u00eam cho b\u1ea5t k\u1ef3 ph\u00f2ng v\u1ec7 sinh n\u00e0o. B\u1ed9 s\u1ea3n ph\u1ea9m b\u1ed3n c\u1ea7u c\u1ee7a ch\u00fang t\u00f4i g\u1ed3m c\u00f3 b\u1ed3n c\u1ea7u m\u1ed9t kh\u1ed1i, hai kh\u1ed1i, treo t\u01b0\u1eddng, hai kh\u1ed1i l\u1eafp li\u1ec1n. C\u00e1c s\u1ea3n ph\u1ea9m th\u00e2n thi\u1ec7n v\u1edbi ng\u01b0\u1eddi d\u00f9ng v\u00e0 s\u1eed d\u1ee5ng c\u00f4ng ngh\u1ec7 x\u1ea3 n\u01b0\u1edbc k\u00e9p t\u1ee9c hai ch\u1ebf \u0111\u1ed9 x\u1ea3 n\u01b0\u1edbc.<\/span><br \/><span data-text-color=\"primary\">\u25cf Ch\u1eadu r\u1eeda m\u1eb7t<\/span><br \/><span data-text-color=\"primary\">C\u00e1c s\u1ea3n ph\u1ea9m ch\u1eadu r\u1eeda m\u1eb7t c\u1ee7a ch\u00fang t\u00f4i c\u00f3 nhi\u1ec1u thi\u1ebft k\u1ebf v\u00e0 m\u00e0u s\u1eafc \u0111\u1ed9c \u0111\u00e1o \u0111\u1ec3 kh\u00e1ch h\u00e0ng l\u1ef1a ch\u1ecdn. C\u00e1c s\u1ea3n ph\u1ea9m bao g\u1ed3m t\u1eeb ch\u1eadu r\u1eeda ch\u00e2n d\u00e0i, tr\u1eafng b\u00f3ng ho\u1eb7c nhi\u1ec1u m\u00e0u s\u1eafc cho \u0111\u1ebfn ch\u1eadu r\u1eeda v\u1edbi thi\u1ebft k\u1ebf \u0111\u01b0\u01a1ng \u0111\u1ea1i ch\u1ea5t l\u01b0\u1ee3ng cao s\u1ebd l\u00e0 l\u1ef1a ch\u1ecdn ho\u00e0n h\u1ea3o cho m\u1ecdi ph\u00f2ng v\u1ec7 sinh.<\/span><br \/><span data-text-color=\"primary\">\u25cf T\u1ee7 ph\u00f2ng t\u1eafm<\/span><br \/><span data-text-color=\"primary\">C\u00e1c s\u1ea3n ph\u1ea9m t\u1ee7 ph\u00f2ng t\u1eafm c\u1ee7a Gasdum ch\u1eafc ch\u1eafn, ch\u1ecbu l\u1ef1c t\u1ed1t, ch\u1ed1ng n\u01b0\u1edbc, ch\u1ed1ng g\u1ec9 s\u00e9t. C\u00e1c s\u1ea3n ph\u1ea9m \u0111\u00e1p \u1ee9ng m\u1ecdi nhu c\u1ea7u c\u1ee7a kh\u00e1ch h\u00e0ng, t\u1eeb c\u1ed5 \u0111i\u1ec3n \u0111\u1ebfn hi\u1ec7n \u0111\u1ea1i, sang tr\u1ecdng hay \u0111\u01a1n gi\u1ea3n, \u0111\u1ea3m b\u1ea3o m\u1ed7i ng\u01b0\u1eddi \u0111\u1ec1u t\u00ecm \u0111\u01b0\u1ee3c s\u1ea3n ph\u1ea9m \u01b0ng \u00fd.<\/span><br \/><span data-text-color=\"primary\">\u25cf G\u01b0\u01a1ng t\u1ee7 v\u00e0 g\u01b0\u01a1ng led<\/span><br \/><span data-text-color=\"primary\">Ch\u00fang t\u00f4i c\u0169ng cung c\u1ea5p c\u00e1c s\u1ea3n ph\u1ea9m g\u01b0\u01a1ng t\u1ee7 v\u00e0 g\u01b0\u01a1ng \u0111\u00e8n led, ph\u00f9 h\u1ee3p v\u1edbi ch\u1eadu r\u1eeda v\u00e0 t\u1ee7 ph\u00f2ng t\u1eafm. Nh\u1eefng s\u1ea3n ph\u1ea9m g\u01b0\u01a1ng n\u00e0y \u0111\u01b0\u1ee3c thi\u1ebft k\u1ebf hi\u1ec7n \u0111\u1ea1i gi\u00fap b\u1ea5t k\u1ef3 ph\u00f2ng t\u1eafm n\u00e0o c\u0169ng tr\u1edf n\u00ean lung linh h\u01a1n.<\/span><br \/><span data-text-color=\"primary\">L\u00fd do ch\u1ecdn ch\u00fang t\u00f4i<\/span><br \/><span data-text-color=\"primary\">\u25cf Thi\u1ebft k\u1ebf b\u1eaft m\u1eaft<\/span><br \/>C\u00e1c s\u1ea3n ph\u1ea9m c\u1ee7a ch\u00fang t\u00f4i c\u00f3 thi\u1ebft k\u1ebf \u0111\u1ed9c \u0111\u00e1o v\u00e0 b\u1eaft m\u1eaft. C\u1eadp nh\u1eadt nh\u1eefng xu h\u01b0\u1edbng to\u00e0n c\u1ea7u v\u00e0 c\u00f4ng ngh\u1ec7 m\u1edbi nh\u1ea5t, ch\u00fang t\u00f4i li\u00ean t\u1ee5c n\u00e2ng c\u1ea5p c\u00e1c s\u1ea3n ph\u1ea9m nh\u1eb1m mang \u0111\u1ebfn cho b\u1ea1n nh\u1eefng m\u1eabu thi\u1ebft k\u1ebf \u0111\u01b0\u01a1ng \u0111\u1ea1i v\u00e0 cu\u1ed9c s\u1ed1ng ho\u00e0n m\u0129. M\u1ed9t s\u1ed1 m\u1eabu thi\u1ebft k\u1ebf bao g\u1ed3m \u0111\u1ed3 d\u00f9ng v\u1ec7 sinh in, \u0111\u1ed3 d\u00f9ng v\u1ec7 sinh m\u00e0u s\u1eafc, \u0111\u1ed3 d\u00f9ng v\u1ec7 sinh ki\u1ec3u c\u1ed5, v.v.<br \/>\u25cf Ch\u1ea5t l\u01b0\u1ee3ng cao<br \/>Ch\u00fang t\u00f4i \u0111\u00e3 t\u1eebng ki\u1ec3m tra ch\u1ea5t l\u01b0\u1ee3ng cho nhi\u1ec1u th\u01b0\u01a1ng hi\u1ec7u v\u00e0 kh\u00e1ch h\u00e0ng l\u1edbn, do \u0111\u00f3 ch\u00fang t\u00f4i l\u00e0 chuy\u00ean gia v\u1ec1 ch\u1ea5t l\u01b0\u1ee3ng. \u0110\u01b0\u1ee3c ch\u1ee9ng nh\u1eadn ISO 9001:2000, t\u1ea5t c\u1ea3 h\u01b0\u1edbng d\u1eabn c\u1ee7a c\u00f4ng ty \u0111\u1ec1u v\u01b0\u1ee3t tr\u00ean Ti\u00eau chu\u1ea9n \u0111\u1ed3 d\u00f9ng v\u1ec7 sinh b\u1eb1ng s\u1ee9 GB\/T6952-2005. Ch\u00fang t\u00f4i tu\u00e2n theo nguy\u00ean t\u1eafc &#8220;kh\u00f4ng \u0111\u00e1nh \u0111\u1ed5i ch\u1ea5t l\u01b0\u1ee3ng&#8221;. T\u1ea5t c\u1ea3 s\u1ea3n ph\u1ea9m c\u1ee7a ch\u00fang t\u00f4i \u0111\u01b0\u1ee3c s\u1ea3n xu\u1ea5t ch\u00ednh x\u00e1c v\u00e0 ho\u00e0n to\u00e0n th\u00e2n thi\u1ec7n v\u1edbi m\u00f4i tr\u01b0\u1eddng.<br \/>\u25cf \u0110\u1ed9 b\u1ec1n<br \/>\u0110\u1ec3 gi\u00fap kh\u00e1ch h\u00e0ng tr\u00e1nh nh\u1eefng b\u1ea5t ti\u1ec7n v\u00e0 gi\u1ea3m thi\u1ec3u chi ph\u00ed b\u1ea3o tr\u00ec, ch\u00fang t\u00f4i s\u1ea3n xu\u1ea5t ra nh\u1eefng s\u1ea3n ph\u1ea9m c\u00f3 \u0111\u1ed9 b\u1ec1n cao. V\u1edbi ti\u00eau chu\u1ea9n ch\u1ea5t l\u01b0\u1ee3ng cao, m\u1ed7i s\u1ea3n ph\u1ea9m c\u1ee7a ch\u00fang t\u00f4i \u0111\u1ec1u v\u01b0\u1ee3t tr\u00ean k\u1ef3 v\u1ecdng c\u1ee7a kh\u00e1ch h\u00e0ng. Ngo\u00e0i ra, m\u1ed7i s\u1ea3n ph\u1ea9m c\u1ee7a ch\u00fang t\u00f4i \u0111\u1ec1u \u0111\u01b0\u1ee3c b\u1ea3o h\u00e0nh do \u0111\u00f3 kh\u00e1ch h\u00e0ng c\u00f3 th\u1ec3 y\u00ean t\u00e2m.<br \/>\u25cf Nghi\u00ean c\u1ee9u v\u00e0 ph\u00e1t tri\u1ec3n<br \/>Ch\u00fang t\u00f4i c\u00f3 nh\u1eefng chuy\u00ean gia gi\u1ecfi v\u1ec1 nghi\u00ean c\u1ee9u v\u00e0 ph\u00e1t tri\u1ec3n, lu\u00f4n n\u1ed7 l\u1ef1c \u0111\u01b0a nh\u1eefng k\u1ef9 thu\u1eadt m\u1edbi, nh\u1eefng c\u00f4ng ngh\u1ec7 \u0111\u1ed5i m\u1edbi s\u00e1ng t\u1ea1o v\u00e0o c\u00e1c s\u1ea3n ph\u1ea9m. \u0110\u00f3 ch\u00ednh l\u00e0 y\u1ebfu t\u1ed1 t\u1ea1o n\u00ean nh\u1eefng s\u1ea3n ph\u1ea9m v\u1ec7 sinh \u0111\u01b0\u1ee3c thi\u1ebft k\u1ebf \u0111\u1ed9c \u0111\u00e1o c\u1ee7a ch\u00fang t\u00f4i.<br \/>\u25cf Qu\u1ea3n l\u00fd doanh nghi\u1ec7p<br \/>T\u1ea1i Gasdum, ch\u00fang t\u00f4i t\u1eadp trung v\u00e0o m\u1eb7t qu\u1ea3n l\u00fd doanh nghi\u1ec7p, c\u1ee5 th\u1ec3 ch\u00fang t\u00f4i cung c\u1ea5p c\u00e1c ch\u01b0\u01a1ng tr\u00ecnh \u0111\u00e0o t\u1ea1o nh\u00e2n s\u1ef1, c\u00f4ng nh\u1eadn v\u00e0 trao th\u01b0\u1edfng. Nh\u1edd \u0111\u00f3 n\u0103ng su\u1ea5t l\u00e0m vi\u1ec7c t\u0103ng l\u00ean v\u00e0 s\u1ea3n ph\u1ea9m t\u1ed1t h\u01a1n \u0111\u01b0\u1ee3c mang t\u1edbi kh\u00e1ch h\u00e0ng.<br \/>\u25cf S\u1ef1 h\u00e0i l\u00f2ng c\u1ee7a kh\u00e1ch h\u00e0ng<br \/>Ch\u00fang t\u00f4i lu\u00f4n \u0111i tr\u01b0\u1edbc trong vi\u1ec7c ch\u0103m s\u00f3c kh\u00e1ch h\u00e0ng. Cho d\u00f9 kh\u00e1ch h\u00e0ng mu\u1ed1n ch\u1ea5t l\u01b0\u1ee3ng cao hay thi\u1ebft k\u1ebf \u0111\u01b0\u01a1ng \u0111\u1ea1i, ch\u00fang t\u00f4i \u0111\u1ec1u c\u00f3 th\u1ec3 khi\u1ebfn kh\u00e1ch h\u00e0ng h\u00e0i l\u00f2ng.<br \/>H\u00e3y li\u00ean h\u1ec7 v\u1edbi ch\u00fang t\u00f4i<\/h4>\n\t\t<\/div>\n\t\t\t\t\n<style>\n#col-1913193082 > .col-inner {\n  margin: -20px 0px 0px 0px;\n}\n<\/style>\n\t<\/div>\n\n\t\n<\/div>\n\t\t<\/div>\n\n\t\t\n<style>\n#section_1171008578 {\n  padding-top: 30px;\n  padding-bottom: 30px;\n}\n<\/style>\n\t<\/section>\n\t\n","protected":false},"excerpt":{"rendered":"","protected":false},"author":1,"featured_media":5614,"parent":5593,"menu_order":0,"comment_status":"closed","ping_status":"closed","template":"page-blank.php","meta":{"_acf_changed":false,"footnotes":""},"class_list":["post-5613","page","type-page","status-publish","has-post-thumbnail","hentry"],"acf":[],"_links":{"self":[{"href":"https:\/\/gasdum.com\/vi\/wp-json\/wp\/v2\/pages\/5613","targetHints":{"allow":["GET"]}}],"collection":[{"href":"https:\/\/gasdum.com\/vi\/wp-json\/wp\/v2\/pages"}],"about":[{"href":"https:\/\/gasdum.com\/vi\/wp-json\/wp\/v2\/types\/page"}],"author":[{"embeddable":true,"href":"https:\/\/gasdum.com\/vi\/wp-json\/wp\/v2\/users\/1"}],"replies":[{"embeddable":true,"href":"https:\/\/gasdum.com\/vi\/wp-json\/wp\/v2\/comments?post=5613"}],"version-history":[{"count":0,"href":"https:\/\/gasdum.com\/vi\/wp-json\/wp\/v2\/pages\/5613\/revisions"}],"up":[{"embeddable":true,"href":"https:\/\/gasdum.com\/vi\/wp-json\/wp\/v2\/pages\/5593"}],"wp:featuredmedia":[{"embeddable":true,"href":"https:\/\/gasdum.com\/vi\/wp-json\/wp\/v2\/media\/5614"}],"wp:attachment":[{"href":"https:\/\/gasdum.com\/vi\/wp-json\/wp\/v2\/media?parent=5613"}],"curies":[{"name":"wp","href":"https:\/\/api.w.org\/{rel}","templated":true}]}}