{"id":7821,"date":"2020-06-01T13:37:00","date_gmt":"2020-06-01T12:37:00","guid":{"rendered":"https:\/\/www.gasdum.com\/politica-de-cookies\/"},"modified":"2021-03-24T18:08:10","modified_gmt":"2021-03-24T10:08:10","slug":"politica-de-cookies","status":"publish","type":"page","link":"https:\/\/gasdum.com\/pt-pt\/politica-de-cookies\/","title":{"rendered":"Pol\u00edtica de Cookies"},"content":{"rendered":"<div class=\"row\"  id=\"row-277670422\">\n\n\t<div id=\"col-365069233\" class=\"col small-12 large-12\"  >\n\t\t\t\t<div class=\"col-inner\"  >\n\t\t\t\n\t\t\t\n<div class=\"html-output\">\n<h3><strong>\u00a0 \u00a0 \u00a0 \u00a0 \u00a0 \u00a0 \u00a0 \u00a0 \u00a0 \u00a0 \u00a0 \u00a0 \u00a0 \u00a0 \u00a0 \u00a0 \u00a0 \u00a0 \u00a0 \u00a0 \u00a0 \u00a0 \u00a0 \u00a0 \u00a0 \u00a0 \u00a0 \u00a0 \u00a0 \u00a0 \u00a0 \u00a0 \u00a0 \u00a0 \u00a0 \u00a0 \u00a0 \u00a0 \u00a0 \u00a0 \u00a0 \u00a0 \u00a0 \u00a0 \u00a0 \u00a0<\/strong><\/h3>\n<h3><\/h3>\n<h3><strong>\u00a0 \u00a0 \u00a0 \u00a0 \u00a0 \u00a0 \u00a0 \u00a0 \u00a0 \u00a0 \u00a0 \u00a0 \u00a0 \u00a0 \u00a0 \u00a0 \u00a0 \u00a0 \u00a0 \u00a0 \u00a0 \u00a0 \u00a0 \u00a0 \u00a0 \u00a0 \u00a0 \u00a0 \u00a0 \u00a0 \u00a0 \u00a0 \u00a0 \u00a0 \u00a0 \u00a0 \u00a0 \u00a0 \u00a0 \u00a0 \u00a0 \u00a0 \u00a0 \u00a0 \u00a0 \u00a0 \u00a0 Pol\u00edtica de Cookies<\/strong><\/h3>\n<h4>O que s\u00e3o os Cookies?<\/h4>\n<h4>Um cookie \u00e9 um ficheiro ou dispositivo que se descarrega no equipamento terminal de um usu\u00e1rio com a finalidade de armazenar dados que poder\u00e3o ser atualizados e recuperados pela entidade respons\u00e1vel pela sua instala\u00e7\u00e3o. Ou seja, \u00e9 um ficheiro que se descarrega no seu computador ao aceder a determinados sites. Os cookies permitem a um site, entre outras coisas, armazenar e recuperar informa\u00e7\u00e3o sobre os h\u00e1bitos de navega\u00e7\u00e3o de um usu\u00e1rio ou do seu equipamento e, dependendo da informa\u00e7\u00e3o que contenham e da forma como se utilize o seu equipamento, podem utilizar-se para reconhecer o usu\u00e1rio.<\/h4>\n<h4>As suas principais fun\u00e7\u00f5es s\u00e3o:<\/h4>\n<ul>\n<li>\n<h4>O controlo de usu\u00e1rios: quando um usu\u00e1rio introduz o seu nome de usu\u00e1rio e palavra-passe \u00e9 armazenado um cookie para que n\u00e3o tenha que estar a introduzi-las em cada p\u00e1gina do servidor. No entanto, um cookie n\u00e3o identifica apenas uma pessoa, mas sim uma combina\u00e7\u00e3o de computador-navegador-usu\u00e1rio.<\/h4>\n<\/li>\n<li>\n<h4>Conseguir informa\u00e7\u00e3o sobre os h\u00e1bitos de navega\u00e7\u00e3o do usu\u00e1rio, assim como tentativas de spyware (programas espi\u00f5es), por parte de ag\u00eancias de publicidade e outros. Isto pode causar problemas de privacidade e \u00e9 uma das raz\u00f5es pelas quais os cookies t\u00eam os seus detratores.<\/h4>\n<\/li>\n<\/ul>\n<h4><\/h4>\n<h4>Existem diferentes tipos de cookies em fun\u00e7\u00e3o, sobretudo, da finalidade para a que s\u00e3o utilizados, entre outras as seguintes:<\/h4>\n<h4>Cookies de an\u00e1lise:\u00a0estes cookies s\u00e3o utilizados para levar a cabo uma an\u00e1lise\u00a0\u00a0dos comportamentos e a\u00e7\u00f5es dos usu\u00e1rios do site, assim como para a elabora\u00e7\u00e3o de perfis de navega\u00e7\u00e3o com o fim de realizar melhorias t\u00e9cnicas de funcionamento e de servi\u00e7o.<\/h4>\n<h4>Cookies publicit\u00e1rios:\u00a0permitem uma gest\u00e3o eficiente de espa\u00e7os publicit\u00e1rios baseados numa s\u00e9rie de crit\u00e9rios, por exemplo, verificar se o usu\u00e1rio j\u00e1 teve acesso ou n\u00e3o a uma not\u00edcia para atualiz\u00e1-la com uma outra nova.<\/h4>\n<h4>Cookies de publicidade comportamental:\u00a0estes cookies encarregam-se de armazenar informa\u00e7\u00e3o sobre o pr\u00f3prio comportamento dos usu\u00e1rios, centrando-se nos seus h\u00e1bitos de navega\u00e7\u00e3o. Isto permite estabelecer perfis de usu\u00e1rio em fun\u00e7\u00e3o do seu comportamento e utiliz\u00e1-los para personalizar a publicidade apresentada.<\/h4>\n<h4>Se o usu\u00e1rio desejar obter mais informa\u00e7\u00e3o sobre os cookies pode consultar o seguinte site\u00a0<a href=\"https:\/\/www.aboutcookies.org\/\">https:\/\/www.aboutcookies.org\/<\/a>.<\/h4>\n<h4><\/h4>\n<h4>Que tipo de cookies utiliza este site?<\/h4>\n<h4>O presente site est\u00e1 a utilizar cookies que permitem facilitar ao usu\u00e1rio o uso e a navega\u00e7\u00e3o atrav\u00e9s do mesma, garantir o acesso a determinados servi\u00e7os, assim como melhorar a configura\u00e7\u00e3o funcional do site.<\/h4>\n<h4>Concretamente, este site utiliza os seguintes cookies:<\/h4>\n<h4>__atuvc:\u00a0addthis.com. Cookie funcional necess\u00e1rio para proporcionar os servi\u00e7os solicitados aos usu\u00e1rios deste site.\u00a0Caduca aos 2 anos. Raz\u00e3o social: AddThis by Oracle America, Inc., 500 Oracle Parkway, Redwood Shores, California CA 94065 USA<\/h4>\n<h4>__utma:\u00a0google.com C Google Inc. 1600 Amphitheatre Parkway Mountain View, California CA 94043 USA<\/h4>\n<h4>__utmb:\u00a0google.com Cookies anal\u00edticos que recolhem informa\u00e7\u00e3o para avaliar o uso que o internauta faz da web e a atividade geral da mesma. Caduca aos 30 dias desde a \u00faltima atualiza\u00e7\u00e3o. Raz\u00e3o social: Google Inc. 1600 Amphitheatre Parkway Mountain View, California CA 94043 USA<\/h4>\n<h4>__utmc:\u00a0google.com Cookies anal\u00edticos que recolhem informa\u00e7\u00e3o para avaliar o uso que o internauta faz da web e a atividade geral da mesma. Caduca ao finalizar a sess\u00e3o. Raz\u00e3o social: Google Inc. 1600 Amphitheatre Parkway Mountain View, California CA 94043 USA<\/h4>\n<h4>__utmz:\u00a0google.com Cookies anal\u00edticos que recolhem informa\u00e7\u00e3o para avaliar o uso que o internauta faz da web e a atividade geral da mesma. Caduca aos 6 meses desde a \u00faltima atualiza\u00e7\u00e3o. Raz\u00e3o social : Google Inc. 1600 Amphitheatre Parkway Mountain View, California CA 94043 USA<\/h4>\n<h4>A aplica\u00e7\u00e3o que utilizamos para obter e analizar a informa\u00e7\u00e3o da navega\u00e7\u00e3o \u00e9: Google Analytics: www.google.com\/analytics\/ y www.google.es\/analytics\/privacyoverview.html<\/h4>\n<h4>CWALLOWCOOKIES\u00a0Banner de pol\u00edtica de cookies: Alerta para informar sobre a pol\u00edtica de cookies de gasdum.com<\/h4>\n<h4><\/h4>\n<h4>Como gerir a configura\u00e7\u00e3o dos cookies?<\/h4>\n<h4>No presente apartado efetua-se uma breve exposi\u00e7\u00e3o de como consultar e levar a cabo a configura\u00e7\u00e3o do sistema de cookies no que diz respeito aos navegadores mais comuns ou mais utilizados pelos usu\u00e1rios<\/h4>\n<h4>Neste sentido, praticamente todos os navegadores permitem ao usu\u00e1rio obter informa\u00e7\u00e3o geral sobre os cookies instalados numa p\u00e1gina web, mais concretamente verificar a exist\u00eancia dos mesmos, a sua dura\u00e7\u00e3o ou o sistema de elimina\u00e7\u00e3o. Neste sentido, a t\u00edtulo informativo, facilitam-se uma s\u00e9rie de links relacionados:<\/h4>\n<h4>&#8211;\u00a0\u00a0\u00a0\u00a0\u00a0\u00a0\u00a0\u00a0\u00a0<a href=\"https:\/\/support.google.com\/chrome\/answer\/95647?hl=es\">Google Chrome<\/a><\/h4>\n<h4>&#8211;\u00a0\u00a0\u00a0\u00a0\u00a0\u00a0\u00a0\u00a0\u00a0<a href=\"https:\/\/support.mozilla.org\/es\/kb\/cookies-informacion-que-los-sitios-web-guardan-en-\">Mozilla Firefox<\/a><\/h4>\n<h4>&#8211;\u00a0\u00a0\u00a0\u00a0\u00a0\u00a0\u00a0\u00a0\u00a0<a href=\"https:\/\/windows.microsoft.com\/es-es\/windows7\/how-to-manage-cookies-in-internet-explorer-9\">Internet Explorer<\/a><\/h4>\n<h4>Por outra parte, o usu\u00e1rio poder\u00e1 permitir, bloquear ou eliminar os cookies instalados no seu equipamento modificando a configura\u00e7\u00e3o do seu navegador conforme as instru\u00e7\u00f5es indicadas no mesmo. A t\u00edtulo informativo, indica-se que habitualmente a configura\u00e7\u00e3o dos cookies costuma efetuar-se no menu \u201cPrefer\u00eancias\u201d ou \u201cFerramentas\u201d de cada navegador. De qualquer forma, poder\u00e1 sempre aceder \u00e0 ajuda do seu navegador para solucionar ou resolver as d\u00favidas que tenha a esse respeito.<\/h4>\n<h4>Conv\u00e9m ter em conta que, se impedir a instala\u00e7\u00e3o de todos os cookies, o conte\u00fado do site, assim como determinadas funcionalidades e servi\u00e7os facilitados pelo mesmo podem ser afetados.<\/h4>\n<\/div>\n\t\t<\/div>\n\t\t\t\t\t<\/div>\n\n\t\n<\/div>\n","protected":false},"excerpt":{"rendered":"","protected":false},"author":1,"featured_media":0,"parent":0,"menu_order":0,"comment_status":"closed","ping_status":"closed","template":"","meta":{"_acf_changed":false,"footnotes":""},"class_list":["post-7821","page","type-page","status-publish","hentry"],"acf":[],"_links":{"self":[{"href":"https:\/\/gasdum.com\/pt-pt\/wp-json\/wp\/v2\/pages\/7821","targetHints":{"allow":["GET"]}}],"collection":[{"href":"https:\/\/gasdum.com\/pt-pt\/wp-json\/wp\/v2\/pages"}],"about":[{"href":"https:\/\/gasdum.com\/pt-pt\/wp-json\/wp\/v2\/types\/page"}],"author":[{"embeddable":true,"href":"https:\/\/gasdum.com\/pt-pt\/wp-json\/wp\/v2\/users\/1"}],"replies":[{"embeddable":true,"href":"https:\/\/gasdum.com\/pt-pt\/wp-json\/wp\/v2\/comments?post=7821"}],"version-history":[{"count":0,"href":"https:\/\/gasdum.com\/pt-pt\/wp-json\/wp\/v2\/pages\/7821\/revisions"}],"wp:attachment":[{"href":"https:\/\/gasdum.com\/pt-pt\/wp-json\/wp\/v2\/media?parent=7821"}],"curies":[{"name":"wp","href":"https:\/\/api.w.org\/{rel}","templated":true}]}}