{"id":7524,"date":"2020-05-22T19:00:00","date_gmt":"2020-05-22T18:00:00","guid":{"rendered":"https:\/\/www.gasdum.com\/boletim-de-noticias\/"},"modified":"2020-06-26T12:13:30","modified_gmt":"2020-06-26T11:13:30","slug":"boletim-de-noticias","status":"publish","type":"page","link":"https:\/\/gasdum.com\/pt-pt\/boletim-de-noticias\/","title":{"rendered":"Boletim de Not\u00edcias"},"content":{"rendered":"<h1 class=\"page-main-title-newsletter subscribe-title\">Inscreva-se e inspire-se no Gasdum<\/h1>\n<div class=\"row row-collapse\"  id=\"row-1700214013\">\n\n\t<div id=\"col-904832582\" class=\"col medium-6 small-12 large-6\"  >\n\t\t\t\t<div class=\"col-inner\"  >\n\t\t\t\n\t\t\t\n<div class=\"newsletter-content\">\n<h3 class=\"newsletter_title\">Boletim de Not\u00edcias<\/h3>\n<p>Descubra tudo o que acontece no Gasdum: not\u00edcias, ofertas e inspira\u00e7\u00e3o sobre m\u00f3veis de banheiro, telas, lavat\u00f3rios e todos os acess\u00f3rios para transformar seu banheiro em seu quarto favorito em casa<\/p>\n<\/div>\n[mc4wp_form id=&#8221;7328&#8243;]\n\t\t<\/div>\n\t\t\t\t\n<style>\n#col-904832582 > .col-inner {\n  padding: 0px 10px 0px 10px;\n}\n<\/style>\n\t<\/div>\n\n\t\n\n\t<div id=\"col-1349458581\" class=\"col medium-6 small-12 large-6\"  >\n\t\t\t\t<div class=\"col-inner\"  >\n\t\t\t\n\t\t\t\n\t<div class=\"img has-hover custom-image x md-x lg-x y md-y lg-y\" id=\"image_1985757666\">\n\t\t\t\t\t\t\t\t<div class=\"img-inner dark\" >\n\t\t\t<img loading=\"lazy\" decoding=\"async\" width=\"400\" height=\"400\" src=\"https:\/\/gasdum.com\/wp-content\/uploads\/2020\/06\/newsletter-770x770-1-400x40012-1.jpg\" class=\"attachment-medium size-medium\" alt=\"\" srcset=\"https:\/\/gasdum.com\/wp-content\/uploads\/2020\/06\/newsletter-770x770-1-400x40012-1.jpg 400w, https:\/\/gasdum.com\/wp-content\/uploads\/2020\/06\/newsletter-770x770-1-400x40012-1-280x280.jpg 280w, https:\/\/gasdum.com\/wp-content\/uploads\/2020\/06\/newsletter-770x770-1-400x40012-1-100x100.jpg 100w\" sizes=\"auto, (max-width: 400px) 100vw, 400px\" \/>\t\t\t\t\t\t\n\t\t\t\t\t<\/div>\n\t\t\t\t\t\t\t\t\n<style>\n#image_1985757666 {\n  width: 100%;\n}\n<\/style>\n\t<\/div>\n\t\n\t\t<\/div>\n\t\t\t\t\n<style>\n#col-1349458581 > .col-inner {\n  padding: 0px 0 0px 0px;\n  margin: 0px 0 0px 0px;\n}\n<\/style>\n\t<\/div>\n\n\t\n<\/div>\n","protected":false},"excerpt":{"rendered":"<p>Inscreva-se e inspire-se no Gasdum<\/p>\n","protected":false},"author":1,"featured_media":0,"parent":0,"menu_order":0,"comment_status":"closed","ping_status":"closed","template":"","meta":{"_acf_changed":false,"footnotes":""},"class_list":["post-7524","page","type-page","status-publish","hentry"],"acf":[],"_links":{"self":[{"href":"https:\/\/gasdum.com\/pt-pt\/wp-json\/wp\/v2\/pages\/7524","targetHints":{"allow":["GET"]}}],"collection":[{"href":"https:\/\/gasdum.com\/pt-pt\/wp-json\/wp\/v2\/pages"}],"about":[{"href":"https:\/\/gasdum.com\/pt-pt\/wp-json\/wp\/v2\/types\/page"}],"author":[{"embeddable":true,"href":"https:\/\/gasdum.com\/pt-pt\/wp-json\/wp\/v2\/users\/1"}],"replies":[{"embeddable":true,"href":"https:\/\/gasdum.com\/pt-pt\/wp-json\/wp\/v2\/comments?post=7524"}],"version-history":[{"count":0,"href":"https:\/\/gasdum.com\/pt-pt\/wp-json\/wp\/v2\/pages\/7524\/revisions"}],"wp:attachment":[{"href":"https:\/\/gasdum.com\/pt-pt\/wp-json\/wp\/v2\/media?parent=7524"}],"curies":[{"name":"wp","href":"https:\/\/api.w.org\/{rel}","templated":true}]}}