{"id":7499,"date":"2020-05-18T14:36:41","date_gmt":"2020-05-18T13:36:41","guid":{"rendered":"https:\/\/www.gasdum.com\/legal-warning\/"},"modified":"2020-06-01T10:45:41","modified_gmt":"2020-06-01T09:45:41","slug":"legal-warning","status":"publish","type":"page","link":"https:\/\/gasdum.com\/pt-pt\/legal-warning\/","title":{"rendered":"Aviso legal"},"content":{"rendered":"<div class=\"row\"  id=\"row-1175638394\">\n\n\t<div id=\"col-1919606688\" class=\"col small-12 large-12\"  >\n\t\t\t\t<div class=\"col-inner\"  >\n\t\t\t\n\t\t\t\n<div class=\"include-page-content\">\n<h1 class=\"page-main-title\"><span>Aviso legal<\/span><\/h1>\n<div>\n<p><span style=\"font-size: medium;\"><span style=\"color: black;\"><span style=\"vertical-align: inherit;\"><span style=\"vertical-align: inherit;\">O propriet\u00e1rio do site www.salgar.es \u00e9 COMERCIAL SALGAR, SL, com NIF A50048826 e domic\u00edlio localizado na Calle Carretera de Logro\u00f1o, Km. 9.500, 50011, Zaragoza, (Zaragoza). <\/span><span style=\"vertical-align: inherit;\">A entidade est\u00e1 registada no Registo Mercantile com os seguintes dados de registo: Esta entidade est\u00e1 registada no Registo Mercantil de Zaragoza, Volume 3652, folio 13, folha Z-47187. <\/span><\/span><\/span><\/span><\/p>\n<p><span style=\"font-size: medium;\"><span style=\"color: black;\"><span style=\"vertical-align: inherit;\"><span style=\"vertical-align: inherit;\">Para que a utiliza\u00e7\u00e3o do website esteja em conformidade com crit\u00e9rios de transpar\u00eancia, clareza e simplicidade, a COMERCIAL SALGAR, SL informa o utilizador de que qualquer sugest\u00e3o, pergunta ou consulta sobre este Aviso Legal ou qualquer outro documento de informa\u00e7\u00e3o no website ser\u00e1 recebido e resolvido contactando a COMERCIAL SALGAR, SL, atrav\u00e9s do endere\u00e7o de e-mail: lopd@salgar.net <\/span><\/span><\/span><\/span><\/p>\n<p><span style=\"font-size: medium;\"><strong><span style=\"color: black;\"><span style=\"vertical-align: inherit;\"><span style=\"vertical-align: inherit;\">POR FAVOR, LEIA ATENTAMENTE ESTAS CONDI\u00c7\u00d5ES<\/span><\/span><\/span><\/strong><\/span><\/p>\n<p><span style=\"font-size: medium;\"><span style=\"color: black;\"><span style=\"vertical-align: inherit;\"><span style=\"vertical-align: inherit;\">Estas Condi\u00e7\u00f5es Gerais regulam expressamente as rela\u00e7\u00f5es entre a COMERCIAL SALGAR, SL, com NIF A50048826 e o domic\u00edlio localizado na Calle Carretera de Logro\u00f1o, Km. 9.500, 50011, Zaragoza, (Zaragoza) Espanha, doravante &#8220;SALGAR&#8221;) e terceiros (doravante &#8220;Utilizadores&#8221;) que se registam como utilizadores e\/ou compram produtos atrav\u00e9s da loja online do website oficial da SALGAR (http:\/\/salgar.net, doravante a &#8220;Loja&#8221;).<\/span><\/span><\/span><\/span><\/p>\n<p><span style=\"font-size: medium;\"><span style=\"color: black;\"><strong><span style=\"vertical-align: inherit;\"><span style=\"vertical-align: inherit;\">2. Obriga\u00e7\u00f5es do utilizador<\/span><\/span><\/strong><\/span><\/span><\/p>\n<p><span style=\"font-size: medium;\"><span style=\"color: black;\"><span style=\"vertical-align: inherit;\"><span style=\"vertical-align: inherit;\"> 2.1 O Utilizador \u00e9 obrigado, em geral, a utilizar a Loja, a adquirir os Produtos e a utilizar diligentemente cada um dos servi\u00e7os da Loja, de acordo com a lei, moral, ordem p\u00fablica e as disposi\u00e7\u00f5es das suas Condi\u00e7\u00f5es Gerais, devendo tamb\u00e9m abster-se de os utilizar de qualquer forma que possa prevenir, danificar ou prejudicar o normal funcionamento e frui\u00e7\u00e3o da Loja pelos Utilizadores ou que possa ferir ou causar danos aos bens e direitos dos Utilizadores ou que possam ferir ou causar danos aos bens e direitos de SALGAR, seus fornecedores, Utilizadores ou em geral de terceiros.<\/span><\/span><\/span><\/span><\/p>\n<p><span style=\"font-size: medium;\"><span style=\"color: black;\"><strong><span style=\"vertical-align: inherit;\"><span style=\"vertical-align: inherit;\">3. Produtos e PRE\u00c7OS<\/span><\/span><\/strong><\/span><\/span><\/p>\n<p><span style=\"font-size: medium;\"><span style=\"color: black;\"><span style=\"vertical-align: inherit;\"><span style=\"vertical-align: inherit;\"> 3.1 A SALGAR reserva-se o direito de decidir, a qualquer momento, os Produtos oferecidos aos Utilizadores atrav\u00e9s da Loja. <\/span><span style=\"vertical-align: inherit;\">Em especial, a SALGAR pode, a qualquer momento, adicionar novos Produtos aos oferecidos ou inclu\u00eddos na Loja, entendendo-se que, salvo disposi\u00e7\u00e3o em contr\u00e1rio, esses novos Produtos ser\u00e3o regidos pelas disposi\u00e7\u00f5es das presentes Condi\u00e7\u00f5es Gerais. <\/span><span style=\"vertical-align: inherit;\">Da mesma forma, a SALGAR reserva-se o direito de deixar de fornecer ou facilitar o acesso e a utiliza\u00e7\u00e3o a qualquer momento e sem aviso pr\u00e9vio de qualquer uma das diferentes classes de Produtos oferecidas na Loja.<\/span><\/span><\/span><\/span><\/p>\n<p><span style=\"font-size: medium;\"><span style=\"color: black;\"><span style=\"vertical-align: inherit;\"><span style=\"vertical-align: inherit;\"> 3.2 Os produtos inclu\u00eddos na Loja corresponder\u00e3o da forma mais fi\u00e1vel poss\u00edvel que a tecnologia de exibi\u00e7\u00e3o web permite os Produtos realmente oferecidos. <\/span><span style=\"vertical-align: inherit;\">As caracter\u00edsticas dos Produtos e os seus pre\u00e7os aparecem na Loja. <\/span><span style=\"vertical-align: inherit;\">Os pre\u00e7os indicados na Loja est\u00e3o em Euros e n\u00e3o incluem IVA para utilizadores &#8220;profissionais&#8221;. <\/span><span style=\"vertical-align: inherit;\">Os clientes n\u00e3o profissionais n\u00e3o poder\u00e3o efetuar a compra de produtos e pre\u00e7os se inclu\u00edrem o IVA.<\/span><\/span><\/span><\/span><\/p>\n<p><span style=\"font-size: medium;\"><span style=\"color: black;\"><strong><span style=\"vertical-align: inherit;\"><span style=\"vertical-align: inherit;\">4. PROCEDIMENTO E M\u00c9TODO DE PAGAMENTO DOS PRODUTOS<\/span><\/span><\/strong><\/span><\/span><\/p>\n<p><span style=\"font-size: medium;\"><span style=\"color: black;\"><span style=\"vertical-align: inherit;\"><span style=\"vertical-align: inherit;\"> 4.1 Dentro de um per\u00edodo m\u00e1ximo de vinte e quatro (24) horas, a SALGAR enviar\u00e1 um e-mail ao Utilizador, confirmando a compra. <\/span><span style=\"vertical-align: inherit;\">As condi\u00e7\u00f5es e m\u00e9todos de pagamento ser\u00e3o sempre aqueles que o cliente acordou regularmente com Salgar, pode consult\u00e1-los contactando salgar a qualquer momento.<\/span><\/span><\/span><\/span><\/p>\n<p><span style=\"color: black;\"><span style=\"font-size: medium;\"><span style=\"vertical-align: inherit;\"><span style=\"vertical-align: inherit;\"> 4.2 A confirma\u00e7\u00e3o da encomenda enviada pela SALGAR n\u00e3o \u00e9 v\u00e1lida como fatura, apenas como prova de compra. <\/span><span style=\"vertical-align: inherit;\">A SALGAR permite que a fatura seja enviada por e-mail para o endere\u00e7o do cliente uma vez gerada no sistema interno da Salgar.<\/span><\/span><\/span><\/span><\/p>\n<p><span style=\"font-size: medium;\"><strong><span style=\"color: black;\"><span style=\"vertical-align: inherit;\"><span style=\"vertical-align: inherit;\">5. DIREITO DE RETIRADA<\/span><\/span><\/span><\/strong><\/span><\/p>\n<p><span style=\"font-size: medium;\"> <span style=\"color: black;\"><span style=\"vertical-align: inherit;\"><span style=\"vertical-align: inherit;\">5.1 O utilizador tem o direito de levantamento atrav\u00e9s do qual pode contactar salgar por e-mail no seguinte endere\u00e7o: <\/span><\/p>\n<p>  <\/span><\/p>\n<p><\/span> <span style=\"color: #1f497d;\"> <span style=\"vertical-align: inherit;\"> <span style=\"vertical-align: inherit;\">comunicacion@salgar.net<\/span><\/p>\n<p>  <\/span><\/p>\n<p><\/span><span style=\"color: black;\"><span style=\"vertical-align: inherit;\"><span style=\"vertical-align: inherit;\"> e desistir da compra num prazo n\u00e3o superior a sete (14) dias \u00fateis contados a partir da rece\u00e7\u00e3o do Produto. <\/span><span style=\"vertical-align: inherit;\">O Produto deve ser enviado juntamente com o formul\u00e1rio de devolu\u00e7\u00e3o devidamente preenchido e uma c\u00f3pia da nota de entrega ou fatura, devidamente conclu\u00edda, em detrimento da SALGAR, o custo direto da devolu\u00e7\u00e3o do Produto. <\/span><span style=\"vertical-align: inherit;\">A referida devolu\u00e7\u00e3o ser\u00e1 feita de acordo com as instru\u00e7\u00f5es que salgar indica ao Utilizador em resposta \u00e0 sua notifica\u00e7\u00e3o do exerc\u00edcio de retirada. <\/span><span style=\"vertical-align: inherit;\">O Utilizador deve devolver o Produto no prazo m\u00e1ximo de (14) dias a partir do momento em que salgar indicar a forma de devolu\u00e7\u00e3o.<\/span><\/span><\/span><\/span><\/p>\n<p><span style=\"font-size: medium;\"><span style=\"color: black;\"><span style=\"vertical-align: inherit;\"><span style=\"vertical-align: inherit;\"> 5.2 A retirada implica a devolu\u00e7\u00e3o do montante pago pelo mesmo m\u00e9todo de pagamento que a compra foi efetuada. <\/span><span style=\"vertical-align: inherit;\">O prazo para o referido pagamento ser\u00e1 o estabelecido na Lei.<\/span><\/span><\/span><\/span><\/p>\n<p><span style=\"font-size: medium;\"><span style=\"color: black;\"><span style=\"vertical-align: inherit;\"><span style=\"vertical-align: inherit;\"> 5.3 O direito de retirada n\u00e3o pode ser exercido quando o Produto n\u00e3o for devolvido na sua embalagem original e quando o Produto n\u00e3o estiver em perfeitas condi\u00e7\u00f5es.<\/span><\/span><\/span><\/span><\/p>\n<p><span style=\"font-size: medium;\"><span style=\"color: black;\"><strong><span style=\"vertical-align: inherit;\"><span style=\"vertical-align: inherit;\">6. ATENDIMENTO AO CLIENTE<\/span><\/span><\/strong><\/span><\/span><\/p>\n<p><span style=\"font-size: medium;\"> <span style=\"color: black;\"><span style=\"vertical-align: inherit;\"><span style=\"vertical-align: inherit;\">6.1 Para qualquer incidente, reclama\u00e7\u00e3o ou exerc\u00edcio dos seus direitos, o Utilizador pode enviar um e-mail para o endere\u00e7o <\/span><\/p>\n<p>  <\/span><\/p>\n<p><\/span> <span style=\"color: #1f497d;\"> <span style=\"vertical-align: inherit;\"> <span style=\"vertical-align: inherit;\">comunicacion@salgar.net<\/span><\/p>\n<p>  <\/span><\/p>\n<p><\/span><\/span><\/p>\n<p><span style=\"font-size: medium;\"><span style=\"color: black;\"><strong><span style=\"vertical-align: inherit;\"><span style=\"vertical-align: inherit;\">7. SERVI\u00c7O DE ENTREGA<\/span><\/span><\/strong><\/span><\/span><\/p>\n<p><span style=\"font-size: medium;\"><span style=\"color: black;\"><span style=\"vertical-align: inherit;\"><span style=\"vertical-align: inherit;\"> 7.1 O \u00e2mbito territorial das vendas atrav\u00e9s da Loja \u00e9 exclusivamente para o territ\u00f3rio da Uni\u00e3o Europeia e de outros pa\u00edses especificados pela Salgar, pelo que o servi\u00e7o de entrega ser\u00e1 apenas para esses territ\u00f3rios. <\/span><span style=\"vertical-align: inherit;\">Os produtos adquiridos atrav\u00e9s da Loja ser\u00e3o enviados para o endere\u00e7o de entrega que o Utilizador registou como morada de entrega na base de dados salgar uma vez verificado o pagamento, sendo o prazo de entrega o mais curto poss\u00edvel dependendo da disponibilidade do produto.<\/span><\/span><\/span><\/span><\/p>\n<p><span style=\"font-size: medium;\"><span style=\"color: black;\"><span style=\"vertical-align: inherit;\"><span style=\"vertical-align: inherit;\"> 7.2 O servi\u00e7o de entrega da SALGAR \u00e9 realizado em colabora\u00e7\u00e3o com diferentes operadores de log\u00edstica de prest\u00edgio. <\/span><span style=\"vertical-align: inherit;\">As encomendas n\u00e3o ser\u00e3o servidas em caixas de correio ou em hot\u00e9is ou outros endere\u00e7os n\u00e3o permanentes.<\/span><\/span><\/span><\/span><\/p>\n<p><span style=\"font-size: medium;\"><span style=\"color: black;\"><span style=\"vertical-align: inherit;\"><span style=\"vertical-align: inherit;\"> 7.3 O custo das transfer\u00eancias n\u00e3o est\u00e1 inclu\u00eddo no pre\u00e7o dos Produtos. <\/span><span style=\"vertical-align: inherit;\">No momento da compra do Produto, o Utilizador ser\u00e1 informado do custo exato do envio.<\/span><\/span><\/span><\/span><\/p>\n<p><span style=\"font-size: medium;\"><span style=\"color: black;\"><strong><span style=\"vertical-align: inherit;\"><span style=\"vertical-align: inherit;\">8. PROPRIEDADE INTELECTUAL E INDUSTRIAL<\/span><\/span><\/strong><\/span><\/span><\/p>\n<p style=\"text-align: justify;\"><span style=\"color: black;\"><span style=\"font-size: medium;\"><span style=\"vertical-align: inherit;\"><span style=\"vertical-align: inherit;\"> 8.1 Estas condi\u00e7\u00f5es regem no momento da aceita\u00e7\u00e3o a rela\u00e7\u00e3o comercial entre o Utilizador Profissional e a SALGAR relativamente \u00e0 utiliza\u00e7\u00e3o e descarregamento de imagens, ficheiros CAD, certificados, fichas t\u00e9cnicas e instru\u00e7\u00f5es que aparecem no site www.SALGAR. .NET. <\/span><span style=\"vertical-align: inherit;\">O mero acesso e\/ou utiliza\u00e7\u00e3o do portal, da totalidade ou de parte do seu conte\u00fado e\/ou servi\u00e7os significa a aceita\u00e7\u00e3o integral destas condi\u00e7\u00f5es de utiliza\u00e7\u00e3o. <\/span><\/span><\/span><\/span><\/p>\n<p style=\"text-align: justify;\"><span style=\"color: black;\"><span style=\"font-size: medium;\"><span style=\"vertical-align: inherit;\"><span style=\"vertical-align: inherit;\">Os referidos conte\u00fados est\u00e3o protegidos pelos direitos de autor correspondentes, de acordo com o disposto no Decreto Legislativo Real 1\/1996, de 12 de abril, que aprova o texto revisto da Lei da Propriedade Intelectual. <\/span><span style=\"vertical-align: inherit;\">Sendo o seu propriet\u00e1rio SALGAR, o poder de utiliza\u00e7\u00e3o n\u00e3o constitui uma atribui\u00e7\u00e3o, venda ou transfer\u00eancia de propriedade dos direitos de propriedade intelectual.<\/span><\/span><\/span><\/span><\/p>\n<p style=\"text-align: justify;\"><span style=\"color: black;\"><span style=\"font-size: medium;\"><span style=\"vertical-align: inherit;\"><span style=\"vertical-align: inherit;\"> 8.2 O Utilizador reconhece que todos os elementos da Loja e de cada um dos Produtos, as informa\u00e7\u00f5es e materiais contidos (especialmente imagens, textos, log\u00f3tipos e nomes comerciais) neles, as marcas, a estrutura, a sele\u00e7\u00e3o, o arranjo e a apresenta\u00e7\u00e3o dos seus conte\u00fados, bem como os programas inform\u00e1ticos utilizados em rela\u00e7\u00e3o a eles, est\u00e3o protegidos pelos direitos de propriedade intelectual e industrial da pr\u00f3pria SALGAR ou de terceiros , e que as Condi\u00e7\u00f5es Gerais n\u00e3o lhe atribuem no que diz respeito aos referidos direitos de propriedade industrial e intelectual, qualquer outro direito que n\u00e3o os especificamente contemplados neles contemplados.<\/span><\/span><\/span><\/span><\/p>\n<p style=\"text-align: justify;\"><span style=\"color: black;\"><span style=\"font-size: medium;\"><span style=\"vertical-align: inherit;\"><span style=\"vertical-align: inherit;\">A menos que seja autorizado pela SALGAR ou, se for caso disso, pelos detentores de terceiros dos direitos correspondentes, ou a menos que tal seja legalmente permitido, o Utilizador n\u00e3o pode transformar, modificar, desmontar, reverter o engenheiro, distribuir, alugar, emprestar, colocar \u00e0 disposi\u00e7\u00e3o, ou permitir o acesso ao p\u00fablico atrav\u00e9s de qualquer forma de comunica\u00e7\u00e3o p\u00fablica de qualquer um dos elementos referidos no par\u00e1grafo anterior.<\/span><\/span><\/span><\/span><\/p>\n<p style=\"text-align: justify;\"><span style=\"color: black;\"><span style=\"font-size: medium;\"><span style=\"vertical-align: inherit;\"><span style=\"vertical-align: inherit;\"> 8.3 O Utilizador Profissional tem a obriga\u00e7\u00e3o de fazer uma utiliza\u00e7\u00e3o leg\u00edtima das imagens, ficheiros CAD, certificados, fichas t\u00e9cnicas e instru\u00e7\u00f5es dos produtos, fornecidos pela SALGAR, e deve cumprir rigorosamente os acordos e condi\u00e7\u00f5es comerciais em vigor. <\/span><span style=\"vertical-align: inherit;\">Ao descarregar e utilizar o conte\u00fado fornecido pela SALGAR, o Utilizador Profissional concorda com: (i) N\u00c3O fazer uma utiliza\u00e7\u00e3o inadequada, fraudulenta ou injusta do conte\u00fado fornecido pela SALGAR. <\/span><span style=\"vertical-align: inherit;\">ii N\u00c3O infringir a propriedade intelectual e os direitos de privacidade, entre outros, os direitos protegidos pelos direitos de autor, (iii) N\u00c3O utilizar os conte\u00fados fornecidos pela SALGAR em caso de cessa\u00e7\u00e3o da rela\u00e7\u00e3o comercial entre o Utilizador Profissional e a empresa.<\/span><\/span><\/span><\/span><\/p>\n<p style=\"text-align: justify;\"><span style=\"color: black;\"><span style=\"font-size: medium;\"><span style=\"vertical-align: inherit;\"><span style=\"vertical-align: inherit;\">A SALGAR poder\u00e1 modificar a qualquer momento as condi\u00e7\u00f5es de utiliza\u00e7\u00e3o do conte\u00fado fornecido atrav\u00e9s do Portal do Utilizador Profissional.<\/span><\/span><\/span><\/span><\/p>\n<p style=\"text-align: justify;\"><span style=\"color: black;\"><span style=\"font-size: medium;\"><span style=\"vertical-align: inherit;\"><span style=\"vertical-align: inherit;\"> 8.4 Qualquer conflito que possa resultar da interpreta\u00e7\u00e3o e execu\u00e7\u00e3o deste acordo \u00e9 submetido \u00e0 jurisdi\u00e7\u00e3o dos Tribunais e Tribunais da cidade de Sarago\u00e7a.<\/span><\/span><\/span><\/span><\/p>\n<p><span style=\"font-size: medium;\"><span style=\"color: black;\"><strong><span style=\"vertical-align: inherit;\"><span style=\"vertical-align: inherit;\">9. PROTE\u00c7\u00c3O DE DADOS<\/span><\/span><\/strong><\/span><\/span><\/p>\n<p><span style=\"font-size: medium;\"><span style=\"color: black;\"><span style=\"vertical-align: inherit;\"><span style=\"vertical-align: inherit;\"> 9.1 Em conformidade com a Lei 15\/99 LOPD, informamos que os seus dados pessoais e outras informa\u00e7\u00f5es fornecidas atrav\u00e9s do formul\u00e1rio de registo, bem como os das transa\u00e7\u00f5es efetivas, ser\u00e3o inclu\u00eddos e mantidos num ficheiro de tratamento, propriedade da SALGAR, desde que o seu cancelamento n\u00e3o seja solicitado. <\/span><span style=\"vertical-align: inherit;\">O tratamento destina-se ao desenvolvimento e execu\u00e7\u00e3o da venda, \u00e0 aten\u00e7\u00e3o personalizada dos produtos e servi\u00e7os que adquire e \u00e0 melhoria da referida aten\u00e7\u00e3o, bem como \u00e0 promo\u00e7\u00e3o dos seus pr\u00f3prios produtos e servi\u00e7os e das empresas terceiras ligadas \u00e0 SALGAR.<\/span><\/span><\/span><\/span><\/p>\n<p><span style=\"font-size: medium;\"><span style=\"color: black;\"><span style=\"vertical-align: inherit;\"><span style=\"vertical-align: inherit;\">Da mesma forma, \u00e9 informado de que os seus dados ser\u00e3o disponibilizados \u00e0s empresas de transporte (DHL, <\/span><\/span><\/span><span style=\"color: #454545;\"><span style=\"vertical-align: inherit;\"><span style=\"vertical-align: inherit;\"> S <\/span><\/span><\/span><span style=\"color: black;\"><span style=\"vertical-align: inherit;\"><span style=\"vertical-align: inherit;\">chenker, Dachser, TNT) para efeitos de log\u00edstica e transporte, a SALGAR tratar\u00e1 estes dados com a m\u00e1xima confidencialidade, sendo o \u00fanico destinat\u00e1rio exclusivo e exclusivo do mesmo, e n\u00e3o endo atribui\u00e7\u00f5es ou comunica\u00e7\u00f5es a terceiros, para al\u00e9m dos indicados pelas regulamenta\u00e7\u00f5es em vigor.<\/span><\/span><\/span><\/span><\/p>\n<p><span style=\"font-size: medium;\"><span style=\"color: black;\"><span style=\"vertical-align: inherit;\"><span style=\"vertical-align: inherit;\">O utilizador autoriza expressamente a SALGAR a enviar, atrav\u00e9s de meios eletr\u00f3nicos, pela SALGAR e pelas entidades acima referidas, comunica\u00e7\u00f5es comerciais e ofertas promocionais e concursos. <\/span><span style=\"vertical-align: inherit;\">Sim, aceito.<\/span><\/span><\/span><\/span><\/p>\n<p><span style=\"font-size: medium;\"> <span style=\"color: black;\"><span style=\"vertical-align: inherit;\"><span style=\"vertical-align: inherit;\">9.2 O Utilizador pode exercer a qualquer momento os direitos de acesso, retifica\u00e7\u00e3o, oposi\u00e7\u00e3o ou cancelamento contactando SALGAR, SALGARX ou por e-mail dirigido a <\/span><\/p>\n<p>  <\/span><\/p>\n<p><\/span> <span style=\"color: #0070c0;\"><span style=\"vertical-align: inherit;\"><span style=\"vertical-align: inherit;\">lopd@salgar.net, <\/span><\/p>\n<p>  <\/span><\/p>\n<p><\/span> <span style=\"color: black;\"><span style=\"vertical-align: inherit;\"><span style=\"vertical-align: inherit;\">anexando uma c\u00f3pia do seu NIF ou documento de identifica\u00e7\u00e3o substituto.<\/span><\/p>\n<p>  <\/span><\/p>\n<p><\/span><\/span><\/p>\n<p><span style=\"font-size: medium;\"><span style=\"vertical-align: inherit;\"><span style=\"vertical-align: inherit;\">  9.3.  <\/span><span style=\"vertical-align: inherit;\">As respostas assinaladas com * no formul\u00e1rio de inscri\u00e7\u00e3o s\u00e3o obrigat\u00f3rias. <\/span><span style=\"vertical-align: inherit;\">A sua n\u00e3o resposta impedir\u00e1 a compra dos produtos selecionados.<\/span><\/span><\/span><\/p>\n<p><span style=\"font-size: medium;\"><span style=\"color: black;\"><strong><span style=\"vertical-align: inherit;\"><span style=\"vertical-align: inherit;\">10. PASSWORDS<\/span><\/span><\/strong><\/span><\/span><\/p>\n<p><span style=\"font-size: medium;\"><span style=\"color: black;\"><span style=\"vertical-align: inherit;\"><span style=\"vertical-align: inherit;\"> 10.1 O SALGAR facilitar\u00e1 a utiliza\u00e7\u00e3o de senhas pessoais para o utilizador que se regista como tal no website. <\/span><span style=\"vertical-align: inherit;\">Estas palavras-passe ser\u00e3o utilizadas para aceder aos servi\u00e7os prestados atrav\u00e9s do Website. <\/span><span style=\"vertical-align: inherit;\">O utilizador deve manter as palavras-passe sob a sua \u00fanica responsabilidade na mais rigorosa e absoluta confidencialidade, assumindo, portanto, quantos danos ou consequ\u00eancias de qualquer tipo derivam da viola\u00e7\u00e3o ou divulga\u00e7\u00e3o do segredo. <\/span><span style=\"vertical-align: inherit;\">Por raz\u00f5es de seguran\u00e7a, a palavra-passe para acesso telem\u00e1tico aos servi\u00e7os ligados ao Website pode ser modificada a qualquer momento pelo utilizador. <\/span><span style=\"vertical-align: inherit;\">O Utilizador concorda em notificar imediatamente a SALGAR de qualquer utiliza\u00e7\u00e3o n\u00e3o autorizada da sua palavra-passe, bem como o acesso por terceiros n\u00e3o autorizados \u00e0 sua senha.<\/span><\/span><\/span><\/span><\/p>\n<p><span style=\"font-size: medium;\"><span style=\"color: black;\"><strong><span style=\"vertical-align: inherit;\"><span style=\"vertical-align: inherit;\">11. COOKIES<\/span><\/span><\/strong><\/span><\/span><\/p>\n<p><span style=\"font-size: medium;\"><span style=\"color: black;\"><span style=\"vertical-align: inherit;\"><span style=\"vertical-align: inherit;\"> 11.1 A SALGAR utiliza cookies para melhorar os seus servi\u00e7os, facilitar a navega\u00e7\u00e3o, manter a seguran\u00e7a, verificar a identidade do Utilizador, facilitar o acesso \u00e0s prefer\u00eancias pessoais e seguir a sua utiliza\u00e7\u00e3o da Loja. <\/span><span style=\"vertical-align: inherit;\">Os cookies s\u00e3o ficheiros instalados no disco r\u00edgido do computador ou na mem\u00f3ria do navegador na pasta pr\u00e9-configurada pelo sistema operativo do computador do Utilizador para o identificar.<\/span><\/span><\/span><\/span><\/p>\n<p><span style=\"font-size: medium;\"><span style=\"color: black;\"><span style=\"vertical-align: inherit;\"><span style=\"vertical-align: inherit;\"> 11.2 Se o Utilizador n\u00e3o quiser que um cookie seja instalado no seu disco r\u00edgido, deve configurar o seu programa de navega\u00e7\u00e3o na Internet para n\u00e3o os receber. <\/span><span style=\"vertical-align: inherit;\">Da mesma forma, o Utilizador pode destruir cookies livremente. <\/span><span style=\"vertical-align: inherit;\">Caso o Utilizador decida desativar os cookies, a qualidade e rapidez do servi\u00e7o pode diminuir e, mesmo, perder\u00e1 acesso a alguns dos servi\u00e7os oferecidos na Loja. <\/span><\/span><\/span><\/span><\/p>\n<p><span style=\"font-size: medium;\"><strong><span style=\"color: black;\"><span style=\"vertical-align: inherit;\"><span style=\"vertical-align: inherit;\">12. LEI E JURISDI\u00c7\u00c3O APLIC\u00c1VEIS<\/span><\/span><\/span><\/strong><\/span><\/p>\n<p><span style=\"color: black;\"><span style=\"font-size: medium;\"><span style=\"vertical-align: inherit;\"><span style=\"vertical-align: inherit;\">Estas condi\u00e7\u00f5es gerais s\u00e3o regidas pela lei espanhola. <\/span><span style=\"vertical-align: inherit;\">Qualquer controv\u00e9rsia decorrente da interpreta\u00e7\u00e3o ou execu\u00e7\u00e3o que possa surgir em rela\u00e7\u00e3o \u00e0 validade, interpreta\u00e7\u00e3o, cumprimento ou resolu\u00e7\u00e3o deste contrato ser\u00e1 submetida \u00e0 Jurisdi\u00e7\u00e3o e Concorr\u00eancia dos Tribunais e Tribunais da Cidade de Sarago\u00e7a, dispensando qualquer jurisdi\u00e7\u00e3o que possa corresponder ao Utilizador, desde que a legisla\u00e7\u00e3o aplic\u00e1vel o permita.<\/span><\/span><\/span><\/span><\/p>\n<\/div>\n<\/div>\n\t\t<\/div>\n\t\t\t\t\t<\/div>\n\n\t\n<\/div>\n","protected":false},"excerpt":{"rendered":"","protected":false},"author":1,"featured_media":0,"parent":0,"menu_order":0,"comment_status":"closed","ping_status":"closed","template":"","meta":{"_acf_changed":false,"footnotes":""},"class_list":["post-7499","page","type-page","status-publish","hentry"],"acf":[],"_links":{"self":[{"href":"https:\/\/gasdum.com\/pt-pt\/wp-json\/wp\/v2\/pages\/7499","targetHints":{"allow":["GET"]}}],"collection":[{"href":"https:\/\/gasdum.com\/pt-pt\/wp-json\/wp\/v2\/pages"}],"about":[{"href":"https:\/\/gasdum.com\/pt-pt\/wp-json\/wp\/v2\/types\/page"}],"author":[{"embeddable":true,"href":"https:\/\/gasdum.com\/pt-pt\/wp-json\/wp\/v2\/users\/1"}],"replies":[{"embeddable":true,"href":"https:\/\/gasdum.com\/pt-pt\/wp-json\/wp\/v2\/comments?post=7499"}],"version-history":[{"count":0,"href":"https:\/\/gasdum.com\/pt-pt\/wp-json\/wp\/v2\/pages\/7499\/revisions"}],"wp:attachment":[{"href":"https:\/\/gasdum.com\/pt-pt\/wp-json\/wp\/v2\/media?parent=7499"}],"curies":[{"name":"wp","href":"https:\/\/api.w.org\/{rel}","templated":true}]}}