{"id":4102,"date":"2020-04-01T20:56:30","date_gmt":"2020-04-01T19:56:30","guid":{"rendered":"https:\/\/www.gasdum.com\/?page_id=4102"},"modified":"2023-10-28T15:59:15","modified_gmt":"2023-10-28T07:59:15","slug":"profile","status":"publish","type":"page","link":"https:\/\/gasdum.com\/pt-pt\/about-gasdum\/profile\/","title":{"rendered":"Perfil"},"content":{"rendered":"\n  <div class=\"banner has-hover\" id=\"banner-937135023\">\n          <div class=\"banner-inner fill\">\n        <div class=\"banner-bg fill\" >\n            <img loading=\"lazy\" decoding=\"async\" width=\"1500\" height=\"297\" src=\"https:\/\/gasdum.com\/wp-content\/uploads\/2019\/12\/banner-image.jpg\" class=\"bg attachment-original size-original\" alt=\"\" \/>                        <div class=\"overlay\"><\/div>            \n                    <\/div>\n\t\t\n        <div class=\"banner-layers container\">\n            <div class=\"fill banner-link\"><\/div>            \n   <div id=\"text-box-770029252\" class=\"text-box banner-layer x50 md-x50 lg-x50 y50 md-y50 lg-y50 res-text\">\n                                <div class=\"text-box-content text dark\">\n              \n              <div class=\"text-inner text-center\">\n                  \n              <\/div>\n           <\/div>\n                            \n<style>\n#text-box-770029252 {\n  width: 60%;\n}\n#text-box-770029252 .text-box-content {\n  font-size: 100%;\n}\n<\/style>\n    <\/div>\n \n        <\/div>\n      <\/div>\n\n              <div class=\"height-fix is-invisible\"><img loading=\"lazy\" decoding=\"async\" width=\"1500\" height=\"297\" src=\"https:\/\/gasdum.com\/wp-content\/uploads\/2019\/12\/banner-image.jpg\" class=\"attachment-original size-original\" alt=\"\" srcset=\"https:\/\/gasdum.com\/wp-content\/uploads\/2019\/12\/banner-image.jpg 1500w, https:\/\/gasdum.com\/wp-content\/uploads\/2019\/12\/banner-image-510x101.jpg 510w, https:\/\/gasdum.com\/wp-content\/uploads\/2019\/12\/banner-image-800x158.jpg 800w, https:\/\/gasdum.com\/wp-content\/uploads\/2019\/12\/banner-image-1400x277.jpg 1400w, https:\/\/gasdum.com\/wp-content\/uploads\/2019\/12\/banner-image-768x152.jpg 768w, https:\/\/gasdum.com\/wp-content\/uploads\/2019\/12\/banner-image-1536x304.jpg 1536w\" sizes=\"auto, (max-width: 1500px) 100vw, 1500px\" \/><\/div>\n            \n<style>\n#banner-937135023 {\n  padding-top: 96px;\n}\n#banner-937135023 .overlay {\n  background-color: rgba(163, 163, 163, 0.22);\n}\n#banner-937135023 .banner-bg img {\n  object-position: 22% 0%;\n}\n<\/style>\n  <\/div>\n\n\n\n\t<section class=\"section\" id=\"section_1207035835\">\n\t\t<div class=\"section-bg fill\" >\n\t\t\t<img loading=\"lazy\" decoding=\"async\" width=\"1500\" height=\"297\" src=\"https:\/\/gasdum.com\/wp-content\/uploads\/2019\/12\/banner-image.jpg\" class=\"bg attachment- size-\" alt=\"\" \/>\t\t\t\t\t\t<div class=\"section-bg-overlay absolute fill\"><\/div>\n\t\t\t\n\n\t\t<\/div>\n\n\t\t\n\n\t\t<div class=\"section-content relative\">\n\t\t\t\n  <div class=\"banner-grid-wrapper\">\n  <div id=\"banner-grid-2109339044\" class=\"banner-grid row row-grid row-small\" data-packery-options=\"\">\n                      \n<div class=\"col grid-col large-9 grid-col-1\" ><div class=\"col-inner\">\n\t<div class=\"img has-hover x md-x lg-x y md-y lg-y\" id=\"image_2128117178\">\n\t\t\t\t\t\t\t\t<div class=\"img-inner dark\" >\n\t\t\t<img loading=\"lazy\" decoding=\"async\" width=\"1020\" height=\"765\" src=\"https:\/\/gasdum.com\/wp-content\/uploads\/2023\/10\/59a1a23dc3e35229dd0463513c6a85a-1067x800.jpg\" class=\"attachment-large size-large\" alt=\"\" srcset=\"https:\/\/gasdum.com\/wp-content\/uploads\/2023\/10\/59a1a23dc3e35229dd0463513c6a85a-1067x800.jpg 1067w, https:\/\/gasdum.com\/wp-content\/uploads\/2023\/10\/59a1a23dc3e35229dd0463513c6a85a-533x400.jpg 533w, https:\/\/gasdum.com\/wp-content\/uploads\/2023\/10\/59a1a23dc3e35229dd0463513c6a85a-768x576.jpg 768w, https:\/\/gasdum.com\/wp-content\/uploads\/2023\/10\/59a1a23dc3e35229dd0463513c6a85a-1536x1152.jpg 1536w, https:\/\/gasdum.com\/wp-content\/uploads\/2023\/10\/59a1a23dc3e35229dd0463513c6a85a-2048x1536.jpg 2048w, https:\/\/gasdum.com\/wp-content\/uploads\/2023\/10\/59a1a23dc3e35229dd0463513c6a85a-610x458.jpg 610w, https:\/\/gasdum.com\/wp-content\/uploads\/2023\/10\/59a1a23dc3e35229dd0463513c6a85a-510x383.jpg 510w\" sizes=\"auto, (max-width: 1020px) 100vw, 1020px\" \/>\t\t\t\t\t\t\n\t\t\t\t\t<\/div>\n\t\t\t\t\t\t\t\t\n<style>\n#image_2128117178 {\n  width: 100%;\n}\n<\/style>\n\t<\/div>\n\t\n<\/div><\/div>\n<div class=\"col grid-col large-3 grid-col-1-2\" ><div class=\"col-inner\">\n\t<div class=\"img has-hover x md-x lg-x y md-y lg-y\" id=\"image_250587539\">\n\t\t\t\t\t\t\t\t<div class=\"img-inner dark\" >\n\t\t\t<img loading=\"lazy\" decoding=\"async\" width=\"1020\" height=\"765\" src=\"https:\/\/gasdum.com\/wp-content\/uploads\/2023\/10\/a94425460daa5bd932844237683d994-1-1067x800.jpg\" class=\"attachment-large size-large\" alt=\"\" srcset=\"https:\/\/gasdum.com\/wp-content\/uploads\/2023\/10\/a94425460daa5bd932844237683d994-1-1067x800.jpg 1067w, https:\/\/gasdum.com\/wp-content\/uploads\/2023\/10\/a94425460daa5bd932844237683d994-1-533x400.jpg 533w, https:\/\/gasdum.com\/wp-content\/uploads\/2023\/10\/a94425460daa5bd932844237683d994-1-768x576.jpg 768w, https:\/\/gasdum.com\/wp-content\/uploads\/2023\/10\/a94425460daa5bd932844237683d994-1-1536x1152.jpg 1536w, https:\/\/gasdum.com\/wp-content\/uploads\/2023\/10\/a94425460daa5bd932844237683d994-1-2048x1536.jpg 2048w, https:\/\/gasdum.com\/wp-content\/uploads\/2023\/10\/a94425460daa5bd932844237683d994-1-610x458.jpg 610w, https:\/\/gasdum.com\/wp-content\/uploads\/2023\/10\/a94425460daa5bd932844237683d994-1-510x383.jpg 510w\" sizes=\"auto, (max-width: 1020px) 100vw, 1020px\" \/>\t\t\t\t\t\t\n\t\t\t\t\t<\/div>\n\t\t\t\t\t\t\t\t\n<style>\n#image_250587539 {\n  width: 100%;\n}\n<\/style>\n\t<\/div>\n\t\n<\/div><\/div>\n<div class=\"col grid-col large-3 grid-col-1-2\" ><div class=\"col-inner\">\n\t<div class=\"img has-hover x md-x lg-x y md-y lg-y\" id=\"image_437282940\">\n\t\t\t\t\t\t\t\t<div class=\"img-inner dark\" >\n\t\t\t<img loading=\"lazy\" decoding=\"async\" width=\"1020\" height=\"680\" src=\"https:\/\/gasdum.com\/wp-content\/uploads\/2023\/10\/b2b26051409f0a78071a780c6907355-1200x800.jpg\" class=\"attachment-large size-large\" alt=\"\" srcset=\"https:\/\/gasdum.com\/wp-content\/uploads\/2023\/10\/b2b26051409f0a78071a780c6907355-1200x800.jpg 1200w, https:\/\/gasdum.com\/wp-content\/uploads\/2023\/10\/b2b26051409f0a78071a780c6907355-600x400.jpg 600w, https:\/\/gasdum.com\/wp-content\/uploads\/2023\/10\/b2b26051409f0a78071a780c6907355-768x512.jpg 768w, https:\/\/gasdum.com\/wp-content\/uploads\/2023\/10\/b2b26051409f0a78071a780c6907355-1536x1024.jpg 1536w, https:\/\/gasdum.com\/wp-content\/uploads\/2023\/10\/b2b26051409f0a78071a780c6907355-610x407.jpg 610w, https:\/\/gasdum.com\/wp-content\/uploads\/2023\/10\/b2b26051409f0a78071a780c6907355-510x340.jpg 510w, https:\/\/gasdum.com\/wp-content\/uploads\/2023\/10\/b2b26051409f0a78071a780c6907355.jpg 1620w\" sizes=\"auto, (max-width: 1020px) 100vw, 1020px\" \/>\t\t\t\t\t\t\n\t\t\t\t\t<\/div>\n\t\t\t\t\t\t\t\t\n<style>\n#image_437282940 {\n  width: 100%;\n}\n<\/style>\n\t<\/div>\n\t\n<\/div><\/div>\n            <\/div>\n    <style>\n    #banner-grid-2109339044 .grid-col-1{height: 600px}\n    #banner-grid-2109339044 .grid-col-1-2{height: 300px}\n    #banner-grid-2109339044 .grid-col-1-3{height:200px}\n    #banner-grid-2109339044 .grid-col-2-3{height: 400px}\n    #banner-grid-2109339044 .grid-col-1-4{height: 150px}\n    #banner-grid-2109339044 .grid-col-3-4{height: 450px}\n\n\n    \n    \n\n  <\/style>\n    <\/div>\n  \n\t\t<\/div>\n\n\t\t\n<style>\n#section_1207035835 {\n  padding-top: 30px;\n  padding-bottom: 30px;\n}\n#section_1207035835 .section-bg-overlay {\n  background-color: rgba(255, 255, 255, 0.9);\n}\n<\/style>\n\t<\/section>\n\t\n\n\t<section class=\"section\" id=\"section_1905926606\">\n\t\t<div class=\"section-bg fill\" >\n\t\t\t\t\t\t\t\t\t\n\t\t\t\n\n\t\t<\/div>\n\n\t\t\n\n\t\t<div class=\"section-content relative\">\n\t\t\t\n<div class=\"row\"  id=\"row-2127664682\">\n\n\t<div id=\"col-1321275196\" class=\"col medium-6 small-12 large-6\"  >\n\t\t\t\t<div class=\"col-inner\"  >\n\t\t\t\n\t\t\t\n<h4><span data-text-color=\"primary\"><strong>Sobre N\u00f3s &#8211; Gasdum, o nome em que voc\u00ea sempre pode confiar&#8230;!<\/strong><\/span><br \/>A fabrica\u00e7\u00e3o limitada de lou\u00e7as sanit\u00e1rias da Morton nasceu atrav\u00e9s de anos de conhecimento e experi\u00eancia na fabrica\u00e7\u00e3o de produtos de lou\u00e7as sanit\u00e1rias de cer\u00e2mica de alta qualidade. Aderindo ao conceito de combinar tradi\u00e7\u00e3o com inova\u00e7\u00e3o, nos estimulamos a criar uma vida graciosa e nos tornarmos a melhor empresa de lou\u00e7as sanit\u00e1rias do mundo.<br \/>Com o passar dos anos, a Gasdum projetou uma ampla rede de produtos de alto desempenho com fun\u00e7\u00f5es distintas e design de ponta que se encaixa em todos os setores e or\u00e7amentos, incluindo mercados comerciais, residenciais, educacionais e de banheiros da \u00e1rea da sa\u00fade. Ampliamos nossa inova\u00e7\u00e3o e produtividade por meio de treinamento da nossa equipe e gest\u00e3o empresarial para nos mantermos \u00e0 frente da concorr\u00eancia.<br \/>Combinamos t\u00e9cnicas exclusivas de fabrica\u00e7\u00e3o, vendas e produ\u00e7\u00e3o para iniciarmos na diversifica\u00e7\u00e3o e internacionaliza\u00e7\u00e3o.<br \/>Nossa Miss\u00e3o<br \/>Se adaptar ao acelerado desenvolvimento de tecnologia e manter uma efic\u00e1cia, fornecendo produtos e servi\u00e7os incompar\u00e1veis aos nossos clientes a um pre\u00e7o competitivo.<\/h4>\n\t\t<\/div>\n\t\t\t\t\n<style>\n#col-1321275196 > .col-inner {\n  padding: 40px 0px 0px 0px;\n}\n<\/style>\n\t<\/div>\n\n\t\n\n\t<div id=\"col-1908275818\" class=\"col medium-6 small-12 large-6\"  >\n\t\t\t\t<div class=\"col-inner\"  >\n\t\t\t\n\t\t\t\n\t<div class=\"img has-hover x md-x lg-x y md-y lg-y\" id=\"image_1602687866\">\n\t\t\t\t\t\t\t\t<div class=\"img-inner dark\" >\n\t\t\t<img loading=\"lazy\" decoding=\"async\" width=\"485\" height=\"476\" src=\"https:\/\/gasdum.com\/wp-content\/uploads\/2019\/12\/profile.png\" class=\"attachment-original size-original\" alt=\"\" srcset=\"https:\/\/gasdum.com\/wp-content\/uploads\/2019\/12\/profile.png 485w, https:\/\/gasdum.com\/wp-content\/uploads\/2019\/12\/profile-408x400.png 408w\" sizes=\"auto, (max-width: 485px) 100vw, 485px\" \/>\t\t\t\t\t\t\n\t\t\t\t\t<\/div>\n\t\t\t\t\t\t\t\t\n<style>\n#image_1602687866 {\n  width: 100%;\n}\n<\/style>\n\t<\/div>\n\t\n\t\t<\/div>\n\t\t\t\t\n<style>\n#col-1908275818 > .col-inner {\n  margin: -20px 0px 0px 0px;\n}\n<\/style>\n\t<\/div>\n\n\t\n\n\t<div id=\"col-1268010771\" class=\"col small-12 large-12\"  >\n\t\t\t\t<div class=\"col-inner\"  >\n\t\t\t\n\t\t\t\n<h4>Nossa Vis\u00e3o<br \/>Aperfei\u00e7oar a qualidade de estilo de vida com nossas inova\u00e7\u00f5es no desenvolvimento de produtos e se tornar a pioneira no mercado de lou\u00e7as sanit\u00e1rias.<br \/>Nossa Pol\u00edtica de Qualidade<br \/>A Gasdum segue uma abordagem de \u201cn\u00e3o comprometer a qualidade\u201d na fabrica\u00e7\u00e3o de todos os produtos, prestando aten\u00e7\u00e3o ao fator ambiental na estrutura. Nossa empresa \u00e9 certificada pela ISO 9001:2000 e todas as condutas ultrapassam o padr\u00e3o nacional de lou\u00e7as sanit\u00e1rias de porcelana GB\/T6952-2005.<br \/>Nossos Valores Primordiais<br \/>\u25cf Trabalho em equipe &#8211; N\u00f3s trabalhamos em equipes para aprimorarmos nosso processo de brainstorming e suscitar formas criativas de fabricar produtos.<br \/>\u25cf Inova\u00e7\u00e3o &#8211; A inova\u00e7\u00e3o est\u00e1 no cora\u00e7\u00e3o da Gasdum, estimulada em cada um de nossos produtos e processos para criar algo de valor incompar\u00e1vel para nossos clientes.<br \/>\u25cf Agilidade &#8211; N\u00f3s nos esfor\u00e7amos para responder \u00e0s novas possibilidades de eficientemente e acatar rapidamente as mudan\u00e7as tecnol\u00f3gicas para aproveitar as oportunidades avan\u00e7adas.<br \/>\u25cf Centricidade no cliente &#8211; Tudo o que fazemos \u00e9 para melhorar a qualidade de vida de nossos clientes, atrav\u00e9s do oferecimento da melhor experi\u00eancia da classe e designs novos.<br \/>\u25cf Qualidade &#8211; Valorizamos cada cliente e fazemos de tudo para entregar produtos de qualidade assegurada que atendam \u00e0s suas expectativas e confian\u00e7a.<br \/>O Que Fazemos &#8211; Eleg\u00e2ncia. Extravag\u00e2ncia. Exatid\u00e3o. come\u00e7amos como uma equipe de controle de qualidade de lou\u00e7as sanit\u00e1rias e executamos controle de qualidade e verifica\u00e7\u00e3o de muitas marcas grandes sem decepcion\u00e1-las. Depois de nos tornarmos especialistas em controle de qualidade, inauguramos na fabrica\u00e7\u00e3o de lou\u00e7as sanit\u00e1rias. No in\u00edcio, come\u00e7amos apenas com bacias e vasos sanit\u00e1rios, e hoje oferecemos nossa expertise em todos os tipos de produtos de lou\u00e7as sanit\u00e1rias destinados a pr\u00e9dios comerciais e residenciais, hot\u00e9is e escrit\u00f3rios.<br \/>Oferecemos uma vasta rede de produtos dur\u00e1veis com diferentes designs, temas e cores para aderir a todos os tipos de demandas dos clientes.<br \/>\u25cf Vasos Sanit\u00e1rios<br \/>Na Gasdum, possu\u00edmos banheiros com v\u00e1rios designs e recursos que ir\u00e3o complementar a decora\u00e7\u00e3o de qualquer banheiro perfeitamente. Nossa cole\u00e7\u00e3o de vasos sanit\u00e1rios inclui Vasos Sanit\u00e1rios de Uma e Duas Pe\u00e7as, pendurados na parede e acoplados. Eles s\u00e3o f\u00e1ceis de utilizar e possuem tecnologia de descarga dupla que oferece a op\u00e7\u00e3o de usar duas op\u00e7\u00f5es de descarga.<br \/>\u25cf Lavat\u00f3rio<br \/>A nossa ampla gama de lavat\u00f3rios possui designs e cores \u00fanicos que oferecem aos nossos clientes in\u00fameras op\u00e7\u00f5es para poderem escolher. Nossas pias variam de pedestal, branco brilhante, pia de arte colorida a pias de banheiro com designs contempor\u00e2neos e de alta qualidade, que se encaixam perfeitamente em qualquer banheiro.<br \/>\u25cf Arm\u00e1rio de Banheiro<br \/>Os arm\u00e1rios de banheiro da Gasdum oferecem forte resist\u00eancia, anticorros\u00e3o, capacidade \u00e0 prova d&#8217;\u00e1gua, grande capacidade de carga e grande for\u00e7a. Existem arm\u00e1rios de banheiro para a atender a necessidade de cada cliente; cl\u00e1ssico ou moderno, luxuoso ou simples; temos algo reservado para todos os tipos de consumidores.<br \/>\u25cf Arm\u00e1rio e Espelho LED<br \/>Com lou\u00e7as sanit\u00e1rias, oferecemos tamb\u00e9m espelhos de arm\u00e1rio e espelhos de LED que combinam bem com os nossos lavat\u00f3rios e arm\u00e1rios de banheiro. Esses espelhos s\u00e3o projetados com designs de ponta que ir\u00e3o incrementar a apar\u00eancia de qualquer banheiro.<br \/>Porque Nos Escolher<br \/>\u25cf Designs Atraentes<br \/>Nossos produtos s\u00e3o feitos de designs \u00fanicos e atraentes. Com um olho atento nas tend\u00eancias internacionais e nas tecnologias mais modernas, atualizamos nossa linha de produtos de tempo em tempo para fornecer a voc\u00ea designs contempor\u00e2neos e vida gloriosa. Nossos designs incluem lou\u00e7as sanit\u00e1rias com desenhos e estampas, lou\u00e7as sanit\u00e1rias coloridas, lou\u00e7as sanit\u00e1rias antigas e muito mais.<br \/><span data-text-color=\"primary\">\u25cf Alta Qualidade<\/span><br \/><span data-text-color=\"primary\">J\u00e1 atuamos como Agentes de Controle de Qualidade para muitas marcas e clientes grandes, o que nos tornou especialistas na \u00e1rea de qualidade. Por ser uma empresa com certifica\u00e7\u00e3o ISO 9001:2000, todas os nossos procedimentos excedem o padr\u00e3o nacional GB\/T6952-2005 para lou\u00e7as sanit\u00e1rias. Aqui, seguimos uma abordagem \u201csem comprometer a qualidade\u201d. Todos os nossos produtos s\u00e3o constru\u00eddos com precis\u00e3o e n\u00e3o agridem o meio ambiente.<\/span><br \/><span data-text-color=\"primary\">\u25cf Durabilidade<\/span><br \/><span data-text-color=\"primary\">Para evitar transtornos e despesas de manuten\u00e7\u00e3o para nossos clientes, fabricamos produtos com alta durabilidade. Nossos padr\u00f5es de alta qualidade garantem que cada produto deva exceder as expectativas de nossos clientes. Al\u00e9m disso, tamb\u00e9m oferecemos uma garantia para cada produto, para darmos tranquilidade aos nossos clientes.<\/span><br \/><span data-text-color=\"primary\">\u25cf Pesquisa e Desenvolvimento<\/span><br \/><span data-text-color=\"primary\">Possu\u00edmos especialistas em pesquisa e desenvolvimento altamente competentes que colocam seus esfor\u00e7os na introdu\u00e7\u00e3o de novas t\u00e9cnicas e tecnologias inovadoras para nossos produtos. Eles s\u00e3o a raz\u00e3o primordial por tr\u00e1s de nossas lou\u00e7as sanit\u00e1rias com design singular.<\/span><br \/><span data-text-color=\"primary\">\u25cf Gest\u00e3o Empresarial<\/span><br \/><span data-text-color=\"primary\">Na Gasdum, estamos focados na gest\u00e3o empresarial, onde oferecemos treinamento, valoriza\u00e7\u00e3o e recompensas \u00e0 nossa equipe. Em \u00faltima an\u00e1lise, isso gera a melhor produtividade e o mais alto desempenho em nossa equipe, e, consequentemente, melhores produtos para nossos clientes.<\/span><br \/>\u25cf Satisfa\u00e7\u00e3o do Cliente<br \/>Estamos sempre um passo \u00e0 frente em nosso departamento de atendimento ao cliente. Quer eles desejem alta qualidade ou design contempor\u00e2neo, sempre atendemos de forma consistente \u00e0s suas necessidades com total satisfa\u00e7\u00e3o.<br \/>Por favor, sinta-se \u00e0 vontade para nos contatar.<\/h4>\n\t\t<\/div>\n\t\t\t\t\n<style>\n#col-1268010771 > .col-inner {\n  margin: -20px 0px 0px 0px;\n}\n<\/style>\n\t<\/div>\n\n\t\n<\/div>\n\t\t<\/div>\n\n\t\t\n<style>\n#section_1905926606 {\n  padding-top: 30px;\n  padding-bottom: 30px;\n}\n<\/style>\n\t<\/section>\n\t\n","protected":false},"excerpt":{"rendered":"","protected":false},"author":1,"featured_media":4107,"parent":4768,"menu_order":0,"comment_status":"closed","ping_status":"closed","template":"page-blank.php","meta":{"_acf_changed":false,"footnotes":""},"class_list":["post-4102","page","type-page","status-publish","has-post-thumbnail","hentry"],"acf":[],"_links":{"self":[{"href":"https:\/\/gasdum.com\/pt-pt\/wp-json\/wp\/v2\/pages\/4102","targetHints":{"allow":["GET"]}}],"collection":[{"href":"https:\/\/gasdum.com\/pt-pt\/wp-json\/wp\/v2\/pages"}],"about":[{"href":"https:\/\/gasdum.com\/pt-pt\/wp-json\/wp\/v2\/types\/page"}],"author":[{"embeddable":true,"href":"https:\/\/gasdum.com\/pt-pt\/wp-json\/wp\/v2\/users\/1"}],"replies":[{"embeddable":true,"href":"https:\/\/gasdum.com\/pt-pt\/wp-json\/wp\/v2\/comments?post=4102"}],"version-history":[{"count":0,"href":"https:\/\/gasdum.com\/pt-pt\/wp-json\/wp\/v2\/pages\/4102\/revisions"}],"up":[{"embeddable":true,"href":"https:\/\/gasdum.com\/pt-pt\/wp-json\/wp\/v2\/pages\/4768"}],"wp:featuredmedia":[{"embeddable":true,"href":"https:\/\/gasdum.com\/pt-pt\/wp-json\/wp\/v2\/media\/4107"}],"wp:attachment":[{"href":"https:\/\/gasdum.com\/pt-pt\/wp-json\/wp\/v2\/media?parent=4102"}],"curies":[{"name":"wp","href":"https:\/\/api.w.org\/{rel}","templated":true}]}}