{"id":7828,"date":"2020-06-01T13:41:14","date_gmt":"2020-06-01T12:41:14","guid":{"rendered":"https:\/\/www.gasdum.com\/note-legali\/"},"modified":"2021-03-24T19:08:55","modified_gmt":"2021-03-24T11:08:55","slug":"note-legali","status":"publish","type":"page","link":"https:\/\/gasdum.com\/it\/note-legali\/","title":{"rendered":"Note legali"},"content":{"rendered":"<div class=\"row\"  id=\"row-1319558191\">\n\n\t<div id=\"col-306940595\" class=\"col small-12 large-12\"  >\n\t\t\t\t<div class=\"col-inner\"  >\n\t\t\t\n\t\t\t\n<p>&nbsp;<\/p>\n<p>&nbsp;<\/p>\n<h1><strong>\u00a0 \u00a0 \u00a0 \u00a0 \u00a0 \u00a0 \u00a0 \u00a0 \u00a0 \u00a0 \u00a0 \u00a0 \u00a0 \u00a0 \u00a0 \u00a0 \u00a0 \u00a0 \u00a0 \u00a0 \u00a0 \u00a0 \u00a0 \u00a0 \u00a0 \u00a0 \u00a0 \u00a0 \u00a0 Nota Legale<\/strong><\/h1>\n<p>&nbsp;<\/p>\n<h4>Il titolare del sito web WWW.GASDUM.COM \u00e8 MORTON SANITARY WARE MANUFACTURE LIMITED.<\/h4>\n<h4>Affinch\u00e9 l\u2019uso del sito web rispetti criteri di trasparenza, chiarezza e semplicit\u00e0, MORTON SANITARY WARE MANUFACTURE LIMITED informa l\u2019utente che qualunque suggerimento, dubbio o richiesta riguardante la presente Nota legale o qualunque altro documento informativo relativo al sito web deve essere inviato a MORTON SANITARY WARE MANUFACTURE LIMITED. al seguente indirizzo di posta elettronica: sale@gasdum.com.<\/h4>\n<h4>LEGGERE ATTENTAMENTE LE SEGUENTI CONDIZIONI<\/h4>\n<h4>Le presenti Condizioni Generali regolano espressamente le relazioni tra MORTON SANITARY WARE MANUFACTURE LIMITED), Spagna (d\u2019ora in avanti &#8220;GASDUM&#8221;) e terzi (d\u2019ora in avanti &#8220;Utenti&#8221;) che si iscrivano al sito come utenti e\/o acquistino prodotti tramite il negozio online presso il sito web ufficiale di GASDUM (WWW.GASDUM.COM, d\u2019ora in avanti &#8220;il Negozio&#8221;).<\/h4>\n<ol start=\"2\">\n<li>\n<h4>OBBLIGHI DELL\u2019UTENTE<\/h4>\n<\/li>\n<\/ol>\n<h4>\u00a0 \u00a02.1\u00a0L\u2019Utente ha l\u2019obbligo, in generale, di utilizzare il Negozio, di acquistare i prodotti e di utilizzare ciascuno dei servizi del Negozio in modo diligente e conforme alla legge, alla morale, all\u2019ordine pubblico e a quanto stabilito nelle presenti Condizioni Generali. Inoltre l\u2019Utente dovr\u00e0 astenersi da qualsiasi uso che possa in qualunque modo impedire, danneggiare o compromettere il normale funzionamento e utilizzo del Negozio da parte degli Utenti, o che possa ledere o causare danni ai beni e ai diritti di GASDUM, ai suoi fornitori, Utenti e in generale a qualunque terza parte.<\/h4>\n<ol start=\"3\">\n<li>\n<h4>PRODOTTI E PREZZI<\/h4>\n<\/li>\n<\/ol>\n<h4>\u00a0 \u00a03.1 GASDUM si riserva il diritto di decidere, in qualunque momento, quali prodotti offrire agli Utenti tramite il Negozio. In particolare, GASDUM potr\u00e0, in qualunque momento, aggiungere nuovi prodotti a quelli offerti o inclusi nel Negozio, fermo restando che, a meno che non venga stabilito diversamente, tali nuovi prodotti verranno sottoposti a quanto stabilito nelle presenti Condizioni Generali. Inoltre, GASDUM si riserva il diritto di negare l\u2019accesso e l\u2019utilizzo, in qualsiasi momento e senza previo avviso, di qualunque genere di prodotti offerto nel Negozio.<\/h4>\n<h4>\u00a0 \u00a03.2\u00a0I prodotti inclusi nel Negozio corrispondo nel modo pi\u00f9 fedele possibile permesso dalla tecnologia di visualizzazione web ai prodotti effettivamente offerti. Le caratteristiche dei prodotti e i relativi prezzi sono indicati nel Negozio. I prezzi indicati nel Negozio sono in euro e non comprendono l\u2019IVA per gli Utenti \u201cprofessionali\u201d. I clienti non professionali non potranno finalizzare l\u2019acquisto dei prodotti e i prezzi a loro indicati comprendono l\u2019IVA.<\/h4>\n<ol start=\"4\">\n<li>\n<h4>PROCEDIMENTO E SISTEMA DI PAGAMENTO DEI PRODOTTI<\/h4>\n<\/li>\n<\/ol>\n<h4>\u00a0 \u00a04.1\u00a0Entro il termine massimo di ventiquattro (24) ore, GASDUM invier\u00e0 una e-mail all\u2019Utente, confermando l\u2019acquisto. Le condizioni e i sistemi di pagamento sono gli stessi che il cliente ha concordato con GASDUM. \u00c8 possibile verificarli mettendosi in contatto con GASDUM in qualsiasi momento.<\/h4>\n<h4>\u00a0 \u00a04.2 La conferma dell\u2019ordine inviata da GASDUM non \u00e8 valida come fattura, ma solo come prova d\u2019acquisto. GASDUM consente di inviare la fattura via mail all\u2019indirizzo del cliente, una volta generata dal sistema interno di GASDUM.<\/h4>\n<ol start=\"5\">\n<li>\n<h4>DIRITTO DI RECESSO<\/h4>\n<\/li>\n<\/ol>\n<h4>\u00a0 \u00a05.1\u00a0L\u2019Utente pu\u00f2 esercitare il diritto di recesso, relativamente al quale pu\u00f2 mettersi in contatto con GASDUM tramite e-mail al seguente indirizzo:\u00a0sale@gasdum.com\u00a0e recedere dall\u2019acquisto entro un termine non superiore a quattordici (14) giorni lavorativi a decorrere dal ricevimento del prodotto. Il prodotto dovr\u00e0 essere inviato insieme al modulo di recesso debitamente compilato e a una copia della bolla di consegna o della fattura, debitamente compilata. La spesa diretta della restituzione del prodotto \u00e8 a carico di GASDUM. La restituzione va effettuata seguendo le istruzioni che GASDUM comunicher\u00e0 all\u2019Utente in risposta alla sua notifica di esercizio del diritto di recesso. L\u2019Utente dovr\u00e0 restituire il prodotto entro il termine massimo di quattordici (14) giorni da quando GASDUM indica le modalit\u00e0 di restituzione.<\/h4>\n<h4>\u00a0 \u00a05.2 Il recesso comporta la restituzione dell\u2019importo pagato tramite lo stesso metodo di pagamento con il quale \u00e8 stato effettuato l\u2019acquisto. Il termine per il pagamento \u00e8 quello stabilito dalla Legge.<\/h4>\n<h4>\u00a0 \u00a05.3 Non \u00e8 possibile esercitare il diritto di recesso nel caso in cui il prodotto non venga restituito nel suo imballaggio originale o non sia in perfette condizioni.<\/h4>\n<ol start=\"6\">\n<li>\n<h4>SERVIZIO CLIENTI<\/h4>\n<\/li>\n<\/ol>\n<h4>\u00a0 \u00a06.1 Per qualunque esigenza, reclamo o esercizio dei propri diritti, l\u2019Utente pu\u00f2 inviare una e-mail all\u2019indirizzo\u00a0sale@gasdum.com.<\/h4>\n<ol start=\"7\">\n<li>\n<h4>SERVIZIO DI CONSEGNA<\/h4>\n<\/li>\n<\/ol>\n<h4>\u00a0 \u00a07.1 L\u2019ambito territoriale delle vendite tramite il Negozio comprende esclusivamente il territorio dell\u2019Unione Europa e altri paesi specificati da GASDUM, perci\u00f2 il servizio di consegna viene effettuato solo su tale territorio. I prodotti acquistati tramite il Negozio vengono inviati all\u2019indirizzo di consegna che l\u2019Utente ha registrato come indirizzo di consegna nel database di GASDUM una volta verificato il pagamento. I tempi di consegna saranno il pi\u00f9 brevi possibile in funzione della disponibilit\u00e0 del prodotto.<\/h4>\n<h4>\u00a0 \u00a07.2\u00a0Il servizio di consegna di GASDUM viene effettuato in collaborazione con diversi operatori logistici di noto prestigio. Non vengono consegnati ordini presso caselle postali, hotel o altri indirizzi non permanenti.<\/h4>\n<h4>\u00a0 \u00a07.3\u00a0Le spese di spedizione non sono incluse nel prezzo dei prodotti. Al momento dell\u2019acquisto del prodotto, l\u2019Utente viene informato del costo di spedizione esatto.<\/h4>\n<ol start=\"8\">\n<li>\n<h4>PROPRIET\u00c0 INTELLETTUALE E INDUSTRIALE<\/h4>\n<\/li>\n<\/ol>\n<h4>\u00a0 \u00a08.1 Le presenti condizioni entrano in vigore nel momento in cui viene accettato il rapporto commerciale tra l\u2019Utente Professionale e GASDUM relativamente all\u2019uso e al download di immagini, file CAD, certificati, schede tecniche e istruzioni contenute nel sito web WWW.GASDUM.COM. Il semplice accesso e\/o utilizzo del portale e di tutti o parte dei suoi contenuti e\/o servizi implica la piena accettazione delle presenti condizioni d\u2019uso.<\/h4>\n<h4>Tali contenuti sono protetti dai relativi diritti d\u2019autore in ottemperanza con quanto disposto dal Real Decreto Legislativo 1\/1996, del 12 aprile, tramite il quale si approva il testo consolidato della Legge in materia di propriet\u00e0 intellettuale, essendo GASDUM il titolare e non costituendo la facolt\u00e0 di utilizzo una cessione, vendita o trasmissione della titolarit\u00e0 dei diritti di propriet\u00e0 intellettuale.<\/h4>\n<h4>\u00a0 \u00a08.2\u00a0L\u2019Utente riconosce che tutti gli elementi del Negozio e di ciascun prodotto, le informazioni e i materiali contenuti (soprattutto immagini, testi, loghi e nomi commerciali) negli stessi, i marchi, la struttura, selezione, l\u2019ordine e la presentazione dei contenuti e i programmi informatici utilizzati in relazione con essi sono protetti dai diritti di propriet\u00e0 intellettuale e industriale della stessa GASDUM o di terzi, e che le Condizioni Generali non gli attribuiscono rispetto a tali diritti di propriet\u00e0 industriale e intellettuale nessun altro diritto diverso da quelli specificamente contemplati nelle stesse.<\/h4>\n<h4>Salvo previa autorizzazione di GASDUM o eventualmente dei terzi titolari dei relativi diritti, o a meno che questo non sia consentito legalmente, l\u2019Utente non potr\u00e0 trasformare, modificare, smontare, applicare sistemi di ingegneria inversa, distribuire, affittare, prestare, mettere a disposizione di o permettere l\u2019accesso al pubblico attraverso qualunque modalit\u00e0 di comunicazione pubblica a nessuno degli elementi indicati nel paragrafo precedente.<\/h4>\n<h4>\u00a0 \u00a08.3\u00a0L\u2019Utente Professionale ha l\u2019obbligo di fare un uso legittimo di immagini, file CAD, certificati, schede tecniche e istruzioni dei prodotti forniti da GASDUM ed \u00e8 tenuto a rispettare rigidamente gli accordi e le condizioni commerciali vigenti. Scaricando e utilizzando i contenuti forniti da GASDUM, l\u2019Utente Professionale si impegna a: (1) NON fare un uso inappropriato, fraudolento o sleale dei contenuti forniti da GASDUM; (2) NON infrangere i diritti di propriet\u00e0 intellettuale e di privacy, tra cui i diritti protetti da copyright; (3) NON fare uso dei contenuti forniti da GASDUM in caso di cessazione del rapporto commerciale tra l\u2019Utente Professionale e l\u2019impresa.<\/h4>\n<h4>GASDUM pu\u00f2 modificare in qualsiasi momento le condizioni d\u2019uso dei contenuti forniti tramite il portale per l\u2019Utente Professionale.<\/h4>\n<h4>\u00a0 \u00a08.4\u00a0Qualunque conflitto che possa derivare dall\u2019interpretazione ed esecuzione del presente accordo viene sottoposto alla giurisdizione dei Fori e Tribunali della citt\u00e0 di Saragozza.<\/h4>\n<ol start=\"9\">\n<li>\n<h4>PROTEZIONE DEI DATI<\/h4>\n<\/li>\n<\/ol>\n<h4>\u00a0 \u00a09.1\u00a0In osservanza della Legge 15\/99 LOPD, la informiamo che i suoi dati personali e le altre informazioni forniti tramite il formulario di iscrizione, cos\u00ec come quelli ricavati dalle transazioni effettuate, verranno inclusi e conservati in un archivio per il trattamento, di propriet\u00e0 di GASDUM, finch\u00e9 non ne richieda la cancellazione. Il trattamento \u00e8 finalizzato allo sviluppo e alla realizzazione della vendita, al servizio personalizzato riguardo i prodotti e servizi acquistati e al miglioramento di tale servizio, oltre che alla promozione di prodotti e servizi propri e di imprese terze legate a GASDUM.<\/h4>\n<h4>Inoltre, la informiamo che i suoi dati verranno messi a disposizione delle ditte di trasporto (DHL,\u00a0Schenker, Dachser, TNT)\u00a0per le finalit\u00e0 di logistica e trasporto. GASDUM tratter\u00e0 questi dati con la massima confidenzialit\u00e0, essendo il destinatario unico ed esclusivo degli stessi, e non effettuer\u00e0 cessioni o comunicazioni a terzi diverse da quelle indicate dalla normativa vigente.<\/h4>\n<h4>L\u2019Utente autorizza espressamente GASDUM all\u2019invio, anche con mezzi elettronici, da parte di GASDUM o dei terzi sopracitati, di comunicazioni commerciali, offerte e concorsi promozionali. S\u00ec, accetto.<\/h4>\n<h4>\u00a0 \u00a09.2\u00a0L\u2019Utente potr\u00e0 esercitare in qualsiasi momento i diritti di accesso, rettifica, opposizione o cancellazione rivolgendosi a GASDUM, GASDUMX o tramite e-mail diretta a\u00a0sale@gasdum.com, allegando copia del proprio codice fiscale o di altro documento identificativo.<\/h4>\n<h4>\u00a0 \u00a09.3. Le risposte indicate con * nel formulario di iscrizione sono obbligatorie. La mancata risposta impedir\u00e0 il buon fine dell\u2019acquisto dei prodotti selezionati.<\/h4>\n<ol start=\"10\">\n<li>\n<h4>PASSWORD<\/h4>\n<\/li>\n<\/ol>\n<h4>\u00a0 \u00a010.1 GASDUM consente l\u2019uso di password personali all\u2019Utente che si registra sul suo sito web. Tali password servono per l\u2019accesso ai servizi prestati tramite il sito. L\u2019Utente \u00e8 tenuto, sotto la propria esclusiva responsabilit\u00e0, a conservare le password nella pi\u00f9 rigida e assoluta confidenzialit\u00e0, assumendosi, perci\u00f2, la responsabilit\u00e0 di qualsiasi danno o conseguenza derivante dalla rivelazione del segreto. Per motivi di sicurezza, la password di accesso telematico ai servizi vincolati al sito web pu\u00f2 essere modificata dall\u2019Utente in qualsiasi momento. L\u2019Utente si impegna a notificare immediatamente a GASDUM qualunque uso non autorizzato della propria password e l\u2019accesso a essa da parte di terzi non autorizzati.<\/h4>\n<ol start=\"11\">\n<li>\n<h4>COOKIES<\/h4>\n<\/li>\n<\/ol>\n<h4>\u00a0 \u00a011.1\u00a0GASDUM utilizza cookies al fine di migliorare i propri servizi, migliorare la navigazione, mantenere la sicurezza, verificare l\u2019identit\u00e0 dell\u2019Utente, favorire l\u2019accesso alle preferenze personali e monitorare l\u2019utilizzo del Negozio. I cookies sono file installati nell\u2019hard disk del computer o nella memoria del browser nella cartella preconfigurata dal sistema operativo del computer dell\u2019Utente per identificarlo.<\/h4>\n<h4>\u00a0 \u00a011.2\u00a0Se l\u2019Utente non desidera che nel suo hard disk vengano installati cookies, pu\u00f2 configurare il proprio programma di navigazione in Internet per non riceverli. Allo stesso modo, l\u2019Utente pu\u00f2 distruggere liberamente i cookies. Nel caso in cui l\u2019Utente decida di disattivare i cookies, la qualit\u00e0 e la rapidit\u00e0 del servizio possono diminuire ed \u00e8 persino possibile che alcuni servizi offerti dal Negozio non siano pi\u00f9 disponibili.<\/h4>\n<ol start=\"12\">\n<li>\n<h4>LEGGE APPLICABILE E FORO COMPETENTE<\/h4>\n<\/li>\n<\/ol>\n<h4>Le presenti condizioni generali sono sottoposte alla legislazione spagnola. Qualunque controversia sorta dall\u2019interpretazione o esecuzione delle stesse in relazione alla validit\u00e0, interpretazione, compimento o risoluzione del presente contratto verr\u00e0 sottoposta alla giurisdizione e competenza dei Fori e Tribunali della citt\u00e0 di Saragozza, con rinuncia al foro che potrebbe corrispondere all\u2019Utente, sempre che la legislazione applicabile lo consenta.<\/h4>\n<h4><\/h4>\n\t\t<\/div>\n\t\t\t\t\t<\/div>\n\n\t\n<\/div>\n<p>&nbsp;<\/p>\n","protected":false},"excerpt":{"rendered":"<p>&nbsp;<\/p>\n","protected":false},"author":1,"featured_media":0,"parent":0,"menu_order":0,"comment_status":"closed","ping_status":"closed","template":"","meta":{"_acf_changed":false,"footnotes":""},"class_list":["post-7828","page","type-page","status-publish","hentry"],"acf":[],"_links":{"self":[{"href":"https:\/\/gasdum.com\/it\/wp-json\/wp\/v2\/pages\/7828","targetHints":{"allow":["GET"]}}],"collection":[{"href":"https:\/\/gasdum.com\/it\/wp-json\/wp\/v2\/pages"}],"about":[{"href":"https:\/\/gasdum.com\/it\/wp-json\/wp\/v2\/types\/page"}],"author":[{"embeddable":true,"href":"https:\/\/gasdum.com\/it\/wp-json\/wp\/v2\/users\/1"}],"replies":[{"embeddable":true,"href":"https:\/\/gasdum.com\/it\/wp-json\/wp\/v2\/comments?post=7828"}],"version-history":[{"count":0,"href":"https:\/\/gasdum.com\/it\/wp-json\/wp\/v2\/pages\/7828\/revisions"}],"wp:attachment":[{"href":"https:\/\/gasdum.com\/it\/wp-json\/wp\/v2\/media?parent=7828"}],"curies":[{"name":"wp","href":"https:\/\/api.w.org\/{rel}","templated":true}]}}