{"id":7804,"date":"2020-05-18T13:53:26","date_gmt":"2020-05-18T12:53:26","guid":{"rendered":"https:\/\/www.gasdum.com\/privacy\/"},"modified":"2021-03-24T17:45:55","modified_gmt":"2021-03-24T09:45:55","slug":"privacy","status":"publish","type":"page","link":"https:\/\/gasdum.com\/it\/privacy\/","title":{"rendered":"politica sulla riservatezza"},"content":{"rendered":"<div class=\"row\"  id=\"row-372465324\">\n\n\t<div id=\"col-962393984\" class=\"col small-12 large-12\"  >\n\t\t\t\t<div class=\"col-inner\"  >\n\t\t\t\n\t\t\t\n<h4><\/h4>\n<h4><\/h4>\n<h3><strong>\u00a0 \u00a0 \u00a0 \u00a0 \u00a0 \u00a0 \u00a0 \u00a0 \u00a0 \u00a0 \u00a0 \u00a0 \u00a0 \u00a0 \u00a0 \u00a0 \u00a0 \u00a0 \u00a0 \u00a0 \u00a0 \u00a0 \u00a0 \u00a0 \u00a0 \u00a0 \u00a0 \u00a0 \u00a0 \u00a0 \u00a0 \u00a0 \u00a0 \u00a0 \u00a0 \u00a0 Informativa sulla Privacy<\/strong><\/h3>\n<h4><\/h4>\n<h4>Introduzione<\/h4>\n<h4>La presente Informativa sulla Privacy \u00e8 stata redatta tenendo conto di quanto stabilito dalla Legge in materia di protezione dei dati personali in vigore e dal Regolamento 2016\/679 del Parlamento Europeo e del Consiglio del 27 aprile 2016 relativo alla protezione delle persone fisiche con riguardo al trattamento dei dati personali, nonch\u00e9 alla circolazione di tali dati (d\u2019ora in avanti GDPR).<\/h4>\n<h4>La presente Informativa sulla Privacy ha lo scopo di comunicare ai titolari dei dati personali, riguardo i quali si stanno ottenendo informazioni, gli aspetti specifici relativi al trattamento dei loro dati, tra cui la finalit\u00e0 del trattamento, i dati di contatto per esercitare i propri diritti, i termini di conservazione delle informazioni e le misure di sicurezza.<\/h4>\n<h4><\/h4>\n<h4>Responsabile del Trattamento<\/h4>\n<h4>In termini di protezione dei dati, MORTON SANITARY WARE MANUFACTURE LIMITED. dev\u2019essere considerato Responsabile del Trattamento, in relazione agli archivi\/trattamenti identificati nella presente Informativa, concretamente al paragrafo<\/h4>\n<h4>Trattamento dei dati.<\/h4>\n<h4>Di seguito vengono indicati i dati identificativi del titolare del presente sito web:<\/h4>\n<h4>Responsabile del Trattamento: MORTON SANITARY WARE MANUFACTURE LIMITED<\/h4>\n<h4>Indirizzo di posta elettronica:sale@gasdum.com<\/h4>\n<h4><\/h4>\n<h4>Trattamento dei dati<\/h4>\n<h4>I dati di carattere personale che possono venire richiesti richiesti sono unicamente quelli imprescindibili per identificare e rispondere alle richieste effettuate dal titolare dei dati stessi (d\u2019ora in avanti l\u2019Interessato). Tali informazioni verranno trattate in modo leale, lecito e trasparente nei confronti dell\u2019Interessato. Inoltre, i dati personali saranno raccolti per finalit\u00e0 specifiche, esplicite e legittime, e non saranno trattati ulteriormente in modo incompatibile con tali finalit\u00e0.<\/h4>\n<h4>I dati raccolti per ciascun Interessato saranno adeguati, pertinenti e non eccessivi in relazione alle finalit\u00e0 corrispondenti per ciascun caso, e verranno aggiornati ogni volta che sia necessario.<\/h4>\n<h4>Il titolare dei dati verr\u00e0 informato, prima della raccolta dei suoi dati, dei termini generali presentati in questa Informativa affinch\u00e9 possa prestare il consenso esplicito, preciso e inequivocabile al trattamento dei propri dati riguardo i seguenti aspetti.<\/h4>\n<h4><\/h4>\n<h4>Finalit\u00e0 del trattamento.<\/h4>\n<h4>Le finalit\u00e0 esplicite per le quali viene effettuato ciascun trattamento dei dati sono contenute nelle clausole informative incluse in ciascuno dei mezzi di raccolta dei dati (formulari web, formulari cartacei, messaggi vocali o cartelli e note informative).<\/h4>\n<h4>Tuttavia, i dati di carattere personale dell\u2019Interessato saranno trattati con l\u2019unica finalit\u00e0 di offrirgli una risposta efficace ed evadere le richieste inviate dall\u2019utente, specificate accanto all\u2019opzione, servizio, formulario o sistema di raccolta dei dati che il titolare utilizza.<\/h4>\n<h4><\/h4>\n<h4>Legittimazione<\/h4>\n<h4>Come regola generale, prima del trattamento dei dati personali, MORTON SANITARY WARE MANUFACTURE LIMITED ottiene il consenso esplicito e inequivocabile del titolare dei dati stessi tramite l\u2019inserimento di clausole di consenso informato nei diversi sistemi di raccolta dei dati.<\/h4>\n<h4>Tuttavia, nel caso in cui non venga richiesto il consenso dell\u2019Interessato, la legittimit\u00e0 al trattamento di cui gode MORTON SANITARY WARE MANUFACTURE LIMITED \u00e8 l\u2019esistenza di una legge o norma specifica che autorizza o esiga il trattamento dei dati dell\u2019Interessato.<\/h4>\n<h4><\/h4>\n<h4>Destinatari<\/h4>\n<h4>Come regola generale, MORTON SANITARY WARE MANUFACTURE LIMITED. non effettua la cessione o la comunicazione dei dati a terzi, salvo nei casi richiesti dalla legge; tuttavia, nel caso in cui fosse necessario, l\u2019Interessato verr\u00e0 informato circa tali cessioni o comunicazioni di dati tramite le clausole di consenso informato contenute nei vari sistemi di raccolta dei dati personali.<\/h4>\n<h4><\/h4>\n<h4>Fondatezza<\/h4>\n<h4>Come regola generale, i dati personali vengono raccolti sempre direttamente presso l\u2019Interessato; tuttavia, in determinati casi eccezionali, i dati possono essere raccolti tramite terze persone, enti o servizi diversi dall\u2019Interessato. Questa circostanza eccezionale verr\u00e0 comunicata all\u2019Interessato tramite le clausole di consenso informato contenute nei diversi sistemi di raccolta di informazioni ed entro un termine ragionevole, una volta ottenuti i dati (al massimo entro un mese).<\/h4>\n<h4><\/h4>\n<h4>Termini di conservazione<\/h4>\n<h4>Le informazioni ottenute dall\u2019Interessato saranno conservate per il tempo necessario a svolgere la finalit\u00e0 per la quale sono state raccolte, in modo tale che, una volta compiuta la finalit\u00e0, i dati verranno cancellati. Tale cancellazione dar\u00e0 luogo al blocco dei dati, che verranno conservati solo per essere messi a disposizione di amministrazioni pubbliche, giudici e tribunali che vigilano le possibili responsabilit\u00e0 sorte dal trattamento durante i relativi termini. Scaduti tali termini, si provveder\u00e0 alla distruzione delle informazioni.<\/h4>\n<h4>A titolo informativo, qui di seguito vengono elencati i termini legali di conservazione delle informazioni in relazione a diverse materie:<\/h4>\n<h4><\/h4>\n<h4>DOCUMENTO\u00a0 TERMINE\u00a0 RIF.\u00a0 LEGALE<\/h4>\n<h4>Documentazione di tipo lavorativo o relativa alla previdenza sociale\u00a0 4 anni\u00a0 Articolo 21 del Real Decreto Legislativo 5\/2000, del 4 agosto, con il quale si approva il testo unico della Ley sobre Infracciones y Sanciones en el Orden Social<\/h4>\n<h4>Documentazione contabile e fiscale a fini commerciali\u00a0 6 anni\u00a0 Art. 30 Codigo Comercio<\/h4>\n<h4>Documentazione contabile e fiscale ai fini fiscali\u00a0 4 anni\u00a0 Articoli da 66 a 70 della Ley General Tributaria<\/h4>\n<h4>Controllo degli accessi a edifici\u00a0 1 anni\u00a0 Istruzione 1\/1996 della AEPD<\/h4>\n<h4>Videosorveglianza\u00a0 1 anni\u00a0 Istruzione 1\/2006 della AEPD<\/h4>\n<h4>Ley Org\u00e1nica 4\/1997<\/h4>\n<h4><\/h4>\n<h4>Dati di navigazione.<\/h4>\n<h4>Per quanto riguarda i dati di navigazione che si possono trattare attraverso il sito web, nel caso in cui si raccolgano dati sottoposti alla normativa, si raccomanda di consultare l\u2019Informativa sui cookies pubblicata sul nostro sito web.<\/h4>\n<h4><\/h4>\n<h4>Diritti degli Interessati.<\/h4>\n<h4>La normativa in materia di protezione dei dati accorda una serie di diritti agli Interessati o titolari dei dati, utenti del sito web o utenti dei profili dei social network di MORTON SANITARY WARE MANUFACTURE LIMITED<\/h4>\n<h4>I diritti che riguardano le persone interessate sono i seguenti:<\/h4>\n<h4>&#8211;\u00a0 Diritto di accesso: diritto di sapere se i propri dati sono oggetto di trattamento, la finalit\u00e0 del trattamento che si sta realizzando, le categorie di dati che vengono trattate, i destinatari o categorie di destinatari, i termini di conservazione e l\u2019origine di tali dati.<\/h4>\n<h4>&#8211;\u00a0 Diritto di rettifica: diritto a ottenere la rettifica dei dati personali inesatti o incompleti.<\/h4>\n<h4>&#8211;\u00a0 Diritto di cancellazione: diritto a ottenere la cancellazione dei dati nei seguenti casi:<\/h4>\n<h4>o\u00a0 Quando i dati non sono pi\u00f9 necessari per le finalit\u00e0 per le quali sono stati raccolti<\/h4>\n<h4>o\u00a0 Quando il titolare dei dati ritira il consenso<\/h4>\n<h4>o\u00a0 Quando l\u2019Interessato si oppone al trattamento<\/h4>\n<h4>o\u00a0 Quando i dati devono essere cancellati per rispettare un obbligo legale<\/h4>\n<h4>o\u00a0 Quando i dati sono stati ottenuti in virt\u00f9 di un servizio della societ\u00e0 dell\u2019informazione, in base a quanto disposto nell\u2019art. 8 paragrafo 1 del Regolamento Europeo in materia di Protezione dei dati.<\/h4>\n<h4>&#8211;\u00a0 Diritto di opposizione: diritto a opporsi a un determinato trattamento basato sul consenso dell\u2019Interessato.<\/h4>\n<h4>&#8211;\u00a0 Diritto di limitazione: diritto a ottenere una limitazione del trattamento dei dati nel caso si verifichi una delle seguenti circostanze:<\/h4>\n<h4>o\u00a0 Quando l\u2019Interessato impugna l\u2019esattezza dei dati personali, con termini che permettano all\u2019azienda di verificare l\u2019esattezza degli stessi.<\/h4>\n<h4>o\u00a0 Quando il trattamento \u00e8 illecito e l\u2019Interessato si oppone alla soppressione dei dati.<\/h4>\n<h4>o\u00a0 Quando l\u2019azienda non ha pi\u00f9 bisogno dei dati per le finalit\u00e0 per le quali sono stati raccolti, ma l\u2019Interessato ne ha bisogno per la formulazione, l\u2019esercizio o la difesa di reclami.<\/h4>\n<h4>o\u00a0 Quando l\u2019Interessato si \u00e8 opposto al trattamento mentre viene verificato se le motivazioni legittime dell\u2019azienda prevalgono su quelle dell\u2019Interessato.<\/h4>\n<h4>&#8211;\u00a0 Diritto alla portabilit\u00e0: diritto a ottenere i dati in un formato strutturato, di uso comune e di lettura meccanica, e a trasmetterli a un altro responsabile del trattamento nel caso in cui:<\/h4>\n<h4>o\u00a0 Il trattamento sia basato sul consenso.<\/h4>\n<h4>o\u00a0 Il trattamento sia effettuato tramite mezzi automatizzati.<\/h4>\n<h4>&#8211;\u00a0 Diritto a presentare un reclamo davanti all\u2019autorit\u00e0 di controllo competente<\/h4>\n<h4>Gli Interessati potranno esercitare i diritti elencati rivolgendosi a MORTON SANITARY WARE MANUFACTURE LIMITED. tramite testo scritto inviato al seguente indirizzo: Carretera de Logro\u00f1o, Km. 9,500 50011 Zaragoza (Saragozza) indicando nell\u2019Oggetto il diritto che si desidera esercitare.<\/h4>\n<h4>MORTON SANITARY WARE MANUFACTURE LIMITED risponder\u00e0 alla richiesta nel minor tempo possibile e tenendo in considerazione i termini previsti dalla normativa in materia di protezione dei dati.<\/h4>\n<h4>Sicurezza<\/h4>\n<h4>Le misure di sicurezza adottate da MORTON SANITARY WARE MANUFACTURE LIMITED. corrispondono a quelle richieste, in osservanza di quanto stabilito nell\u2019articolo 32 del GDPR. A questo proposito, MORTON SANITARY WARE MANUFACTURE LIMITED., tenendo in considerazione lo stato della tecnologia, i costi di applicazione e la natura, la portata, il contesto e le finalit\u00e0 del trattamento, oltre che i rischi di probabilit\u00e0 e gravit\u00e0 variabili per i diritti e le libert\u00e0 delle persone fisiche, ha stabilito le misure tecniche e organizzative adatte per garantire il livello di sicurezza adeguato al rischio esistente.<\/h4>\n<h4>In ogni caso, MORTON SANITARY WARE MANUFACTURE LIMITED. ha implementato le misure sufficienti per:<\/h4>\n<ol>\n<li>\n<h4>a)\u00a0 Garantire la confidenzialit\u00e0, integrit\u00e0, disponibilit\u00e0 e resilienza permanenti dei sistemi e servizi di trattamento.<\/h4>\n<\/li>\n<li>\n<h4>b)\u00a0 Restaurare la disponibilit\u00e0 e l\u2019accesso ai dati personali in modo rapido, in caso di incidente fisico o tecnico.<\/h4>\n<\/li>\n<li>\n<h4>c)\u00a0 Verificare, valutare e stimare con regolarit\u00e0 l\u2019efficacia delle misure tecniche e organizzative implementate per garantire la sicurezza del trattamento.<\/h4>\n<\/li>\n<li>\n<h4>d)\u00a0 Pseudonimizzare e criptare i dati personali, se necessario.<\/h4>\n<\/li>\n<\/ol>\n<p>&nbsp;<\/p>\n\t\t<\/div>\n\t\t\t\t\t<\/div>\n\n\t\n<\/div>\n","protected":false},"excerpt":{"rendered":"","protected":false},"author":1,"featured_media":0,"parent":0,"menu_order":0,"comment_status":"closed","ping_status":"closed","template":"","meta":{"_acf_changed":false,"footnotes":""},"class_list":["post-7804","page","type-page","status-publish","hentry"],"acf":[],"_links":{"self":[{"href":"https:\/\/gasdum.com\/it\/wp-json\/wp\/v2\/pages\/7804","targetHints":{"allow":["GET"]}}],"collection":[{"href":"https:\/\/gasdum.com\/it\/wp-json\/wp\/v2\/pages"}],"about":[{"href":"https:\/\/gasdum.com\/it\/wp-json\/wp\/v2\/types\/page"}],"author":[{"embeddable":true,"href":"https:\/\/gasdum.com\/it\/wp-json\/wp\/v2\/users\/1"}],"replies":[{"embeddable":true,"href":"https:\/\/gasdum.com\/it\/wp-json\/wp\/v2\/comments?post=7804"}],"version-history":[{"count":0,"href":"https:\/\/gasdum.com\/it\/wp-json\/wp\/v2\/pages\/7804\/revisions"}],"wp:attachment":[{"href":"https:\/\/gasdum.com\/it\/wp-json\/wp\/v2\/media?parent=7804"}],"curies":[{"name":"wp","href":"https:\/\/api.w.org\/{rel}","templated":true}]}}