{"id":7498,"date":"2020-05-18T14:36:41","date_gmt":"2020-05-18T13:36:41","guid":{"rendered":"https:\/\/www.gasdum.com\/legal-warning\/"},"modified":"2020-06-01T10:44:58","modified_gmt":"2020-06-01T09:44:58","slug":"legal-warning","status":"publish","type":"page","link":"https:\/\/gasdum.com\/it\/legal-warning\/","title":{"rendered":"Avvertenza legale"},"content":{"rendered":"<div class=\"row\"  id=\"row-27492208\">\n\n\t<div id=\"col-447082991\" class=\"col small-12 large-12\"  >\n\t\t\t\t<div class=\"col-inner\"  >\n\t\t\t\n\t\t\t\n<div class=\"include-page-content\">\n<h1 class=\"page-main-title\"><span>Avvertenza legale<\/span><\/h1>\n<div>\n<p><span style=\"font-size: medium;\"><span style=\"color: black;\"><span style=\"vertical-align: inherit;\"><span style=\"vertical-align: inherit;\">Il proprietario del sito www.salgar.es \u00e8 COMERCIAL SALGAR, SL, con NIF A50048826 e domicilio situato a Calle Carretera de Logroo, Km. 9.500, 50011, Saragozza, (Saragozza). <\/span><span style=\"vertical-align: inherit;\">L&#8217;entit\u00e0 \u00e8 registrata nel Registro di Registro Mercantile con i seguenti dati di registrazione: Questa entit\u00e0 \u00e8 registrata nel Registro Di Aragoza Mercantile, Volume 3652, folio 13, foglio n. 47187. <\/span><\/span><\/span><\/span><\/p>\n<p><span style=\"font-size: medium;\"><span style=\"color: black;\"><span style=\"vertical-align: inherit;\"><span style=\"vertical-align: inherit;\">In modo che l&#8217;utilizzo del sito web sia conforme a criteri di trasparenza, chiarezza e semplicit\u00e0, COMERCIAL SALGAR, SL informa l&#8217;utente che qualsiasi suggerimento, domanda o domanda sulla presente Nota Legale o qualsiasi altro documento informativo sul sito web sar\u00e0 ricevuto e risolto contattando COMERCIAL SALGAR, SL, attraverso l&#8217;indirizzo e-mail lopd@salgar.net: <\/span><\/span><\/span><\/span><\/p>\n<p><span style=\"font-size: medium;\"><strong><span style=\"color: black;\"><span style=\"vertical-align: inherit;\"><span style=\"vertical-align: inherit;\">SI PREGA DI LEGGERE ATTENTAMENTE QUESTE CONDIZIONI<\/span><\/span><\/span><\/strong><\/span><\/p>\n<p><span style=\"font-size: medium;\"><span style=\"color: black;\"><span style=\"vertical-align: inherit;\"><span style=\"vertical-align: inherit;\">Queste condizioni generali regolano espressamente le relazioni tra COMERCIAL SALGAR, SL, con NIF A50048826 e domicili odomicili situati a Calle Carretera de Logroo, Km. 9.500, 50011, Saragozza, (Saragozza) Spagna, qui di seguito &#8220;SALGAR&#8221;) e terze parti (qui di seguito &#8220;Utenti&#8221;) che si registrano come utenti e \/ o acquistare prodotti attraverso il negozio online del sito ufficiale SALGAR (http:\/\/salgar.net, qui dopo il &#8220;Store&#8221;).<\/span><\/span><\/span><\/span><\/p>\n<p><span style=\"font-size: medium;\"><span style=\"color: black;\"><strong><span style=\"vertical-align: inherit;\"><span style=\"vertical-align: inherit;\">2. OBBLIGHI DELL&#8217;UTENTE<\/span><\/span><\/strong><\/span><\/span><\/p>\n<p><span style=\"font-size: medium;\"><span style=\"color: black;\"><span style=\"vertical-align: inherit;\"><span style=\"vertical-align: inherit;\"> 2.1 L&#8217;Utente \u00e8 tenuto, in generale, ad utilizzare il Negozio, ad acquistare i Prodotti e ad utilizzare ciascuno dei servizi del Negozio diligentemente, in conformit\u00e0 con la legge, la moralit\u00e0, l&#8217;ordine pubblico e le disposizioni di queste Condizioni generali, e si deve anche astenersi dal utilizzarli in qualsiasi modo possa impedire, danneggiare o compromettere il normale funzionamento e il godimento del Negozio da parte degli Utenti o che potrebbero danneggiare o danneggiare i beni e i diritti di SALGAR, i suoi fornitori, Utenti o in generale di qualsiasi terza parte.<\/span><\/span><\/span><\/span><\/p>\n<p><span style=\"font-size: medium;\"><span style=\"color: black;\"><strong><span style=\"vertical-align: inherit;\"><span style=\"vertical-align: inherit;\">3. PRODOTTI E PREZZI<\/span><\/span><\/strong><\/span><\/span><\/p>\n<p><span style=\"font-size: medium;\"><span style=\"color: black;\"><span style=\"vertical-align: inherit;\"><span style=\"vertical-align: inherit;\"> 3.1 SALGAR si riserva il diritto di decidere, in qualsiasi momento, i Prodotti offerti agli Utenti attraverso lo Store. <\/span><span style=\"vertical-align: inherit;\">In particolare, SALGAR pu\u00f2 in qualsiasi momento aggiungere nuovi Prodotti a quelli offerti o inclusi nello Store, in quanto se non diversamente fornito, tali nuovi Prodotti sono disciplinati dalle disposizioni di queste Condizioni generali. <\/span><span style=\"vertical-align: inherit;\">Allo stesso modo, SALGAR si riserva il diritto di interrompere o facilitare l&#8217;accesso e l&#8217;uso in qualsiasi momento e senza preavviso di una qualsiasi delle diverse classi di prodotti offerti nello Store.<\/span><\/span><\/span><\/span><\/p>\n<p><span style=\"font-size: medium;\"><span style=\"color: black;\"><span style=\"vertical-align: inherit;\"><span style=\"vertical-align: inherit;\"> 3.2 I Prodotti inclusi nello Store corrisponderanno nel modo pi\u00f9 affidabile possibile che la tecnologia di visualizzazione web consente per i Prodotti effettivamente offerti. <\/span><span style=\"vertical-align: inherit;\">Le caratteristiche dei Prodotti e i relativi prezzi vengono visualizzati nello Store. <\/span><span style=\"vertical-align: inherit;\">I prezzi indicati nello Store sono in euro e non includono l&#8217;IVA per gli utenti &#8220;professionali&#8221;. <\/span><span style=\"vertical-align: inherit;\">I clienti non professionali non saranno in grado di rendere effettivo l&#8217;acquisto di prodotti e prezzi se includono l&#8217;IVA.<\/span><\/span><\/span><\/span><\/p>\n<p><span style=\"font-size: medium;\"><span style=\"color: black;\"><strong><span style=\"vertical-align: inherit;\"><span style=\"vertical-align: inherit;\">4. PROCEDURA E METODO DI PAGAMENTO DEI PRODOTTI<\/span><\/span><\/strong><\/span><\/span><\/p>\n<p><span style=\"font-size: medium;\"><span style=\"color: black;\"><span style=\"vertical-align: inherit;\"><span style=\"vertical-align: inherit;\"> 4.1 Entro un periodo massimo di ventiquattro (24) ore, SALGAR invier\u00e0 un&#8217;e-mail all&#8217;Utente, confermando l&#8217;acquisto. <\/span><span style=\"vertical-align: inherit;\">Le condizioni e i metodi di pagamento saranno sempre quelli che il cliente ha concordato con Salgar su base regolare, \u00e8 possibile consultarli contattando SALGAR in qualsiasi momento.<\/span><\/span><\/span><\/span><\/p>\n<p><span style=\"color: black;\"><span style=\"font-size: medium;\"><span style=\"vertical-align: inherit;\"><span style=\"vertical-align: inherit;\"> 4.2 La conferma dell&#8217;ordine inviata da SALGAR non \u00e8 valida come fattura, ma solo come prova di acquisto. <\/span><span style=\"vertical-align: inherit;\">SALGAR consente di inviare la fattura via e-mail all&#8217;indirizzo del cliente una volta generato nel sistema interno di Salgar.<\/span><\/span><\/span><\/span><\/p>\n<p><span style=\"font-size: medium;\"><strong><span style=\"color: black;\"><span style=\"vertical-align: inherit;\"><span style=\"vertical-align: inherit;\">5. DIRITTO DI RECESSO<\/span><\/span><\/span><\/strong><\/span><\/p>\n<p><span style=\"font-size: medium;\"> <span style=\"color: black;\"><span style=\"vertical-align: inherit;\"><span style=\"vertical-align: inherit;\">5.1 L&#8217;utente ha diritto di recesso con il quale pu\u00f2 contattare SALGAR via e-mail al seguente indirizzo: <\/span><\/p>\n<p>  <\/span><\/p>\n<p><\/span> <span style=\"color: #1f497d;\"> <span style=\"vertical-align: inherit;\"> <span style=\"vertical-align: inherit;\">comunicacion@salgar.net<\/span><\/p>\n<p>  <\/span><\/p>\n<p><\/span><span style=\"color: black;\"><span style=\"vertical-align: inherit;\"><span style=\"vertical-align: inherit;\"> e desistere dall&#8217;acquisto entro un periodo non superiore a sette (14) giorni lavorativi, conteggiati dalla ricevuta del Prodotto. <\/span><span style=\"vertical-align: inherit;\">Il Prodotto deve essere inviato insieme al modulo di reso debitamente compilato e una copia della nota di consegna o della fattura, debitamente compilata, a spese di SALGAR il costo diretto della restituzione del Prodotto. <\/span><span style=\"vertical-align: inherit;\">Detto ritorno sar\u00e0 fatto in conformit\u00e0 con le istruzioni che SALGAR indica all&#8217;utente in risposta alla loro notifica dell&#8217;esercizio di ritiro. <\/span><span style=\"vertical-align: inherit;\">L&#8217;Utente deve restituire il Prodotto entro un periodo massimo di (14) giorni da quando SALGAR indica la forma di reso.<\/span><\/span><\/span><\/span><\/p>\n<p><span style=\"font-size: medium;\"><span style=\"color: black;\"><span style=\"vertical-align: inherit;\"><span style=\"vertical-align: inherit;\"> 5.2 Il prelievo comporta la restituzione dell&#8217;importo pagato con lo stesso metodo di pagamento che \u00e8 stato effettuato l&#8217;acquisto. <\/span><span style=\"vertical-align: inherit;\">Il termine per tale pagamento sar\u00e0 quello stabilito nella legge.<\/span><\/span><\/span><\/span><\/p>\n<p><span style=\"font-size: medium;\"><span style=\"color: black;\"><span style=\"vertical-align: inherit;\"><span style=\"vertical-align: inherit;\"> 5.3 Il diritto di recesso non pu\u00f2 essere esercitato quando il Prodotto non viene restituito nella sua confezione originale e quando il Prodotto non \u00e8 in perfette condizioni.<\/span><\/span><\/span><\/span><\/p>\n<p><span style=\"font-size: medium;\"><span style=\"color: black;\"><strong><span style=\"vertical-align: inherit;\"><span style=\"vertical-align: inherit;\">6. SERVIZIO CLIENTI<\/span><\/span><\/strong><\/span><\/span><\/p>\n<p><span style=\"font-size: medium;\"> <span style=\"color: black;\"><span style=\"vertical-align: inherit;\"><span style=\"vertical-align: inherit;\">6.1 Per qualsiasi incidente, reclamo o esercizio dei propri diritti, l&#8217;Utente pu\u00f2 inviare un&#8217;e-mail all&#8217;indirizzo <\/span><\/p>\n<p>  <\/span><\/p>\n<p><\/span> <span style=\"color: #1f497d;\"> <span style=\"vertical-align: inherit;\"> <span style=\"vertical-align: inherit;\">comunicacion@salgar.net<\/span><\/p>\n<p>  <\/span><\/p>\n<p><\/span><\/span><\/p>\n<p><span style=\"font-size: medium;\"><span style=\"color: black;\"><strong><span style=\"vertical-align: inherit;\"><span style=\"vertical-align: inherit;\">7. SERVIZIO DI CONSEGNA<\/span><\/span><\/strong><\/span><\/span><\/p>\n<p><span style=\"font-size: medium;\"><span style=\"color: black;\"><span style=\"vertical-align: inherit;\"><span style=\"vertical-align: inherit;\"> 7.1 La portata territoriale delle vendite attraverso lo Store \u00e8 esclusivaper il territorio dell&#8217;Unione Europea e di altri paesi specificati da Salgar, quindi il servizio di consegna sar\u00e0 solo per quei territori. <\/span><span style=\"vertical-align: inherit;\">I prodotti acquistati tramite lo Store verranno inviati all&#8217;indirizzo di consegna che l&#8217;Utente ha registrato come indirizzo di consegna nel database di Salgar una volta verificato il pagamento, il tempo di consegna \u00e8 il pi\u00f9 breve possibile a seconda della disponibilit\u00e0 del prodotto.<\/span><\/span><\/span><\/span><\/p>\n<p><span style=\"font-size: medium;\"><span style=\"color: black;\"><span style=\"vertical-align: inherit;\"><span style=\"vertical-align: inherit;\"> 7.2 Il servizio di consegna di SALGAR viene svolto in collaborazione con diversi prestigiosi operatori logistici. <\/span><span style=\"vertical-align: inherit;\">Gli ordini non saranno serviti nelle caselle postali o negli hotel o in altri indirizzi non permanenti.<\/span><\/span><\/span><\/span><\/p>\n<p><span style=\"font-size: medium;\"><span style=\"color: black;\"><span style=\"vertical-align: inherit;\"><span style=\"vertical-align: inherit;\"> 7.3 Il costo delle spedizioni non \u00e8 incluso nel prezzo dei Prodotti. <\/span><span style=\"vertical-align: inherit;\">Al momento dell&#8217;acquisto del Prodotto, l&#8217;Utente sar\u00e0 informato del costo esatto della spedizione.<\/span><\/span><\/span><\/span><\/p>\n<p><span style=\"font-size: medium;\"><span style=\"color: black;\"><strong><span style=\"vertical-align: inherit;\"><span style=\"vertical-align: inherit;\">8. PROPRIET\u00c0 INTELLETTUALE E INDUSTRIALE<\/span><\/span><\/strong><\/span><\/span><\/p>\n<p style=\"text-align: justify;\"><span style=\"color: black;\"><span style=\"font-size: medium;\"><span style=\"vertical-align: inherit;\"><span style=\"vertical-align: inherit;\"> 8.1 Queste condizioni governeranno al momento dell&#8217;accettazione il rapporto commerciale tra l&#8217;Utente Professional e SALGAR per quanto riguarda l&#8217;uso e il download di immagini, file CAD, certificati, schede tecniche e istruzioni che appaiono sul sito WWW.SALGAR. .NET. <\/span><span style=\"vertical-align: inherit;\">Il semplice accesso e\/o l&#8217;uso del portale, di tutti o parte dei suoi contenuti e \/ o servizi significa piena accettazione di queste condizioni di utilizzo. <\/span><\/span><\/span><\/span><\/p>\n<p style=\"text-align: justify;\"><span style=\"color: black;\"><span style=\"font-size: medium;\"><span style=\"vertical-align: inherit;\"><span style=\"vertical-align: inherit;\">Tali contenuti sono protetti dal diritto d&#8217;autore corrispondente in conformit\u00e0 con le disposizioni del Decreto legislativo reale 1\/1996, del 12 aprile, che approva il testo riveduto della legge sulla propriet\u00e0 intellettuale. <\/span><span style=\"vertical-align: inherit;\">Essendo il suo proprietario SALGAR, il potere d&#8217;uso non costituisce un incarico, vendita o trasferimento della propriet\u00e0 dei diritti di propriet\u00e0 intellettuale.<\/span><\/span><\/span><\/span><\/p>\n<p style=\"text-align: justify;\"><span style=\"color: black;\"><span style=\"font-size: medium;\"><span style=\"vertical-align: inherit;\"><span style=\"vertical-align: inherit;\"> 8.2 L&#8217;Utente riconosce che tutti gli elementi dello Store e di ciascuno dei Prodotti, le informazioni e i materiali contenuti (in particolare immagini, testi, loghi e nomi commerciali) in essi contenuti, i marchi, la struttura, la selezione, la disposizione e la presentazione dei suoi contenuti, e i programmi informatici utilizzati in essi correlati, sono protetti dai diritti di propriet\u00e0 intellettuale e industriale dello stesso SALGAR o di terzi , e che le Condizioni generali non le attribuiscano in relazione a tali diritti di propriet\u00e0 industriale e intellettuale, qualsiasi altro diritto diverso da quelli specificamente contemplati in esso.<\/span><\/span><\/span><\/span><\/p>\n<p style=\"text-align: justify;\"><span style=\"color: black;\"><span style=\"font-size: medium;\"><span style=\"vertical-align: inherit;\"><span style=\"vertical-align: inherit;\">A meno che non sia autorizzato da SALGAR o, come nel caso, dai titolari di terzi dei diritti corrispondenti, o a meno che ci\u00f2 non sia legalmente consentito, l&#8217;Utente non pu\u00f2 trasformare, modificare, disassemblare, decodificare, distribuire, affittare, concedere prestiti, mettere in cassaa o consentire l&#8217;accesso al pubblico attraverso qualsiasi forma di comunicazione pubblica di uno qualsiasi degli elementi citati nel paragrafo precedente.<\/span><\/span><\/span><\/span><\/p>\n<p style=\"text-align: justify;\"><span style=\"color: black;\"><span style=\"font-size: medium;\"><span style=\"vertical-align: inherit;\"><span style=\"vertical-align: inherit;\"> 8.3 L&#8217;Utente Professionista ha l&#8217;obbligo di fare un uso legittimo delle immagini, dei file CAD, dei certificati, dei fogli tecnici e delle istruzioni dei prodotti, forniti da SALGAR, e deve rispettare rigorosamente gli accordi commerciali e le condizioni in vigore. <\/span><span style=\"vertical-align: inherit;\">Scaricando e utilizzando i contenuti forniti da SALGAR, l&#8217;Utente Professional accetta di: (i) NON fare un uso inappropriato, fraudolento o ingiusto dei contenuti forniti da SALGAR. <\/span><span style=\"vertical-align: inherit;\">(ii) NON violare la propriet\u00e0 intellettuale e i diritti alla privacy, tra gli altri, i diritti tutelati dal diritto d&#8217;autore, (iii) NON utilizzare i contenuti forniti da SALGAR in caso di interruzione del rapporto commerciale tra l&#8217;Utente Professionale e la societ\u00e0.<\/span><\/span><\/span><\/span><\/p>\n<p style=\"text-align: justify;\"><span style=\"color: black;\"><span style=\"font-size: medium;\"><span style=\"vertical-align: inherit;\"><span style=\"vertical-align: inherit;\">SALGAR pu\u00f2 modificare in qualsiasi momento le condizioni di utilizzo del contenuto fornito attraverso il Portale Utente Professional.<\/span><\/span><\/span><\/span><\/p>\n<p style=\"text-align: justify;\"><span style=\"color: black;\"><span style=\"font-size: medium;\"><span style=\"vertical-align: inherit;\"><span style=\"vertical-align: inherit;\"> 8.4 Qualsiasi conflitto che possa derivare dall&#8217;interpretazione e dall&#8217;esecuzione del presente accordo \u00e8 sottoposto alla giurisdizione dei tribunali e dei tribunali della citt\u00e0 di Saragozza.<\/span><\/span><\/span><\/span><\/p>\n<p><span style=\"font-size: medium;\"><span style=\"color: black;\"><strong><span style=\"vertical-align: inherit;\"><span style=\"vertical-align: inherit;\">9. PROTEZIONE DEI DATI<\/span><\/span><\/strong><\/span><\/span><\/p>\n<p><span style=\"font-size: medium;\"><span style=\"color: black;\"><span style=\"vertical-align: inherit;\"><span style=\"vertical-align: inherit;\"> 9.1 In conformit\u00e0 con la legge 15\/99 LOPD, vi informiamo che i vostri dati personali e altre informazioni fornite tramite il modulo di registrazione, nonch\u00e9 che dalle transazioni effettuate, saranno inclusi e conservati in un fascicolo di trattamento, di propriet\u00e0 di SALGAR , purch\u00e9 la sua cancellazione non sia richiesta. <\/span><span style=\"vertical-align: inherit;\">Il trattamento sar\u00e0 destinato allo sviluppo e all&#8217;esecuzione della vendita, all&#8217;attenzione personalizzata dei prodotti e dei servizi che acquisisce e al miglioramento di tale attenzione, nonch\u00e9 alla promozione dei propri prodotti e servizi e a quelli di societ\u00e0 terze legate a SALGAR.<\/span><\/span><\/span><\/span><\/p>\n<p><span style=\"font-size: medium;\"><span style=\"color: black;\"><span style=\"vertical-align: inherit;\"><span style=\"vertical-align: inherit;\">Allo stesso modo, l&#8217;utente viene informato che i dati saranno messi a disposizione delle aziende di trasporto (DHL, <\/span><\/span><\/span><span style=\"color: #454545;\"><span style=\"vertical-align: inherit;\"><span style=\"vertical-align: inherit;\"> S (in vi <\/span><\/span><\/span><span style=\"color: black;\"><span style=\"vertical-align: inherit;\"><span style=\"vertical-align: inherit;\">chenker, Dachser, TNT) ai fini della logistica e dei trasporti, SALGAR tratter\u00e0 questi dati con la massima riservatezza, essendo l&#8217;unico ed esclusivo destinatario dello stesso, e non effettuando assegnazioni o comunicazioni a terzi oltre a quelle indicate dalle normative vigenti.<\/span><\/span><\/span><\/span><\/p>\n<p><span style=\"font-size: medium;\"><span style=\"color: black;\"><span style=\"vertical-align: inherit;\"><span style=\"vertical-align: inherit;\">L&#8217;utente autorizza espressamente SALGAR a inviare, anche tramite mezzi elettronici, da SALGAR e dalle suddette entit\u00e0, comunicazioni commerciali e offerte promozionali e concorsi. <\/span><span style=\"vertical-align: inherit;\">S\u00ec, accetto.<\/span><\/span><\/span><\/span><\/p>\n<p><span style=\"font-size: medium;\"> <span style=\"color: black;\"><span style=\"vertical-align: inherit;\"><span style=\"vertical-align: inherit;\">9.2 L&#8217;Utente pu\u00f2 esercitare in qualsiasi momento i diritti di accesso, rettifica, opposizione o cancellazione contattando SALGAR, SALGARX o per e-mail indirizzata a <\/span><\/p>\n<p>  <\/span><\/p>\n<p><\/span> <span style=\"color: #0070c0;\"><span style=\"vertical-align: inherit;\"><span style=\"vertical-align: inherit;\">lopd@salgar.net, <\/span><\/p>\n<p>  <\/span><\/p>\n<p><\/span> <span style=\"color: black;\"><span style=\"vertical-align: inherit;\"><span style=\"vertical-align: inherit;\">allegando una copia del proprio NIF o un documento di identificazione sostitutivo.<\/span><\/p>\n<p>  <\/span><\/p>\n<p><\/span><\/span><\/p>\n<p><span style=\"font-size: medium;\"><span style=\"vertical-align: inherit;\"><span style=\"vertical-align: inherit;\">  9.3.  <\/span><span style=\"vertical-align: inherit;\">Le risposte contrassegnate con il simbolo di registrazione sono obbligatorie. <\/span><span style=\"vertical-align: inherit;\">La tua mancata risposta impedir\u00e0 l&#8217;acquisto dei prodotti selezionati.<\/span><\/span><\/span><\/p>\n<p><span style=\"font-size: medium;\"><span style=\"color: black;\"><strong><span style=\"vertical-align: inherit;\"><span style=\"vertical-align: inherit;\">10. PASSWORD<\/span><\/span><\/strong><\/span><\/span><\/p>\n<p><span style=\"font-size: medium;\"><span style=\"color: black;\"><span style=\"vertical-align: inherit;\"><span style=\"vertical-align: inherit;\"> 10.1 SALGAR faciliter\u00e0 l&#8217;uso di password personali per l&#8217;utente che si registra come tale sul sito web. <\/span><span style=\"vertical-align: inherit;\">Queste password saranno utilizzate per accedere ai servizi forniti attraverso il Sito. <\/span><span style=\"vertical-align: inherit;\">L&#8217;utente deve mantenere le password sotto la sua esclusiva responsabilit\u00e0 nella massima e assoluta riservatezza, supponendo, pertanto, quanti danni o conseguenze di qualsiasi tipo derivano dalla violazione o dalla divulgazione del segreto. <\/span><span style=\"vertical-align: inherit;\">Per motivi di sicurezza, la password per l&#8217;accesso telematico ai servizi collegati al Sito pu\u00f2 essere modificata in qualsiasi momento dall&#8217;utente. <\/span><span style=\"vertical-align: inherit;\">L&#8217;Utente accetta di notificare a SALGAR immediatamente qualsiasi uso non autorizzato della propria password, nonch\u00e9 l&#8217;accesso da parte di terzi non autorizzati.<\/span><\/span><\/span><\/span><\/p>\n<p><span style=\"font-size: medium;\"><span style=\"color: black;\"><strong><span style=\"vertical-align: inherit;\"><span style=\"vertical-align: inherit;\">11. COOKIE<\/span><\/span><\/strong><\/span><\/span><\/p>\n<p><span style=\"font-size: medium;\"><span style=\"color: black;\"><span style=\"vertical-align: inherit;\"><span style=\"vertical-align: inherit;\"> 11.1 SALGAR utilizza i cookie per migliorare i propri servizi, facilitare la navigazione, mantenere la sicurezza, verificare l&#8217;identit\u00e0 dell&#8217;Utente, facilitare l&#8217;accesso alle preferenze personali e seguire il loro utilizzo dello Store. <\/span><span style=\"vertical-align: inherit;\">I cookie sono file installati sul disco rigido del computer o nella memoria del browser nella cartella preconfigurata dal sistema operativo dell&#8217;utente per identificare l&#8217;utente.<\/span><\/span><\/span><\/span><\/p>\n<p><span style=\"font-size: medium;\"><span style=\"color: black;\"><span style=\"vertical-align: inherit;\"><span style=\"vertical-align: inherit;\"> 11.2 Se l&#8217;Utente non desidera installare un cookie sul proprio disco rigido, deve configurare il suo programma di navigazione internet in modo che non li riceva. <\/span><span style=\"vertical-align: inherit;\">Allo stesso modo, l&#8217;Utente pu\u00f2 distruggere i cookie liberamente. <\/span><span style=\"vertical-align: inherit;\">Nel caso in cui l&#8217;Utente decida di disabilitare i cookie, la qualit\u00e0 e la velocit\u00e0 del servizio possano diminuire e, anche, perder\u00e0 l&#8217;accesso ad alcuni dei servizi offerti nello Store. <\/span><\/span><\/span><\/span><\/p>\n<p><span style=\"font-size: medium;\"><strong><span style=\"color: black;\"><span style=\"vertical-align: inherit;\"><span style=\"vertical-align: inherit;\">12. DIRITTO APPLICABILE E GIURISDIZIONE<\/span><\/span><\/span><\/strong><\/span><\/p>\n<p><span style=\"color: black;\"><span style=\"font-size: medium;\"><span style=\"vertical-align: inherit;\"><span style=\"vertical-align: inherit;\">Queste condizioni generali sono disciplinate dalla legge spagnola. <\/span><span style=\"vertical-align: inherit;\">Qualsiasi controversia derivante dall&#8217;interpretazione o dall&#8217;esecuzione che possa derivare in relazione alla validit\u00e0, all&#8217;interpretazione, all&#8217;adempimento o alla risoluzione del presente contratto sar\u00e0 sottoposta alla Giurisprudenza e al Concorso dei Tribunali e tribunali della citt\u00e0 di Saragozza, rinunciando a qualsiasi giurisdizione che possa corrispondere all&#8217;Utente, a condizione che la legislazione applicabile lo consenta.<\/span><\/span><\/span><\/span><\/p>\n<\/div>\n<\/div>\n\t\t<\/div>\n\t\t\t\t\t<\/div>\n\n\t\n<\/div>\n","protected":false},"excerpt":{"rendered":"","protected":false},"author":1,"featured_media":0,"parent":0,"menu_order":0,"comment_status":"closed","ping_status":"closed","template":"","meta":{"_acf_changed":false,"footnotes":""},"class_list":["post-7498","page","type-page","status-publish","hentry"],"acf":[],"_links":{"self":[{"href":"https:\/\/gasdum.com\/it\/wp-json\/wp\/v2\/pages\/7498","targetHints":{"allow":["GET"]}}],"collection":[{"href":"https:\/\/gasdum.com\/it\/wp-json\/wp\/v2\/pages"}],"about":[{"href":"https:\/\/gasdum.com\/it\/wp-json\/wp\/v2\/types\/page"}],"author":[{"embeddable":true,"href":"https:\/\/gasdum.com\/it\/wp-json\/wp\/v2\/users\/1"}],"replies":[{"embeddable":true,"href":"https:\/\/gasdum.com\/it\/wp-json\/wp\/v2\/comments?post=7498"}],"version-history":[{"count":0,"href":"https:\/\/gasdum.com\/it\/wp-json\/wp\/v2\/pages\/7498\/revisions"}],"wp:attachment":[{"href":"https:\/\/gasdum.com\/it\/wp-json\/wp\/v2\/media?parent=7498"}],"curies":[{"name":"wp","href":"https:\/\/api.w.org\/{rel}","templated":true}]}}