{"id":4101,"date":"2020-04-01T20:56:27","date_gmt":"2020-04-01T19:56:27","guid":{"rendered":"https:\/\/www.gasdum.com\/?page_id=4101"},"modified":"2023-10-28T15:49:45","modified_gmt":"2023-10-28T07:49:45","slug":"profile","status":"publish","type":"page","link":"https:\/\/gasdum.com\/it\/about-gasdum\/profile\/","title":{"rendered":"Profilo"},"content":{"rendered":"\n  <div class=\"banner has-hover\" id=\"banner-1847684906\">\n          <div class=\"banner-inner fill\">\n        <div class=\"banner-bg fill\" >\n            <img loading=\"lazy\" decoding=\"async\" width=\"1500\" height=\"297\" src=\"https:\/\/gasdum.com\/wp-content\/uploads\/2019\/12\/banner-image.jpg\" class=\"bg attachment-original size-original\" alt=\"\" \/>                        <div class=\"overlay\"><\/div>            \n                    <\/div>\n\t\t\n        <div class=\"banner-layers container\">\n            <div class=\"fill banner-link\"><\/div>            \n   <div id=\"text-box-2011991624\" class=\"text-box banner-layer x50 md-x50 lg-x50 y50 md-y50 lg-y50 res-text\">\n                                <div class=\"text-box-content text dark\">\n              \n              <div class=\"text-inner text-center\">\n                  \n              <\/div>\n           <\/div>\n                            \n<style>\n#text-box-2011991624 {\n  width: 60%;\n}\n#text-box-2011991624 .text-box-content {\n  font-size: 100%;\n}\n<\/style>\n    <\/div>\n \n        <\/div>\n      <\/div>\n\n              <div class=\"height-fix is-invisible\"><img loading=\"lazy\" decoding=\"async\" width=\"1500\" height=\"297\" src=\"https:\/\/gasdum.com\/wp-content\/uploads\/2019\/12\/banner-image.jpg\" class=\"attachment-original size-original\" alt=\"\" srcset=\"https:\/\/gasdum.com\/wp-content\/uploads\/2019\/12\/banner-image.jpg 1500w, https:\/\/gasdum.com\/wp-content\/uploads\/2019\/12\/banner-image-510x101.jpg 510w, https:\/\/gasdum.com\/wp-content\/uploads\/2019\/12\/banner-image-800x158.jpg 800w, https:\/\/gasdum.com\/wp-content\/uploads\/2019\/12\/banner-image-1400x277.jpg 1400w, https:\/\/gasdum.com\/wp-content\/uploads\/2019\/12\/banner-image-768x152.jpg 768w, https:\/\/gasdum.com\/wp-content\/uploads\/2019\/12\/banner-image-1536x304.jpg 1536w\" sizes=\"auto, (max-width: 1500px) 100vw, 1500px\" \/><\/div>\n            \n<style>\n#banner-1847684906 {\n  padding-top: 96px;\n}\n#banner-1847684906 .overlay {\n  background-color: rgba(163, 163, 163, 0.22);\n}\n#banner-1847684906 .banner-bg img {\n  object-position: 22% 0%;\n}\n<\/style>\n  <\/div>\n\n\n\n\t<section class=\"section\" id=\"section_620841864\">\n\t\t<div class=\"section-bg fill\" >\n\t\t\t<img loading=\"lazy\" decoding=\"async\" width=\"1500\" height=\"297\" src=\"https:\/\/gasdum.com\/wp-content\/uploads\/2019\/12\/banner-image.jpg\" class=\"bg attachment- size-\" alt=\"\" \/>\t\t\t\t\t\t<div class=\"section-bg-overlay absolute fill\"><\/div>\n\t\t\t\n\n\t\t<\/div>\n\n\t\t\n\n\t\t<div class=\"section-content relative\">\n\t\t\t\n  <div class=\"banner-grid-wrapper\">\n  <div id=\"banner-grid-1594113397\" class=\"banner-grid row row-grid row-small\" data-packery-options=\"\">\n                      \n<div class=\"col grid-col large-12 grid-col-2-3\" ><div class=\"col-inner\">\n\t<div class=\"img has-hover x md-x lg-x y md-y lg-y\" id=\"image_1299080312\">\n\t\t\t\t\t\t\t\t<div class=\"img-inner dark\" >\n\t\t\t<img loading=\"lazy\" decoding=\"async\" width=\"1020\" height=\"765\" src=\"https:\/\/gasdum.com\/wp-content\/uploads\/2023\/10\/59a1a23dc3e35229dd0463513c6a85a-1067x800.jpg\" class=\"attachment-large size-large\" alt=\"\" srcset=\"https:\/\/gasdum.com\/wp-content\/uploads\/2023\/10\/59a1a23dc3e35229dd0463513c6a85a-1067x800.jpg 1067w, https:\/\/gasdum.com\/wp-content\/uploads\/2023\/10\/59a1a23dc3e35229dd0463513c6a85a-533x400.jpg 533w, https:\/\/gasdum.com\/wp-content\/uploads\/2023\/10\/59a1a23dc3e35229dd0463513c6a85a-768x576.jpg 768w, https:\/\/gasdum.com\/wp-content\/uploads\/2023\/10\/59a1a23dc3e35229dd0463513c6a85a-1536x1152.jpg 1536w, https:\/\/gasdum.com\/wp-content\/uploads\/2023\/10\/59a1a23dc3e35229dd0463513c6a85a-2048x1536.jpg 2048w, https:\/\/gasdum.com\/wp-content\/uploads\/2023\/10\/59a1a23dc3e35229dd0463513c6a85a-610x458.jpg 610w, https:\/\/gasdum.com\/wp-content\/uploads\/2023\/10\/59a1a23dc3e35229dd0463513c6a85a-510x383.jpg 510w\" sizes=\"auto, (max-width: 1020px) 100vw, 1020px\" \/>\t\t\t\t\t\t\n\t\t\t\t\t<\/div>\n\t\t\t\t\t\t\t\t\n<style>\n#image_1299080312 {\n  width: 100%;\n}\n<\/style>\n\t<\/div>\n\t\n<\/div><\/div>\n<div class=\"col grid-col large-4 grid-col-1-3\" ><div class=\"col-inner\">\n\t<div class=\"img has-hover x md-x lg-x y md-y lg-y\" id=\"image_1398529035\">\n\t\t\t\t\t\t\t\t<div class=\"img-inner dark\" >\n\t\t\t<img loading=\"lazy\" decoding=\"async\" width=\"1020\" height=\"765\" src=\"https:\/\/gasdum.com\/wp-content\/uploads\/2023\/10\/a94425460daa5bd932844237683d994-1-1067x800.jpg\" class=\"attachment-large size-large\" alt=\"\" srcset=\"https:\/\/gasdum.com\/wp-content\/uploads\/2023\/10\/a94425460daa5bd932844237683d994-1-1067x800.jpg 1067w, https:\/\/gasdum.com\/wp-content\/uploads\/2023\/10\/a94425460daa5bd932844237683d994-1-533x400.jpg 533w, https:\/\/gasdum.com\/wp-content\/uploads\/2023\/10\/a94425460daa5bd932844237683d994-1-768x576.jpg 768w, https:\/\/gasdum.com\/wp-content\/uploads\/2023\/10\/a94425460daa5bd932844237683d994-1-1536x1152.jpg 1536w, https:\/\/gasdum.com\/wp-content\/uploads\/2023\/10\/a94425460daa5bd932844237683d994-1-2048x1536.jpg 2048w, https:\/\/gasdum.com\/wp-content\/uploads\/2023\/10\/a94425460daa5bd932844237683d994-1-610x458.jpg 610w, https:\/\/gasdum.com\/wp-content\/uploads\/2023\/10\/a94425460daa5bd932844237683d994-1-510x383.jpg 510w\" sizes=\"auto, (max-width: 1020px) 100vw, 1020px\" \/>\t\t\t\t\t\t\n\t\t\t\t\t<\/div>\n\t\t\t\t\t\t\t\t\n<style>\n#image_1398529035 {\n  width: 100%;\n}\n<\/style>\n\t<\/div>\n\t\n<\/div><\/div>\n<div class=\"col grid-col large-4 grid-col-1-3\" ><div class=\"col-inner\">\n\t<div class=\"img has-hover x md-x lg-x y md-y lg-y\" id=\"image_68376572\">\n\t\t\t\t\t\t\t\t<div class=\"img-inner dark\" >\n\t\t\t<img loading=\"lazy\" decoding=\"async\" width=\"1020\" height=\"574\" src=\"https:\/\/gasdum.com\/wp-content\/uploads\/2022\/09\/IMG_0872-1400x788.jpg\" class=\"attachment-large size-large\" alt=\"\" srcset=\"https:\/\/gasdum.com\/wp-content\/uploads\/2022\/09\/IMG_0872-1400x788.jpg 1400w, https:\/\/gasdum.com\/wp-content\/uploads\/2022\/09\/IMG_0872-710x400.jpg 710w, https:\/\/gasdum.com\/wp-content\/uploads\/2022\/09\/IMG_0872-768x432.jpg 768w, https:\/\/gasdum.com\/wp-content\/uploads\/2022\/09\/IMG_0872-1536x865.jpg 1536w, https:\/\/gasdum.com\/wp-content\/uploads\/2022\/09\/IMG_0872-610x344.jpg 610w, https:\/\/gasdum.com\/wp-content\/uploads\/2022\/09\/IMG_0872-510x287.jpg 510w, https:\/\/gasdum.com\/wp-content\/uploads\/2022\/09\/IMG_0872.jpg 1600w\" sizes=\"auto, (max-width: 1020px) 100vw, 1020px\" \/>\t\t\t\t\t\t\n\t\t\t\t\t<\/div>\n\t\t\t\t\t\t\t\t\n<style>\n#image_68376572 {\n  width: 100%;\n}\n<\/style>\n\t<\/div>\n\t\n<\/div><\/div>\n<div class=\"col grid-col large-4 grid-col-1-3\" ><div class=\"col-inner\">\n\t<div class=\"img has-hover x md-x lg-x y md-y lg-y\" id=\"image_1259218769\">\n\t\t\t\t\t\t\t\t<div class=\"img-inner dark\" >\n\t\t\t<img loading=\"lazy\" decoding=\"async\" width=\"1020\" height=\"574\" src=\"https:\/\/gasdum.com\/wp-content\/uploads\/2022\/09\/gasdum_fair2-1400x788.jpg\" class=\"attachment-large size-large\" alt=\"\" srcset=\"https:\/\/gasdum.com\/wp-content\/uploads\/2022\/09\/gasdum_fair2-1400x788.jpg 1400w, https:\/\/gasdum.com\/wp-content\/uploads\/2022\/09\/gasdum_fair2-711x400.jpg 711w, https:\/\/gasdum.com\/wp-content\/uploads\/2022\/09\/gasdum_fair2-768x432.jpg 768w, https:\/\/gasdum.com\/wp-content\/uploads\/2022\/09\/gasdum_fair2-1536x864.jpg 1536w, https:\/\/gasdum.com\/wp-content\/uploads\/2022\/09\/gasdum_fair2-610x343.jpg 610w, https:\/\/gasdum.com\/wp-content\/uploads\/2022\/09\/gasdum_fair2-510x287.jpg 510w, https:\/\/gasdum.com\/wp-content\/uploads\/2022\/09\/gasdum_fair2.jpg 1600w\" sizes=\"auto, (max-width: 1020px) 100vw, 1020px\" \/>\t\t\t\t\t\t\n\t\t\t\t\t<\/div>\n\t\t\t\t\t\t\t\t\n<style>\n#image_1259218769 {\n  width: 100%;\n}\n<\/style>\n\t<\/div>\n\t\n<\/div><\/div>\n            <\/div>\n    <style>\n    #banner-grid-1594113397 .grid-col-1{height: 600px}\n    #banner-grid-1594113397 .grid-col-1-2{height: 300px}\n    #banner-grid-1594113397 .grid-col-1-3{height:200px}\n    #banner-grid-1594113397 .grid-col-2-3{height: 400px}\n    #banner-grid-1594113397 .grid-col-1-4{height: 150px}\n    #banner-grid-1594113397 .grid-col-3-4{height: 450px}\n\n\n    \n    \n\n  <\/style>\n    <\/div>\n  \n\t\t<\/div>\n\n\t\t\n<style>\n#section_620841864 {\n  padding-top: 30px;\n  padding-bottom: 30px;\n}\n#section_620841864 .section-bg-overlay {\n  background-color: rgba(255, 255, 255, 0.9);\n}\n<\/style>\n\t<\/section>\n\t\n\n\t<section class=\"section\" id=\"section_497217578\">\n\t\t<div class=\"section-bg fill\" >\n\t\t\t\t\t\t\t\t\t\n\t\t\t\n\n\t\t<\/div>\n\n\t\t\n\n\t\t<div class=\"section-content relative\">\n\t\t\t\n<div class=\"row\"  id=\"row-375860025\">\n\n\t<div id=\"col-826799836\" class=\"col medium-6 small-12 large-6\"  >\n\t\t\t\t<div class=\"col-inner\"  >\n\t\t\t\n\t\t\t\n<h4><span data-text-color=\"primary\"><strong>Chi siamo -Gasdum, il nome di cui ci si pu\u00f2 sempre fidare&#8230;!<\/strong><\/span><br \/>Morton Sanitary Ware manufacture limited \u00e8 nata da anni di conoscenza e competenza nella produzione di prodotti sanitari in ceramica di alta qualit\u00e0. Aderendo al concetto di combinare la tradizione con l&#8217;innovazione, ci sforziamo di creare una vita graziosa e diventare la migliore azienda di articoli sanitari nel mondo.<br \/>Nel corso degli anni, Gasdum ha progettato un&#8217;ampia gamma di prodotti ad alte prestazioni con funzioni distintive e un design all&#8217;avanguardia adatto a tutti i settori e a tutti i budget, compresi i mercati dei bagni commerciali, residenziali, scolastici e sanitari. Miglioriamo la nostra innovazione e produttivit\u00e0 attraverso la formazione del personale e la gestione dell&#8217;impresa per rimanere al passo con la concorrenza.<br \/>Combiniamo tecniche uniche di fabbricazione, vendita e produzione per fare un passo nella diversificazione e nell&#8217;internazionalizzazione.<\/h4>\n<h4>La nostra <br \/>missioneAdattarsi alla tecnologia in rapido sviluppo e mantenere un vantaggio fornendo prodotti e servizi impareggiabili ai nostri clienti ad un prezzo competitivo.<\/h4>\n\t\t<\/div>\n\t\t\t\t\n<style>\n#col-826799836 > .col-inner {\n  padding: 40px 0px 0px 0px;\n}\n<\/style>\n\t<\/div>\n\n\t\n\n\t<div id=\"col-1365972248\" class=\"col medium-6 small-12 large-6\"  >\n\t\t\t\t<div class=\"col-inner\"  >\n\t\t\t\n\t\t\t\n\t<div class=\"img has-hover x md-x lg-x y md-y lg-y\" id=\"image_1290200441\">\n\t\t\t\t\t\t\t\t<div class=\"img-inner dark\" >\n\t\t\t<img loading=\"lazy\" decoding=\"async\" width=\"485\" height=\"476\" src=\"https:\/\/gasdum.com\/wp-content\/uploads\/2019\/12\/profile.png\" class=\"attachment-original size-original\" alt=\"\" srcset=\"https:\/\/gasdum.com\/wp-content\/uploads\/2019\/12\/profile.png 485w, https:\/\/gasdum.com\/wp-content\/uploads\/2019\/12\/profile-408x400.png 408w\" sizes=\"auto, (max-width: 485px) 100vw, 485px\" \/>\t\t\t\t\t\t\n\t\t\t\t\t<\/div>\n\t\t\t\t\t\t\t\t\n<style>\n#image_1290200441 {\n  width: 100%;\n}\n<\/style>\n\t<\/div>\n\t\n\t\t<\/div>\n\t\t\t\t\n<style>\n#col-1365972248 > .col-inner {\n  margin: -20px 0px 0px 0px;\n}\n<\/style>\n\t<\/div>\n\n\t\n\n\t<div id=\"col-656049587\" class=\"col small-12 large-12\"  >\n\t\t\t\t<div class=\"col-inner\"  >\n\t\t\t\n\t\t\t\n<h4><span data-text-color=\"primary\"><strong>La nostra visionePer <\/strong><\/span><br \/>migliorare la qualit\u00e0 dello stile di vita con le nostre innovazioni nello sviluppo dei prodotti e diventare un pioniere nel mercato dei prodotti sanitari.<br \/>La nostra politica della qualit\u00e0Gasdum <br \/>segue un approccio &#8220;nessun compromesso sulla qualit\u00e0&#8221; nella produzione di tutti i prodotti, prestando attenzione al fattore ambientale nella struttura. La nostra azienda \u00e8 certificata ISO 9001:2000, e tutte le linee guida superano lo standard nazionale GB\/T6952-2005 Sanitary Porcelain Wares.<br \/>I nostri valori fondamentali<br \/>Lavoro di squadra &#8211; Lavoriamo in squadra per migliorare il nostro processo di brainstorming e trovare modi creativi per fabbricare prodotti.<br \/>Innovazione &#8211; L&#8217;innovazione \u00e8 il cuore di Gasdum, promossa in ciascuno dei nostri prodotti e processi per creare un valore ineguagliabile per i nostri clienti.<br \/>Agilit\u00e0 &#8211; Ci sforziamo di rispondere alle nuove possibilit\u00e0 in modo efficace e di abbracciare rapidamente i cambiamenti tecnologici per cogliere le opportunit\u00e0 avanzate.<br \/>Centralit\u00e0 del cliente &#8211; Tutto ci\u00f2 che facciamo \u00e8 migliorare la qualit\u00e0 della vita dei nostri clienti offrendo un&#8217;esperienza di prima classe e un design fresco.<br \/>Qualit\u00e0 &#8211; Apprezziamo ogni cliente e facciamo di tutto per consegnare prodotti di qualit\u00e0 assicurata per essere all&#8217;altezza delle loro aspettative e della loro fiducia.<br \/>Cosa facciamo &#8211; Eleganza. Stravaganza. abbiamo iniziato come un team di controllo qualit\u00e0 di sanitari e abbiamo eseguito il controllo qualit\u00e0 e la verifica per molte grandi marche senza deluderle. Dopo essere diventati esperti nel controllo di qualit\u00e0, ci siamo buttati nella produzione di prodotti sanitari. All&#8217;inizio, abbiamo iniziato solo con lavabi e gabinetti, e oggi, offriamo la nostra esperienza in tutti i tipi di prodotti sanitari per edifici commerciali e residenziali, hotel e uffici.<br \/>Offriamo una vasta gamma di prodotti durevoli con diversi disegni, temi e colori per aderire a tutti i tipi di richieste dei clienti.<br \/><span data-text-color=\"primary\">ToiletteA <\/span><br \/><span data-text-color=\"primary\">Gasdum, abbiamo toilette con numerosi design e caratteristiche che completeranno perfettamente l&#8217;arredamento di qualsiasi bagno.<\/span><br \/><span data-text-color=\"primary\">La nostra collezione di toilette comprende toilette a uno e due pezzi, sospese a parete, con accoppiamento ravvicinato. Sono facili da usare e hanno una tecnologia a doppio scarico che offre la scelta di usare due opzioni di scarico.<\/span><br \/><span data-text-color=\"primary\">BacinoLa nostra <\/span><br \/><span data-text-color=\"primary\">vasta gamma di lavabi ha disegni e colori unici che offrono ai nostri clienti numerose opzioni tra cui scegliere. I nostri bacini vanno dal piedistallo, bianco lucido, bacino di arte del colore ai lavandini da bagno con design contemporaneo e di alta qualit\u00e0 che si adattano perfettamente a qualsiasi bagno.<\/span><br \/><span data-text-color=\"primary\">Armadio da bagno<\/span><br \/><span data-text-color=\"primary\">Gli armadi da bagno della Gasdum offrono una forte resistenza, anticorrosione, capacit\u00e0 di impermeabilizzazione, grande capacit\u00e0 portante e alta forza. Ci sono armadi da bagno per ogni esigenza del cliente; classico o moderno, lussuoso o semplice; abbiamo qualcosa in serbo per tutti.<\/span><br \/><span data-text-color=\"primary\">Cabinet e LED MirrorCon i <\/span><br \/><span data-text-color=\"primary\">sanitari, offriamo anche specchi cabinet e specchi led che si abbinano ai nostri lavandini e armadi da bagno. Questi specchi sono realizzati con design all&#8217;avanguardia che eleveranno l&#8217;aspetto di qualsiasi bagno.<\/span><br \/>Perch\u00e9 scegliere noi<br \/>Attraente DesignsI nostri <br \/>prodotti sono fatti di disegni unici e attraenti. Con un occhio attento alle tendenze internazionali e alle ultime tecnologie, aggiorniamo la nostra gamma di prodotti di tanto in tanto per fornirvi un design contemporaneo e una vita gloriosa. I nostri disegni includono articoli sanitari stampati, articoli sanitari colorati, articoli sanitari antichi e molto altro.<br \/>Alta qualit\u00e0Abbiamo <br \/>servito in precedenza come agenti di controllo della qualit\u00e0 per molte grandi marche e clienti, il che ci ha reso esperti nel campo della qualit\u00e0. Essendo un&#8217;azienda certificata ISO 9001:2000, tutte le nostre linee guida superano lo standard nazionale GB\/T6952-2005 Sanitary Porcelain Wares. Qui, seguiamo un approccio &#8220;senza compromessi sulla qualit\u00e0&#8221;. Tutti i nostri prodotti sono realizzati con precisione e sono completamente rispettosi dell&#8217;ambiente.<br \/>Durabilit\u00e0Per <br \/>salvare i nostri clienti da inconvenienti e spese di manutenzione, produciamo prodotti altamente durevoli. I nostri standard di alta qualit\u00e0 assicurano che ogni prodotto superi le aspettative dei nostri clienti. Offriamo anche una garanzia con ogni prodotto per dare loro tranquillit\u00e0.<br \/>Ricerca e <br \/>sviluppoAbbiamo esperti di ricerca e sviluppo altamente competenti che mettono i loro sforzi per introdurre nuove tecniche e tecnologie innovative per i nostri prodotti. Sono la ragione principale dietro i nostri sanitari dal design unico.<br \/>In <br \/>Gasdum ci concentriamo sulla gestione aziendale, dove offriamo formazione, apprezzamento e premi al personale. Questo porta, in ultima analisi, a una migliore produttivit\u00e0 e ad alte prestazioni del nostro personale e a prodotti migliori per i nostri clienti.<br \/>Soddisfazione del clienteSiamo <br \/>sempre un passo avanti nel nostro servizio clienti.<br \/>Sia che vogliano una qualit\u00e0 di alta classe o un design contemporaneo, noi soddisfiamo sempre le loro esigenze con piena soddisfazione.<br \/>Non esitate a contattarci<\/h4>\n\t\t<\/div>\n\t\t\t\t\n<style>\n#col-656049587 > .col-inner {\n  margin: -20px 0px 0px 0px;\n}\n<\/style>\n\t<\/div>\n\n\t\n<\/div>\n\t\t<\/div>\n\n\t\t\n<style>\n#section_497217578 {\n  padding-top: 30px;\n  padding-bottom: 30px;\n}\n<\/style>\n\t<\/section>\n\t\n","protected":false},"excerpt":{"rendered":"","protected":false},"author":1,"featured_media":4105,"parent":4767,"menu_order":0,"comment_status":"closed","ping_status":"closed","template":"page-blank.php","meta":{"_acf_changed":false,"footnotes":""},"class_list":["post-4101","page","type-page","status-publish","has-post-thumbnail","hentry"],"acf":[],"_links":{"self":[{"href":"https:\/\/gasdum.com\/it\/wp-json\/wp\/v2\/pages\/4101","targetHints":{"allow":["GET"]}}],"collection":[{"href":"https:\/\/gasdum.com\/it\/wp-json\/wp\/v2\/pages"}],"about":[{"href":"https:\/\/gasdum.com\/it\/wp-json\/wp\/v2\/types\/page"}],"author":[{"embeddable":true,"href":"https:\/\/gasdum.com\/it\/wp-json\/wp\/v2\/users\/1"}],"replies":[{"embeddable":true,"href":"https:\/\/gasdum.com\/it\/wp-json\/wp\/v2\/comments?post=4101"}],"version-history":[{"count":0,"href":"https:\/\/gasdum.com\/it\/wp-json\/wp\/v2\/pages\/4101\/revisions"}],"up":[{"embeddable":true,"href":"https:\/\/gasdum.com\/it\/wp-json\/wp\/v2\/pages\/4767"}],"wp:featuredmedia":[{"embeddable":true,"href":"https:\/\/gasdum.com\/it\/wp-json\/wp\/v2\/media\/4105"}],"wp:attachment":[{"href":"https:\/\/gasdum.com\/it\/wp-json\/wp\/v2\/media?parent=4101"}],"curies":[{"name":"wp","href":"https:\/\/api.w.org\/{rel}","templated":true}]}}