{"id":7817,"date":"2020-06-01T13:33:58","date_gmt":"2020-06-01T12:33:58","guid":{"rendered":"https:\/\/www.gasdum.com\/politique-de-cookies\/"},"modified":"2021-03-24T17:59:40","modified_gmt":"2021-03-24T09:59:40","slug":"politique-de-cookies","status":"publish","type":"page","link":"https:\/\/gasdum.com\/fr\/politique-de-cookies\/","title":{"rendered":"Politique de cookies"},"content":{"rendered":"<div class=\"row\"  id=\"row-953280558\">\n\n\t<div id=\"col-680771225\" class=\"col small-12 large-12\"  >\n\t\t\t\t<div class=\"col-inner\"  >\n\t\t\t\n\t\t\t\n<div class=\"html-output\">\n<p>&nbsp;<\/p>\n<p>&nbsp;<\/p>\n<h3>\u00a0 \u00a0 \u00a0 \u00a0 \u00a0 \u00a0 \u00a0 \u00a0 \u00a0 \u00a0 \u00a0 \u00a0 \u00a0 \u00a0 \u00a0 \u00a0 \u00a0 \u00a0 \u00a0 \u00a0 \u00a0 \u00a0 \u00a0 \u00a0 \u00a0 \u00a0 \u00a0 \u00a0 \u00a0 \u00a0 \u00a0 \u00a0 \u00a0 \u00a0 \u00a0 \u00a0 \u00a0 \u00a0 \u00a0 \u00a0 \u00a0 <strong>Politique relative aux cookies<\/strong><\/h3>\n<h4>Qu\u2019est-ce qu\u2019un cookie ?<\/h4>\n<h4>Un cookie est un fichier ou dispositif qui est t\u00e9l\u00e9charg\u00e9 sur le terminal d\u2019un utilisateur afin de stocker des donn\u00e9es qui pourront \u00eatre mises \u00e0 jour et r\u00e9cup\u00e9r\u00e9es par l\u2019organisme responsable de son installation. Autrement dit, c\u2019est un fichier qui est t\u00e9l\u00e9charg\u00e9 sur votre ordinateur lorsque vous acc\u00e9dez \u00e0 certaines pages web. Les cookies permettent \u00e0 une page web, entre autres choses, de stocker et de r\u00e9cup\u00e9rer des informations sur les habitudes de navigation d\u2019un utilisateur ou de son terminal et, en fonction des informations contenues et de la fa\u00e7on dont est utilis\u00e9e son terminal, ils peuvent \u00eatre utilis\u00e9s pour reconna\u00eetre l\u2019utilisateur.<\/h4>\n<h4>Leurs principales fonctions sont les suivantes :<\/h4>\n<ul>\n<li>\n<h4>Tenir le contr\u00f4le des utilisateurs : lorsqu\u2019un utilisateur saisit son identifiant et son\u00a0\u00a0mot de passe, ces donn\u00e9es sont stock\u00e9es dans un cookie pour qu\u2019il n\u2019ait pas \u00e0 les saisir pour chaque page du serveur. Toutefois, un cookie n\u2019identifie pas seulement une personne mais une combinaison ordinateur-navigateur-utilisateur.<\/h4>\n<\/li>\n<li>\n<h4>Obtenir des informations sur les habitudes de navigation de l\u2019utilisateur et les tentatives de spyware (programmes espions) de la part d\u2019agences de publicit\u00e9 et autres. Cela peut occasionner des probl\u00e8mes de confidentialit\u00e9 et c\u2019est l\u2019une des raisons pour lesquelles les cookies ont leurs d\u00e9tracteurs.<\/h4>\n<\/li>\n<\/ul>\n<h4><\/h4>\n<h4>Il existe diff\u00e9rents types de cookies en fonction, principalement, de la finalit\u00e9 pour laquelle ils sont utilis\u00e9s. On distingue notamment les cookies suivants :<\/h4>\n<h4>Cookies d\u2019analyse :\u00a0ces cookies sont utilis\u00e9s pour mener \u00e0 bien une analyse des comportements et actions des utilisateurs de la page web ainsi que pour l\u2019\u00e9laboration de profils de navigation afin de r\u00e9aliser des am\u00e9liorations techniques de fonctionnement et de service.<\/h4>\n<h4>Cookies publicitaires :\u00a0ils permettent une gestion efficace des espaces publicitaires sur la base d\u2019une s\u00e9rie de crit\u00e8res, par exemple pour v\u00e9rifier si l\u2019utilisateur a eu acc\u00e8s ou non \u00e0 une nouvelle pour la mettre \u00e0 jour avec une autre plus r\u00e9cente.<\/h4>\n<h4>Cookies de publicit\u00e9 comportementale :\u00a0ces cookies se chargent de stocker des informations relatives au comportement des usagers en se focalisant sur leurs habitudes de navigation. Cela permet\u00a0\u00a0d\u2019\u00e9tablir des profils utilisateurs en fonction de leur comportement et de les utiliser pour personnaliser la publicit\u00e9 pr\u00e9sent\u00e9e.<\/h4>\n<h4>Si l\u2019utilisateur souhaite obtenir plus d\u2019informations sur les cookies, il peut consulter le site web suivant\u00a0:\u00a0<a href=\"https:\/\/www.aboutcookies.org\/\">https:\/\/www.aboutcookies.org\/<\/a>.<\/h4>\n<h4><\/h4>\n<h4>Quel type de cookies utilise ce site web ?<\/h4>\n<h4>La pr\u00e9sente page web utilise des cookies permettant de faciliter l\u2019utilisation et la navigation de l\u2019utilisateur sur celle-ci, de garantir l\u2019acc\u00e8s \u00e0 certains services et d\u2019am\u00e9liorer la configuration fonctionnelle du site.<\/h4>\n<h4>Cette page web utilise notamment les cookies suivants :<\/h4>\n<h4>__atuvc :\u00a0addthis.com. Cookie fonctionnel n\u00e9cessaire pour fournir les services demand\u00e9s aux utilisateurs de ce site web. Il expire au bout de 2 ans. Raison sociale : AddThis by Oracle America, Inc., 500 Oracle Parkway, Redwood Shores, California CA 94065 USA.<\/h4>\n<h4>__utma :\u00a0google.com Cookie analytique enregistrant des informations pour \u00e9valuer l\u2019utilisation que l\u2019internaute fait du site et l\u2019activit\u00e9 g\u00e9n\u00e9rale de ce dernier. Il expire 2 ans apr\u00e8s la derni\u00e8re mise \u00e0 jour.\u00a0Raison sociale : Google Inc. 1600 Amphitheatre Parkway Mountain View, California CA 94043 USA.<\/h4>\n<h4>__utmb :\u00a0google.com Cookie analytique enregistrant des informations pour \u00e9valuer l\u2019utilisation que l\u2019internaute fait du site et l\u2019activit\u00e9 g\u00e9n\u00e9rale de ce dernier. Il expire 30 minutes apr\u00e8s la derni\u00e8re mise \u00e0 jour.\u00a0Raison sociale : Google Inc. 1600 Amphitheatre Parkway Mountain View, California CA 94043 USA.<\/h4>\n<h4>__utmc :\u00a0google.com Cookie analytique enregistrant des informations pour \u00e9valuer l\u2019utilisation que l\u2019internaute fait du site et l\u2019activit\u00e9 g\u00e9n\u00e9rale de ce dernier. Il expire \u00e0 l\u2019issue de la session.\u00a0Raison sociale\u00a0: Google Inc. 1600 Amphitheatre Parkway Mountain View, California CA 94043 USA.<\/h4>\n<h4>__utmz :\u00a0google.com Cookie analytique enregistrant des informations pour \u00e9valuer l\u2019utilisation que l\u2019internaute fait du site et l\u2019activit\u00e9 g\u00e9n\u00e9rale de ce dernier. Il expire 6 mois apr\u00e8s la derni\u00e8re mise \u00e0 jour.\u00a0Raison sociale : Google Inc. 1600 Amphitheatre Parkway Mountain View, California CA 94043 USA.<\/h4>\n<h4>L\u2019application que nous utilisons pour obtenir et analyser les informations relatives \u00e0 la navigation est la suivante\u00a0: Google Analytics\u00a0: www.google.com\/analytics\/ et www.google.es\/analytics\/privacyoverview.html<\/h4>\n<h4>CWALLOWCOOKIES\u00a0Bandeau de politique de cookies : avertissement pour vous informer sur la politique de cookies de gasdum.com<\/h4>\n<h4><\/h4>\n<h4>Comment g\u00e9rer la configuration des cookies ?<\/h4>\n<h4>La pr\u00e9sente section expose bri\u00e8vement comment consulter et configurer le syst\u00e8me de cookies sur les navigateurs les plus communs ou les plus utilis\u00e9s par les usagers.<\/h4>\n<h4>Dans ce sens, presque tous les navigateurs permettent \u00e0 l\u2019utilisateur d\u2019obtenir des informations g\u00e9n\u00e9rales sur les cookies install\u00e9s sur une page web, plus pr\u00e9cis\u00e9ment pour v\u00e9rifier l\u2019existence de ces derniers, leur dur\u00e9e ou la fa\u00e7on de les supprimer. Nous vous fournissons ainsi une s\u00e9rie de liens sur ce sujet :<\/h4>\n<h4>&#8211;\u00a0\u00a0\u00a0\u00a0\u00a0\u00a0\u00a0\u00a0<a href=\"https:\/\/support.google.com\/chrome\/answer\/95647?hl=es\">Google Chrome<\/a><\/h4>\n<h4>&#8211;\u00a0\u00a0\u00a0\u00a0\u00a0\u00a0\u00a0\u00a0<a href=\"https:\/\/support.mozilla.org\/es\/kb\/cookies-informacion-que-los-sitios-web-guardan-en-\">Mozilla Firefox<\/a><\/h4>\n<h4>&#8211;\u00a0\u00a0\u00a0\u00a0\u00a0\u00a0\u00a0\u00a0<a href=\"https:\/\/windows.microsoft.com\/es-es\/windows7\/how-to-manage-cookies-in-internet-explorer-9\">Internet Explorer<\/a><\/h4>\n<h4>Par ailleurs, vous pourrez permettre, bloquer ou supprimer les cookies install\u00e9s sur votre ordinateur en modifiant la configuration de votre navigateur conform\u00e9ment aux instructions donn\u00e9es sur ce dernier. \u00c0 titre indicatif, nous vous communiquons que la configuration des cookies s\u2019effectue g\u00e9n\u00e9ralement dans le menu \u00ab\u00a0Pr\u00e9f\u00e9rences\u00a0\u00bb ou \u00ab\u00a0Outils\u00a0\u00bb de chaque navigateur. Quoi qu\u2019il en soit, vous pourrez toujours vous reporter au menu d\u2019aide de votre navigateur pour r\u00e9soudre ou \u00e9claircir les doutes \u00e0 ce sujet.<\/h4>\n<h4>Il convient de tenir compte du fait que si l\u2019installation de toutes les cookies est bloqu\u00e9e, le contenu du site ainsi que certaines fonctionnalit\u00e9s et services fournis par celui-ci ne seront pas disponibles.<\/h4>\n<h4><\/h4>\n<\/div>\n\t\t<\/div>\n\t\t\t\t\t<\/div>\n\n\t\n<\/div>\n","protected":false},"excerpt":{"rendered":"","protected":false},"author":1,"featured_media":0,"parent":0,"menu_order":0,"comment_status":"closed","ping_status":"closed","template":"","meta":{"_acf_changed":false,"footnotes":""},"class_list":["post-7817","page","type-page","status-publish","hentry"],"acf":[],"_links":{"self":[{"href":"https:\/\/gasdum.com\/fr\/wp-json\/wp\/v2\/pages\/7817","targetHints":{"allow":["GET"]}}],"collection":[{"href":"https:\/\/gasdum.com\/fr\/wp-json\/wp\/v2\/pages"}],"about":[{"href":"https:\/\/gasdum.com\/fr\/wp-json\/wp\/v2\/types\/page"}],"author":[{"embeddable":true,"href":"https:\/\/gasdum.com\/fr\/wp-json\/wp\/v2\/users\/1"}],"replies":[{"embeddable":true,"href":"https:\/\/gasdum.com\/fr\/wp-json\/wp\/v2\/comments?post=7817"}],"version-history":[{"count":0,"href":"https:\/\/gasdum.com\/fr\/wp-json\/wp\/v2\/pages\/7817\/revisions"}],"wp:attachment":[{"href":"https:\/\/gasdum.com\/fr\/wp-json\/wp\/v2\/media?parent=7817"}],"curies":[{"name":"wp","href":"https:\/\/api.w.org\/{rel}","templated":true}]}}