{"id":7526,"date":"2020-05-22T19:02:57","date_gmt":"2020-05-22T18:02:57","guid":{"rendered":"https:\/\/www.gasdum.com\/newsletter\/"},"modified":"2020-06-26T12:11:54","modified_gmt":"2020-06-26T11:11:54","slug":"newsletter","status":"publish","type":"page","link":"https:\/\/gasdum.com\/fr\/newsletter\/","title":{"rendered":"Bulletin"},"content":{"rendered":"<h1 class=\"page-main-title-newsletter subscribe-title\">Abonnez-vous et laissez-vous inspirer par Gasdum<\/h1>\n<div class=\"row row-collapse\"  id=\"row-198151498\">\n\n\t<div id=\"col-631105681\" class=\"col medium-6 small-12 large-6\"  >\n\t\t\t\t<div class=\"col-inner\"  >\n\t\t\t\n\t\t\t\n<div class=\"newsletter-content\">\n<h3 class=\"newsletter_title\">Bulletin<\/h3>\n<p>D\u00e9couvrez tout ce qui se passe \u00e0 Gasdum: actualit\u00e9s, offres et inspiration sur les meubles de salle de bain, les \u00e9crans, les lavabos et tous les accessoires pour transformer votre salle de bain en votre pi\u00e8ce pr\u00e9f\u00e9r\u00e9e \u00e0 la maison<\/p>\n<\/div>\n[mc4wp_form id=\u00a0\u00bb7328&Prime;]\n\t\t<\/div>\n\t\t\t\t\n<style>\n#col-631105681 > .col-inner {\n  padding: 0px 10px 0px 10px;\n}\n<\/style>\n\t<\/div>\n\n\t\n\n\t<div id=\"col-22298526\" class=\"col medium-6 small-12 large-6\"  >\n\t\t\t\t<div class=\"col-inner\"  >\n\t\t\t\n\t\t\t\n\t<div class=\"img has-hover custom-image x md-x lg-x y md-y lg-y\" id=\"image_347024357\">\n\t\t\t\t\t\t\t\t<div class=\"img-inner dark\" >\n\t\t\t<img loading=\"lazy\" decoding=\"async\" width=\"400\" height=\"400\" src=\"https:\/\/gasdum.com\/wp-content\/uploads\/2020\/06\/newsletter-770x770-1-400x40012-1.jpg\" class=\"attachment-medium size-medium\" alt=\"\" srcset=\"https:\/\/gasdum.com\/wp-content\/uploads\/2020\/06\/newsletter-770x770-1-400x40012-1.jpg 400w, https:\/\/gasdum.com\/wp-content\/uploads\/2020\/06\/newsletter-770x770-1-400x40012-1-280x280.jpg 280w, https:\/\/gasdum.com\/wp-content\/uploads\/2020\/06\/newsletter-770x770-1-400x40012-1-100x100.jpg 100w\" sizes=\"auto, (max-width: 400px) 100vw, 400px\" \/>\t\t\t\t\t\t\n\t\t\t\t\t<\/div>\n\t\t\t\t\t\t\t\t\n<style>\n#image_347024357 {\n  width: 100%;\n}\n<\/style>\n\t<\/div>\n\t\n\t\t<\/div>\n\t\t\t\t\n<style>\n#col-22298526 > .col-inner {\n  padding: 0px 0 0px 0px;\n  margin: 0px 0 0px 0px;\n}\n<\/style>\n\t<\/div>\n\n\t\n<\/div>\n","protected":false},"excerpt":{"rendered":"<p>Abonnez-vous et laissez-vous inspirer par Gasdum<\/p>\n","protected":false},"author":1,"featured_media":0,"parent":0,"menu_order":0,"comment_status":"closed","ping_status":"closed","template":"","meta":{"_acf_changed":false,"footnotes":""},"class_list":["post-7526","page","type-page","status-publish","hentry"],"acf":[],"_links":{"self":[{"href":"https:\/\/gasdum.com\/fr\/wp-json\/wp\/v2\/pages\/7526","targetHints":{"allow":["GET"]}}],"collection":[{"href":"https:\/\/gasdum.com\/fr\/wp-json\/wp\/v2\/pages"}],"about":[{"href":"https:\/\/gasdum.com\/fr\/wp-json\/wp\/v2\/types\/page"}],"author":[{"embeddable":true,"href":"https:\/\/gasdum.com\/fr\/wp-json\/wp\/v2\/users\/1"}],"replies":[{"embeddable":true,"href":"https:\/\/gasdum.com\/fr\/wp-json\/wp\/v2\/comments?post=7526"}],"version-history":[{"count":0,"href":"https:\/\/gasdum.com\/fr\/wp-json\/wp\/v2\/pages\/7526\/revisions"}],"wp:attachment":[{"href":"https:\/\/gasdum.com\/fr\/wp-json\/wp\/v2\/media?parent=7526"}],"curies":[{"name":"wp","href":"https:\/\/api.w.org\/{rel}","templated":true}]}}