{"id":7495,"date":"2020-05-18T14:36:41","date_gmt":"2020-05-18T13:36:41","guid":{"rendered":"https:\/\/www.gasdum.com\/legal-warning\/"},"modified":"2020-06-01T10:43:02","modified_gmt":"2020-06-01T09:43:02","slug":"legal-warning","status":"publish","type":"page","link":"https:\/\/gasdum.com\/fr\/legal-warning\/","title":{"rendered":"Avertissement l\u00e9gal"},"content":{"rendered":"<div class=\"row\"  id=\"row-1099917438\">\n\n\t<div id=\"col-12276813\" class=\"col small-12 large-12\"  >\n\t\t\t\t<div class=\"col-inner\"  >\n\t\t\t\n\t\t\t\n<div class=\"include-page-content\">\n<h1 class=\"page-main-title\"><span>Avertissement l\u00e9gal<\/span><\/h1>\n<div>\n<p><span style=\"font-size: medium;\"><span style=\"color: black;\"><span style=\"vertical-align: inherit;\"><span style=\"vertical-align: inherit;\">Le propri\u00e9taire du site www.salgar.es est COMERCIAL SALGAR, SL, avec NIF A50048826 et son domicile est situ\u00e9 Calle Carretera de Logro\u00f1o, Km. 9,500, 50011, Zaragoza, (Zaragoza). <\/span><span style=\"vertical-align: inherit;\">L&rsquo;entit\u00e9 est inscrite au registre du commerce avec les donn\u00e9es d&rsquo;enregistrement suivantes: Cette entit\u00e9 est enregistr\u00e9e au registre du commerce de Saragosse, volume 3652, folio 13, feuille Z-47187. <\/span><\/span><\/span><\/span><\/p>\n<p><span style=\"font-size: medium;\"><span style=\"color: black;\"><span style=\"vertical-align: inherit;\"><span style=\"vertical-align: inherit;\">Afin que l&rsquo;utilisation du site Web soit conforme aux crit\u00e8res de transparence, de clart\u00e9 et de simplicit\u00e9, COMERCIAL SALGAR, SL informe l&rsquo;utilisateur que toute suggestion, question ou requ\u00eate concernant cet avis juridique ou tout autre document d&rsquo;information sur le site Web sera re\u00e7ue et r\u00e9solue par contacter COMERCIAL SALGAR, SL, via l&rsquo;adresse e-mail: lopd@salgar.net <\/span><\/span><\/span><\/span><\/p>\n<p><span style=\"font-size: medium;\"><strong><span style=\"color: black;\"><span style=\"vertical-align: inherit;\"><span style=\"vertical-align: inherit;\">VEUILLEZ LIRE ATTENTIVEMENT CES CONDITIONS<\/span><\/span><\/span><\/strong><\/span><\/p>\n<p><span style=\"font-size: medium;\"><span style=\"color: black;\"><span style=\"vertical-align: inherit;\"><span style=\"vertical-align: inherit;\">Les pr\u00e9sentes conditions g\u00e9n\u00e9rales r\u00e9gissent express\u00e9ment les relations entre COMERCIAL SALGAR, SL, avec NIF A50048826 et son domicile situ\u00e9 Calle Carretera de Logro\u00f1o, Km. 9 500, 50011, Saragosse, (Saragosse) Espagne, ci-apr\u00e8s \u00ab\u00a0SALGAR\u00a0\u00bb) et des tiers (ci-apr\u00e8s \u00ab\u00a0Utilisateurs\u00a0\u00bb) qui s&rsquo;enregistrent en tant qu&rsquo;utilisateurs et \/ ou ach\u00e8tent des produits via la boutique en ligne du site officiel de SALGAR (http: \/\/ salgar. net, ci-apr\u00e8s le \u00ab\u00a0Store\u00a0\u00bb).<\/span><\/span><\/span><\/span><\/p>\n<p><span style=\"font-size: medium;\"><span style=\"color: black;\"><strong><span style=\"vertical-align: inherit;\"><span style=\"vertical-align: inherit;\">2. OBLIGATIONS DE L&rsquo;UTILISATEUR<\/span><\/span><\/strong><\/span><\/span><\/p>\n<p><span style=\"font-size: medium;\"><span style=\"color: black;\"><span style=\"vertical-align: inherit;\"><span style=\"vertical-align: inherit;\"> 2.1 L&rsquo;Utilisateur est oblig\u00e9, en g\u00e9n\u00e9ral, d&rsquo;utiliser la Boutique, d&rsquo;acheter les Produits et d&rsquo;utiliser diligemment chacun des services de la Boutique, conform\u00e9ment \u00e0 la loi, aux bonnes m\u0153urs, \u00e0 l&rsquo;ordre public et aux dispositions des pr\u00e9sentes Conditions G\u00e9n\u00e9rales, et vous devez \u00e9galement s&rsquo;abstenir de les utiliser d&rsquo;une mani\u00e8re qui pourrait emp\u00eacher, endommager ou nuire au fonctionnement normal et \u00e0 la jouissance de la Boutique par les Utilisateurs ou qui pourrait blesser ou causer des dommages aux biens et droits de SALGAR, de ses fournisseurs, des Utilisateurs ou en g\u00e9n\u00e9ral de tout tiers f\u00eate.<\/span><\/span><\/span><\/span><\/p>\n<p><span style=\"font-size: medium;\"><span style=\"color: black;\"><strong><span style=\"vertical-align: inherit;\"><span style=\"vertical-align: inherit;\">3. PRODUITS ET PRIX<\/span><\/span><\/strong><\/span><\/span><\/p>\n<p><span style=\"font-size: medium;\"><span style=\"color: black;\"><span style=\"vertical-align: inherit;\"><span style=\"vertical-align: inherit;\"> 3.1 SALGAR se r\u00e9serve le droit de d\u00e9cider, \u00e0 tout moment, des Produits propos\u00e9s aux Utilisateurs via la Boutique. <\/span><span style=\"vertical-align: inherit;\">En particulier, SALGAR peut \u00e0 tout moment ajouter de nouveaux Produits \u00e0 ceux propos\u00e9s ou inclus dans la Boutique, \u00e9tant entendu que sauf indication contraire, ces nouveaux Produits seront r\u00e9gis par les dispositions des pr\u00e9sentes Conditions G\u00e9n\u00e9rales. <\/span><span style=\"vertical-align: inherit;\">De m\u00eame, SALGAR se r\u00e9serve le droit de cesser de fournir ou de faciliter l&rsquo;acc\u00e8s et l&rsquo;utilisation \u00e0 tout moment et sans pr\u00e9avis de l&rsquo;une des diff\u00e9rentes classes de Produits propos\u00e9s dans la Boutique.<\/span><\/span><\/span><\/span><\/p>\n<p><span style=\"font-size: medium;\"><span style=\"color: black;\"><span style=\"vertical-align: inherit;\"><span style=\"vertical-align: inherit;\"> 3.2 Les Produits inclus dans la Boutique correspondront de la mani\u00e8re la plus fiable possible que la technologie d&rsquo;affichage Web permet pour les Produits r\u00e9ellement offerts. <\/span><span style=\"vertical-align: inherit;\">Les caract\u00e9ristiques des Produits et leurs prix apparaissent dans la Boutique. <\/span><span style=\"vertical-align: inherit;\">Les prix indiqu\u00e9s dans la boutique sont en euros et n&rsquo;incluent pas la TVA pour les utilisateurs \u00ab\u00a0professionnels\u00a0\u00bb. <\/span><span style=\"vertical-align: inherit;\">Les clients non professionnels ne pourront pas effectuer l&rsquo;achat de produits et les prix effectifs s&rsquo;ils incluent la TVA.<\/span><\/span><\/span><\/span><\/p>\n<p><span style=\"font-size: medium;\"><span style=\"color: black;\"><strong><span style=\"vertical-align: inherit;\"><span style=\"vertical-align: inherit;\">4. PROCEDURE ET MODE DE PAIEMENT DES PRODUITS<\/span><\/span><\/strong><\/span><\/span><\/p>\n<p><span style=\"font-size: medium;\"><span style=\"color: black;\"><span style=\"vertical-align: inherit;\"><span style=\"vertical-align: inherit;\"> 4.1 Dans un d\u00e9lai maximum de vingt-quatre (24) heures, SALGAR enverra un e-mail \u00e0 l&rsquo;Utilisateur, confirmant l&rsquo;achat. <\/span><span style=\"vertical-align: inherit;\">Les conditions et modalit\u00e9s de paiement seront toujours celles que le client a convenues r\u00e9guli\u00e8rement avec Salgar, vous pouvez les consulter en contactant SALGAR \u00e0 tout moment.<\/span><\/span><\/span><\/span><\/p>\n<p><span style=\"color: black;\"><span style=\"font-size: medium;\"><span style=\"vertical-align: inherit;\"><span style=\"vertical-align: inherit;\"> 4.2 La confirmation de commande envoy\u00e9e par SALGAR n&rsquo;est pas valable comme facture, uniquement comme preuve d&rsquo;achat. <\/span><span style=\"vertical-align: inherit;\">SALGAR permet d&rsquo;envoyer la facture par e-mail \u00e0 l&rsquo;adresse du client une fois g\u00e9n\u00e9r\u00e9e dans le syst\u00e8me interne de Salgar.<\/span><\/span><\/span><\/span><\/p>\n<p><span style=\"font-size: medium;\"><strong><span style=\"color: black;\"><span style=\"vertical-align: inherit;\"><span style=\"vertical-align: inherit;\">5. DROIT DE RETRACTATION<\/span><\/span><\/span><\/strong><\/span><\/p>\n<p><span style=\"font-size: medium;\"> <span style=\"color: black;\"><span style=\"vertical-align: inherit;\"><span style=\"vertical-align: inherit;\"> 5.1 L&rsquo;utilisateur dispose d&rsquo;un droit de r\u00e9tractation lui permettant de contacter SALGAR par e-mail \u00e0 l&rsquo;adresse suivante: <\/span><\/span><\/span><span style=\"color: #1f497d;\"><span style=\"vertical-align: inherit;\"><span style=\"vertical-align: inherit;\">comunicacion@salgar.net<\/span><\/span><\/span><span style=\"color: black;\"><span style=\"vertical-align: inherit;\"><span style=\"vertical-align: inherit;\"> et renoncer \u00e0 l&rsquo;achat dans un d\u00e9lai ne d\u00e9passant pas sept (14) jours ouvrables, \u00e0 compter de la r\u00e9ception du Produit. <\/span><span style=\"vertical-align: inherit;\">Le Produit doit \u00eatre envoy\u00e9 accompagn\u00e9 du bon de retour d\u00fbment compl\u00e9t\u00e9 et d&rsquo;une copie du bon de livraison ou de la facture, d\u00fbment compl\u00e9t\u00e9, aux frais de SALGAR aux frais directs de retour du Produit. <\/span><span style=\"vertical-align: inherit;\">Ce retour sera effectu\u00e9 conform\u00e9ment aux instructions que SALGAR indiquera \u00e0 l&rsquo;Utilisateur en r\u00e9ponse \u00e0 sa notification de l&rsquo;exercice de r\u00e9tractation. <\/span><span style=\"vertical-align: inherit;\">L&rsquo;Utilisateur doit retourner le Produit dans un d\u00e9lai maximum de (14) jours \u00e0 compter de la date \u00e0 laquelle SALGAR indique le formulaire de retour.<\/span><\/span><\/span><\/span><\/p>\n<p><span style=\"font-size: medium;\"><span style=\"color: black;\"><span style=\"vertical-align: inherit;\"><span style=\"vertical-align: inherit;\"> 5.2 Le retrait implique le retour du montant pay\u00e9 par le m\u00eame moyen de paiement que l&rsquo;achat a \u00e9t\u00e9 effectu\u00e9. <\/span><span style=\"vertical-align: inherit;\">Le terme dudit paiement sera celui fix\u00e9 par la loi.<\/span><\/span><\/span><\/span><\/p>\n<p><span style=\"font-size: medium;\"><span style=\"color: black;\"><span style=\"vertical-align: inherit;\"><span style=\"vertical-align: inherit;\"> 5.3 Le droit de r\u00e9tractation ne peut \u00eatre exerc\u00e9 lorsque le Produit n&rsquo;est pas retourn\u00e9 dans son emballage d&rsquo;origine et lorsque le Produit n&rsquo;est pas en parfait \u00e9tat.<\/span><\/span><\/span><\/span><\/p>\n<p><span style=\"font-size: medium;\"><span style=\"color: black;\"><strong><span style=\"vertical-align: inherit;\"><span style=\"vertical-align: inherit;\">6. SERVICE CLIENT<\/span><\/span><\/strong><\/span><\/span><\/p>\n<p><span style=\"font-size: medium;\"> <span style=\"color: black;\"><span style=\"vertical-align: inherit;\"><span style=\"vertical-align: inherit;\"> 6.1 Pour tout incident, r\u00e9clamation ou exercice de leurs droits, l&rsquo;Utilisateur peut envoyer un email \u00e0 l&rsquo;adresse <\/span><\/span><\/span><span style=\"color: #1f497d;\"><span style=\"vertical-align: inherit;\"><span style=\"vertical-align: inherit;\">comunicacion@salgar.net<\/span><\/span><\/span><\/span><\/p>\n<p><span style=\"font-size: medium;\"><span style=\"color: black;\"><strong><span style=\"vertical-align: inherit;\"><span style=\"vertical-align: inherit;\">7. SERVICE DE LIVRAISON<\/span><\/span><\/strong><\/span><\/span><\/p>\n<p><span style=\"font-size: medium;\"><span style=\"color: black;\"><span style=\"vertical-align: inherit;\"><span style=\"vertical-align: inherit;\"> 7.1 La port\u00e9e territoriale des ventes par le biais de la Boutique est exclusivement pour le territoire de l&rsquo;Union europ\u00e9enne et d&rsquo;autres pays sp\u00e9cifi\u00e9s par Salgar, donc le service de livraison ne sera que pour ces territoires. <\/span><span style=\"vertical-align: inherit;\">Les produits achet\u00e9s via la boutique seront envoy\u00e9s \u00e0 l&rsquo;adresse de livraison que l&rsquo;utilisateur a enregistr\u00e9e comme adresse de livraison dans la base de donn\u00e9es Salgar une fois le paiement v\u00e9rifi\u00e9, le d\u00e9lai de livraison \u00e9tant le plus court possible en fonction de la disponibilit\u00e9 des produits.<\/span><\/span><\/span><\/span><\/p>\n<p><span style=\"font-size: medium;\"><span style=\"color: black;\"><span style=\"vertical-align: inherit;\"><span style=\"vertical-align: inherit;\"> 7.2 Le service de livraison de SALGAR est r\u00e9alis\u00e9 en collaboration avec diff\u00e9rents op\u00e9rateurs logistiques prestigieux. <\/span><span style=\"vertical-align: inherit;\">Les commandes ne seront pas servies dans les bo\u00eetes postales ou dans les h\u00f4tels ou autres adresses non permanentes.<\/span><\/span><\/span><\/span><\/p>\n<p><span style=\"font-size: medium;\"><span style=\"color: black;\"><span style=\"vertical-align: inherit;\"><span style=\"vertical-align: inherit;\"> 7.3 Le co\u00fbt des exp\u00e9ditions n&rsquo;est pas inclus dans le prix des Produits. <\/span><span style=\"vertical-align: inherit;\">Au moment de l&rsquo;achat du Produit, l&rsquo;Utilisateur sera inform\u00e9 du co\u00fbt exact de l&rsquo;exp\u00e9dition.<\/span><\/span><\/span><\/span><\/p>\n<p><span style=\"font-size: medium;\"><span style=\"color: black;\"><strong><span style=\"vertical-align: inherit;\"><span style=\"vertical-align: inherit;\">8. PROPRI\u00c9T\u00c9 INTELLECTUELLE ET INDUSTRIELLE<\/span><\/span><\/strong><\/span><\/span><\/p>\n<p style=\"text-align: justify;\"><span style=\"color: black;\"><span style=\"font-size: medium;\"><span style=\"vertical-align: inherit;\"><span style=\"vertical-align: inherit;\"> 8.1 Ces conditions r\u00e9giront au moment de l&rsquo;acceptation de la relation commerciale entre l&rsquo;Utilisateur Professionnel et SALGAR concernant l&rsquo;utilisation et le t\u00e9l\u00e9chargement d&rsquo;images, de fichiers CAO, de certificats, de fiches techniques et d&rsquo;instructions qui apparaissent sur le site Web WWW.SALGAR. .NET. <\/span><span style=\"vertical-align: inherit;\">Le simple acc\u00e8s et \/ ou l&rsquo;utilisation du portail, de tout ou partie de son contenu et \/ ou de ses services signifie l&rsquo;acceptation pleine et enti\u00e8re de ces conditions d&rsquo;utilisation. <\/span><\/span><\/span><\/span><\/p>\n<p style=\"text-align: justify;\"><span style=\"color: black;\"><span style=\"font-size: medium;\"><span style=\"vertical-align: inherit;\"><span style=\"vertical-align: inherit;\">Ce contenu est prot\u00e9g\u00e9 par le droit d&rsquo;auteur correspondant conform\u00e9ment aux dispositions du d\u00e9cret l\u00e9gislatif royal 1\/1996 du 12 avril approuvant le texte r\u00e9vis\u00e9 de la loi sur la propri\u00e9t\u00e9 intellectuelle. <\/span><span style=\"vertical-align: inherit;\">Being its owner SALGAR, the power of use does not constitute an assignment, sale or transfer of ownership of the intellectual property rights.<\/span><\/span><\/span><\/span><\/p>\n<p style=\"text-align: justify;\"><span style=\"color: black;\"><span style=\"font-size: medium;\"><span style=\"vertical-align: inherit;\"><span style=\"vertical-align: inherit;\"> 8.2 The User acknowledges that all the elements of the Store and of each of the Products, the information and materials contained (especially images, texts, logos and trade names) in them, the brands, the structure, selection, arrangement and presentation of its contents, and the computer programs used in relation to them, are protected by intellectual and industrial property rights of SALGAR itself or of third parties, and that the General Conditions do not attribute to it with respect to said industrial and intellectual property rights, any another right other than those specifically contemplated therein.<\/span><\/span><\/span><\/span><\/p>\n<p style=\"text-align: justify;\"><span style=\"color: black;\"><span style=\"font-size: medium;\"><span style=\"vertical-align: inherit;\"><span style=\"vertical-align: inherit;\">Unless authorized by SALGAR or, as the case may be, by the third-party holders of the corresponding rights, or unless this is legally permitted, the User may not transform, modify, disassemble, reverse engineer, distribute, rent, loan, put to provision, or allow access to the public through any form of public communication of any of the elements referred to in the preceding paragraph.<\/span><\/span><\/span><\/span><\/p>\n<p style=\"text-align: justify;\"><span style=\"color: black;\"><span style=\"font-size: medium;\"><span style=\"vertical-align: inherit;\"><span style=\"vertical-align: inherit;\"> 8.3 The Professional User has the obligation to make a legitimate use of the images, CAD files, certificates, technical sheets and instructions of the products, provided by SALGAR, and must strictly comply with the commercial agreements and conditions in force. <\/span><span style=\"vertical-align: inherit;\">By downloading and using the content provided by SALGAR, the Professional User agrees to: (i) DO NOT make inappropriate, fraudulent or unfair use of the content provided by SALGAR. <\/span><span style=\"vertical-align: inherit;\">(ii) DO NOT infringe intellectual property and privacy rights, among others, the rights protected by copyright, (iii) DO NOT make use of the content provided by SALGAR in the event of termination of the commercial relationship between the Professional User and the company.<\/span><\/span><\/span><\/span><\/p>\n<p style=\"text-align: justify;\"><span style=\"color: black;\"><span style=\"font-size: medium;\"><span style=\"vertical-align: inherit;\"><span style=\"vertical-align: inherit;\">SALGAR may modify at any time the conditions of use of the content provided through the Professional User Portal.<\/span><\/span><\/span><\/span><\/p>\n<p style=\"text-align: justify;\"><span style=\"color: black;\"><span style=\"font-size: medium;\"><span style=\"vertical-align: inherit;\"><span style=\"vertical-align: inherit;\"> 8.4 Any conflict that may arise from the interpretation and execution of this agreement is submitted to the jurisdiction of the Courts and Tribunals of the city of Zaragoza.<\/span><\/span><\/span><\/span><\/p>\n<p><span style=\"font-size: medium;\"><span style=\"color: black;\"><strong><span style=\"vertical-align: inherit;\"><span style=\"vertical-align: inherit;\">9. DATA PROTECTION<\/span><\/span><\/strong><\/span><\/span><\/p>\n<p><span style=\"font-size: medium;\"><span style=\"color: black;\"><span style=\"vertical-align: inherit;\"><span style=\"vertical-align: inherit;\"> 9.1 In compliance with Law 15\/99 LOPD, we inform you that your personal data and other information provided through the registration form, as well as that from the transactions made, will be included and kept in a file for treatment, owned by SALGAR , as long as its cancellation is not requested. <\/span><span style=\"vertical-align: inherit;\">The treatment will be destined to the development and execution of the sale, the personalized attention of the products and services that it acquires and the improvement of said attention, as well as the promotion of its own products and services and those of third companies linked to SALGAR.<\/span><\/span><\/span><\/span><\/p>\n<p><span style=\"font-size: medium;\"><span style=\"color: black;\"><span style=\"vertical-align: inherit;\"><span style=\"vertical-align: inherit;\">Likewise, you are informed that your data will be made available to transport companies (DHL, <\/span><\/span><\/span><span style=\"color: #454545;\"><span style=\"vertical-align: inherit;\"><span style=\"vertical-align: inherit;\"> S <\/span><\/span><\/span><span style=\"color: black;\"><span style=\"vertical-align: inherit;\"><span style=\"vertical-align: inherit;\">chenker, Dachser, TNT) for the purposes of logistics and transport, SALGAR will treat this data with the utmost confidentiality, being the sole and exclusive recipient of the same, and not making assignments or communications to third parties apart from those indicated by current regulations.<\/span><\/span><\/span><\/span><\/p>\n<p><span style=\"font-size: medium;\"><span style=\"color: black;\"><span style=\"vertical-align: inherit;\"><span style=\"vertical-align: inherit;\">The user expressly authorizes SALGAR to send, including through electronic means, by SALGAR and the aforementioned entities, commercial communications and promotional offers and contests. <\/span><span style=\"vertical-align: inherit;\">Yes I accept.<\/span><\/span><\/span><\/span><\/p>\n<p><span style=\"font-size: medium;\"> <span style=\"color: black;\"><span style=\"vertical-align: inherit;\"><span style=\"vertical-align: inherit;\"> 9.2 The User may exercise at any time the rights of access, rectification, opposition or cancellation by contacting SALGAR, SALGARX or by email addressed to <\/span><\/span><\/span><span style=\"color: #0070c0;\"><span style=\"vertical-align: inherit;\"><span style=\"vertical-align: inherit;\">lopd@salgar.net <\/span><\/span><\/span><span style=\"color: black;\"><span style=\"vertical-align: inherit;\"><span style=\"vertical-align: inherit;\">, attaching a copy of their NIF or substitute identification document.<\/span><\/span><\/span><\/span><\/p>\n<p><span style=\"font-size: medium;\"><span style=\"vertical-align: inherit;\"><span style=\"vertical-align: inherit;\">  9.3.  <\/span><span style=\"vertical-align: inherit;\">Answers marked with * in the registration form are mandatory. <\/span><span style=\"vertical-align: inherit;\">Your non-response will prevent the purchase of the selected products from being made.<\/span><\/span><\/span><\/p>\n<p><span style=\"font-size: medium;\"><span style=\"color: black;\"><strong><span style=\"vertical-align: inherit;\"><span style=\"vertical-align: inherit;\">10. PASSWORDS<\/span><\/span><\/strong><\/span><\/span><\/p>\n<p><span style=\"font-size: medium;\"><span style=\"color: black;\"><span style=\"vertical-align: inherit;\"><span style=\"vertical-align: inherit;\"> 10.1 SALGAR will facilitate the use of personal passwords for the user who registers as such on the website. <\/span><span style=\"vertical-align: inherit;\">These passwords will be used to access the services provided through the Website. <\/span><span style=\"vertical-align: inherit;\">The user must keep the passwords under his sole responsibility in the strictest and absolute confidentiality, assuming, therefore, how many damages or consequences of any kind derive from the breach or disclosure of the secret. <\/span><span style=\"vertical-align: inherit;\">For security reasons, the password for telematic access to the services linked to the Website may be modified at any time by the user. <\/span><span style=\"vertical-align: inherit;\">The User agrees to notify SALGAR immediately of any unauthorized use of their password, as well as access by unauthorized third parties to it.<\/span><\/span><\/span><\/span><\/p>\n<p><span style=\"font-size: medium;\"><span style=\"color: black;\"><strong><span style=\"vertical-align: inherit;\"><span style=\"vertical-align: inherit;\">11. COOKIES<\/span><\/span><\/strong><\/span><\/span><\/p>\n<p><span style=\"font-size: medium;\"><span style=\"color: black;\"><span style=\"vertical-align: inherit;\"><span style=\"vertical-align: inherit;\"> 11.1 SALGAR uses cookies in order to improve its services, facilitate navigation, maintain security, verify the identity of the User, facilitate access to personal preferences and follow their use of the Store. <\/span><span style=\"vertical-align: inherit;\">Cookies are files installed on the computer&rsquo;s hard drive or in the browser&rsquo;s memory in the folder preconfigured by the User&rsquo;s computer operating system to identify you.<\/span><\/span><\/span><\/span><\/p>\n<p><span style=\"font-size: medium;\"><span style=\"color: black;\"><span style=\"vertical-align: inherit;\"><span style=\"vertical-align: inherit;\"> 11.2 If the User does not want a cookie to be installed on his hard drive, he must configure his Internet browsing program to not receive them. <\/span><span style=\"vertical-align: inherit;\">Likewise, the User may destroy cookies freely. <\/span><span style=\"vertical-align: inherit;\">In the event that the User decides to disable cookies, the quality and speed of the service may decrease and, even, he will lose access to some of the services offered in the Store. <\/span><\/span><\/span><\/span><\/p>\n<p><span style=\"font-size: medium;\"><strong><span style=\"color: black;\"><span style=\"vertical-align: inherit;\"><span style=\"vertical-align: inherit;\">12. APPLICABLE LAW AND JURISDICTION<\/span><\/span><\/span><\/strong><\/span><\/p>\n<p><span style=\"color: black;\"><span style=\"font-size: medium;\"><span style=\"vertical-align: inherit;\"><span style=\"vertical-align: inherit;\">These general conditions are governed by Spanish law. <\/span><span style=\"vertical-align: inherit;\">Any controversy arising from the interpretation or execution that may arise in relation to the validity, interpretation, fulfillment or resolution of this contract will be submitted to the Jurisdiction and Competition of the Courts and Tribunals of the City of Zaragoza, waiving any jurisdiction that may correspond to the User, provided that the applicable legislation allows it.<\/span><\/span><\/span><\/span><\/p>\n<\/div>\n<\/div>\n\t\t<\/div>\n\t\t\t\t\t<\/div>\n\n\t\n<\/div>\n","protected":false},"excerpt":{"rendered":"","protected":false},"author":1,"featured_media":0,"parent":0,"menu_order":0,"comment_status":"closed","ping_status":"closed","template":"","meta":{"_acf_changed":false,"footnotes":""},"class_list":["post-7495","page","type-page","status-publish","hentry"],"acf":[],"_links":{"self":[{"href":"https:\/\/gasdum.com\/fr\/wp-json\/wp\/v2\/pages\/7495","targetHints":{"allow":["GET"]}}],"collection":[{"href":"https:\/\/gasdum.com\/fr\/wp-json\/wp\/v2\/pages"}],"about":[{"href":"https:\/\/gasdum.com\/fr\/wp-json\/wp\/v2\/types\/page"}],"author":[{"embeddable":true,"href":"https:\/\/gasdum.com\/fr\/wp-json\/wp\/v2\/users\/1"}],"replies":[{"embeddable":true,"href":"https:\/\/gasdum.com\/fr\/wp-json\/wp\/v2\/comments?post=7495"}],"version-history":[{"count":0,"href":"https:\/\/gasdum.com\/fr\/wp-json\/wp\/v2\/pages\/7495\/revisions"}],"wp:attachment":[{"href":"https:\/\/gasdum.com\/fr\/wp-json\/wp\/v2\/media?parent=7495"}],"curies":[{"name":"wp","href":"https:\/\/api.w.org\/{rel}","templated":true}]}}