{"id":4094,"date":"2020-04-01T20:54:28","date_gmt":"2020-04-01T19:54:28","guid":{"rendered":"https:\/\/www.gasdum.com\/?page_id=4094"},"modified":"2023-10-28T15:32:05","modified_gmt":"2023-10-28T07:32:05","slug":"profile","status":"publish","type":"page","link":"https:\/\/gasdum.com\/fr\/about-gasdum\/profile\/","title":{"rendered":"profil"},"content":{"rendered":"\n  <div class=\"banner has-hover\" id=\"banner-1494048413\">\n          <div class=\"banner-inner fill\">\n        <div class=\"banner-bg fill\" >\n            <img loading=\"lazy\" decoding=\"async\" width=\"1500\" height=\"297\" src=\"https:\/\/gasdum.com\/wp-content\/uploads\/2019\/12\/banner-image.jpg\" class=\"bg attachment-original size-original\" alt=\"\" \/>                        <div class=\"overlay\"><\/div>            \n                    <\/div>\n\t\t\n        <div class=\"banner-layers container\">\n            <div class=\"fill banner-link\"><\/div>            \n   <div id=\"text-box-175403246\" class=\"text-box banner-layer x50 md-x50 lg-x50 y50 md-y50 lg-y50 res-text\">\n                                <div class=\"text-box-content text dark\">\n              \n              <div class=\"text-inner text-center\">\n                  \n              <\/div>\n           <\/div>\n                            \n<style>\n#text-box-175403246 {\n  width: 60%;\n}\n#text-box-175403246 .text-box-content {\n  font-size: 100%;\n}\n<\/style>\n    <\/div>\n \n        <\/div>\n      <\/div>\n\n              <div class=\"height-fix is-invisible\"><img loading=\"lazy\" decoding=\"async\" width=\"1500\" height=\"297\" src=\"https:\/\/gasdum.com\/wp-content\/uploads\/2019\/12\/banner-image.jpg\" class=\"attachment-original size-original\" alt=\"\" srcset=\"https:\/\/gasdum.com\/wp-content\/uploads\/2019\/12\/banner-image.jpg 1500w, https:\/\/gasdum.com\/wp-content\/uploads\/2019\/12\/banner-image-510x101.jpg 510w, https:\/\/gasdum.com\/wp-content\/uploads\/2019\/12\/banner-image-800x158.jpg 800w, https:\/\/gasdum.com\/wp-content\/uploads\/2019\/12\/banner-image-1400x277.jpg 1400w, https:\/\/gasdum.com\/wp-content\/uploads\/2019\/12\/banner-image-768x152.jpg 768w, https:\/\/gasdum.com\/wp-content\/uploads\/2019\/12\/banner-image-1536x304.jpg 1536w\" sizes=\"auto, (max-width: 1500px) 100vw, 1500px\" \/><\/div>\n            \n<style>\n#banner-1494048413 {\n  padding-top: 96px;\n}\n#banner-1494048413 .overlay {\n  background-color: rgba(163, 163, 163, 0.22);\n}\n#banner-1494048413 .banner-bg img {\n  object-position: 22% 0%;\n}\n<\/style>\n  <\/div>\n\n\n\n\t<section class=\"section\" id=\"section_2017866934\">\n\t\t<div class=\"section-bg fill\" >\n\t\t\t<img loading=\"lazy\" decoding=\"async\" width=\"1500\" height=\"297\" src=\"https:\/\/gasdum.com\/wp-content\/uploads\/2019\/12\/banner-image.jpg\" class=\"bg attachment- size-\" alt=\"\" \/>\t\t\t\t\t\t<div class=\"section-bg-overlay absolute fill\"><\/div>\n\t\t\t\n\n\t\t<\/div>\n\n\t\t\n\n\t\t<div class=\"section-content relative\">\n\t\t\t\n  <div class=\"banner-grid-wrapper\">\n  <div id=\"banner-grid-1843213163\" class=\"banner-grid row row-grid row-small\" data-packery-options=\"\">\n                      \n<div class=\"col grid-col large-6 grid-col-1\" ><div class=\"col-inner\">\n\t<div class=\"img has-hover x md-x lg-x y md-y lg-y\" id=\"image_1201093496\">\n\t\t\t\t\t\t\t\t<div class=\"img-inner dark\" >\n\t\t\t<img loading=\"lazy\" decoding=\"async\" width=\"1020\" height=\"765\" src=\"https:\/\/gasdum.com\/wp-content\/uploads\/2023\/10\/2023-10-11-22084615-1067x800.jpg\" class=\"attachment-large size-large\" alt=\"\" srcset=\"https:\/\/gasdum.com\/wp-content\/uploads\/2023\/10\/2023-10-11-22084615-1067x800.jpg 1067w, https:\/\/gasdum.com\/wp-content\/uploads\/2023\/10\/2023-10-11-22084615-533x400.jpg 533w, https:\/\/gasdum.com\/wp-content\/uploads\/2023\/10\/2023-10-11-22084615-768x576.jpg 768w, https:\/\/gasdum.com\/wp-content\/uploads\/2023\/10\/2023-10-11-22084615-1536x1152.jpg 1536w, https:\/\/gasdum.com\/wp-content\/uploads\/2023\/10\/2023-10-11-22084615-2048x1536.jpg 2048w, https:\/\/gasdum.com\/wp-content\/uploads\/2023\/10\/2023-10-11-22084615-610x457.jpg 610w, https:\/\/gasdum.com\/wp-content\/uploads\/2023\/10\/2023-10-11-22084615-510x382.jpg 510w\" sizes=\"auto, (max-width: 1020px) 100vw, 1020px\" \/>\t\t\t\t\t\t\n\t\t\t\t\t<\/div>\n\t\t\t\t\t\t\t\t\n<style>\n#image_1201093496 {\n  width: 100%;\n}\n<\/style>\n\t<\/div>\n\t\n<\/div><\/div>\n<div class=\"col grid-col large-3 grid-col-1\" ><div class=\"col-inner\">\n\t<div class=\"img has-hover x md-x lg-x y md-y lg-y\" id=\"image_917261576\">\n\t\t\t\t\t\t\t\t<div class=\"img-inner dark\" >\n\t\t\t<img loading=\"lazy\" decoding=\"async\" width=\"1020\" height=\"574\" src=\"https:\/\/gasdum.com\/wp-content\/uploads\/2022\/09\/IMG_0872-1400x788.jpg\" class=\"attachment-large size-large\" alt=\"\" srcset=\"https:\/\/gasdum.com\/wp-content\/uploads\/2022\/09\/IMG_0872-1400x788.jpg 1400w, https:\/\/gasdum.com\/wp-content\/uploads\/2022\/09\/IMG_0872-710x400.jpg 710w, https:\/\/gasdum.com\/wp-content\/uploads\/2022\/09\/IMG_0872-768x432.jpg 768w, https:\/\/gasdum.com\/wp-content\/uploads\/2022\/09\/IMG_0872-1536x865.jpg 1536w, https:\/\/gasdum.com\/wp-content\/uploads\/2022\/09\/IMG_0872-610x344.jpg 610w, https:\/\/gasdum.com\/wp-content\/uploads\/2022\/09\/IMG_0872-510x287.jpg 510w, https:\/\/gasdum.com\/wp-content\/uploads\/2022\/09\/IMG_0872.jpg 1600w\" sizes=\"auto, (max-width: 1020px) 100vw, 1020px\" \/>\t\t\t\t\t\t\n\t\t\t\t\t<\/div>\n\t\t\t\t\t\t\t\t\n<style>\n#image_917261576 {\n  width: 100%;\n}\n<\/style>\n\t<\/div>\n\t\n<\/div><\/div>\n<div class=\"col grid-col large-3 grid-col-1-2\" ><div class=\"col-inner\">\n\t<div class=\"img has-hover x md-x lg-x y md-y lg-y\" id=\"image_948018936\">\n\t\t\t\t\t\t\t\t<div class=\"img-inner dark\" >\n\t\t\t<img loading=\"lazy\" decoding=\"async\" width=\"1020\" height=\"765\" src=\"https:\/\/gasdum.com\/wp-content\/uploads\/2023\/10\/a94425460daa5bd932844237683d994-1067x800.jpg\" class=\"attachment-large size-large\" alt=\"\" srcset=\"https:\/\/gasdum.com\/wp-content\/uploads\/2023\/10\/a94425460daa5bd932844237683d994-1067x800.jpg 1067w, https:\/\/gasdum.com\/wp-content\/uploads\/2023\/10\/a94425460daa5bd932844237683d994-533x400.jpg 533w, https:\/\/gasdum.com\/wp-content\/uploads\/2023\/10\/a94425460daa5bd932844237683d994-768x576.jpg 768w, https:\/\/gasdum.com\/wp-content\/uploads\/2023\/10\/a94425460daa5bd932844237683d994-1536x1152.jpg 1536w, https:\/\/gasdum.com\/wp-content\/uploads\/2023\/10\/a94425460daa5bd932844237683d994-2048x1536.jpg 2048w, https:\/\/gasdum.com\/wp-content\/uploads\/2023\/10\/a94425460daa5bd932844237683d994-610x458.jpg 610w, https:\/\/gasdum.com\/wp-content\/uploads\/2023\/10\/a94425460daa5bd932844237683d994-510x383.jpg 510w\" sizes=\"auto, (max-width: 1020px) 100vw, 1020px\" \/>\t\t\t\t\t\t\n\t\t\t\t\t<\/div>\n\t\t\t\t\t\t\t\t\n<style>\n#image_948018936 {\n  width: 100%;\n}\n<\/style>\n\t<\/div>\n\t\n<\/div><\/div>\n<div class=\"col grid-col large-3 grid-col-1-2\" ><div class=\"col-inner\">\n\t<div class=\"img has-hover x md-x lg-x y md-y lg-y\" id=\"image_1230850932\">\n\t\t\t\t\t\t\t\t<div class=\"img-inner dark\" >\n\t\t\t<img loading=\"lazy\" decoding=\"async\" width=\"1020\" height=\"765\" src=\"https:\/\/gasdum.com\/wp-content\/uploads\/2023\/10\/59a1a23dc3e35229dd0463513c6a85a-1067x800.jpg\" class=\"attachment-large size-large\" alt=\"\" srcset=\"https:\/\/gasdum.com\/wp-content\/uploads\/2023\/10\/59a1a23dc3e35229dd0463513c6a85a-1067x800.jpg 1067w, https:\/\/gasdum.com\/wp-content\/uploads\/2023\/10\/59a1a23dc3e35229dd0463513c6a85a-533x400.jpg 533w, https:\/\/gasdum.com\/wp-content\/uploads\/2023\/10\/59a1a23dc3e35229dd0463513c6a85a-768x576.jpg 768w, https:\/\/gasdum.com\/wp-content\/uploads\/2023\/10\/59a1a23dc3e35229dd0463513c6a85a-1536x1152.jpg 1536w, https:\/\/gasdum.com\/wp-content\/uploads\/2023\/10\/59a1a23dc3e35229dd0463513c6a85a-2048x1536.jpg 2048w, https:\/\/gasdum.com\/wp-content\/uploads\/2023\/10\/59a1a23dc3e35229dd0463513c6a85a-610x458.jpg 610w, https:\/\/gasdum.com\/wp-content\/uploads\/2023\/10\/59a1a23dc3e35229dd0463513c6a85a-510x383.jpg 510w\" sizes=\"auto, (max-width: 1020px) 100vw, 1020px\" \/>\t\t\t\t\t\t\n\t\t\t\t\t<\/div>\n\t\t\t\t\t\t\t\t\n<style>\n#image_1230850932 {\n  width: 100%;\n}\n<\/style>\n\t<\/div>\n\t\n<\/div><\/div>\n            <\/div>\n    <style>\n    #banner-grid-1843213163 .grid-col-1{height: 600px}\n    #banner-grid-1843213163 .grid-col-1-2{height: 300px}\n    #banner-grid-1843213163 .grid-col-1-3{height:200px}\n    #banner-grid-1843213163 .grid-col-2-3{height: 400px}\n    #banner-grid-1843213163 .grid-col-1-4{height: 150px}\n    #banner-grid-1843213163 .grid-col-3-4{height: 450px}\n\n\n    \n    \n\n  <\/style>\n    <\/div>\n  \n\t\t<\/div>\n\n\t\t\n<style>\n#section_2017866934 {\n  padding-top: 30px;\n  padding-bottom: 30px;\n}\n#section_2017866934 .section-bg-overlay {\n  background-color: rgba(255, 255, 255, 0.9);\n}\n<\/style>\n\t<\/section>\n\t\n\n\t<section class=\"section\" id=\"section_1861256516\">\n\t\t<div class=\"section-bg fill\" >\n\t\t\t\t\t\t\t\t\t\n\t\t\t\n\n\t\t<\/div>\n\n\t\t\n\n\t\t<div class=\"section-content relative\">\n\t\t\t\n<div class=\"row\"  id=\"row-1399386240\">\n\n\t<div id=\"col-903631030\" class=\"col medium-6 small-12 large-6\"  >\n\t\t\t\t<div class=\"col-inner\"  >\n\t\t\t\n\t\t\t\n<h4><span data-text-color=\"primary\"><strong>\u00c0 propos de nous -Gasdum, le nom auquel vous pouvez toujours faire confiance&#8230; !<\/strong><\/span><br \/>Morton Sanitary Ware manufacture limited est n\u00e9e d&rsquo;ann\u00e9es de connaissances et d&rsquo;expertise dans la fabrication de produits sanitaires en poterie de haute qualit\u00e9. Adh\u00e9rant au concept de combinaison de la tradition et de l&rsquo;innovation, nous nous effor\u00e7ons de cr\u00e9er une vie gracieuse et de devenir la meilleure entreprise d&rsquo;articles sanitaires au monde.<br \/>Au fil des ans, Gasdum a con\u00e7u une large gamme de produits performants, dot\u00e9s de fonctions distinctives et d&rsquo;un design avant-gardiste, adapt\u00e9s \u00e0 tous les secteurs et \u00e0 tous les budgets, y compris les march\u00e9s des sanitaires commerciaux, r\u00e9sidentiels, \u00e9ducatifs et de sant\u00e9. Nous am\u00e9liorons notre innovation et notre productivit\u00e9 gr\u00e2ce \u00e0 la formation du personnel et \u00e0 la gestion de l&rsquo;entreprise afin de rester en t\u00eate de la concurrence.<br \/>Nous combinons des techniques uniques de fabrication, de vente et de production pour nous lancer dans la diversification et l&rsquo;internationalisation.<br \/><span data-text-color=\"primary\"><strong>Notre missions<\/strong><\/span><br \/>&lsquo;adapter \u00e0 l&rsquo;\u00e9volution rapide de la technologie et conserver une longueur d&rsquo;avance en fournissant \u00e0 nos clients des produits et des services in\u00e9gal\u00e9s \u00e0 un prix comp\u00e9titif.<\/h4>\n\t\t<\/div>\n\t\t\t\t\n<style>\n#col-903631030 > .col-inner {\n  padding: 40px 0px 0px 0px;\n}\n<\/style>\n\t<\/div>\n\n\t\n\n\t<div id=\"col-612112023\" class=\"col medium-6 small-12 large-6\"  >\n\t\t\t\t<div class=\"col-inner\"  >\n\t\t\t\n\t\t\t\n\t<div class=\"img has-hover x md-x lg-x y md-y lg-y\" id=\"image_1239286984\">\n\t\t\t\t\t\t\t\t<div class=\"img-inner dark\" >\n\t\t\t<img loading=\"lazy\" decoding=\"async\" width=\"485\" height=\"476\" src=\"https:\/\/gasdum.com\/wp-content\/uploads\/2019\/12\/profile.png\" class=\"attachment-original size-original\" alt=\"\" srcset=\"https:\/\/gasdum.com\/wp-content\/uploads\/2019\/12\/profile.png 485w, https:\/\/gasdum.com\/wp-content\/uploads\/2019\/12\/profile-408x400.png 408w\" sizes=\"auto, (max-width: 485px) 100vw, 485px\" \/>\t\t\t\t\t\t\n\t\t\t\t\t<\/div>\n\t\t\t\t\t\t\t\t\n<style>\n#image_1239286984 {\n  width: 100%;\n}\n<\/style>\n\t<\/div>\n\t\n\t\t<\/div>\n\t\t\t\t\n<style>\n#col-612112023 > .col-inner {\n  margin: -20px 0px 0px 0px;\n}\n<\/style>\n\t<\/div>\n\n\t\n\n\t<div id=\"col-1918678672\" class=\"col small-12 large-12\"  >\n\t\t\t\t<div class=\"col-inner\"  >\n\t\t\t\n\t\t\t\n<h4><span data-text-color=\"primary\"><strong>Notre<\/strong><\/span> <br \/>visionAm\u00e9liorer la qualit\u00e9 de vie gr\u00e2ce \u00e0 nos innovations en mati\u00e8re de d\u00e9veloppement de produits et devenir un pionnier sur le march\u00e9 des produits sanitaires.<br \/><span data-text-color=\"primary\"><strong>Notre politique de qualit\u00e9Gasdum <\/strong><\/span><br \/>suit une approche \u00ab\u00a0sans compromis sur la qualit\u00e9\u00a0\u00bb dans la fabrication de tous les produits tout en pr\u00eatant attention au facteur environnemental dans la structure. Notre soci\u00e9t\u00e9 est certifi\u00e9e ISO 9001:2000, et toutes les directives d\u00e9passent la norme nationale GB\/T6952-2005 Sanitary Porcelain Wares.<br \/>Nos valeurs fondamentales<br \/>\u25cf Travail en \u00e9quipe-Nous travaillons en \u00e9quipe pour am\u00e9liorer notre processus de remue-m\u00e9ninges et trouver des moyens cr\u00e9atifs de fabriquer des produits.<br \/>\u25cf Innovation-L&rsquo;innovation est au c\u0153ur de Gasdum, favoris\u00e9e dans chacun de nos produits et processus afin de cr\u00e9er une valeur in\u00e9gal\u00e9e pour nos clients.<br \/>\u25cf Agilit\u00e9-Nous nous effor\u00e7ons de r\u00e9pondre efficacement aux nouvelles possibilit\u00e9s et d&rsquo;adopter rapidement les changements technologiques pour saisir les opportunit\u00e9s avanc\u00e9es.<br \/>\u25cf Centricit\u00e9 du client-Tout ce que nous faisons a pour but d&rsquo;am\u00e9liorer la qualit\u00e9 de vie de nos clients en leur offrant une exp\u00e9rience de premier ordre et des designs in\u00e9dits.<br \/>\u25cf Qualit\u00e9-Nous appr\u00e9cions chaque client et mettons tout en \u0153uvre pour fournir des produits de qualit\u00e9 assur\u00e9e afin d&rsquo;\u00eatre \u00e0 la hauteur de leurs attentes et de leur confiance.<br \/>Ce que nous faisons &#8211; \u00c9l\u00e9gance. Extravagance.ous avons commenc\u00e9 en tant qu&rsquo;\u00e9quipe de contr\u00f4le de la qualit\u00e9 d&rsquo;appareils sanitaires et nous avons effectu\u00e9 des contr\u00f4les de qualit\u00e9 pour de nombreuses grandes marques sans les d\u00e9cevoir. Apr\u00e8s \u00eatre devenus experts en contr\u00f4le de qualit\u00e9, nous nous sommes lanc\u00e9s dans la fabrication de produits sanitaires. Au d\u00e9but, nous ne fabriquions que des lavabos et des toilettes, mais aujourd&rsquo;hui, nous offrons notre expertise dans tous les types de produits sanitaires pour les b\u00e2timents commerciaux et r\u00e9sidentiels, les h\u00f4tels et les bureaux.<br \/>Nous offrons une large gamme de produits durables avec diff\u00e9rents designs, th\u00e8mes et couleurs pour r\u00e9pondre \u00e0 toutes les demandes des clients.<br \/>\u25cf Toilettes\u00c0 <br \/>Gasdum, nous avons des toilettes avec de nombreux designs et caract\u00e9ristiques qui compl\u00e8teront parfaitement le d\u00e9cor de toute salle de bain. Notre collection de toilettes comprend des toilettes \u00e0 une ou deux pi\u00e8ces, \u00e0 suspension murale et \u00e0 accouplement ferm\u00e9. Elles sont conviviales et disposent d&rsquo;une technologie de double chasse d&rsquo;eau qui offre le choix d&rsquo;utiliser deux options de chasse d&rsquo;eau.<br \/>\u25cf LavaboNotre <br \/>large gamme de lavabos pr\u00e9sente des designs et des couleurs uniques qui offrent \u00e0 nos clients de nombreuses options parmi lesquelles choisir. Nos vasques vont de la vasque sur pied, blanc brillant, color art, aux lavabos de salle de bains aux designs contemporains et de haute qualit\u00e9 qui s&rsquo;adapteront parfaitement \u00e0 toute salle de bains.<br \/>\u25cf Armoire de salle de bains<br \/>Les armoires de salle de bains de Gasdum offrent une forte r\u00e9sistance, une anticorrosion, une capacit\u00e9 d&rsquo;\u00e9tanch\u00e9it\u00e9, une grande capacit\u00e9 de charge et une grande solidit\u00e9. Il existe des armoires de salle de bains pour les besoins de chaque client ; classique ou moderne, luxueux ou simple ; nous avons quelque chose en magasin pour tout le monde.<br \/>\u25cf Miroir d&rsquo;armoire et miroir ledAvec les <br \/>articles sanitaires, nous proposons \u00e9galement des miroirs d&rsquo;armoire et des miroirs led qui vont bien avec nos lavabos et armoires de salle de bains. Ces miroirs sont fabriqu\u00e9s avec des designs avant-gardistes qui rehausseront le look de toute salle de bain.<br \/>Pourquoi nous choisir<br \/><span data-text-color=\"primary\"><strong>\u25cf Des conceptions attrayantesNos <\/strong><\/span><br \/>produits sont constitu\u00e9s de conceptions uniques et attrayantes. En gardant un \u0153il sur les tendances internationales et les derni\u00e8res technologies, nous am\u00e9liorons notre gamme de produits de temps en temps pour vous fournir des designs contemporains et une vie glorieuse. Nos designs comprennent des articles sanitaires imprim\u00e9s, des articles sanitaires color\u00e9s, des articles sanitaires anciens, et bien plus encore.<br \/>\u25cf Haute qualit\u00e9Nous <br \/>avons pr\u00e9c\u00e9demment servi d&rsquo;agents de contr\u00f4le de la qualit\u00e9 pour de nombreuses grandes marques et clients, ce qui a fait de nous un expert dans le domaine de la qualit\u00e9. \u00c9tant une entreprise certifi\u00e9e ISO 9001:2000, toutes nos directives d\u00e9passent la norme nationale GB\/T6952-2005 Sanitary Porcelain Wares. Nous suivons une approche \u00ab\u00a0sans compromis sur la qualit\u00e9\u00a0\u00bb. Tous nos produits sont fabriqu\u00e9s avec pr\u00e9cision et sont totalement respectueux de l&rsquo;environnement.<br \/><span data-text-color=\"primary\">\u25cf Durabilit\u00e9Pour <\/span><br \/><span data-text-color=\"primary\">\u00e9viter \u00e0 nos clients des d\u00e9sagr\u00e9ments et des d\u00e9penses de maintenance, nous fabriquons des produits hautement durables. Nos normes de haute qualit\u00e9 garantissent que chaque produit doit d\u00e9passer les attentes de nos clients. Nous offrons \u00e9galement une garantie avec chaque produit pour leur apporter la tranquillit\u00e9 d&rsquo;esprit.<\/span><br \/><span data-text-color=\"primary\">\u25cf Recherche et d\u00e9veloppementNous <\/span><br \/><span data-text-color=\"primary\">disposons d&rsquo;experts en recherche et d\u00e9veloppement tr\u00e8s comp\u00e9tents qui mettent leurs efforts \u00e0 introduire de nouvelles techniques et des technologies innovantes pour nos produits. Ils sont la principale raison de la conception unique de nos sanitaires.<\/span><br \/><span data-text-color=\"primary\">\u25cf Gestion d&rsquo;entrepriseAu sein de <\/span><br \/><span data-text-color=\"primary\">Gasdum, nous nous concentrons sur la gestion d&rsquo;entreprise, o\u00f9 nous offrons une formation, une appr\u00e9ciation et des r\u00e9compenses au personnel. Cela conduit en fin de compte \u00e0 une meilleure productivit\u00e9 et \u00e0 des performances \u00e9lev\u00e9es chez notre personnel et \u00e0 de meilleurs produits pour nos clients.<\/span><br \/><span data-text-color=\"primary\">\u25cf Satisfaction des clientsNous avons <\/span><br \/><span data-text-color=\"primary\">toujours une longueur d&rsquo;avance dans notre service d&rsquo;assistance aux clients. Qu&rsquo;ils souhaitent une qualit\u00e9 haut de gamme ou un design contemporain, nous r\u00e9pondons syst\u00e9matiquement \u00e0 leurs besoins avec une satisfaction totale.<\/span><br \/><span data-text-color=\"primary\">N&rsquo;h\u00e9sitez pas \u00e0 nous contacter<\/span><\/h4>\n\t\t<\/div>\n\t\t\t\t\n<style>\n#col-1918678672 > .col-inner {\n  margin: -20px 0px 0px 0px;\n}\n<\/style>\n\t<\/div>\n\n\t\n<\/div>\n\t\t<\/div>\n\n\t\t\n<style>\n#section_1861256516 {\n  padding-top: 30px;\n  padding-bottom: 30px;\n}\n<\/style>\n\t<\/section>\n\t\n","protected":false},"excerpt":{"rendered":"","protected":false},"author":1,"featured_media":4096,"parent":4765,"menu_order":0,"comment_status":"closed","ping_status":"closed","template":"page-blank.php","meta":{"_acf_changed":false,"footnotes":""},"class_list":["post-4094","page","type-page","status-publish","has-post-thumbnail","hentry"],"acf":[],"_links":{"self":[{"href":"https:\/\/gasdum.com\/fr\/wp-json\/wp\/v2\/pages\/4094","targetHints":{"allow":["GET"]}}],"collection":[{"href":"https:\/\/gasdum.com\/fr\/wp-json\/wp\/v2\/pages"}],"about":[{"href":"https:\/\/gasdum.com\/fr\/wp-json\/wp\/v2\/types\/page"}],"author":[{"embeddable":true,"href":"https:\/\/gasdum.com\/fr\/wp-json\/wp\/v2\/users\/1"}],"replies":[{"embeddable":true,"href":"https:\/\/gasdum.com\/fr\/wp-json\/wp\/v2\/comments?post=4094"}],"version-history":[{"count":0,"href":"https:\/\/gasdum.com\/fr\/wp-json\/wp\/v2\/pages\/4094\/revisions"}],"up":[{"embeddable":true,"href":"https:\/\/gasdum.com\/fr\/wp-json\/wp\/v2\/pages\/4765"}],"wp:featuredmedia":[{"embeddable":true,"href":"https:\/\/gasdum.com\/fr\/wp-json\/wp\/v2\/media\/4096"}],"wp:attachment":[{"href":"https:\/\/gasdum.com\/fr\/wp-json\/wp\/v2\/media?parent=4094"}],"curies":[{"name":"wp","href":"https:\/\/api.w.org\/{rel}","templated":true}]}}