{"id":7830,"date":"2020-06-01T13:42:08","date_gmt":"2020-06-01T12:42:08","guid":{"rendered":"https:\/\/www.gasdum.com\/aviso-legal\/"},"modified":"2021-03-24T19:28:53","modified_gmt":"2021-03-24T11:28:53","slug":"aviso-legal","status":"publish","type":"page","link":"https:\/\/gasdum.com\/es\/aviso-legal\/","title":{"rendered":"Aviso legal"},"content":{"rendered":"<div class=\"row\"  id=\"row-1959447758\">\n\n\t<div id=\"col-1632438834\" class=\"col small-12 large-12\"  >\n\t\t\t\t<div class=\"col-inner\"  >\n\t\t\t\n\t\t\t\n<h4><\/h4>\n<h4><\/h4>\n<h3>\u00a0 \u00a0 \u00a0 \u00a0 \u00a0 \u00a0 \u00a0 \u00a0 \u00a0 \u00a0 \u00a0 \u00a0 \u00a0 \u00a0 \u00a0 \u00a0 \u00a0 \u00a0 <strong>\u00a0 \u00a0 \u00a0 \u00a0 \u00a0 \u00a0 \u00a0 \u00a0 \u00a0 \u00a0 \u00a0 \u00a0 \u00a0 \u00a0 \u00a0 \u00a0 \u00a0 \u00a0 \u00a0 \u00a0 \u00a0 \u00a0 \u00a0 \u00a0 \u00a0 \u00a0 \u00a0 \u00a0 \u00a0 <\/strong><\/h3>\n<h3><\/h3>\n<h1><strong>\u00a0 \u00a0 \u00a0 \u00a0 \u00a0 \u00a0 \u00a0 \u00a0 \u00a0 \u00a0 \u00a0 \u00a0 \u00a0 \u00a0 \u00a0 \u00a0 \u00a0 \u00a0 \u00a0 \u00a0 \u00a0 \u00a0 \u00a0 \u00a0 \u00a0 \u00a0 \u00a0 \u00a0 \u00a0 \u00a0 \u00a0 \u00a0Aviso legal<\/strong><\/h1>\n<p>&nbsp;<\/p>\n<h4>El titular del sitio web sitio web WWW.GASDUM.COM es MORTON SANITARY WARE MANUFACTURE LIMITED.<\/h4>\n<h4>Con \u00e1nimo de que el uso del sitio web se ajuste a criterios de transparencia, claridad y sencillez, MORTON SANITARY WARE MANUFACTURE LIMITED. informa al usuario que cualquier sugerencia, duda o consulta sobre el presente Aviso Legal o cualquier otro documento informativo del sitio web ser\u00e1 recibida y solucionada contactando con MORTON SANITARY WARE MANUFACTURE LIMITED., a trav\u00e9s de la direcci\u00f3n de correo electr\u00f3nica: sale@gasdum.com<\/h4>\n<h4>LEA ATENTAMENTE ESTAS CONDICIONES<\/h4>\n<h4>Las presentes Condiciones Generales regular\u00e1n expresamente las relaciones surgidas entre MORTON SANITARY WARE MANUFACTURE LIMITED \u00abGASDUM\u00bb) y los terceros (en adelante, \u00abUsuarios\u00bb) que se den de alta como usuarios y\/o adquieran productos a trav\u00e9s de la tienda online del sitio web oficial de GASDUM (www.gasdum.com, en adelante la \u00abTienda\u00bb).<\/h4>\n<ol start=\"2\">\n<li>\n<h4>OBLIGACIONES DEL USUARIO<\/h4>\n<\/li>\n<\/ol>\n<h4>\u00a0 \u00a02.1 El Usuario se obliga, con car\u00e1cter general, a utilizar la Tienda, a adquirir los Productos y a utilizar cada uno de los servicios de la Tienda de forma diligente, de conformidad con la ley, la moral, el orden p\u00fablico y lo dispuesto en estas Condiciones Generales, y deber\u00e1 asimismo abstenerse de utilizarlos en cualquier forma que pueda impedir, da\u00f1ar o deteriorar el normal funcionamiento y disfrute de la Tienda por parte de los Usuarios o que pudiera lesionar o causar da\u00f1os a los bienes y derechos de GASDUM, sus proveedores, Usuarios o en general de cualquier tercero.<\/h4>\n<ol start=\"3\">\n<li>\n<h4>PRODUCTOS Y PRECIOS<\/h4>\n<\/li>\n<\/ol>\n<h4>\u00a0 \u00a03.1 GASDUM se reserva el derecho a decidir, en cada momento, los Productos que se ofrezcan a los Usuarios a trav\u00e9s de la Tienda. En particular, GASDUM podr\u00e1 en cualquier momento adicionar nuevos Productos a los ofrecidos o incluidos en la Tienda, entendi\u00e9ndose que salvo que se disponga otra cosa, tales nuevos Productos se regir\u00e1n por lo dispuesto en las presentes Condiciones Generales. Asimismo, GASDUM se reserva el derecho a dejar de prestar o facilitar el acceso y utilizaci\u00f3n en cualquier momento y sin previo aviso de cualquiera de las distintas clases de Productos que se ofrecen en la Tienda.<\/h4>\n<h4>\u00a0 \u00a03.2 Los Productos incluidos en la Tienda se corresponder\u00e1n de la forma m\u00e1s fidedigna posible que permita la tecnolog\u00eda de visualizaci\u00f3n en web a los Productos efectivamente ofrecidos. Las caracter\u00edsticas de los Productos y sus precios aparecen en la Tienda. Los precios indicados en la Tienda son en Euros y no incluyen el IVA para los usuarios \u201cprofesionales\u201d. Los clientes no profesionales no podr\u00e1n hacer efectiva la compra de los productos y los precios si incluyen el IVA.<\/h4>\n<ol start=\"4\">\n<li>\n<h4>PROCEDIMIENTO Y FORMA DE PAGO DE LOS PRODUCTOS<\/h4>\n<\/li>\n<\/ol>\n<h4>\u00a0 \u00a04.1 En el plazo m\u00e1ximo de veinticuatro (24) horas, GASDUM enviar\u00e1 un correo electr\u00f3nico al Usuario, confirm\u00e1ndole la compra. Las condiciones y m\u00e9todos de pago ser\u00e1n siempre los que el cliente tenga acordados con GASDUM de forma habitual, los puede consultar en poni\u00e9ndose en contacto con GASDUM en cualquier momento.<\/h4>\n<h4>\u00a0 \u00a04.2La confirmaci\u00f3n del pedido enviada por GASDUM no tiene validez como factura, solo como comprobante de compra. GASDUM permite enviar por email a la direcci\u00f3n del cliente la factura una vez generada en el sistema interno de GASDUM.<\/h4>\n<ol start=\"5\">\n<li>\n<h4>DERECHO DE DESISTIMIENTO<\/h4>\n<\/li>\n<\/ol>\n<h4>\u00a0 \u00a05.1 El usuario tiene un derecho de desistimiento por el que podr\u00e1 ponerse en contacto con GASDUM a trav\u00e9s del correo electr\u00f3nico en la siguiente direcci\u00f3n:\u00a0sale@gasdum.com\u00a0y desistir de la compra en un plazo no superior a siete (14) d\u00edas h\u00e1biles, contados a partir de la recepci\u00f3n del Producto. El Producto deber\u00e1 enviarse junto con la hoja de devoluci\u00f3n debidamente cumplimentada y una copia del albar\u00e1n de entrega o de la factura, debidamente cumplimentada, corriendo a cargo de GASDUM el coste directo de devoluci\u00f3n del Producto. Dicha devoluci\u00f3n se har\u00e1 de conformidad con las instrucciones que GASDUM indique al Usuario en contestaci\u00f3n a su notificaci\u00f3n del ejercicio de desistimiento. El Usuario deber\u00e1 devolver el Producto en el plazo m\u00e1ximo de (14) d\u00edas desde que GASDUM le indique la forma de devoluci\u00f3n.<\/h4>\n<h4>\u00a0 \u00a05.2 El desistimiento conlleva la devoluci\u00f3n del importe pagado por el mismo m\u00e9todo de pago que se realiz\u00f3 la compra. El plazo para dicho abono ser\u00e1 el establecido en la Ley.<\/h4>\n<h4>\u00a0 \u00a05.3 No podr\u00e1 ejercitarse el derecho de desistimiento cuando el Producto no se devuelva en su embalaje original y cuando el Producto no est\u00e9 en perfecto estado.<\/h4>\n<ol start=\"6\">\n<li>\n<h4>SERVICIO DE ATENCI\u00d3N AL CLIENTE<\/h4>\n<\/li>\n<\/ol>\n<h4>\u00a0 \u00a06.1 Para cualquier incidencia, reclamaci\u00f3n o ejercicio de sus derechos, el Usuario podr\u00e1 enviar un correo electr\u00f3nico a la direcci\u00f3n\u00a0sale@gasdum.com<\/h4>\n<ol start=\"7\">\n<li>\n<h4>SERVICIO DE ENTREGA<\/h4>\n<\/li>\n<\/ol>\n<h4>\u00a0 \u00a07.1 El \u00e1mbito territorial de las ventas a trav\u00e9s de la Tienda es exclusivamente para el territorio de la Uni\u00f3n Europea y otros pa\u00edses especificados por GASDUM, por lo que el servicio de entrega s\u00f3lo ser\u00e1 para dichos territorios. Los Productos comprados a trav\u00e9s de la Tienda se enviar\u00e1n a la direcci\u00f3n de entrega que el Usuario tenga registrado como su direcci\u00f3n de entrega en la base de datos de GASDUM una vez comprobado el pago, siendo el plazo de entrega el m\u00e1s breve posible en funci\u00f3n de la disponibilidad de producto.<\/h4>\n<h4>\u00a0 \u00a07.2 El servicio de entrega de GASDUM, se realiza en colaboraci\u00f3n con distintos operadores log\u00edsticos de reconocido prestigio. No se servir\u00e1n pedidos en Apartados de Correos ni en hoteles u otras direcciones no permanentes.<\/h4>\n<h4>\u00a0 \u00a07.3 El coste de los env\u00edos no est\u00e1 incluido en el precio de los Productos. En el momento de adquisici\u00f3n del Producto, el Usuario ser\u00e1 informado del coste exacto de env\u00edo.<\/h4>\n<ol start=\"8\">\n<li>\n<h4>PROPIEDAD INTELECTUAL E INDUSTRIAL<\/h4>\n<\/li>\n<\/ol>\n<h4>\u00a0 \u00a08.1 Las presentes condiciones van a regir en el momento de su aceptaci\u00f3n la relaci\u00f3n comercial entre el Usuario Profesional y GASDUM en cuanto al uso y descarga de las im\u00e1genes, archivos CAD, certificados, fichas t\u00e9cnicas e instrucciones que constan en la p\u00e1gina web\u00a0WWW.GASDUM.COM.\u00a0El mero acceso y\/o utilizaci\u00f3n del portal, de todos o parte de sus contenidos y\/o servicios significa la plena aceptaci\u00f3n de las presentes condiciones de uso.<\/h4>\n<h4>Dichos contenidos se encuentran protegidos por los correspondientes derechos de autor de acuerdo con lo dispuesto en el\u00a0Real Decreto Legislativo 1\/1996, de 12 de abril, por el que se aprueba el texto refundido de la Ley de Propiedad Intelectual.\u00a0Siendo GASDUM su titular, no constituyendo la facultad de utilizaci\u00f3n una cesi\u00f3n, venta o transmisi\u00f3n de la titularidad de los derechos de propiedad intelectual.<\/h4>\n<h4>\u00a0 \u00a08.2 El Usuario reconoce que todos los elementos de la Tienda y de cada uno de los Productos, la informaci\u00f3n y materiales contenidos (especialmente im\u00e1genes, textos, logotipos y nombre comerciales) en los mismos, las marcas, la estructura, selecci\u00f3n, ordenaci\u00f3n y presentaci\u00f3n de sus contenidos, y los programas de ordenador utilizados en relaci\u00f3n con ellos, est\u00e1n protegidos por\u00a0derechos de propiedad intelectual e industrial de la propia GASDUM o de terceros, y que las Condiciones Generales no le atribuyen respecto a dichos derechos de propiedad industrial e intelectual ning\u00fan otro derecho distinto de los espec\u00edficamente contemplados en las mismas.<\/h4>\n<h4>Salvo que fuera autorizado por GASDUM o en su caso por los terceros titulares de los derechos correspondientes, o a menos que ello resulte legalmente permitido, el Usuario no podr\u00e1, transformar, modificar, desensamblar, realizar ingenier\u00eda inversa, distribuir, alquilar, prestar, poner a disposici\u00f3n, o permitir el acceso al p\u00fablico a trav\u00e9s de cualquier modalidad de comunicaci\u00f3n p\u00fablica de ninguno de los elementos referidos en el p\u00e1rrafo anterior.<\/h4>\n<h4>\u00a0 \u00a08.3 El Usuario Profesional tiene la obligaci\u00f3n de hacer un uso leg\u00edtimo de las im\u00e1genes, archivos CAD, certificados, fichas t\u00e9cnicas e instrucciones de los productos, proporcionados por GASDUM, debiendo cumplir estrictamente los acuerdos y condiciones comerciales vigentes.\u00a0Al descargar y utilizar los contenidos proporcionados por GASDUM, el Usuario Profesional se compromete a: (i) NO Hacer un uso inapropiado, fraudulento o desleal de los contenidos proporcionados por GASDUM. (ii) NO infringir los derechos de propiedad intelectual y de privacidad, entre otros, los derechos de protegidos por copyright, (iii) NO hacer uso de los contenidos proporcionados por GASDUM en caso de cese de la relaci\u00f3n comercial entre el Usuario Profesional y la empresa.<\/h4>\n<h4>GASDUM podr\u00e1\u00a0modificar en cualquier momento las condiciones de uso de los contenidos proporcionados a trav\u00e9s del Portal del Usuario Profesional.<\/h4>\n<ol start=\"9\">\n<li>\n<h4>PROTECCI\u00d3N DE DATOS<\/h4>\n<\/li>\n<\/ol>\n<h4>\u00a0 \u00a09.1 En cumplimiento de la Ley 15\/99 LOPD, le informamos que sus datos personales y dem\u00e1s informaci\u00f3n facilitada mediante el formulario de inscripci\u00f3n, as\u00ed como la procedente de las transacciones realizadas, ser\u00e1 incluida y conservada en un fichero para su tratamiento, propiedad de GASDUM, mientras no se solicite su cancelaci\u00f3n. El tratamiento se destinar\u00e1 al desarrollo y ejecuci\u00f3n de la venta, la atenci\u00f3n personalizada de los productos y servicios que adquiera y a la mejora de dicha atenci\u00f3n, as\u00ed como a la promoci\u00f3n de productos y servicios propios y de terceras empresas vinculadas a GASDUM.<\/h4>\n<h4>Asimismo, se le informa que sus datos ser\u00e1n puestos a disposici\u00f3n de las empresas de transporte (DHL,\u00a0Schenker, Dachser, TNT)\u00a0para las finalidades de log\u00edstica y transporte, \u00a0GASDUM tratar\u00e1 estos datos con la m\u00e1xima confidencialidad siendo el destinatario \u00fanico y exclusivo de los mismos, y no efectuando cesiones o comunicaciones a terceros al margen de las se\u00f1aladas por la normativa vigente.<\/h4>\n<h4>El usuario autoriza expresamente a GASDUM la remisi\u00f3n, incluso a trav\u00e9s de medios electr\u00f3nicos, por parte de GASDUM y de las citadas entidades, de comunicaciones comerciales y ofertas y concursos promocionales.\u00a0\u00a0\u00a0s\u00ed, acepto.<\/h4>\n<h4>\u00a0 \u00a0 9.2 El Usuario podr\u00e1 ejercer en cualquier momento los derechos de acceso, rectificaci\u00f3n, oposici\u00f3n o cancelaci\u00f3n dirigi\u00e9ndose a GASDUM, GASDUMX o mediante correo electr\u00f3nico dirigido a\u00a0sale@gasdum.com, adjuntando copia de su N.I.F. o documento identificativo sustitutorio.<\/h4>\n<h4>\u00a0 \u00a09.3. Las respuestas marcadas con * en el formulario de inscripci\u00f3n tienen car\u00e1cter obligatorio. Su no contestaci\u00f3n impedir\u00e1 que se pueda realizar la compra de los productos seleccionados.<\/h4>\n<ol start=\"10\">\n<li>\n<h4>CONTRASE\u00d1AS<\/h4>\n<\/li>\n<\/ol>\n<h4>\u00a0 \u00a010.1 GASDUM facilitar\u00e1 el uso de contrase\u00f1as personales al usuario que se registre como tal en el sitio web. Dichas contrase\u00f1as servir\u00e1n para el acceso a los servicios prestados por medio del Sitio Web. El usuario deber\u00e1 mantener bajo su exclusiva responsabilidad las contrase\u00f1as en la m\u00e1s estricta y absoluta confidencialidad, asumiendo, por tanto, cuantos da\u00f1os o consecuencias de todo tipo se deriven del quebrantamiento o revelaci\u00f3n del secreto. Por razones de seguridad, la contrase\u00f1a de acceso telem\u00e1tico a los servicios vinculados al Sitio Web podr\u00e1 ser modificada en todo momento por el usuario. El Usuario se compromete a notificar a GASDUM de forma inmediata cualquier uso no autorizado de su contrase\u00f1a, as\u00ed como el acceso por terceros no autorizados a la misma.<\/h4>\n<ol start=\"11\">\n<li>\n<h4>COOKIES<\/h4>\n<\/li>\n<\/ol>\n<h4>\u00a0 \u00a011.1 GASDUM utiliza cookies con el fin de mejorar sus servicios, facilitar la navegaci\u00f3n, mantener la seguridad, verificar la identidad del Usuario, facilitar el acceso a las preferencias personales y seguir su uso de la Tienda. Las cookies son archivos instalados en el disco duro del ordenador o bien en la memoria del navegador en la carpeta preconfigurada por el sistema operativo del ordenador del Usuario para identificarle.<\/h4>\n<h4>\u00a0 \u00a011.2 Si el Usuario no desea que se instale en su disco duro una cookie, deber\u00e1 configurar su programa de navegaci\u00f3n por Internet para no recibirlas. Igualmente, el Usuario podr\u00e1 destruir las cookies libremente. En caso de que el Usuario decida desactivar las cookies, la calidad y rapidez del servicio pueden disminuir e, incluso, perder\u00e1 el acceso a algunos de los servicios ofrecidos en la Tienda.<\/h4>\n<ol start=\"12\">\n<li>\n<h4>LEY APLICABLE Y FUERO<\/h4>\n<\/li>\n<\/ol>\n<h4>Las presentes condiciones generales se rigen por la legislaci\u00f3n espa\u00f1ola. Cualquier controversia surgida de la interpretaci\u00f3n o ejecuci\u00f3n que pudieran surgir en relaci\u00f3n con la validez, interpretaci\u00f3n, cumplimiento o resoluci\u00f3n del presente contrato se someter\u00e1 a la Jurisdicci\u00f3n y Competencia de los Juzgados y Tribunales de la Ciudad de CHAOZHOU, con renuncia al fuero que pudiera corresponder al Usuario, siempre que la legislaci\u00f3n aplicable as\u00ed lo permita.<\/h4>\n<p>&nbsp;<\/p>\n\t\t<\/div>\n\t\t\t\t\t<\/div>\n\n\t\n<\/div>\n<p>&nbsp;<\/p>\n","protected":false},"excerpt":{"rendered":"<p>&nbsp;<\/p>\n","protected":false},"author":1,"featured_media":0,"parent":0,"menu_order":0,"comment_status":"closed","ping_status":"closed","template":"","meta":{"_acf_changed":false,"footnotes":""},"class_list":["post-7830","page","type-page","status-publish","hentry"],"acf":[],"_links":{"self":[{"href":"https:\/\/gasdum.com\/es\/wp-json\/wp\/v2\/pages\/7830","targetHints":{"allow":["GET"]}}],"collection":[{"href":"https:\/\/gasdum.com\/es\/wp-json\/wp\/v2\/pages"}],"about":[{"href":"https:\/\/gasdum.com\/es\/wp-json\/wp\/v2\/types\/page"}],"author":[{"embeddable":true,"href":"https:\/\/gasdum.com\/es\/wp-json\/wp\/v2\/users\/1"}],"replies":[{"embeddable":true,"href":"https:\/\/gasdum.com\/es\/wp-json\/wp\/v2\/comments?post=7830"}],"version-history":[{"count":0,"href":"https:\/\/gasdum.com\/es\/wp-json\/wp\/v2\/pages\/7830\/revisions"}],"wp:attachment":[{"href":"https:\/\/gasdum.com\/es\/wp-json\/wp\/v2\/media?parent=7830"}],"curies":[{"name":"wp","href":"https:\/\/api.w.org\/{rel}","templated":true}]}}