{"id":7522,"date":"2020-05-22T18:51:42","date_gmt":"2020-05-22T17:51:42","guid":{"rendered":"https:\/\/www.gasdum.com\/newsletter\/"},"modified":"2020-06-26T12:13:48","modified_gmt":"2020-06-26T11:13:48","slug":"newsletter","status":"publish","type":"page","link":"https:\/\/gasdum.com\/es\/newsletter\/","title":{"rendered":"Newsletter"},"content":{"rendered":"<h1 class=\"page-main-title-newsletter subscribe-title\">Suscr\u00edbete e insp\u00edrate con Gasdum<\/h1>\n<div class=\"row row-collapse\"  id=\"row-340758164\">\n\n\t<div id=\"col-1633496130\" class=\"col medium-6 small-12 large-6\"  >\n\t\t\t\t<div class=\"col-inner\"  >\n\t\t\t\n\t\t\t\n<div class=\"newsletter-content\">\n<h3 class=\"newsletter_title\">Newsletter<\/h3>\n<p>Ent\u00e9rate de todo lo que ocurre en Gasdum: novedades, ofertas e inspiraci\u00f3n sobre muebles de ba\u00f1o, mamparas, lavabos y todos los accesorios para transformar el ba\u00f1o en la estancia preferida de tu casa.<\/p>\n<\/div>\n[mc4wp_form id=\u00bb7328&#8243;]\n\t\t<\/div>\n\t\t\t\t\n<style>\n#col-1633496130 > .col-inner {\n  padding: 0px 10px 0px 10px;\n}\n<\/style>\n\t<\/div>\n\n\t\n\n\t<div id=\"col-1789075259\" class=\"col medium-6 small-12 large-6\"  >\n\t\t\t\t<div class=\"col-inner\"  >\n\t\t\t\n\t\t\t\n\t<div class=\"img has-hover custom-image x md-x lg-x y md-y lg-y\" id=\"image_1787059289\">\n\t\t\t\t\t\t\t\t<div class=\"img-inner dark\" >\n\t\t\t<img loading=\"lazy\" decoding=\"async\" width=\"400\" height=\"400\" src=\"https:\/\/gasdum.com\/wp-content\/uploads\/2020\/06\/newsletter-770x770-1-400x40012-1.jpg\" class=\"attachment-medium size-medium\" alt=\"\" srcset=\"https:\/\/gasdum.com\/wp-content\/uploads\/2020\/06\/newsletter-770x770-1-400x40012-1.jpg 400w, https:\/\/gasdum.com\/wp-content\/uploads\/2020\/06\/newsletter-770x770-1-400x40012-1-280x280.jpg 280w, https:\/\/gasdum.com\/wp-content\/uploads\/2020\/06\/newsletter-770x770-1-400x40012-1-100x100.jpg 100w\" sizes=\"auto, (max-width: 400px) 100vw, 400px\" \/>\t\t\t\t\t\t\n\t\t\t\t\t<\/div>\n\t\t\t\t\t\t\t\t\n<style>\n#image_1787059289 {\n  width: 100%;\n}\n<\/style>\n\t<\/div>\n\t\n\t\t<\/div>\n\t\t\t\t\n<style>\n#col-1789075259 > .col-inner {\n  padding: 0px 0 0px 0px;\n  margin: 0px 0 0px 0px;\n}\n<\/style>\n\t<\/div>\n\n\t\n<\/div>\n","protected":false},"excerpt":{"rendered":"<p>Suscr\u00edbete e insp\u00edrate con Gasdum<\/p>\n","protected":false},"author":1,"featured_media":0,"parent":0,"menu_order":0,"comment_status":"closed","ping_status":"closed","template":"","meta":{"_acf_changed":false,"footnotes":""},"class_list":["post-7522","page","type-page","status-publish","hentry"],"acf":[],"_links":{"self":[{"href":"https:\/\/gasdum.com\/es\/wp-json\/wp\/v2\/pages\/7522","targetHints":{"allow":["GET"]}}],"collection":[{"href":"https:\/\/gasdum.com\/es\/wp-json\/wp\/v2\/pages"}],"about":[{"href":"https:\/\/gasdum.com\/es\/wp-json\/wp\/v2\/types\/page"}],"author":[{"embeddable":true,"href":"https:\/\/gasdum.com\/es\/wp-json\/wp\/v2\/users\/1"}],"replies":[{"embeddable":true,"href":"https:\/\/gasdum.com\/es\/wp-json\/wp\/v2\/comments?post=7522"}],"version-history":[{"count":0,"href":"https:\/\/gasdum.com\/es\/wp-json\/wp\/v2\/pages\/7522\/revisions"}],"wp:attachment":[{"href":"https:\/\/gasdum.com\/es\/wp-json\/wp\/v2\/media?parent=7522"}],"curies":[{"name":"wp","href":"https:\/\/api.w.org\/{rel}","templated":true}]}}