{"id":7500,"date":"2020-05-18T14:36:41","date_gmt":"2020-05-18T13:36:41","guid":{"rendered":"https:\/\/www.gasdum.com\/legal-warning\/"},"modified":"2020-06-01T10:46:20","modified_gmt":"2020-06-01T09:46:20","slug":"legal-warning","status":"publish","type":"page","link":"https:\/\/gasdum.com\/es\/legal-warning\/","title":{"rendered":"Advertencia legal"},"content":{"rendered":"<div class=\"row\"  id=\"row-573741430\">\n\n\t<div id=\"col-544005394\" class=\"col small-12 large-12\"  >\n\t\t\t\t<div class=\"col-inner\"  >\n\t\t\t\n\t\t\t\n<div class=\"include-page-content\">\n<h1 class=\"page-main-title\"><span>Advertencia legal<\/span><\/h1>\n<div>\n<p><span style=\"font-size: medium;\"><span style=\"color: black;\"><span style=\"vertical-align: inherit;\"><span style=\"vertical-align: inherit;\">El titular del sitio web www.salgar.es es COMERCIAL SALGAR, SL, con NIF A50048826 y domicilio situado en Calle Carretera de Logro\u00f1o, Km. 9.500, 50011, Zaragoza, (Zaragoza). <\/span><span style=\"vertical-align: inherit;\">La entidad est\u00e1 inscrita en el Registro Mercantil con los siguientes datos de registro: Esta entidad est\u00e1 inscrita en el Registro Mercantil de Zaragoza, Tomo 3652, folio 13, hoja Z-47187. <\/span><\/span><\/span><\/span><\/p>\n<p><span style=\"font-size: medium;\"><span style=\"color: black;\"><span style=\"vertical-align: inherit;\"><span style=\"vertical-align: inherit;\">Con el fin de que el uso del sitio web se ajuste a criterios de transparencia, claridad y simplicidad, COMERCIAL SALGAR, SL informa al usuario que cualquier sugerencia, pregunta o consulta sobre el presente Aviso Legal o cualquier otro documento de informaci\u00f3n en el sitio web ser\u00e1 recibido y resuelto poni\u00e9ndose en contacto con COMERCIAL SALGAR, SL, a trav\u00e9s de la direcci\u00f3n de correo electr\u00f3nico: lopd@salgar.net <\/span><\/span><\/span><\/span><\/p>\n<p><span style=\"font-size: medium;\"><strong><span style=\"color: black;\"><span style=\"vertical-align: inherit;\"><span style=\"vertical-align: inherit;\">POR FAVOR, LEA ESTAS CONDICIONES CUIDADOSAMENTE<\/span><\/span><\/span><\/strong><\/span><\/p>\n<p><span style=\"font-size: medium;\"><span style=\"color: black;\"><span style=\"vertical-align: inherit;\"><span style=\"vertical-align: inherit;\">Las presentes Condiciones Generales regulan expresamente las relaciones entre COMERCIAL SALGAR, SL, con NIF A50048826 y domicilio situado en Calle Carretera de Logro\u00f1o, Km. 9.500, 50011, Zaragoza, (Zaragoza) Espa\u00f1a, en adelante \u00abSALGAR\u00bb) y terceros (en adelante \u00abUsuarios\u00bb) que se registren como usuarios y\/o compren productos a trav\u00e9s de la tienda online del sitio web oficial de SALGAR (http:\/\/salgar.net, en adelante la \u00abTienda\u00bb).<\/span><\/span><\/span><\/span><\/p>\n<p><span style=\"font-size: medium;\"><span style=\"color: black;\"><strong><span style=\"vertical-align: inherit;\"><span style=\"vertical-align: inherit;\">2. OBLIGACIONES DEL USUARIO<\/span><\/span><\/strong><\/span><\/span><\/p>\n<p><span style=\"font-size: medium;\"><span style=\"color: black;\"><span style=\"vertical-align: inherit;\"><span style=\"vertical-align: inherit;\"> 2.1 El Usuario est\u00e1 obligado, en general, a utilizar la Tienda, a adquirir los Productos y a utilizar cada uno de los servicios de la Tienda diligentemente, de conformidad con la ley, la moral, el orden p\u00fablico y las disposiciones de las presentes Condiciones Generales, y tambi\u00e9n debe abstenerse de utilizarlos de cualquier manera que pueda impedir, da\u00f1ar o perjudicar el funcionamiento normal y el disfrute de la Tienda por parte de los Usuarios o que pueda lesionar o causar da\u00f1os a los bienes y derechos de los bienes y derechos de SALGAR, sus proveedores, Usuarios o en general de terceros.<\/span><\/span><\/span><\/span><\/p>\n<p><span style=\"font-size: medium;\"><span style=\"color: black;\"><strong><span style=\"vertical-align: inherit;\"><span style=\"vertical-align: inherit;\">3. PRODUCTOS Y PRECIOS<\/span><\/span><\/strong><\/span><\/span><\/p>\n<p><span style=\"font-size: medium;\"><span style=\"color: black;\"><span style=\"vertical-align: inherit;\"><span style=\"vertical-align: inherit;\"> 3.1 SALGAR se reserva el derecho de decidir, en cualquier momento, los Productos ofrecidos a los Usuarios a trav\u00e9s de la Tienda. <\/span><span style=\"vertical-align: inherit;\">En particular, SALGAR podr\u00e1 a\u00f1adir en cualquier momento nuevos Productos a los ofrecidos o incluidos en la Tienda, entendi\u00e9ndose que, salvo disposici\u00f3n en contrario, dichos nuevos Productos se regir\u00e1n por las disposiciones de las presentes Condiciones Generales. <\/span><span style=\"vertical-align: inherit;\">Asimismo, SALGAR se reserva el derecho de dejar de facilitar o facilitar el acceso y uso en cualquier momento y sin previo aviso de cualquiera de las diferentes clases de Productos ofrecidos en la Tienda.<\/span><\/span><\/span><\/span><\/p>\n<p><span style=\"font-size: medium;\"><span style=\"color: black;\"><span style=\"vertical-align: inherit;\"><span style=\"vertical-align: inherit;\"> 3.2 Los Productos incluidos en la Tienda corresponder\u00e1n de la manera m\u00e1s fiable posible que la tecnolog\u00eda de visualizaci\u00f3n web permita los Productos realmente ofrecidos. <\/span><span style=\"vertical-align: inherit;\">Las caracter\u00edsticas de los Productos y sus precios aparecen en la Tienda. <\/span><span style=\"vertical-align: inherit;\">Los precios indicados en la Tienda est\u00e1n en Euros y no incluyen IVA para usuarios \u00abprofesionales\u00bb. <\/span><span style=\"vertical-align: inherit;\">Los clientes no profesionales no podr\u00e1n hacer efectiva la compra de productos y precios si incluyen el IVA.<\/span><\/span><\/span><\/span><\/p>\n<p><span style=\"font-size: medium;\"><span style=\"color: black;\"><strong><span style=\"vertical-align: inherit;\"><span style=\"vertical-align: inherit;\">4. PROCEDIMIENTO Y FORMA DE PAGO DE LOS PRODUCTOS<\/span><\/span><\/strong><\/span><\/span><\/p>\n<p><span style=\"font-size: medium;\"><span style=\"color: black;\"><span style=\"vertical-align: inherit;\"><span style=\"vertical-align: inherit;\"> 4.1 En un plazo m\u00e1ximo de veinticuatro (24) horas, SALGAR enviar\u00e1 un correo electr\u00f3nico al Usuario, confirmando la compra. <\/span><span style=\"vertical-align: inherit;\">Las condiciones y m\u00e9todos de pago ser\u00e1n siempre los que el cliente haya acordado con Salgar de forma regular, puede consultarlos poni\u00e9ndose en contacto con SALGAR en cualquier momento.<\/span><\/span><\/span><\/span><\/p>\n<p><span style=\"color: black;\"><span style=\"font-size: medium;\"><span style=\"vertical-align: inherit;\"><span style=\"vertical-align: inherit;\"> 4.2 La confirmaci\u00f3n del pedido enviada por SALGAR no es v\u00e1lida como factura, s\u00f3lo como prueba de compra. <\/span><span style=\"vertical-align: inherit;\">SALGAR permite que la factura se env\u00ede por correo electr\u00f3nico a la direcci\u00f3n del cliente una vez generada en el sistema interno de Salgar.<\/span><\/span><\/span><\/span><\/p>\n<p><span style=\"font-size: medium;\"><strong><span style=\"color: black;\"><span style=\"vertical-align: inherit;\"><span style=\"vertical-align: inherit;\">5. DERECHO DE RETIRO<\/span><\/span><\/span><\/strong><\/span><\/p>\n<p><span style=\"font-size: medium;\"> <span style=\"color: black;\"><span style=\"vertical-align: inherit;\"><span style=\"vertical-align: inherit;\">5.1 El usuario tiene derecho de desistimiento por el que puede ponerse en contacto con SALGAR por correo electr\u00f3nico en la siguiente direcci\u00f3n: <\/span><\/p>\n<p>  <\/span><\/p>\n<p><\/span> <span style=\"color: #1f497d;\"> <span style=\"vertical-align: inherit;\"> <span style=\"vertical-align: inherit;\">comunicacion@salgar.net<\/span><\/p>\n<p>  <\/span><\/p>\n<p><\/span><span style=\"color: black;\"><span style=\"vertical-align: inherit;\"><span style=\"vertical-align: inherit;\"> y desistir de la compra en un plazo no superior a siete (14) d\u00edas h\u00e1biles, contados a partir de la recepci\u00f3n del Producto. <\/span><span style=\"vertical-align: inherit;\">El Producto debe ser enviado junto con el formulario de devoluci\u00f3n debidamente cumplimentado y una copia del albar\u00e1n de entrega o factura, debidamente cumplimentado, a expensas de SALGAR el coste directo de la devoluci\u00f3n del Producto. <\/span><span style=\"vertical-align: inherit;\">Dicha devoluci\u00f3n se realizar\u00e1 de acuerdo con las instrucciones que SALER indique al Usuario en respuesta a su notificaci\u00f3n del ejercicio de desistimiento. <\/span><span style=\"vertical-align: inherit;\">El Usuario deber\u00e1 devolver el Producto en un plazo m\u00e1ximo de (14) d\u00edas a partir del momento en que SALGAR indique la forma de devoluci\u00f3n.<\/span><\/span><\/span><\/span><\/p>\n<p><span style=\"font-size: medium;\"><span style=\"color: black;\"><span style=\"vertical-align: inherit;\"><span style=\"vertical-align: inherit;\"> 5.2 La retirada implica la devoluci\u00f3n del importe pagado por el mismo m\u00e9todo de pago que se realiz\u00f3 la compra. <\/span><span style=\"vertical-align: inherit;\">El plazo para dicho pago ser\u00e1 el establecido en la Ley.<\/span><\/span><\/span><\/span><\/p>\n<p><span style=\"font-size: medium;\"><span style=\"color: black;\"><span style=\"vertical-align: inherit;\"><span style=\"vertical-align: inherit;\"> 5.3 El derecho de desistimiento no puede ejercerse cuando el Producto no se devuelve en su embalaje original y cuando el Producto no est\u00e1 en perfecto estado.<\/span><\/span><\/span><\/span><\/p>\n<p><span style=\"font-size: medium;\"><span style=\"color: black;\"><strong><span style=\"vertical-align: inherit;\"><span style=\"vertical-align: inherit;\">6. SERVICIO AL CLIENTE<\/span><\/span><\/strong><\/span><\/span><\/p>\n<p><span style=\"font-size: medium;\"> <span style=\"color: black;\"><span style=\"vertical-align: inherit;\"><span style=\"vertical-align: inherit;\">6.1 Para cualquier incidencia, reclamaci\u00f3n o ejercicio de sus derechos, el Usuario podr\u00e1 enviar un correo electr\u00f3nico a la direcci\u00f3n <\/span><\/p>\n<p>  <\/span><\/p>\n<p><\/span> <span style=\"color: #1f497d;\"> <span style=\"vertical-align: inherit;\"> <span style=\"vertical-align: inherit;\">comunicacion@salgar.net<\/span><\/p>\n<p>  <\/span><\/p>\n<p><\/span><\/span><\/p>\n<p><span style=\"font-size: medium;\"><span style=\"color: black;\"><strong><span style=\"vertical-align: inherit;\"><span style=\"vertical-align: inherit;\">7. SERVICIO DE ENTREGA<\/span><\/span><\/strong><\/span><\/span><\/p>\n<p><span style=\"font-size: medium;\"><span style=\"color: black;\"><span style=\"vertical-align: inherit;\"><span style=\"vertical-align: inherit;\"> 7.1 El \u00e1mbito territorial de las ventas a trav\u00e9s de la Tienda es exclusivamente para el territorio de la Uni\u00f3n Europea y otros pa\u00edses especificados por Salgar, por lo que el servicio de entrega ser\u00e1 \u00fanicamente para dichos territorios. <\/span><span style=\"vertical-align: inherit;\">Los productos adquiridos a trav\u00e9s de la Tienda se enviar\u00e1n a la direcci\u00f3n de entrega que el Usuario haya registrado como direcci\u00f3n de entrega en la base de datos De Salgar una vez verificado el pago, siendo el plazo de entrega el m\u00e1s corto posible en funci\u00f3n de la disponibilidad del producto.<\/span><\/span><\/span><\/span><\/p>\n<p><span style=\"font-size: medium;\"><span style=\"color: black;\"><span style=\"vertical-align: inherit;\"><span style=\"vertical-align: inherit;\"> 7.2 El servicio de entrega de SALGAR se lleva a cabo en colaboraci\u00f3n con diferentes operadores log\u00edsticos de prestigio. <\/span><span style=\"vertical-align: inherit;\">Los pedidos no se realizar\u00e1n en apartados de correos ni en hoteles u otras direcciones no permanentes.<\/span><\/span><\/span><\/span><\/p>\n<p><span style=\"font-size: medium;\"><span style=\"color: black;\"><span style=\"vertical-align: inherit;\"><span style=\"vertical-align: inherit;\"> 7.3 El coste de los env\u00edos no est\u00e1 incluido en el precio de los Productos. <\/span><span style=\"vertical-align: inherit;\">En el momento de la compra del Producto, se informar\u00e1 al Usuario del coste exacto del env\u00edo.<\/span><\/span><\/span><\/span><\/p>\n<p><span style=\"font-size: medium;\"><span style=\"color: black;\"><strong><span style=\"vertical-align: inherit;\"><span style=\"vertical-align: inherit;\">8. PROPIEDAD INTELECTUAL E INDUSTRIAL<\/span><\/span><\/strong><\/span><\/span><\/p>\n<p style=\"text-align: justify;\"><span style=\"color: black;\"><span style=\"font-size: medium;\"><span style=\"vertical-align: inherit;\"><span style=\"vertical-align: inherit;\"> 8.1 Estas condiciones regir\u00e1n en el momento de la aceptaci\u00f3n de la relaci\u00f3n comercial entre el Usuario Profesional y SALGAR en relaci\u00f3n con el uso y descarga de im\u00e1genes, archivos CAD, certificados, fichas t\u00e9cnicas e instrucciones que aparecen en el sitio web de WWW.SALGAR. .NET. <\/span><span style=\"vertical-align: inherit;\">El mero acceso y\/o uso del portal, de la totalidad o parte de sus contenidos y\/o servicios significa la plena aceptaci\u00f3n de estas condiciones de uso. <\/span><\/span><\/span><\/span><\/p>\n<p style=\"text-align: justify;\"><span style=\"color: black;\"><span style=\"font-size: medium;\"><span style=\"vertical-align: inherit;\"><span style=\"vertical-align: inherit;\">Dichos contenidos est\u00e1n protegidos por los correspondientes derechos de autor de conformidad con lo dispuesto en el Real Decreto Legislativo 1\/1996, de 12 de abril, por el que se aprueba el texto refundido de la Ley de Propiedad Intelectual. <\/span><span style=\"vertical-align: inherit;\">Siendo su propietario SALGAR, el poder de uso no constituye una cesi\u00f3n, venta o cesi\u00f3n de la propiedad de los derechos de propiedad intelectual.<\/span><\/span><\/span><\/span><\/p>\n<p style=\"text-align: justify;\"><span style=\"color: black;\"><span style=\"font-size: medium;\"><span style=\"vertical-align: inherit;\"><span style=\"vertical-align: inherit;\"> 8.2 El Usuario reconoce que todos los elementos de la Tienda y de cada uno de los Productos, la informaci\u00f3n y los materiales contenidos (especialmente im\u00e1genes, textos, logotipos y nombres comerciales) en los mismos, las marcas, la estructura, selecci\u00f3n, disposici\u00f3n y presentaci\u00f3n de sus contenidos, y los programas inform\u00e1ticos utilizados en relaci\u00f3n con los mismos, est\u00e1n protegidos por los derechos de propiedad intelectual e industrial de SALGAR o de terceros , y que las Condiciones Generales no le atribuyen a dichos derechos de propiedad industrial e intelectual, ning\u00fan otro derecho distinto de los contemplados espec\u00edficamente en las mismas.<\/span><\/span><\/span><\/span><\/p>\n<p style=\"text-align: justify;\"><span style=\"color: black;\"><span style=\"font-size: medium;\"><span style=\"vertical-align: inherit;\"><span style=\"vertical-align: inherit;\">Salvo autorizaci\u00f3n de SALGAR o, en su caso, por los terceros titulares de los derechos correspondientes, o a menos que as\u00ed est\u00e9 legalmente permitido, el Usuario no podr\u00e1 transformar, modificar, desmontar, realizar ingenier\u00eda inversa, distribuir, alquilar, prestar, prestar al p\u00fablico ni permitir el acceso al p\u00fablico a trav\u00e9s de cualquier forma de comunicaci\u00f3n p\u00fablica de cualquiera de los elementos mencionados en el p\u00e1rrafo anterior.<\/span><\/span><\/span><\/span><\/p>\n<p style=\"text-align: justify;\"><span style=\"color: black;\"><span style=\"font-size: medium;\"><span style=\"vertical-align: inherit;\"><span style=\"vertical-align: inherit;\"> 8.3 El Usuario Profesional tiene la obligaci\u00f3n de hacer un uso leg\u00edtimo de las im\u00e1genes, archivos CAD, certificados, fichas t\u00e9cnicas e instrucciones de los productos, proporcionados por SALGAR, y debe cumplir estrictamente con los acuerdos comerciales y condiciones vigentes. <\/span><span style=\"vertical-align: inherit;\">Al descargar y utilizar los contenidos proporcionados por SALGAR, el Usuario Profesional se compromete a: (i) NO hacer un uso inapropiado, fraudulento o injusto de los contenidos proporcionados por SALGAR. <\/span><span style=\"vertical-align: inherit;\">(ii) NO infrinja los derechos de propiedad intelectual y privacidad, entre otros, los derechos protegidos por derechos de autor, (iii) NO hacer uso de los contenidos proporcionados por SALGAR en caso de terminaci\u00f3n de la relaci\u00f3n comercial entre el Usuario Profesional y la empresa.<\/span><\/span><\/span><\/span><\/p>\n<p style=\"text-align: justify;\"><span style=\"color: black;\"><span style=\"font-size: medium;\"><span style=\"vertical-align: inherit;\"><span style=\"vertical-align: inherit;\">SALGAR podr\u00e1 modificar en cualquier momento las condiciones de uso de los contenidos facilitados a trav\u00e9s del Portal de Usuario Profesional.<\/span><\/span><\/span><\/span><\/p>\n<p style=\"text-align: justify;\"><span style=\"color: black;\"><span style=\"font-size: medium;\"><span style=\"vertical-align: inherit;\"><span style=\"vertical-align: inherit;\"> 8.4 Cualquier conflicto que pueda derivarse de la interpretaci\u00f3n y ejecuci\u00f3n de este acuerdo se somete a la jurisdicci\u00f3n de los Juzgados y Tribunales de la ciudad de Zaragoza.<\/span><\/span><\/span><\/span><\/p>\n<p><span style=\"font-size: medium;\"><span style=\"color: black;\"><strong><span style=\"vertical-align: inherit;\"><span style=\"vertical-align: inherit;\">9. PROTECCION DE DATOS<\/span><\/span><\/strong><\/span><\/span><\/p>\n<p><span style=\"font-size: medium;\"><span style=\"color: black;\"><span style=\"vertical-align: inherit;\"><span style=\"vertical-align: inherit;\"> 9.1 En cumplimiento de la Ley 15\/99 LOPD, le informamos que sus datos personales y dem\u00e1s informaci\u00f3n facilitada a trav\u00e9s del formulario de registro, as\u00ed como la de las transacciones realizadas, ser\u00e1n incluidos y conservados en un fichero para su tratamiento, propiedad de SALGAR, siempre y cuando no se solicite su cancelaci\u00f3n. <\/span><span style=\"vertical-align: inherit;\">El tratamiento estar\u00e1 destinado al desarrollo y ejecuci\u00f3n de la venta, la atenci\u00f3n personalizada de los productos y servicios que adquiere y la mejora de dicha atenci\u00f3n, as\u00ed como la promoci\u00f3n de sus propios productos y servicios y los de terceras empresas vinculadas a SALGAR.<\/span><\/span><\/span><\/span><\/p>\n<p><span style=\"font-size: medium;\"><span style=\"color: black;\"><span style=\"vertical-align: inherit;\"><span style=\"vertical-align: inherit;\">Asimismo, se le informa de que sus datos se pondr\u00e1n a disposici\u00f3n de las empresas de transporte (DHL, <\/span><\/span><\/span><span style=\"color: #454545;\"><span style=\"vertical-align: inherit;\"><span style=\"vertical-align: inherit;\"> S <\/span><\/span><\/span><span style=\"color: black;\"><span style=\"vertical-align: inherit;\"><span style=\"vertical-align: inherit;\">chenker, Dachser, TNT) para fines log\u00edsticos y de transporte, SALGAR tratar\u00e1 estos datos con la m\u00e1xima confidencialidad, siendo el \u00fanico y exclusivo destinatario de los mismos, y no realizando cesiones o comunicaciones a terceros aparte de los indicados por la normativa vigente.<\/span><\/span><\/span><\/span><\/p>\n<p><span style=\"font-size: medium;\"><span style=\"color: black;\"><span style=\"vertical-align: inherit;\"><span style=\"vertical-align: inherit;\">El usuario autoriza expresamente a SALGAR a enviar, incluso por medios electr\u00f3nicos, por SALGAR y las entidades antes mencionadas, comunicaciones comerciales y ofertas y concursos promocionales. <\/span><span style=\"vertical-align: inherit;\">S\u00ed, acepto.<\/span><\/span><\/span><\/span><\/p>\n<p><span style=\"font-size: medium;\"> <span style=\"color: black;\"><span style=\"vertical-align: inherit;\"><span style=\"vertical-align: inherit;\">9.2 El Usuario podr\u00e1 ejercer en cualquier momento los derechos de acceso, rectificaci\u00f3n, oposici\u00f3n o cancelaci\u00f3n poni\u00e9ndose en contacto con SALGAR, SALGARX o por correo electr\u00f3nico dirigido a <\/span><\/p>\n<p>  <\/span><\/p>\n<p><\/span> <span style=\"color: #0070c0;\"><span style=\"vertical-align: inherit;\"><span style=\"vertical-align: inherit;\">lopd@salgar.net, <\/span><\/p>\n<p>  <\/span><\/p>\n<p><\/span> <span style=\"color: black;\"><span style=\"vertical-align: inherit;\"><span style=\"vertical-align: inherit;\">adjuntando copia de su NIF o documento de identificaci\u00f3n sustitutivo.<\/span><\/p>\n<p>  <\/span><\/p>\n<p><\/span><\/span><\/p>\n<p><span style=\"font-size: medium;\"><span style=\"vertical-align: inherit;\"><span style=\"vertical-align: inherit;\">  9.3.  <\/span><span style=\"vertical-align: inherit;\">Las respuestas marcadas con * en el formulario de registro son obligatorias. <\/span><span style=\"vertical-align: inherit;\">Su no respuesta impedir\u00e1 que se realice la compra de los productos seleccionados.<\/span><\/span><\/span><\/p>\n<p><span style=\"font-size: medium;\"><span style=\"color: black;\"><strong><span style=\"vertical-align: inherit;\"><span style=\"vertical-align: inherit;\">10. PASSWORDS<\/span><\/span><\/strong><\/span><\/span><\/p>\n<p><span style=\"font-size: medium;\"><span style=\"color: black;\"><span style=\"vertical-align: inherit;\"><span style=\"vertical-align: inherit;\"> 10.1 SALGAR facilitar\u00e1 el uso de contrase\u00f1as personales para el usuario que se registre como tal en el sitio web. <\/span><span style=\"vertical-align: inherit;\">Estas contrase\u00f1as se utilizar\u00e1n para acceder a los servicios prestados a trav\u00e9s del Sitio Web. <\/span><span style=\"vertical-align: inherit;\">El usuario debe mantener las contrase\u00f1as bajo su exclusiva responsabilidad en la m\u00e1s estricta y absoluta confidencialidad, asumiendo, por tanto, cu\u00e1ntos da\u00f1os o consecuencias de cualquier tipo derivan de la violaci\u00f3n o divulgaci\u00f3n del secreto. <\/span><span style=\"vertical-align: inherit;\">Por razones de seguridad, la contrase\u00f1a para el acceso telem\u00e1tico a los servicios vinculados al Sitio Web puede ser modificada en cualquier momento por el usuario. <\/span><span style=\"vertical-align: inherit;\">El Usuario se compromete a notificar inmediatamente a SALGAR cualquier uso no autorizado de su contrase\u00f1a, as\u00ed como el acceso de terceros no autorizados a la misma.<\/span><\/span><\/span><\/span><\/p>\n<p><span style=\"font-size: medium;\"><span style=\"color: black;\"><strong><span style=\"vertical-align: inherit;\"><span style=\"vertical-align: inherit;\">11. COOKIES<\/span><\/span><\/strong><\/span><\/span><\/p>\n<p><span style=\"font-size: medium;\"><span style=\"color: black;\"><span style=\"vertical-align: inherit;\"><span style=\"vertical-align: inherit;\"> 11.1 SALGAR utiliza cookies para mejorar sus servicios, facilitar la navegaci\u00f3n, mantener la seguridad, verificar la identidad del Usuario, facilitar el acceso a las preferencias personales y seguir su uso de la Tienda. <\/span><span style=\"vertical-align: inherit;\">Las cookies son archivos instalados en el disco duro del ordenador o en la memoria del navegador en la carpeta preconfigurada por el sistema operativo del usuario para identificarle.<\/span><\/span><\/span><\/span><\/p>\n<p><span style=\"font-size: medium;\"><span style=\"color: black;\"><span style=\"vertical-align: inherit;\"><span style=\"vertical-align: inherit;\"> 11.2 Si el Usuario no desea que se instale una cookie en su disco duro, deber\u00e1 configurar su programa de navegaci\u00f3n por Internet para que no los reciba. <\/span><span style=\"vertical-align: inherit;\">Asimismo, el Usuario podr\u00e1 destruir libremente las cookies. <\/span><span style=\"vertical-align: inherit;\">En el caso de que el Usuario decida desactivar las cookies, la calidad y velocidad del servicio puede disminuir e, incluso, perder\u00e1 el acceso a algunos de los servicios ofrecidos en la Tienda. <\/span><\/span><\/span><\/span><\/p>\n<p><span style=\"font-size: medium;\"><strong><span style=\"color: black;\"><span style=\"vertical-align: inherit;\"><span style=\"vertical-align: inherit;\">12. LEY APLICABLE Y JURISDICCION<\/span><\/span><\/span><\/strong><\/span><\/p>\n<p><span style=\"color: black;\"><span style=\"font-size: medium;\"><span style=\"vertical-align: inherit;\"><span style=\"vertical-align: inherit;\">Estas condiciones generales se rigen por la legislaci\u00f3n espa\u00f1ola. <\/span><span style=\"vertical-align: inherit;\">Cualquier controversia derivada de la interpretaci\u00f3n o ejecuci\u00f3n que pueda surgir en relaci\u00f3n con la validez, interpretaci\u00f3n, cumplimiento o resoluci\u00f3n de este contrato se someter\u00e1 a la Jurisdicci\u00f3n y Competencia de los Juzgados y Tribunales del Ayuntamiento de Zaragoza, renunciando a cualquier jurisdicci\u00f3n que pudiera corresponder al Usuario, siempre que la legislaci\u00f3n aplicable lo permita.<\/span><\/span><\/span><\/span><\/p>\n<\/div>\n<\/div>\n\t\t<\/div>\n\t\t\t\t\t<\/div>\n\n\t\n<\/div>\n","protected":false},"excerpt":{"rendered":"","protected":false},"author":1,"featured_media":0,"parent":0,"menu_order":0,"comment_status":"closed","ping_status":"closed","template":"","meta":{"_acf_changed":false,"footnotes":""},"class_list":["post-7500","page","type-page","status-publish","hentry"],"acf":[],"_links":{"self":[{"href":"https:\/\/gasdum.com\/es\/wp-json\/wp\/v2\/pages\/7500","targetHints":{"allow":["GET"]}}],"collection":[{"href":"https:\/\/gasdum.com\/es\/wp-json\/wp\/v2\/pages"}],"about":[{"href":"https:\/\/gasdum.com\/es\/wp-json\/wp\/v2\/types\/page"}],"author":[{"embeddable":true,"href":"https:\/\/gasdum.com\/es\/wp-json\/wp\/v2\/users\/1"}],"replies":[{"embeddable":true,"href":"https:\/\/gasdum.com\/es\/wp-json\/wp\/v2\/comments?post=7500"}],"version-history":[{"count":0,"href":"https:\/\/gasdum.com\/es\/wp-json\/wp\/v2\/pages\/7500\/revisions"}],"wp:attachment":[{"href":"https:\/\/gasdum.com\/es\/wp-json\/wp\/v2\/media?parent=7500"}],"curies":[{"name":"wp","href":"https:\/\/api.w.org\/{rel}","templated":true}]}}