{"id":4103,"date":"2020-04-01T20:56:38","date_gmt":"2020-04-01T19:56:38","guid":{"rendered":"https:\/\/www.gasdum.com\/?page_id=4103"},"modified":"2023-10-28T16:07:52","modified_gmt":"2023-10-28T08:07:52","slug":"profile","status":"publish","type":"page","link":"https:\/\/gasdum.com\/es\/about-gasdum-project\/profile\/","title":{"rendered":"perfil"},"content":{"rendered":"\n  <div class=\"banner has-hover\" id=\"banner-2107949508\">\n          <div class=\"banner-inner fill\">\n        <div class=\"banner-bg fill\" >\n            <img loading=\"lazy\" decoding=\"async\" width=\"1500\" height=\"297\" src=\"https:\/\/gasdum.com\/wp-content\/uploads\/2019\/12\/banner-image.jpg\" class=\"bg attachment-original size-original\" alt=\"\" \/>                        <div class=\"overlay\"><\/div>            \n                    <\/div>\n\t\t\n        <div class=\"banner-layers container\">\n            <div class=\"fill banner-link\"><\/div>            \n   <div id=\"text-box-780167698\" class=\"text-box banner-layer x50 md-x50 lg-x50 y50 md-y50 lg-y50 res-text\">\n                                <div class=\"text-box-content text dark\">\n              \n              <div class=\"text-inner text-center\">\n                  \n              <\/div>\n           <\/div>\n                            \n<style>\n#text-box-780167698 {\n  width: 60%;\n}\n#text-box-780167698 .text-box-content {\n  font-size: 100%;\n}\n<\/style>\n    <\/div>\n \n        <\/div>\n      <\/div>\n\n              <div class=\"height-fix is-invisible\"><img loading=\"lazy\" decoding=\"async\" width=\"1500\" height=\"297\" src=\"https:\/\/gasdum.com\/wp-content\/uploads\/2019\/12\/banner-image.jpg\" class=\"attachment-original size-original\" alt=\"\" srcset=\"https:\/\/gasdum.com\/wp-content\/uploads\/2019\/12\/banner-image.jpg 1500w, https:\/\/gasdum.com\/wp-content\/uploads\/2019\/12\/banner-image-510x101.jpg 510w, https:\/\/gasdum.com\/wp-content\/uploads\/2019\/12\/banner-image-800x158.jpg 800w, https:\/\/gasdum.com\/wp-content\/uploads\/2019\/12\/banner-image-1400x277.jpg 1400w, https:\/\/gasdum.com\/wp-content\/uploads\/2019\/12\/banner-image-768x152.jpg 768w, https:\/\/gasdum.com\/wp-content\/uploads\/2019\/12\/banner-image-1536x304.jpg 1536w\" sizes=\"auto, (max-width: 1500px) 100vw, 1500px\" \/><\/div>\n            \n<style>\n#banner-2107949508 {\n  padding-top: 96px;\n}\n#banner-2107949508 .overlay {\n  background-color: rgba(163, 163, 163, 0.22);\n}\n#banner-2107949508 .banner-bg img {\n  object-position: 22% 0%;\n}\n<\/style>\n  <\/div>\n\n\n\n\t<section class=\"section\" id=\"section_1254848429\">\n\t\t<div class=\"section-bg fill\" >\n\t\t\t<img loading=\"lazy\" decoding=\"async\" width=\"1500\" height=\"297\" src=\"https:\/\/gasdum.com\/wp-content\/uploads\/2019\/12\/banner-image.jpg\" class=\"bg attachment- size-\" alt=\"\" \/>\t\t\t\t\t\t<div class=\"section-bg-overlay absolute fill\"><\/div>\n\t\t\t\n\n\t\t<\/div>\n\n\t\t\n\n\t\t<div class=\"section-content relative\">\n\t\t\t\n  <div class=\"banner-grid-wrapper\">\n  <div id=\"banner-grid-359041352\" class=\"banner-grid row row-grid row-small\" data-packery-options=\"\">\n                      \n<div class=\"col grid-col large-6 grid-col-1\" ><div class=\"col-inner\">\n\t<div class=\"img has-hover x md-x lg-x y md-y lg-y\" id=\"image_190326560\">\n\t\t\t\t\t\t\t\t<div class=\"img-inner dark\" >\n\t\t\t<img loading=\"lazy\" decoding=\"async\" width=\"1020\" height=\"765\" src=\"https:\/\/gasdum.com\/wp-content\/uploads\/2023\/10\/59a1a23dc3e35229dd0463513c6a85a-1-1067x800.jpg\" class=\"attachment-large size-large\" alt=\"\" srcset=\"https:\/\/gasdum.com\/wp-content\/uploads\/2023\/10\/59a1a23dc3e35229dd0463513c6a85a-1-1067x800.jpg 1067w, https:\/\/gasdum.com\/wp-content\/uploads\/2023\/10\/59a1a23dc3e35229dd0463513c6a85a-1-533x400.jpg 533w, https:\/\/gasdum.com\/wp-content\/uploads\/2023\/10\/59a1a23dc3e35229dd0463513c6a85a-1-768x576.jpg 768w, https:\/\/gasdum.com\/wp-content\/uploads\/2023\/10\/59a1a23dc3e35229dd0463513c6a85a-1-1536x1152.jpg 1536w, https:\/\/gasdum.com\/wp-content\/uploads\/2023\/10\/59a1a23dc3e35229dd0463513c6a85a-1-2048x1536.jpg 2048w, https:\/\/gasdum.com\/wp-content\/uploads\/2023\/10\/59a1a23dc3e35229dd0463513c6a85a-1-610x458.jpg 610w, https:\/\/gasdum.com\/wp-content\/uploads\/2023\/10\/59a1a23dc3e35229dd0463513c6a85a-1-510x383.jpg 510w\" sizes=\"auto, (max-width: 1020px) 100vw, 1020px\" \/>\t\t\t\t\t\t\n\t\t\t\t\t<\/div>\n\t\t\t\t\t\t\t\t\n<style>\n#image_190326560 {\n  width: 100%;\n}\n<\/style>\n\t<\/div>\n\t\n<\/div><\/div>\n<div class=\"col grid-col large-6 grid-col-1-2\" ><div class=\"col-inner\">\n\t<div class=\"img has-hover x md-x lg-x y md-y lg-y\" id=\"image_711762200\">\n\t\t\t\t\t\t\t\t<div class=\"img-inner dark\" >\n\t\t\t<img loading=\"lazy\" decoding=\"async\" width=\"600\" height=\"800\" src=\"https:\/\/gasdum.com\/wp-content\/uploads\/2022\/10\/IMG_1880-600x800.jpg\" class=\"attachment-large size-large\" alt=\"\" srcset=\"https:\/\/gasdum.com\/wp-content\/uploads\/2022\/10\/IMG_1880-600x800.jpg 600w, https:\/\/gasdum.com\/wp-content\/uploads\/2022\/10\/IMG_1880-300x400.jpg 300w, https:\/\/gasdum.com\/wp-content\/uploads\/2022\/10\/IMG_1880-768x1024.jpg 768w, https:\/\/gasdum.com\/wp-content\/uploads\/2022\/10\/IMG_1880-610x813.jpg 610w, https:\/\/gasdum.com\/wp-content\/uploads\/2022\/10\/IMG_1880-510x680.jpg 510w, https:\/\/gasdum.com\/wp-content\/uploads\/2022\/10\/IMG_1880.jpg 960w\" sizes=\"auto, (max-width: 600px) 100vw, 600px\" \/>\t\t\t\t\t\t\n\t\t\t\t\t<\/div>\n\t\t\t\t\t\t\t\t\n<style>\n#image_711762200 {\n  width: 100%;\n}\n<\/style>\n\t<\/div>\n\t\n<\/div><\/div>\n<div class=\"col grid-col large-3 grid-col-1-2\" ><div class=\"col-inner\">\n\t<div class=\"img has-hover x md-x lg-x y md-y lg-y\" id=\"image_693449509\">\n\t\t\t\t\t\t\t\t<div class=\"img-inner dark\" >\n\t\t\t<img loading=\"lazy\" decoding=\"async\" width=\"1020\" height=\"765\" src=\"https:\/\/gasdum.com\/wp-content\/uploads\/2023\/10\/a94425460daa5bd932844237683d994-1067x800.jpg\" class=\"attachment-large size-large\" alt=\"\" srcset=\"https:\/\/gasdum.com\/wp-content\/uploads\/2023\/10\/a94425460daa5bd932844237683d994-1067x800.jpg 1067w, https:\/\/gasdum.com\/wp-content\/uploads\/2023\/10\/a94425460daa5bd932844237683d994-533x400.jpg 533w, https:\/\/gasdum.com\/wp-content\/uploads\/2023\/10\/a94425460daa5bd932844237683d994-768x576.jpg 768w, https:\/\/gasdum.com\/wp-content\/uploads\/2023\/10\/a94425460daa5bd932844237683d994-1536x1152.jpg 1536w, https:\/\/gasdum.com\/wp-content\/uploads\/2023\/10\/a94425460daa5bd932844237683d994-2048x1536.jpg 2048w, https:\/\/gasdum.com\/wp-content\/uploads\/2023\/10\/a94425460daa5bd932844237683d994-610x458.jpg 610w, https:\/\/gasdum.com\/wp-content\/uploads\/2023\/10\/a94425460daa5bd932844237683d994-510x383.jpg 510w\" sizes=\"auto, (max-width: 1020px) 100vw, 1020px\" \/>\t\t\t\t\t\t\n\t\t\t\t\t<\/div>\n\t\t\t\t\t\t\t\t\n<style>\n#image_693449509 {\n  width: 100%;\n}\n<\/style>\n\t<\/div>\n\t\n<\/div><\/div>\n<div class=\"col grid-col large-3 grid-col-1-2\" ><div class=\"col-inner\">\n\t<div class=\"img has-hover x md-x lg-x y md-y lg-y\" id=\"image_2047749264\">\n\t\t\t\t\t\t\t\t<div class=\"img-inner dark\" >\n\t\t\t<img loading=\"lazy\" decoding=\"async\" width=\"1020\" height=\"574\" src=\"https:\/\/gasdum.com\/wp-content\/uploads\/2022\/09\/IMG_0870-1400x788.jpg\" class=\"attachment-large size-large\" alt=\"\" srcset=\"https:\/\/gasdum.com\/wp-content\/uploads\/2022\/09\/IMG_0870-1400x788.jpg 1400w, https:\/\/gasdum.com\/wp-content\/uploads\/2022\/09\/IMG_0870-710x400.jpg 710w, https:\/\/gasdum.com\/wp-content\/uploads\/2022\/09\/IMG_0870-768x432.jpg 768w, https:\/\/gasdum.com\/wp-content\/uploads\/2022\/09\/IMG_0870-1536x865.jpg 1536w, https:\/\/gasdum.com\/wp-content\/uploads\/2022\/09\/IMG_0870-610x344.jpg 610w, https:\/\/gasdum.com\/wp-content\/uploads\/2022\/09\/IMG_0870-510x287.jpg 510w, https:\/\/gasdum.com\/wp-content\/uploads\/2022\/09\/IMG_0870.jpg 1600w\" sizes=\"auto, (max-width: 1020px) 100vw, 1020px\" \/>\t\t\t\t\t\t\n\t\t\t\t\t<\/div>\n\t\t\t\t\t\t\t\t\n<style>\n#image_2047749264 {\n  width: 100%;\n}\n<\/style>\n\t<\/div>\n\t\n<\/div><\/div>\n            <\/div>\n    <style>\n    #banner-grid-359041352 .grid-col-1{height: 600px}\n    #banner-grid-359041352 .grid-col-1-2{height: 300px}\n    #banner-grid-359041352 .grid-col-1-3{height:200px}\n    #banner-grid-359041352 .grid-col-2-3{height: 400px}\n    #banner-grid-359041352 .grid-col-1-4{height: 150px}\n    #banner-grid-359041352 .grid-col-3-4{height: 450px}\n\n\n    \n    \n\n  <\/style>\n    <\/div>\n  \n\t\t<\/div>\n\n\t\t\n<style>\n#section_1254848429 {\n  padding-top: 30px;\n  padding-bottom: 30px;\n}\n#section_1254848429 .section-bg-overlay {\n  background-color: rgba(255, 255, 255, 0.9);\n}\n<\/style>\n\t<\/section>\n\t\n\n\t<section class=\"section\" id=\"section_1851812485\">\n\t\t<div class=\"section-bg fill\" >\n\t\t\t\t\t\t\t\t\t\n\t\t\t\n\n\t\t<\/div>\n\n\t\t\n\n\t\t<div class=\"section-content relative\">\n\t\t\t\n<div class=\"row\"  id=\"row-56452336\">\n\n\t<div id=\"col-1384402231\" class=\"col medium-6 small-12 large-6\"  >\n\t\t\t\t<div class=\"col-inner\"  >\n\t\t\t\n\t\t\t\n<h4><span data-text-color=\"primary\"><strong>Sobre nosotros -Gasdum, el nombre en el que siempre puede confiar&#8230;<\/strong><\/span><br \/>Morton Sanitary Ware manufacture limited ha nacido de a\u00f1os de conocimiento y experiencia en la fabricaci\u00f3n de productos sanitarios de cer\u00e1mica de alta calidad. Adhiri\u00e9ndose al concepto de combinar la tradici\u00f3n con la innovaci\u00f3n, nos esforzamos por crear una vida graciosa y convertirnos en la mejor empresa de art\u00edculos sanitarios del mundo.<br \/>A lo largo de los a\u00f1os, Gasdum ha dise\u00f1ado una amplia gama de productos de alto rendimiento con funciones distintivas y un dise\u00f1o vanguardista que se adapta a todos los sectores y presupuestos, incluidos los mercados de lavabos comerciales, residenciales, educativos y sanitarios. Potenciamos nuestra innovaci\u00f3n y productividad mediante la formaci\u00f3n del personal y la gesti\u00f3n empresarial para mantenernos por delante de la competencia.<br \/>Combinamos t\u00e9cnicas \u00fanicas de fabricaci\u00f3n, venta y producci\u00f3n para dar un paso hacia la diversificaci\u00f3n y la internacionalizaci\u00f3n.<br \/>Nuestra <br \/>misi\u00f3nAdaptarse a la r\u00e1pida evoluci\u00f3n de la tecnolog\u00eda y mantener una ventaja proporcionando productos y servicios inigualables a nuestros clientes a un precio competitivo.<\/p>\n<\/h4>\n\t\t<\/div>\n\t\t\t\t\n<style>\n#col-1384402231 > .col-inner {\n  padding: 40px 0px 0px 0px;\n}\n<\/style>\n\t<\/div>\n\n\t\n\n\t<div id=\"col-1541670541\" class=\"col medium-6 small-12 large-6\"  >\n\t\t\t\t<div class=\"col-inner\"  >\n\t\t\t\n\t\t\t\n\t<div class=\"img has-hover x md-x lg-x y md-y lg-y\" id=\"image_1372354562\">\n\t\t\t\t\t\t\t\t<div class=\"img-inner dark\" >\n\t\t\t<img loading=\"lazy\" decoding=\"async\" width=\"485\" height=\"476\" src=\"https:\/\/gasdum.com\/wp-content\/uploads\/2019\/12\/profile.png\" class=\"attachment-original size-original\" alt=\"\" srcset=\"https:\/\/gasdum.com\/wp-content\/uploads\/2019\/12\/profile.png 485w, https:\/\/gasdum.com\/wp-content\/uploads\/2019\/12\/profile-408x400.png 408w\" sizes=\"auto, (max-width: 485px) 100vw, 485px\" \/>\t\t\t\t\t\t\n\t\t\t\t\t<\/div>\n\t\t\t\t\t\t\t\t\n<style>\n#image_1372354562 {\n  width: 100%;\n}\n<\/style>\n\t<\/div>\n\t\n\t\t<\/div>\n\t\t\t\t\n<style>\n#col-1541670541 > .col-inner {\n  margin: -20px 0px 0px 0px;\n}\n<\/style>\n\t<\/div>\n\n\t\n\n\t<div id=\"col-1801497166\" class=\"col small-12 large-12\"  >\n\t\t\t\t<div class=\"col-inner\"  >\n\t\t\t\n\t\t\t\n<h4>Nuestra <br \/>visi\u00f3nMejorar la calidad de vida con nuestras innovaciones en el desarrollo de productos y convertirnos en pioneros en el mercado de productos sanitarios.<br \/>Nuestra pol\u00edtica de calidadGasdum <br \/>sigue un enfoque de \u00abno comprometer la calidad\u00bb en la fabricaci\u00f3n de todos los productos, prestando atenci\u00f3n al factor medioambiental en la estructura. Nuestra empresa cuenta con la certificaci\u00f3n ISO 9001:2000, y todas las directrices superan la norma nacional GB\/T6952-2005 de porcelana sanitaria.<br \/>Nuestros valores fundamentales<br \/>\u25cf Trabajo en equipo: Trabajamos en equipo para mejorar nuestro proceso de lluvia de ideas e idear formas creativas de fabricar productos.<br \/>\u25cf Innovaci\u00f3n-La innovaci\u00f3n est\u00e1 en el coraz\u00f3n de Gasdum, fomentada en cada uno de nuestros productos y procesos para crear un valor inigualable para nuestros clientes.<br \/>\u25cf Agilidad: nos esforzamos por responder a las nuevas posibilidades con eficacia y adoptamos r\u00e1pidamente los cambios tecnol\u00f3gicos para aprovechar las oportunidades avanzadas.<br \/>\u25cf Centrado en el cliente: todo lo que hacemos es para mejorar la calidad de vida de nuestros clientes ofreci\u00e9ndoles la mejor experiencia de su clase y dise\u00f1os novedosos.<br \/>\u25cf Calidad: valoramos a cada cliente y nos esforzamos al m\u00e1ximo para ofrecer productos de calidad garantizada que est\u00e9n a la altura de sus expectativas y su confianza.<br \/>Lo que hacemos: elegancia. Extravagancia. Exquisitez. empezamos como equipo de control de calidad de sanitarios y realizamos controles de calidad y comprobaciones para muchas grandes marcas sin decepcionarlas. Tras convertirnos en expertos en control de calidad, nos lanzamos a la fabricaci\u00f3n de productos sanitarios. Al principio, empezamos s\u00f3lo con lavabos e inodoros, y hoy, ofrecemos nuestra experiencia en todo tipo de productos sanitarios para edificios comerciales y residenciales, hoteles y oficinas.<br \/>Ofrecemos una amplia gama de productos duraderos con diferentes dise\u00f1os, temas y colores para satisfacer todo tipo de demandas de los clientes.<br \/>\u25cf InodorosEn <br \/>Gasdum, tenemos inodoros con numerosos dise\u00f1os y caracter\u00edsticas que complementar\u00e1n perfectamente la decoraci\u00f3n de cualquier ba\u00f1o. Nuestra colecci\u00f3n de inodoros incluye inodoros de una y dos piezas, colgados en la pared y con acoplamiento cerrado. Son f\u00e1ciles de usar y tienen tecnolog\u00eda de doble descarga que ofrece la posibilidad de utilizar dos opciones de descarga.<br \/>\u25cf LavaboNuestra <br \/>amplia gama de lavabos tiene dise\u00f1os y colores \u00fanicos que ofrecen a nuestros clientes numerosas opciones para elegir. Nuestros lavabos van desde el lavabo de pedestal, de color blanco brillante, hasta lavabos de ba\u00f1o con dise\u00f1os contempor\u00e1neos y de alta calidad que encajar\u00e1n perfectamente en cualquier ba\u00f1o.<br \/>\u25cf Armario de ba\u00f1o<br \/>Los gabinetes de ba\u00f1o de Gasdum ofrecen una fuerte resistencia, anticorrosi\u00f3n, capacidad de impermeabilidad, gran capacidad de carga y alta resistencia. Hay armarios de ba\u00f1o para la necesidad de cada cliente; cl\u00e1sicos o modernos, lujosos o sencillos; tenemos algo para todos.<br \/>\u25cf Espejo de <br \/>gabinete y ledAdem\u00e1s de <br \/>los sanitarios, tambi\u00e9n ofrecemos espejos de gabinete y espejos led que van bien con nuestros lavabos y gabinetes de ba\u00f1o. Estos espejos est\u00e1n hechos con dise\u00f1os de vanguardia que elevar\u00e1n el aspecto de cualquier ba\u00f1o.<br \/>Por qu\u00e9 elegirnos<br \/>\u25cf Dise\u00f1os atractivosNuestros <br \/>productos est\u00e1n hechos con dise\u00f1os \u00fanicos y atractivos. Con un ojo agudo en las tendencias internacionales y la \u00faltima tecnolog\u00eda, actualizamos nuestra gama de productos de vez en cuando para ofrecerle dise\u00f1os contempor\u00e1neos y la vida gloriosa. Nuestros dise\u00f1os incluyen sanitarios impresos, sanitarios de colores, sanitarios antiguos y mucho m\u00e1s.<br \/><span data-text-color=\"primary\">\u25cf Alta <\/span><br \/><span data-text-color=\"primary\">calidadHemos servido anteriormente como agentes de control de calidad para muchas grandes marcas y clientes, lo que nos ha convertido en un experto en el \u00e1rea de la calidad. Al ser una empresa con certificaci\u00f3n ISO 9001:2000, todas nuestras directrices superan la norma nacional GB\/T6952-2005 de porcelana sanitaria. En este sentido, seguimos un enfoque de \u00abno comprometer la calidad\u00bb. Todos nuestros productos se fabrican con precisi\u00f3n y son totalmente respetuosos con el medio ambiente.<\/span><br \/><span data-text-color=\"primary\">\u25cf DurabilidadPara <\/span><br \/><span data-text-color=\"primary\">evitar a nuestros clientes las molestias y los gastos de mantenimiento, fabricamos productos muy duraderos. Nuestros est\u00e1ndares de alta calidad garantizan que cada producto supere las expectativas de nuestros clientes. Tambi\u00e9n ofrecemos una garant\u00eda con cada producto para darles tranquilidad.<\/span><br \/><span data-text-color=\"primary\">\u25cf Investigaci\u00f3n y <\/span><br \/><span data-text-color=\"primary\">desarrolloContamos con expertos en investigaci\u00f3n y desarrollo altamente competentes que ponen su empe\u00f1o en introducir nuevas t\u00e9cnicas y tecnolog\u00edas innovadoras para nuestros productos. Ellos son la raz\u00f3n principal de nuestros sanitarios de dise\u00f1o \u00fanico.<\/span><br \/>\u25cf Gesti\u00f3n empresarialEn <br \/>Gasdum, nos centramos en la gesti\u00f3n empresarial, en la que ofrecemos formaci\u00f3n, reconocimiento y recompensas al personal. En \u00faltima instancia, esto conduce a una mayor productividad y alto rendimiento de nuestro personal y a mejores productos para nuestros clientes.<br \/>\u25cf Satisfacci\u00f3n del <br \/>clienteSiempre vamos un paso por delante en nuestro departamento de atenci\u00f3n al cliente. Tanto si desean una calidad de alta gama como un dise\u00f1o contempor\u00e1neo, cumplimos sistem\u00e1ticamente sus necesidades con total satisfacci\u00f3n.<br \/>No dude en ponerse en contacto con nosotros<\/h4>\n\t\t<\/div>\n\t\t\t\t\n<style>\n#col-1801497166 > .col-inner {\n  margin: -20px 0px 0px 0px;\n}\n<\/style>\n\t<\/div>\n\n\t\n<\/div>\n\t\t<\/div>\n\n\t\t\n<style>\n#section_1851812485 {\n  padding-top: 30px;\n  padding-bottom: 30px;\n}\n<\/style>\n\t<\/section>\n\t\n","protected":false},"excerpt":{"rendered":"","protected":false},"author":1,"featured_media":4109,"parent":4769,"menu_order":0,"comment_status":"closed","ping_status":"closed","template":"page-blank.php","meta":{"_acf_changed":false,"footnotes":""},"class_list":["post-4103","page","type-page","status-publish","has-post-thumbnail","hentry"],"acf":[],"_links":{"self":[{"href":"https:\/\/gasdum.com\/es\/wp-json\/wp\/v2\/pages\/4103","targetHints":{"allow":["GET"]}}],"collection":[{"href":"https:\/\/gasdum.com\/es\/wp-json\/wp\/v2\/pages"}],"about":[{"href":"https:\/\/gasdum.com\/es\/wp-json\/wp\/v2\/types\/page"}],"author":[{"embeddable":true,"href":"https:\/\/gasdum.com\/es\/wp-json\/wp\/v2\/users\/1"}],"replies":[{"embeddable":true,"href":"https:\/\/gasdum.com\/es\/wp-json\/wp\/v2\/comments?post=4103"}],"version-history":[{"count":0,"href":"https:\/\/gasdum.com\/es\/wp-json\/wp\/v2\/pages\/4103\/revisions"}],"up":[{"embeddable":true,"href":"https:\/\/gasdum.com\/es\/wp-json\/wp\/v2\/pages\/4769"}],"wp:featuredmedia":[{"embeddable":true,"href":"https:\/\/gasdum.com\/es\/wp-json\/wp\/v2\/media\/4109"}],"wp:attachment":[{"href":"https:\/\/gasdum.com\/es\/wp-json\/wp\/v2\/media?parent=4103"}],"curies":[{"name":"wp","href":"https:\/\/api.w.org\/{rel}","templated":true}]}}