{"id":7826,"date":"2020-06-01T13:40:29","date_gmt":"2020-06-01T12:40:29","guid":{"rendered":"https:\/\/www.gasdum.com\/rechtlicher-hinweis\/"},"modified":"2021-03-24T19:24:03","modified_gmt":"2021-03-24T11:24:03","slug":"rechtlicher-hinweis","status":"publish","type":"page","link":"https:\/\/gasdum.com\/de\/rechtlicher-hinweis\/","title":{"rendered":"Rechtlicher Hinweis"},"content":{"rendered":"<div class=\"row\"  id=\"row-1805055065\">\n\n\t<div id=\"col-239607380\" class=\"col small-12 large-12\"  >\n\t\t\t\t<div class=\"col-inner\"  >\n\t\t\t\n\t\t\t\n<p>&nbsp;<\/p>\n<h1><strong>\u00a0 \u00a0 \u00a0 \u00a0 \u00a0 \u00a0 \u00a0 \u00a0 \u00a0 \u00a0 \u00a0 \u00a0 \u00a0 \u00a0 \u00a0 \u00a0 \u00a0 \u00a0 \u00a0 \u00a0 \u00a0 \u00a0 \u00a0 \u00a0 \u00a0 \u00a0 \u00a0 \u00a0 \u00a0 \u00a0 Rechtlicher Hinweis<\/strong><\/h1>\n<p>&nbsp;<\/p>\n<h4>Der Inhaber der Website www.gasdum.com ist MORTON SANITARY WARE MANUFACTURE LIMITED.<\/h4>\n<h4>Mit dem Ziel, dass die Nutzung der Website Kriterien wie Transparenz, Klarheit und Einfachheit erf\u00fcllt, informiert MORTON SANITARY WARE MANUFACTURE LIMITED. den Nutzer dar\u00fcber, dass Vorschl\u00e4ge, Fragen oder Anfragen zu diesem rechtlichen Hinweis oder einem anderen Informationsdokument der Website durch Kontaktaufnahme mit MORTON SANITARY WARE MANUFACTURE LIMITED. \u00fcber die E-Mail-Adresse: sale@gasdum.com empfangen und gel\u00f6st werden.<\/h4>\n<h4>BITTE LESEN SIE DIESE BEDINGUNGEN SORGF\u00c4LTIG DURCH<\/h4>\n<h4>Diese Allgemeinen Gesch\u00e4ftsbedingungen regeln ausdr\u00fccklich die entstandenen Gesch\u00e4ftsbeziehungen zwischen MORTON SANITARY WARE MANUFACTURE LIMITED, GASDUM\u201c) und Dritten (nachfolgend, \u201eNutzer\u201c), die sich als Nutzer anmelden und\/oder Produkte \u00fcber den Online-Shop der offiziellen Website von GASDUM (http:\/\/www.gasdum.com, nachfolgend der \u201eShop\u201c) erwerben.<\/h4>\n<ol start=\"2\">\n<li>\n<h4>VERPFLICHTUNGEN DES NUTZERS<\/h4>\n<\/li>\n<\/ol>\n<h4>\u00a0 \u00a02.1 Der Nutzer verpflichtet sich im Allgemeinen, den Shop zu nutzen, die Produkte zu erwerben und alle Shopdienstleistungen gewissenhaft in \u00dcbereinstimmung mit dem Gesetz, der Moral, der \u00f6ffentlichen Ordnung und den Bestimmungen dieser Allgemeinen Gesch\u00e4ftsbedingungen zu nutzen und darf sie auch nicht in einer Weise verwenden, die den normalen Betrieb und die Nutzung des Shops durch die Nutzer verhindern, besch\u00e4digen oder beeintr\u00e4chtigen kann oder die Verm\u00f6genswerte und Rechte von GASDUM, seinen Lieferanten, Nutzern oder allgemein Dritten verletzen oder besch\u00e4digen k\u00f6nnten.<\/h4>\n<ol start=\"3\">\n<li>\n<h4>PRODUKTE UND PREISE<\/h4>\n<\/li>\n<\/ol>\n<h4>\u00a0 \u00a03.1 GASDUM beh\u00e4lt sich insbesondere das Recht vor, jederzeit \u00fcber die Produkte zu entscheiden, die den Nutzern \u00fcber den Shop angeboten werden. Sofern nicht anders angegeben, gelten f\u00fcr diese neuen Produkte die Bestimmungen dieser Allgemeinen Gesch\u00e4ftsbedingungen. Ebenso beh\u00e4lt sich GASDUM das Recht vor, die Bereitstellung oder Erleichterung des Zugriffs und der Nutzung und ohne vorherige Ank\u00fcndigung eine der verschiedenen Produktklassen, die im Shop angeboten werden, jederzeit einzustellen.<\/h4>\n<h4>\u00a0 \u00a03.2 Die im Shop enthaltenen Produkte entsprechen auf die zuverl\u00e4ssigste Weise, die die Web-Display-Technologie erm\u00f6glicht, den tats\u00e4chlich angebotenen Produkten. Die Eigenschaften der Produkte und ihre Preise werden im Shop angezeigt. Die im Shop angegebenen Preise sind in Euro und enthalten keine Mehrwertsteuer f\u00fcr \u201eprofessionelle\u201c Nutzer. Nicht professionelle Kunden k\u00f6nnen den Kauf von Produkten und Preise, wenn sie die Mehrwertsteuer enthalten, nicht wirksam machen.<\/h4>\n<ol start=\"4\">\n<li>\n<h4>VERFAHREN UND ZAHLUNGSWEISE F\u00dcR DIE PRODUKTE<\/h4>\n<\/li>\n<\/ol>\n<h4>\u00a0 \u00a04.1 Innerhalb von maximal vierundzwanzig (24) Stunden sendet GASDUM eine E-Mail an den Nutzer, um den Kauf zu best\u00e4tigen. Es gelten immer die Bedingungen und Zahlungsmethoden, die der Kunde gew\u00f6hnlich mit GASDUM vereinbart hat. Sie k\u00f6nnen sie jederzeit bei GASDUM einsehen.<\/h4>\n<h4>\u00a0 \u00a04.2 Die von GASDUM \u00fcbersandte Auftragsbest\u00e4tigung gilt nicht als Rechnung, sondern nur als Kaufnachweis. Mit GASDUM kann die Rechnung per E-Mail an die Adresse des Kunden gesendet werden, sobald sie im internen GASDUM-System erstellt wurde.<\/h4>\n<ol start=\"5\">\n<li>\n<h4>WIDERRUFSRECHT<\/h4>\n<\/li>\n<\/ol>\n<h4>\u00a0 \u00a05.1 Der Nutzer hat ein Widerrufsrecht, mit dem er GASDUM per E-Mail unter folgender Adresse:\u00a0sale@gasdum.com\u00a0kontaktieren und vom Kauf innerhalb einer Frist von h\u00f6chstens vierzehn (14) Werktagen, gerechnet ab Erhalt des Produkts, zur\u00fcckzutreten kann. Das Produkt muss zusammen mit dem ordnungsgem\u00e4\u00df ausgef\u00fcllten R\u00fccksendebogen und einer ordnungsgem\u00e4\u00df ausgef\u00fcllten Kopie des Lieferscheins oder der Rechnung gesendet werden, wobei GASDUM die direkten Kosten f\u00fcr die R\u00fccksendung des Produkts tr\u00e4gt. Die R\u00fccksendung erfolgt gem\u00e4\u00df den Anweisungen, die GASDUM dem Nutzer als Antwort auf seine Mitteilung \u00fcber die Aus\u00fcbung des Widerrufs anzeigt. Der Nutzer muss das Produkt innerhalb einer Frist von maximal (14) Tagen zur\u00fccksenden, nachdem GASDUM die Art der R\u00fccksendung angegeben hat.<\/h4>\n<h4>\u00a0 \u00a05.2 Der Widerruf f\u00fchrt zur R\u00fcckerstattung des gezahlten Betrages durch die gleiche Zahlungsmethode, mit der der Kauf get\u00e4tigt wurde. Die Frist f\u00fcr die genannte Zahlung ist die im Gesetz festgelegte.<\/h4>\n<h4>\u00a0 \u00a05.3 Das Widerrufsrecht kann nicht ausge\u00fcbt werden, wenn das Produkt nicht in der Originalverpackung zur\u00fcckgesandt wird und wenn sich das Produkt nicht in einwandfreiem Zustand befindet.<\/h4>\n<ol start=\"6\">\n<li>\n<h4>KUNDENDIENST<\/h4>\n<\/li>\n<\/ol>\n<h4>\u00a0 \u00a06.1 F\u00fcr jeden Vorfall, Anspruch oder Aus\u00fcbung seiner Rechte kann der Nutzer eine E-Mail an die Adresse\u00a0sale@gasdum.com\u00a0senden.<\/h4>\n<ol start=\"7\">\n<li>\n<h4>LIEFERSERVICE<\/h4>\n<\/li>\n<\/ol>\n<h4>\u00a0 \u00a07.1 Der territoriale Geltungsbereich des Verkaufs \u00fcber den Shop gilt ausschlie\u00dflich f\u00fcr das Gebiet der Europ\u00e4ischen Union und anderer von GASDUM so angegebener L\u00e4nder, weshalb der Lieferservice nur f\u00fcr diese Gebiete gilt. \u00dcber den Shop gekaufte Produkte werden an die Lieferadresse gesendet, die der Nutzer als seine Lieferadresse in der GASDUM-Datenbank eingetragen hat. Sobald die Zahlung best\u00e4tigt wurde, ist die Lieferzeit je nach Verf\u00fcgbarkeit des Produkts so kurz wie m\u00f6glich.<\/h4>\n<h4>\u00a0 \u00a07.2\u00a0 Der GASDUM-Lieferservice wird in Zusammenarbeit mit verschiedenen renommierten Logistikdienstleistern durchgef\u00fchrt. Bestellungen werden nicht an Postf\u00e4cher oder Hotels oder andere nicht st\u00e4ndige Adressen zugestellt.<\/h4>\n<h4>\u00a0 \u00a07.3 Die Versandkosten sind nicht im Preis der Produkte enthalten. Zum Zeitpunkt des Erwerbs des Produkts wird der Nutzer \u00fcber die genauen Versandkosten informiert.<\/h4>\n<ol start=\"8\">\n<li>\n<h4>GEISTIGES UND INDUSTRIELLES EIGENTUM<\/h4>\n<\/li>\n<\/ol>\n<h4>\u00a0 \u00a08.1\u00a0Diese Bedingungen regeln die Gesch\u00e4ftsbeziehung zwischen dem professionellen Nutzer und GASDUM zum Zeitpunkt der Annahme in Bezug auf die Verwendung und den Download der Bilder, CAD-Dateien, Zertifikate, technischen Datenbl\u00e4tter und Produktanweisungen, die auf der Website\u00a0WWW.GASDUM.COM\u00a0erscheinen. Der blo\u00dfe Zugriff und\/oder die Nutzung des Portals, aller oder eines Teils seiner Inhalte und\/oder Dienste bedeutet die uneingeschr\u00e4nkte Anerkennung dieser Nutzungsbedingungen.<\/h4>\n<h4>Diese Inhalte sind gem\u00e4\u00df den Bestimmungen der K\u00f6niglichen Verordnung 1\/1996 vom 12. April durch das entsprechende Urheberrecht gesch\u00fctzt, durch die der neu gefasste Text des Urhebergesetzes angenommen wird. GASDUM ist der Eigent\u00fcmer. Die Nutzungsbefugnis stellt keine Abtretung, Verkauf oder \u00dcbertragung des Eigentums an geistigen Eigentumsrechten dar.<\/h4>\n<h4>\u00a0 \u00a08.2 Der Nutzer erkennt an, dass alle Elemente des Shops und der einzelnen Produkte, die darin enthaltenen Informationen und Materialien (insbesondere Bilder, Texte, Firmenlogos und -namen), Marken, Struktur, Auswahl, Anordnung und Pr\u00e4sentation ihrer Inhalte und die in Zusammenhang mit ihnen verwendeten Computerprogramme durch geistige und gewerbliche Eigentumsrechte von GASDUM selbst oder Dritten gesch\u00fctzt sind, und dass die Allgemeinen Gesch\u00e4ftsbedingungen keine anderen Rechte als die darin ausdr\u00fccklich vorgesehenen in Bezug auf die gewerblichen Schutzrechte und geistigen Eigentumsrechte gew\u00e4hren.<\/h4>\n<h4>Sofern nicht von GASDUM oder gegebenenfalls von Dritten, die \u00fcber die entsprechenden Rechte verf\u00fcgen, autorisiert oder es sei denn, es ist gesetzlich zul\u00e4ssig, darf der Nutzer keines der im vorhergehenden Absatz genannten Elemente umwandeln, \u00e4ndern, zerlegen, zur\u00fcckentwickeln, verteilen, vermieten, verleihen, zur Verf\u00fcgung stellen oder der \u00d6ffentlichkeit durch eine Form der \u00f6ffentlichen Kommunikation den Zugriff gew\u00e4hren.<\/h4>\n<h4>\u00a0 \u00a08.3 Der professionelle Nutzer ist verpflichtet, die von GASDUM zur Verf\u00fcgung gestellten Bilder, CAD-Dateien, Zertifikate, technischen Datenbl\u00e4tter und Produktanweisungen in legitimer Weise zu verwenden und muss sich dabei strikt an die geltenden Handelsvereinbarungen und -bedingungen halten. Mit dem Download und der Verwendung der von GASDUM bereitgestellten Inhalte verpflichtet sich der professionelle Nutzer, (i) die von GASDUM bereitgestellten Inhalte NICHT unangemessen, betr\u00fcgerisch oder unfair zu verwenden, (ii) die Rechte des geistigen Eigentums und der Privatsph\u00e4re, unter anderem die urheberrechtlich gesch\u00fctzten Rechte, NICHT zu verletzen, (iii) die von GASDUM bereitgestellten Inhalte NICHT zu verwenden, wenn die Gesch\u00e4ftsbeziehung zwischen dem professionellen Nutzer und dem Unternehmen beendet wird.<\/h4>\n<h4>GASDUM kann die Nutzungsbedingungen der \u00fcber das Portal f\u00fcr professionelle Nutzer bereitgestellten Inhalte jederzeit \u00e4ndern.<\/h4>\n<h4>\u00a0 \u00a08.4\u00a0Alle Streitigkeiten, die sich aus der Auslegung und Durchf\u00fchrung dieser Vereinbarung ergeben, unterliegen der Gerichtsbarkeit der Gerichte der Stadt Piares.<\/h4>\n<ol start=\"9\">\n<li>\n<h4>DATENSCHUTZ<\/h4>\n<\/li>\n<\/ol>\n<h4>\u00a0 \u00a09.1. In \u00dcbereinstimmung mit dem spanischen Datenschutzgesetz 15\/99 LOPD teilen wir Ihnen mit, dass Ihre pers\u00f6nlichen Daten und andere \u00fcber das Registrierungsformular bereitgestellte sowie aus durchgef\u00fchrten Transaktionen stammende Informationen f\u00fcr ihre Verarbeitung in eine Datei aufgenommen und aufbewahrt werden und Eigentum von GASDUM sind, so lange ihre L\u00f6schung nicht beantragt wird. Die Verarbeitung ist f\u00fcr die Entwicklung und Durchf\u00fchrung des Verkaufs, die personalisierte Betreuung der von Ihnen erworbenen Produkte und Dienstleistungen und die Verbesserung dieser Betreuung sowie zur Werbung f\u00fcr eigene Produkte und Dienstleistungen und f\u00fcr mit GASDUM verbundene Drittunternehmen bestimmt.<\/h4>\n<h4>Ebenso werden Sie informiert, dass Ihre Daten Transportunternehmen (DHL, Schenker, Dachser, TNT) f\u00fcr Logistik- und Transportzwecke zur Verf\u00fcgung gestellt werden. GASDUM wird diese Daten mit gr\u00f6\u00dfter Vertraulichkeit behandeln, da es der einzige und ausschlie\u00dfliche Empf\u00e4nger dieser Daten ist und keine \u00dcbertragungen oder Mitteilungen an Dritte, abgesehen von jenen, die in den geltenden Vorschriften angegeben sind, vornehmen.<\/h4>\n<h4>Der Nutzer genehmigt GASDUM ausdr\u00fccklich die Weiterleitung von kommerziellen Mitteilungen, Angeboten und Werbewettbewerben, auch auf elektronischem Wege, durch GASDUM und die oben genannten Unternehmen. Ja, ich stimme zu.<\/h4>\n<h4>\u00a0 \u00a09.2. Der Nutzer kann jederzeit von seinem Recht auf Zugang, Berichtigung, Widerspruch oder L\u00f6schung Gebrauch machen, indem er sich an GASDUM, GASDUMX wendet oder per E-Mail an\u00a0sale@gasdum.com\u00a0mit einer Kopie seiner Steuernummer oder eines Ersatzausweises.<\/h4>\n<h4>\u00a0 \u00a09.3. Die im Anmeldeformular mit * gekennzeichneten Antworten sind Pflichtfelder. Ihre Nichtbeantwortung verhindert den Kauf der ausgew\u00e4hlten Produkte.<\/h4>\n<ol start=\"10\">\n<li>\n<h4>PASSW\u00d6RTER<\/h4>\n<\/li>\n<\/ol>\n<h4>\u00a0 \u00a0 10.1. GASDUM erleichtert dem Nutzer, der sich als solcher auf der Website registriert, die Verwendung pers\u00f6nlicher Passw\u00f6rter. Diese Passw\u00f6rter werden verwendet, um auf die \u00fcber die Website bereitgestellten Dienste zuzugreifen. Der Nutzer hat die Passw\u00f6rter unter seiner alleinigen Verantwortung streng und absolut vertraulich zu behandeln und \u00fcbernimmt daher alle Sch\u00e4den oder Konsequenzen jeglicher Art, die sich aus der Verletzung oder Offenlegung des Geheimnisses ergeben. Aus Sicherheitsgr\u00fcnden kann das Passwort f\u00fcr den telematischen Zugriff auf die mit der Website verkn\u00fcpften Dienste jederzeit vom Nutzer ge\u00e4ndert werden. Der Nutzer verpflichtet sich, GASDUM unverz\u00fcglich \u00fcber jede unbefugte Verwendung seines Passworts sowie den Zugriff unberechtigter Dritter darauf zu informieren.<\/h4>\n<ol start=\"11\">\n<li>\n<h4>COOKIES<\/h4>\n<\/li>\n<\/ol>\n<h4>\u00a0 \u00a011.1. GASDUM verwendet Cookies, um seine Dienste zu verbessern, die Navigation zu erleichtern, die Sicherheit zu gew\u00e4hrleisten, die Identit\u00e4t des Nutzers zu \u00fcberpr\u00fcfen, den Zugang zu pers\u00f6nlichen Einstellungen zu erleichtern und die Nutzung des Shops zu verfolgen. Cookies sind Dateien, die auf der Festplatte des Computers oder im Speicher des Browsers in dem Ordner gespeichert werden, der vom Betriebssystem des Computers des Nutzers vorkonfiguriert wurde, um ihn zu identifizieren.<\/h4>\n<h4>\u00a0 \u00a011.2. Wenn der Nutzer nicht m\u00f6chte, dass ein Cookie auf seiner Festplatte installiert wird, muss er seinen Browser \u00fcber das Internet konfigurieren, um sie nicht zu erhalten. Ebenso kann der Nutzer Cookies frei vernichten.\u00a0Falls der Nutzer die Deaktivierung von Cookies beschlie\u00dft, kann die Qualit\u00e4t und Geschwindigkeit des Dienstes sinken und sogar den Zugriff auf einige der im Shop angebotenen Dienste verlieren.<\/h4>\n<ol start=\"12\">\n<li>\n<h4>ANWENDBARES RECHT UND GERICHTSSTAND<\/h4>\n<\/li>\n<\/ol>\n<h4>Diese allgemeinen Gesch\u00e4ftsbedingungen richten sich nach der spanischen Gesetzgebung. Alle Streitigkeiten aus der Auslegung oder Durchf\u00fchrung, die im Zusammenhang mit der G\u00fcltigkeit, Auslegung, Erf\u00fcllung oder K\u00fcndigung dieses Vertrages entstehen k\u00f6nnen, werden der Gerichtsbarkeit und Zust\u00e4ndigkeit der Gerichte der Stadt Piares unterworfen, mit Verzicht auf den Gerichtsstand, der dem Nutzer zustehen k\u00f6nnte, sofern die geltenden Rechtsvorschriften dies zulassen.<\/h4>\n<h4><\/h4>\n\t\t<\/div>\n\t\t\t\t\t<\/div>\n\n\t\n<\/div>\n<p>&nbsp;<\/p>\n","protected":false},"excerpt":{"rendered":"<p>&nbsp;<\/p>\n","protected":false},"author":1,"featured_media":0,"parent":0,"menu_order":0,"comment_status":"closed","ping_status":"closed","template":"","meta":{"_acf_changed":false,"footnotes":""},"class_list":["post-7826","page","type-page","status-publish","hentry"],"acf":[],"_links":{"self":[{"href":"https:\/\/gasdum.com\/de\/wp-json\/wp\/v2\/pages\/7826","targetHints":{"allow":["GET"]}}],"collection":[{"href":"https:\/\/gasdum.com\/de\/wp-json\/wp\/v2\/pages"}],"about":[{"href":"https:\/\/gasdum.com\/de\/wp-json\/wp\/v2\/types\/page"}],"author":[{"embeddable":true,"href":"https:\/\/gasdum.com\/de\/wp-json\/wp\/v2\/users\/1"}],"replies":[{"embeddable":true,"href":"https:\/\/gasdum.com\/de\/wp-json\/wp\/v2\/comments?post=7826"}],"version-history":[{"count":0,"href":"https:\/\/gasdum.com\/de\/wp-json\/wp\/v2\/pages\/7826\/revisions"}],"wp:attachment":[{"href":"https:\/\/gasdum.com\/de\/wp-json\/wp\/v2\/media?parent=7826"}],"curies":[{"name":"wp","href":"https:\/\/api.w.org\/{rel}","templated":true}]}}