{"id":7818,"date":"2020-06-01T13:34:41","date_gmt":"2020-06-01T12:34:41","guid":{"rendered":"https:\/\/www.gasdum.com\/cookie-richtlinie\/"},"modified":"2021-03-24T18:01:25","modified_gmt":"2021-03-24T10:01:25","slug":"cookie-richtlinie","status":"publish","type":"page","link":"https:\/\/gasdum.com\/de\/cookie-richtlinie\/","title":{"rendered":"Cookie-Richtlinie"},"content":{"rendered":"<div class=\"row\"  id=\"row-237935380\">\n\n\t<div id=\"col-404659622\" class=\"col small-12 large-12\"  >\n\t\t\t\t<div class=\"col-inner\"  >\n\t\t\t\n\t\t\t\n<div class=\"html-output\">\n<p>&nbsp;<\/p>\n<p>&nbsp;<\/p>\n<h3>\u00a0 \u00a0 \u00a0 \u00a0 \u00a0 \u00a0 \u00a0 \u00a0 \u00a0 \u00a0 \u00a0 \u00a0 \u00a0 \u00a0 \u00a0 \u00a0 \u00a0 \u00a0 \u00a0 \u00a0 <strong>\u00a0 \u00a0 \u00a0 \u00a0 \u00a0 \u00a0 \u00a0 \u00a0 \u00a0 \u00a0 \u00a0 \u00a0 \u00a0 \u00a0 \u00a0 \u00a0 \u00a0 \u00a0 \u00a0 \u00a0 \u00a0 \u00a0 \u00a0 \u00a0 \u00a0 \u00a0 \u00a0 \u00a0 \u00a0Cookie-Richtlinien<\/strong><\/h3>\n<h4>Was sind Cookies?<\/h4>\n<h4>Ein Cookie ist eine Datei oder eine Vorrichtung, die auf dem Endger\u00e4t des Nutzers heruntergeladen wird, um dort Daten, die von der f\u00fcr die Installation verantwortlichen Stelle aktualisiert und abgerufen werden k\u00f6nnen, zu speichern. Es handelt sich dabei also um eine Datei, die in Ihrem Rechner heruntergeladen wird, wenn Sie sich auf bestimmten Websites einloggen. Die Cookies erm\u00f6glichen es einer Website u.a., Informationen zu den Verhaltensweisen oder der Hardware des Nutzers zu speichern und abzurufen und k\u00f6nnen in Abh\u00e4ngigkeit von der gespeicherten Information und dem Nutzungsverhalten dazu verwendet werden, einen Nutzer wiederzuerkennen.<\/h4>\n<h4>Seine Hauptfunktionen sind:<\/h4>\n<ul>\n<li>\n<h4>\u00dcbernahme der Nutzerkontrolle: Wenn der Benutzer seinen Benutzernamen und sein Passwort eingibt, wird ein Cookie gespeichert, damit sie nicht f\u00fcr jede Seite des Servers eingef\u00fchrt werden m\u00fcssen. Ein Cookie identifiziert jedoch nicht nur eine Person, sondern eine Kombination aus Computer-Browser-Nutzer.<\/h4>\n<\/li>\n<\/ul>\n<ul>\n<li>\n<h4>Erhalt von Informationen \u00fcber die Surfgewohnheiten des Nutzers und Spyware-Versuchen (Spionageprogramme) von Werbeagenturen und anderen. Dies kann Datenschutzprobleme verursachen und ist einer der Gr\u00fcnde, warum Cookies kritisiert werden.<\/h4>\n<\/li>\n<\/ul>\n<h4><\/h4>\n<h4>Es gibt verschiedene Arten von Cookies, abh\u00e4ngig insbesondere vom Zweck, f\u00fcr den sie verwendet werden, und auf diese Weise werden u.a. folgende unterschieden:<\/h4>\n<h4>Analyse-Cookies:\u00a0Diese Cookies werden verwendet, um eine Analyse der Nutzerverhalten und -aktionen der Website durchzuf\u00fchren sowie f\u00fcr die Erstellung von Navigationsprofilen, um technische Betriebs- und Leistungsverbesserungen zu verwirklichen.<\/h4>\n<h4>Werbecookies:\u00a0Sie erm\u00f6glichen auf Basis einer Reihe von Kriterien eine effektive Verwaltung der Werbefl\u00e4chen,\u00a0\u00a0 z.B. die \u00dcberpr\u00fcfung, ob der Nutzer bereits Zugang zu einer Nachricht hatte oder nicht, um ihre Aktualisierung mit einer neuen vorzunehmen.<\/h4>\n<h4>Werbeverhalten-Cookies:\u00a0Diese Cookies \u00fcbernehmen die Speicherung des eigenen Nutzerverhaltens und konzentrieren sich auf seine Surfgewohnheiten. Dies erm\u00f6glicht die Erstellung von Nutzerprofilen abh\u00e4ngig von ihrem Verhalten und ihre Verwendung zur Personalisierung der gezeigten Werbung.<\/h4>\n<h4>Wenn der Nutzer weitere Informationen zu Cookies erhalten m\u00f6chte, kann er folgende Website konsultieren:\u00a0<a href=\"https:\/\/www.aboutcookies.org\/\">https:\/\/www.aboutcookies.org\/<\/a>.<\/h4>\n<h4><\/h4>\n<h4>Welche Art von Cookies wird auf dieser Website verwendet?<\/h4>\n<h4>Die vorliegende Website verwendet Cookies, die dem Nutzer die Nutzung und das Surfen innerhalb der Website erleichtern, seinen Zugang zu bestimmten Diensten gew\u00e4hrleisten sowie die Funktionseinstellung der Website verbessern.<\/h4>\n<h4>Diese Website verwendet konkret folgende Cookies:<\/h4>\n<h4>__atuvc:\u00a0addthis.com. Funktionales Cookie, das f\u00fcr die Bereitstellung der angeforderten Dienste f\u00fcr die Nutzer dieser Website notwendig ist. Es verf\u00e4llt nach 2 Jahren. Firmenname: AddThis by Oracle America, Inc., 500 Oracle Parkway, Redwood Shores, California CA 94065 USA<\/h4>\n<h4>__utma:\u00a0google.com Analyse-Cookie, das Informationen erfasst, um die Nutzung der Website durch den Internetnutzer und ihre allgemeine Aktivit\u00e4t zu bewerten. Es verf\u00e4llt 2 Jahre nach der letzten Aktualisierung. Firmenname: Google Inc. 1600 Amphitheatre Parkway Mountain View, California CA 94043 USA<\/h4>\n<h4>__utmb:\u00a0google.com Analyse-Cookie, das Informationen erfasst, um die Nutzung der Website durch den Internetnutzer und ihre allgemeine Aktivit\u00e4t zu bewerten. Es verf\u00e4llt 30 Minuten nach der letzten Aktualisierung. Firmenname: Google Inc. 1600 Amphitheatre Parkway Mountain View, California CA 94043 USA<\/h4>\n<h4>__utmc:\u00a0google.com Analyse-Cookie, das Informationen erfasst, um die Nutzung der Website durch den Internetnutzer und ihre allgemeine Aktivit\u00e4t zu bewerten. Es verf\u00e4llt nach Ende der Sitzung. Firmenname: Google Inc. 1600 Amphitheatre Parkway Mountain View, California CA 94043 USA<\/h4>\n<h4>__utmz:\u00a0google.com Analyse-Cookie, das Informationen erfasst, um die Nutzung der Website durch den Internetnutzer und ihre allgemeine Aktivit\u00e4t zu bewerten. Es verf\u00e4llt 6 Monate nach der letzten Aktualisierung. Firmenname: Google Inc. 1600 Amphitheatre Parkway Mountain View, California CA 94043 USA<\/h4>\n<h4>Die von uns zum Erhalt und zur Analyse von Surfinformationen verwendete Anwendung ist: Google Analytics: www.google.com\/analytics\/ y www.google.es\/analytics\/privacyoverview.html<\/h4>\n<h4>CWALLOWCOOKIES\u00a0Cookie-Richtlinienbanner: Informationen \u00fcber Cookie-Richtlinien von gasdum.com<\/h4>\n<h4>\u00a0Wie wird die Konfiguration der Cookies verwaltet?<\/h4>\n<h4>Im folgenden Abschnitt wird eine kurze Darstellung ausgef\u00fchrt, wie man die Konfiguration des Cookie-Systems in Verbindung mit den g\u00e4ngigsten oder den von den Nutzern am h\u00e4ufigsten verwendeten Browsern einsieht und durchf\u00fchrt.<\/h4>\n<h4>In diesem Sinne erlauben praktisch alle Browser dem Benutzer, allgemeine Informationen \u00fcber die auf einer Website installierten Cookies zu erhalten, konkret ihre Existenz, ihre Dauer oder das L\u00f6schsystem zu \u00fcberpr\u00fcfen. In diesem Sinne wird eine Reihe von weiterf\u00fchrenden Links zu Informationszwecken bereitgestellt:<\/h4>\n<h4>&#8211;\u00a0\u00a0\u00a0\u00a0\u00a0\u00a0\u00a0\u00a0<a href=\"https:\/\/support.google.com\/chrome\/answer\/95647?hl=es\">Google Chrome<\/a><\/h4>\n<h4>&#8211;\u00a0\u00a0\u00a0\u00a0\u00a0\u00a0\u00a0\u00a0<a href=\"https:\/\/support.mozilla.org\/es\/kb\/cookies-informacion-que-los-sitios-web-guardan-en-\">Mozilla Firefox<\/a><\/h4>\n<h4>&#8211;\u00a0\u00a0\u00a0\u00a0\u00a0\u00a0\u00a0\u00a0<a href=\"https:\/\/windows.microsoft.com\/es-es\/windows7\/how-to-manage-cookies-in-internet-explorer-9\">Internet Explorer<\/a><\/h4>\n<h4>Andererseits kann der Nutzer die auf seinem Ger\u00e4t installierten Cookies zulassen, blockieren oder l\u00f6schen, indem er die Einstellung seines Browsers entsprechend den in ihm angegebenen Anweisungen \u00e4ndert. Zu Informationszwecken wird darauf hingewiesen, dass die Einstellung der Cookies normalerweise im Men\u00fc \u201ePr\u00e4ferenzen\u201c oder \u201eWerkzeuge\u201c jedes Browsers durchgef\u00fchrt wird. Auf jeden Fall k\u00f6nnen Sie immer auf die Hilfe Ihres Browsers zur\u00fcckgreifen, um daraus entstehende Fragen zu l\u00f6sen oder zu entscheiden.<\/h4>\n<h4>Es muss darauf hingewiesen werden, dass wenn die Installation aller Cookies verhindert wird, der Inhalt der Website sowie bestimmte von ihr bereitgestellte Funktionen und Dienstleistungen beeintr\u00e4chtigt werden k\u00f6nnen.<\/h4>\n<h4><\/h4>\n<\/div>\n\t\t<\/div>\n\t\t\t\t\t<\/div>\n\n\t\n<\/div>\n","protected":false},"excerpt":{"rendered":"","protected":false},"author":1,"featured_media":0,"parent":0,"menu_order":0,"comment_status":"closed","ping_status":"closed","template":"","meta":{"_acf_changed":false,"footnotes":""},"class_list":["post-7818","page","type-page","status-publish","hentry"],"acf":[],"_links":{"self":[{"href":"https:\/\/gasdum.com\/de\/wp-json\/wp\/v2\/pages\/7818","targetHints":{"allow":["GET"]}}],"collection":[{"href":"https:\/\/gasdum.com\/de\/wp-json\/wp\/v2\/pages"}],"about":[{"href":"https:\/\/gasdum.com\/de\/wp-json\/wp\/v2\/types\/page"}],"author":[{"embeddable":true,"href":"https:\/\/gasdum.com\/de\/wp-json\/wp\/v2\/users\/1"}],"replies":[{"embeddable":true,"href":"https:\/\/gasdum.com\/de\/wp-json\/wp\/v2\/comments?post=7818"}],"version-history":[{"count":0,"href":"https:\/\/gasdum.com\/de\/wp-json\/wp\/v2\/pages\/7818\/revisions"}],"wp:attachment":[{"href":"https:\/\/gasdum.com\/de\/wp-json\/wp\/v2\/media?parent=7818"}],"curies":[{"name":"wp","href":"https:\/\/api.w.org\/{rel}","templated":true}]}}