{"id":7802,"date":"2020-05-18T13:53:26","date_gmt":"2020-05-18T12:53:26","guid":{"rendered":"https:\/\/www.gasdum.com\/privacy\/"},"modified":"2021-03-24T17:39:30","modified_gmt":"2021-03-24T09:39:30","slug":"privacy","status":"publish","type":"page","link":"https:\/\/gasdum.com\/de\/privacy\/","title":{"rendered":"Datenschutz-Bestimmungen"},"content":{"rendered":"<div class=\"row\"  id=\"row-69089762\">\n\n\t<div id=\"col-1483517444\" class=\"col small-12 large-12\"  >\n\t\t\t\t<div class=\"col-inner\"  >\n\t\t\t\n\t\t\t\n<h3><strong>\u00a0 \u00a0 \u00a0 \u00a0 \u00a0 \u00a0 \u00a0 \u00a0 \u00a0 \u00a0 \u00a0 \u00a0 \u00a0 \u00a0 \u00a0 \u00a0 \u00a0 \u00a0 \u00a0 \u00a0 \u00a0 \u00a0 \u00a0 \u00a0 \u00a0 \u00a0 \u00a0 \u00a0 \u00a0 \u00a0 \u00a0 \u00a0 \u00a0 \u00a0 \u00a0 <\/strong><\/h3>\n<h3><strong>\u00a0 \u00a0 \u00a0 \u00a0 \u00a0 \u00a0 \u00a0 \u00a0 \u00a0 \u00a0 \u00a0 \u00a0 \u00a0 \u00a0 \u00a0 \u00a0 \u00a0 \u00a0 \u00a0 \u00a0 \u00a0 \u00a0 \u00a0 \u00a0 \u00a0 \u00a0 \u00a0 \u00a0 \u00a0 \u00a0 \u00a0 \u00a0 \u00a0 \u00a0 \u00a0 \u00a0 \u00a0 \u00a0 \u00a0 Datenschutzerkl\u00e4rung<\/strong><\/h3>\n<h4>Einf\u00fchrung<br \/>\nDie vorliegende Datenschutzerkl\u00e4rung wurde unter Ber\u00fccksichtigung der Bestimmungen des geltenden Organgesetzes zum Schutz personenbezogener Daten sowie der Verordnung 2016\/679 des europ\u00e4ischen Parlamentes und Rates vom 27. April 2016 bez\u00fcglich des Schutzes nat\u00fcrlicher Personen bei der Verarbeitung personenbezogener Daten und beim Datenverkehr erstellt, nachfolgend die Datenschutzgrundverordnung (DSGVO).<\/h4>\n<h4>Diese Datenschutzerkl\u00e4rung soll die Inhaber der personenbezogenen Daten, die erhoben werden, \u00fcber die besonderen Aspekte in Bezug auf die Verarbeitung ihrer Daten, u.a. die Zwecke der Verarbeitung, die Kontaktdaten zur Aus\u00fcbung der ihnen zustehenden Rechte, die Aufbewahrungsfristen der Informationen und die Sicherheitsma\u00dfnahmen informieren.<\/h4>\n<h4>Verantwortlicher der Verarbeitung<\/h4>\n<h4>Unter Datenschutzbedingungen muss MORTON SANITARY WARE MANUFACTURE LIMITED als Verantwortlicher der Verarbeitung in Bezug auf die in der vorliegenden Erkl\u00e4rung identifizierten Dateien\/Verarbeitungen, konkret im Abschnitt Datenverarbeitung, angesehen werden.<\/h4>\n<h4>Nachstehend werden die Identifizierungsdaten des Inhabers der vorliegenden Website angegeben:<\/h4>\n<h4>Verantwortlicher der Verarbeitung: MORTON SANITARY WARE MANUFACTURE LIMITED<\/h4>\n<h4>E-Mail-Adresse:sale@gasdum.com<\/h4>\n<h4><\/h4>\n<h4>Datenverarbeitungen<\/h4>\n<h4>Die gegebenenfalls angeforderten personenbezogenen Daten bestehen nur aus jenen, die unbedingt erforderlich sind, um die von ihrem Inhaber durchgef\u00fchrte Anfrage zu identifizieren und zu bearbeiten, nachstehend die betroffene Person. Die genannten Informationen werden im Verh\u00e4ltnis zur betroffenen Person nach Treu und Glauben, rechtm\u00e4\u00dfig und auf transparente Art und Weise verarbeitet. Andererseits werden die personenbezogenen Daten f\u00fcr bestimmte, explizite und legitime Zwecke erfasst und d\u00fcrfen nicht zweckwidrig weiterverarbeitet werden.<\/h4>\n<h4>Die von jeder betroffenen Person erfassten Daten sind angemessen, sachdienlich und nicht \u00fcbertrieben im Verh\u00e4ltnis zu den entsprechenden Zwecken f\u00fcr jeden Fall und werden bei Bedarf aktualisiert.<\/h4>\n<h4>Der Inhaber der Daten wird vor der Erfassung seiner Daten \u00fcber die allgemeinen, in dieser Erkl\u00e4rung geregelten Aspekte informiert, damit er seine ausdr\u00fcckliche, notwendige und eindeutige Zustimmung f\u00fcr die Verarbeitung seiner Daten gem\u00e4\u00df folgender Aspekte geben kann.<\/h4>\n<h4><\/h4>\n<h4>Verarbeitungszwecke.<\/h4>\n<h4>Die expliziten Zwecke, f\u00fcr die jede der Verarbeitungen durchgef\u00fchrt wird, werden in den in allen Wegen der Datenerhebung (Webformulare, Papierformulare oder Plakate und Mitteilungen) aufgenommenen Informationsklauseln erfasst.<\/h4>\n<h4>Trotzdem werden die personenbezogenen Daten der betroffenen Person mit dem ausschlie\u00dflichen Zweck verarbeitet, ihr eine zweckdienliche Antwort zu geben und die vom Nutzer durchgef\u00fchrten Anfragen, die bei Option, Dienstleistung, Formular oder Datenerfassungssystem, das der Inhaber verwendet, angegeben sind, zu bearbeiten.<\/h4>\n<h4><\/h4>\n<h4>Legitimation<\/h4>\n<h4>In der Regel erh\u00e4lt MORTON SANITARY WARE MANUFACTURE LIMITED vor der Verarbeitung der personenbezogenen Daten die ausdr\u00fcckliche und eindeutige Zustimmung ihres Inhabers durch die Aufnahme von Klauseln zur Einwilligungserkl\u00e4rung in die verschiedenen Systeme der Informationserfassung.<\/h4>\n<h4><\/h4>\n<h4>Trotzdem beruht, wenn keine Einwilligung der betroffenen Person verlangt wird, die Datenverarbeitung durch MORTON SANITARY WARE MANUFACTURE LIMITED auf dem Gesetz oder einer bestimmten Norm, die die Verarbeitung der personenbezogenen Daten der betroffenen Person genehmigt oder verlangt.<\/h4>\n<h4><\/h4>\n<h4>Empf\u00e4nger<\/h4>\n<h4>In der Regel nimmt MORTON SANITARY WARE MANUFACTURE LIMITED keine Weitergabe oder \u00dcbermittlung der Daten an dritte Unternehmen vor, au\u00dfer den gesetzlich geforderten. Sollte es jedoch erforderlich sein, werden die genannten Weitergaben oder \u00dcbermittlungen der Daten der betroffenen Person durch die in den verschiedenen Wegen der Erhebung personenbezogener Daten enthaltenen Klauseln zur Einwilligungserkl\u00e4rung mitgeteilt.<\/h4>\n<h4><\/h4>\n<h4>Herkunft<\/h4>\n<h4>In der Regel werden die personenbezogenen Daten immer direkt bei der betroffenen Person erhoben, jedoch k\u00f6nnen die Daten unter bestimmten Ausnahmen durch Dritte, Unternehmen oder Dienste, die nicht die betroffene Person sind, erhoben werden. In diesem Sinne wird dieser Aspekt durch die in den verschiedenen Wegen der Erhebung personenbezogener Daten enthaltenen Klauseln zur Einwilligungserkl\u00e4rung der betroffenen Person innerhalb einer angemessenen Frist \u00fcbertragen, sobald die Daten erhalten wurden und sp\u00e4testens innerhalb eines Monats.<\/h4>\n<h4><\/h4>\n<h4>Aufbewahrungsfristen<\/h4>\n<h4>Die bei der betroffenen Person erhobenen Informationen werden so lange wie n\u00f6tig aufbewahrt, um den Zweck, f\u00fcr den die personenbezogenen Daten erhoben wurden, dergestalt zu erf\u00fcllen, dass sobald der Zweck erf\u00fcllt ist, die Daten gel\u00f6scht werden. Die genannte L\u00f6schung f\u00fchrt zur Sperrung der Daten, von denen nur diejenigen zur Verf\u00fcgung der Allgemeinen Verwaltungen, Richter und Gerichte aufbewahrt\u00a0 werden d\u00fcrfen, um m\u00f6gliche, aus der Verarbeitung entstandene Haftungen innerhalb ihrer Verj\u00e4hrungsfrist zu bearbeiten. Nach Ablauf der genannten Frist werden die Informationen gel\u00f6scht.<\/h4>\n<h4>Zu Informationszwecken werden nachstehend die gesetzlichen Aufbewahrungsfristen der Informationen im Zusammenhang mit den verschiedenen Sachgebieten zusammengefasst:<\/h4>\n<h4><\/h4>\n<h4>DOKUMENT\u00a0 FRIST\u00a0 GESETZLICHER RAHMEN<\/h4>\n<h4>Arbeitsrechtliche oder Sozialversicherungsunterlagen\u00a0 4 Jahre\u00a0 Art. 21 der K\u00f6niglichen Gesetzesverordnung 5\/2000 vom 4. August 2000, durch die der \u00fcberarbeitete Text des Gesetzes \u00fcber Verst\u00f6\u00dfe und Sanktionen in der Sozialordnung verabschiedet wurde.<\/h4>\n<h4>Buchhalterische und steuerliche Unterlagen f\u00fcr Handelszwecke\u00a0 6 Jahre\u00a0 Art. 30 Handelsgesetzbuch<\/h4>\n<h4>Buchhalterische und steuerliche Unterlagen f\u00fcr Steuerzwecke\u00a0 4 Jahre\u00a0 Art. 66 bis 70 Allgemeines Steuergesetz<\/h4>\n<h4>Zugangskontrolle zu Geb\u00e4uden\u00a0 1 Monat\u00a0 Anordnung 1\/1996 der AEPD (spanische Datenschutzbeh\u00f6rde)<\/h4>\n<h4>Video\u00fcberwachung\u00a0 1 Monat\u00a0 Anordnung 1\/2006 der AEPD<\/h4>\n<h4>Organgesetz 4\/1997<\/h4>\n<h4><\/h4>\n<h4>Navigationsdaten.<\/h4>\n<h4>In Bezug auf die Navigationsdaten, die \u00fcber die Website verarbeitet werden k\u00f6nnen, wenn der Vorschrift unterworfen Daten erfasst werden, wird empfohlen, die auf unserer Website ver\u00f6ffentlichten Cookie-Richtlinien zu konsultieren.<\/h4>\n<h4>Rechte der betroffenen Personen.<\/h4>\n<h4>Die Vorschrift in Bezug auf den Schutz personenbezogener Daten gew\u00e4hrt den betroffenen Personen oder Inhabern der Daten, Website-Nutzern oder Nutzern von Profilen sozialer Netzwerke von MORTON SANITARY WARE MANUFACTURE LIMITED eine Reihe von Rechten.<\/h4>\n<h4>Diese Rechte, die den betroffenen Personen zustehen, sind folgende:<\/h4>\n<h4>Zugriffsrecht: Recht, Informationen dar\u00fcber zu erhalten, ob Ihre Daten Gegenstand der Verarbeitung sind, den Zweck der gerade durchgef\u00fchrten Verarbeitung, die Datenkategorien, um die es geht, die Empf\u00e4nger oder Empf\u00e4ngerkategorien, die Aufbewahrungsfrist und die Herkunft der genannten Daten.<\/h4>\n<h4><\/h4>\n<h4>&#8211;\u00a0 Recht auf Berichtigung: Recht, die Berichtigung der falschen oder unvollst\u00e4ndigen personenbezogenen Daten zu erhalten.<\/h4>\n<h4><\/h4>\n<h4>&#8211;\u00a0 Recht auf L\u00f6schung: Recht, die L\u00f6schung der Daten in folgenden F\u00e4llen zu erhalten:<\/h4>\n<h4>o\u00a0 Wenn die Daten f\u00fcr den Zweck, f\u00fcr den sie erhoben wurden, nicht mehr notwendig sind.<\/h4>\n<h4>o\u00a0 Wenn ihr Inhaber die Einwilligung zur\u00fcckzieht.<\/h4>\n<h4>o\u00a0 Wenn die betroffene Person der Verarbeitung widerspricht.<\/h4>\n<h4>o\u00a0 Wenn sie in Erf\u00fcllung einer gesetzlichen Verpflichtung gel\u00f6scht werden m\u00fcssen.<\/h4>\n<h4>o\u00a0 Wenn die Daten mittels eines Dienstes der Informationsgesellschaft auf Grundlage der Bestimmungen des Art. 8 Abs. 1 der Europ\u00e4ischen Datenschutzgrundverordnung erhalten wurden.<\/h4>\n<h4><\/h4>\n<h4>&#8211;\u00a0 Widerspruchsrecht: Recht, einer bestimmten, auf der Einwilligung der betroffenen Person beruhenden Verarbeitung zu widersprechen.<\/h4>\n<h4><\/h4>\n<h4>&#8211;\u00a0 Recht auf Einschr\u00e4nkung: Recht, die Einschr\u00e4nkung der Datenverarbeitung zu erhalten, wenn einer der folgenden F\u00e4lle eintritt:<\/h4>\n<h4>o\u00a0 Wenn die betroffene Person die Richtigkeit der personenbezogenen Daten innerhalb einer Frist, die es dem Unternehmen erm\u00f6glicht, die Richtigkeit der Daten zu \u00fcberpr\u00fcfen, bestreitet.<\/h4>\n<h4>o\u00a0 Wenn die Verarbeitung rechtswidrig ist und die betroffene Person der L\u00f6schung der Daten widerspricht.<\/h4>\n<h4>o\u00a0 Wenn das Unternehmen die Daten nicht mehr f\u00fcr die Zwecke, f\u00fcr die sie erhoben wurden, ben\u00f6tigt, aber die betroffene Person sie zum Zwecke der Erhebung, Aus\u00fcbung oder Verteidigung von Anspr\u00fcchen ben\u00f6tigt.<\/h4>\n<h4>o\u00a0 Wenn die betroffene Person sich der Verarbeitung widersetzt, w\u00e4hrend gepr\u00fcft wird, ob die berechtigten Gr\u00fcnde des Unternehmens Vorrang vor denen der betroffenen Person haben.<\/h4>\n<h4><\/h4>\n<h4>&#8211;\u00a0 Recht auf \u00dcbertragbarkeit: Recht, die Daten in strukturierter, allgemein gebr\u00e4uchlicher und maschinenlesbarer Form zu erhalten und sie an einen anderen von Ihnen benannten Datenverantwortlichen weiterzuleiten, wenn:<\/h4>\n<h4>o\u00a0 Die Verarbeitung auf der Einwilligung beruht.<\/h4>\n<h4>o\u00a0 Die Verarbeitung in automatisierter Form durchgef\u00fchrt wird.<\/h4>\n<h4><\/h4>\n<h4>&#8211;\u00a0 Recht, eine Beschwerde bei einer zust\u00e4ndigen Kontrollbeh\u00f6rde einzureichen.<\/h4>\n<h4>Die betroffenen Personen k\u00f6nnen die angegebenen Rechte durch schriftliche Kontaktaufnahme mit MORTON SANITARY WARE MANUFACTURE LIMITED und an folgende Adresse geschickt aus\u00fcben: Carretera de Logro\u00f1o, Km. 9,500 50011 Saragossa (Saragossa) und in der Betreffzeile das Recht, das Sie aus\u00fcben wollen, angeben.<\/h4>\n<h4>In diesem Sinne wird MORTON SANITARY WARE MANUFACTURE LIMITED Ihren Antrag so schnell wie m\u00f6glich bearbeiten und die in der Datenschutzregelung vorgesehenen Fristen ber\u00fccksichtigen.<\/h4>\n<h4>Sicherheit<\/h4>\n<h4>Die von MORTON SANITARY WARE MANUFACTURE LIMITED ergriffenen Sicherheitsma\u00dfnahmen sind jene geforderten gem\u00e4\u00df Art. 32 der Datenschutzgrundverordnung. In diesem Sinne hat MORTON SANITARY WARE MANUFACTURE LIMITED unter Ber\u00fccksichtigung des Standes der Technik, der Anwendungskosten und der Beschaffenheit, des Anwendungsbereichs, des Kontextes und der Zwecke der Verarbeitung sowie der wechselnden Wahrscheinlichkeits- und Gef\u00e4hrlichkeitsrisiken f\u00fcr die Rechte und Freiheiten der nat\u00fcrlichen Personen, die geeigneten technischen und organisatorischen Ma\u00dfnahmen, um das der vorhandenen Gefahr angemessene Sicherheitsniveau zu gew\u00e4hrleisten, eingerichtet.<\/h4>\n<h4>Auf jeden Fall hat MORTON SANITARY WARE MANUFACTURE LIMITED geeignete Mechanismen implementiert, um:<\/h4>\n<ol>\n<li>\n<h4>a)\u00a0 St\u00e4ndig Vertraulichkeit, Integrit\u00e4t, Verf\u00fcgbarkeit und Belastbarkeit der Verarbeitungssysteme und -dienste zu gew\u00e4hrleisten.<\/h4>\n<\/li>\n<li>\n<h4>b)\u00a0 Die Verf\u00fcgbarkeit und den Zugang zu den personenbezogenen Daten bei einem physischen oder technischen Zwischenfall schnell wiederherzustellen.<\/h4>\n<\/li>\n<li>\n<h4>c)\u00a0 Regelm\u00e4\u00dfig die Wirksamkeit der implementierten technischen und organisatorischen Ma\u00dfnahmen zu \u00fcberpr\u00fcfen, bewerten und einzusch\u00e4tzen, um die Sicherheit der Verarbeitung zu gew\u00e4hrleisten.<\/h4>\n<\/li>\n<li>\n<h4>d)\u00a0 Die personenbezogenen Daten gegebenenfalls zu pseudonymisieren oder zu verschl\u00fcsseln.<\/h4>\n<\/li>\n<\/ol>\n\t\t<\/div>\n\t\t\t\t\t<\/div>\n\n\t\n<\/div>\n","protected":false},"excerpt":{"rendered":"","protected":false},"author":1,"featured_media":0,"parent":0,"menu_order":0,"comment_status":"closed","ping_status":"closed","template":"","meta":{"_acf_changed":false,"footnotes":""},"class_list":["post-7802","page","type-page","status-publish","hentry"],"acf":[],"_links":{"self":[{"href":"https:\/\/gasdum.com\/de\/wp-json\/wp\/v2\/pages\/7802","targetHints":{"allow":["GET"]}}],"collection":[{"href":"https:\/\/gasdum.com\/de\/wp-json\/wp\/v2\/pages"}],"about":[{"href":"https:\/\/gasdum.com\/de\/wp-json\/wp\/v2\/types\/page"}],"author":[{"embeddable":true,"href":"https:\/\/gasdum.com\/de\/wp-json\/wp\/v2\/users\/1"}],"replies":[{"embeddable":true,"href":"https:\/\/gasdum.com\/de\/wp-json\/wp\/v2\/comments?post=7802"}],"version-history":[{"count":0,"href":"https:\/\/gasdum.com\/de\/wp-json\/wp\/v2\/pages\/7802\/revisions"}],"wp:attachment":[{"href":"https:\/\/gasdum.com\/de\/wp-json\/wp\/v2\/media?parent=7802"}],"curies":[{"name":"wp","href":"https:\/\/api.w.org\/{rel}","templated":true}]}}