{"id":7496,"date":"2020-05-18T14:36:41","date_gmt":"2020-05-18T13:36:41","guid":{"rendered":"https:\/\/www.gasdum.com\/legal-warning\/"},"modified":"2020-06-01T10:43:49","modified_gmt":"2020-06-01T09:43:49","slug":"legal-warning","status":"publish","type":"page","link":"https:\/\/gasdum.com\/de\/legal-warning\/","title":{"rendered":"Rechtliche Warnung"},"content":{"rendered":"<div class=\"row\"  id=\"row-328295856\">\n\n\t<div id=\"col-1831094953\" class=\"col small-12 large-12\"  >\n\t\t\t\t<div class=\"col-inner\"  >\n\t\t\t\n\t\t\t\n<div class=\"include-page-content\">\n<h1 class=\"page-main-title\"><span>Rechtliche Warnung<\/span><\/h1>\n<div>\n<p><span style=\"font-size: medium;\"><span style=\"color: black;\"><span style=\"vertical-align: inherit;\"><span style=\"vertical-align: inherit;\">Der Inhaber der Website www.salgar.es ist COMERCIAL SALGAR, SL, mit NIF A50048826 und Wohnsitz in der Calle Carretera de Logro\u00e9o, Km. 9.500, 50011, Saragossa, (Zaragoza). <\/span><span style=\"vertical-align: inherit;\">Das Unternehmen ist im Handelsregister mit den folgenden Registrierungsdaten registriert: Diese Entit\u00e4t ist im Zaragoza Mercantile Registry, Volume 3652, Folio 13, Blatt Z-47187 registriert. <\/span><\/span><\/span><\/span><\/p>\n<p><span style=\"font-size: medium;\"><span style=\"color: black;\"><span style=\"vertical-align: inherit;\"><span style=\"vertical-align: inherit;\">Damit die Nutzung der Website den Kriterien der Transparenz, Klarheit und Einfachheit entspricht, informiert COMERCIAL SALGAR, SL den Benutzer, dass jede Anregung, Frage oder Anfrage zu diesem rechtlichen Hinweis oder einem anderen Informationsdokument auf der Website empfangen und gel\u00f6st wird, indem Sie COMERCIAL SALGAR, SL, \u00fcber die E-Mail-Adresse kontaktieren: lopd@salgar.net <\/span><\/span><\/span><\/span><\/p>\n<p><span style=\"font-size: medium;\"><strong><span style=\"color: black;\"><span style=\"vertical-align: inherit;\"><span style=\"vertical-align: inherit;\">BITTE LESEN SIE DIESE BEDINGUNGEN SORGF\u00c4LTIG DURCH<\/span><\/span><\/span><\/strong><\/span><\/p>\n<p><span style=\"font-size: medium;\"><span style=\"color: black;\"><span style=\"vertical-align: inherit;\"><span style=\"vertical-align: inherit;\">Diese Allgemeinen Gesch\u00e4ftsbedingungen regeln ausdr\u00fccklich die Beziehungen zwischen COMERCIAL SALGAR, SL, mit NIF A50048826 und dem Wohnsitz in der Calle Carretera de Logro\u00e9o, Km. 9.500, 50011, Zaragoza, (Zaragoza) Spanien, im Folgenden &#8222;SALGAR&#8220;) und Dritte (nachfolgend &#8222;Nutzer&#8220;), die sich als Nutzer registrieren und \/ oder Produkte \u00fcber den Online-Shop der offiziellen SALGAR-Website (http:\/\/salgar.net, nachfolgend &#8222;Store&#8220;) kaufen.<\/span><\/span><\/span><\/span><\/p>\n<p><span style=\"font-size: medium;\"><span style=\"color: black;\"><strong><span style=\"vertical-align: inherit;\"><span style=\"vertical-align: inherit;\">2. BENUTZER-VERPFLICHTUNGEN<\/span><\/span><\/strong><\/span><\/span><\/p>\n<p><span style=\"font-size: medium;\"><span style=\"color: black;\"><span style=\"vertical-align: inherit;\"><span style=\"vertical-align: inherit;\"> 2.1 Der Nutzer ist im Allgemeinen verpflichtet, den Store zu nutzen, die Produkte zu kaufen und jede der Dienstleistungen des Ladens sorgf\u00e4ltig zu nutzen, in \u00dcbereinstimmung mit dem Gesetz, der Moral, der \u00f6ffentlichen Ordnung und den Bestimmungen dieser Allgemeinen Gesch\u00e4ftsbedingungen, und Sie m\u00fcssen auch davon absehen, sie in irgendeiner Weise zu verwenden, die den normalen Betrieb und den Genuss des Ladens durch die Nutzer verhindern, besch\u00e4digen oder beeintr\u00e4chtigen kann oder die waren und Rechte der SALGAR, seine Lieferanten, Nutzer oder im Allgemeinen von Dritten.<\/span><\/span><\/span><\/span><\/p>\n<p><span style=\"font-size: medium;\"><span style=\"color: black;\"><strong><span style=\"vertical-align: inherit;\"><span style=\"vertical-align: inherit;\">3. PRODUKTE UND PREISE<\/span><\/span><\/strong><\/span><\/span><\/p>\n<p><span style=\"font-size: medium;\"><span style=\"color: black;\"><span style=\"vertical-align: inherit;\"><span style=\"vertical-align: inherit;\"> 3.1 SALGAR beh\u00e4lt sich das Recht vor, jederzeit \u00fcber die Produkte zu entscheiden, die den Nutzern \u00fcber den Store angeboten werden. <\/span><span style=\"vertical-align: inherit;\">Insbesondere kann SALGAR jederzeit neue Produkte zu den angebotenen oder im Store enthaltenen Produkten hinzuf\u00fcgen, wobei davon auszugehen ist, dass diese neuen Produkte, sofern nichts anderes bestimmt ist, den Bestimmungen dieser Allgemeinen Gesch\u00e4ftsbedingungen unterliegen. <\/span><span style=\"vertical-align: inherit;\">Ebenso beh\u00e4lt sich SALGAR das Recht vor, den Zugang und die Nutzung jederzeit und ohne vorherige Ank\u00fcndigung einer der verschiedenen im Store angebotenen Produktklassen einzustellen oder zu erleichtern.<\/span><\/span><\/span><\/span><\/p>\n<p><span style=\"font-size: medium;\"><span style=\"color: black;\"><span style=\"vertical-align: inherit;\"><span style=\"vertical-align: inherit;\"> 3.2 Die im Store enthaltenen Produkte entsprechen so zuverl\u00e4ssig wie m\u00f6glich, dass die Web-Display-Technologie die tats\u00e4chlich angebotenen Produkte erm\u00f6glicht. <\/span><span style=\"vertical-align: inherit;\">Die Eigenschaften der Produkte und ihre Preise erscheinen im Store. <\/span><span style=\"vertical-align: inherit;\">Die im Store angegebenen Preise sind in Euro angegeben und beinhalten keine Mehrwertsteuer f\u00fcr &#8222;professionelle&#8220; Nutzer. <\/span><span style=\"vertical-align: inherit;\">Nicht-professionelle Kunden werden nicht in der Lage sein, den Kauf von Produkten und Preisen wirksam zu machen, wenn sie die Mehrwertsteuer enthalten.<\/span><\/span><\/span><\/span><\/p>\n<p><span style=\"font-size: medium;\"><span style=\"color: black;\"><strong><span style=\"vertical-align: inherit;\"><span style=\"vertical-align: inherit;\">4. VERFAHREN UND ZAHLUNGSWEISE DER ERZEUGNISSE<\/span><\/span><\/strong><\/span><\/span><\/p>\n<p><span style=\"font-size: medium;\"><span style=\"color: black;\"><span style=\"vertical-align: inherit;\"><span style=\"vertical-align: inherit;\"> 4.1 Innerhalb von maximal vierundzwanzig (24) Stunden sendet SALGAR eine E-Mail an den Nutzer, in der der Kauf best\u00e4tigt wird. <\/span><span style=\"vertical-align: inherit;\">Die Bedingungen und Zahlungsmethoden werden immer die sein, die der Kunde mit Salgar in regelm\u00e4\u00dfigen Abst\u00e4nden vereinbart hat, k\u00f6nnen Sie sie konsultieren, indem Sie SALGAR jederzeit kontaktieren.<\/span><\/span><\/span><\/span><\/p>\n<p><span style=\"color: black;\"><span style=\"font-size: medium;\"><span style=\"vertical-align: inherit;\"><span style=\"vertical-align: inherit;\"> 4.2 Die von SALGAR versandte Auftragsbest\u00e4tigung gilt nicht als Rechnung, sondern nur als Kaufbeleg. <\/span><span style=\"vertical-align: inherit;\">SALGAR erm\u00f6glicht das Senden der Rechnung per E-Mail an die Adresse des Kunden, sobald sie im internen System von Salgar generiert wurde.<\/span><\/span><\/span><\/span><\/p>\n<p><span style=\"font-size: medium;\"><strong><span style=\"color: black;\"><span style=\"vertical-align: inherit;\"><span style=\"vertical-align: inherit;\">5. WIDERRUFSRECHT<\/span><\/span><\/span><\/strong><\/span><\/p>\n<p><span style=\"font-size: medium;\"> <span style=\"color: black;\"><span style=\"vertical-align: inherit;\"><span style=\"vertical-align: inherit;\">5.1 Der Nutzer hat ein Widerrufsrecht, mit dem er SALGAR per E-Mail unter folgender Adresse kontaktieren kann: <\/span><\/p>\n<p>  <\/span><\/p>\n<p><\/span> <span style=\"color: #1f497d;\"> <span style=\"vertical-align: inherit;\"> <span style=\"vertical-align: inherit;\">comunicacion@salgar.net<\/span><\/p>\n<p>  <\/span><\/p>\n<p><\/span><span style=\"color: black;\"><span style=\"vertical-align: inherit;\"><span style=\"vertical-align: inherit;\"> und innerhalb einer Frist von h\u00f6chstens sieben (14) Werktagen, die ab Erhalt des Produkts gez\u00e4hlt werden, vom Kauf absehen. <\/span><span style=\"vertical-align: inherit;\">Das Produkt muss zusammen mit dem ordnungsgem\u00e4\u00df ausgef\u00fcllten R\u00fccksendeformular und einer Kopie des Lieferscheins oder der ordnungsgem\u00e4\u00df ausgef\u00fcllten Rechnung auf Kosten von SALGAR die direkten Kosten f\u00fcr die R\u00fccksendung des Produkts zusenden. <\/span><span style=\"vertical-align: inherit;\">Diese R\u00fccksendung erfolgt in \u00dcbereinstimmung mit den Anweisungen, die SALGAR dem Benutzer als Reaktion auf ihre Benachrichtigung \u00fcber die Auszahlungs\u00fcbung angibt. <\/span><span style=\"vertical-align: inherit;\">Der Benutzer muss das Produkt innerhalb eines maximalen Zeitraums von (14) Tagen ab dem Zeitpunkt zur\u00fccksenden, an dem SALGAR die Form der R\u00fccksendung angibt.<\/span><\/span><\/span><\/span><\/p>\n<p><span style=\"font-size: medium;\"><span style=\"color: black;\"><span style=\"vertical-align: inherit;\"><span style=\"vertical-align: inherit;\"> 5.2 Die Auszahlung beinhaltet die R\u00fcckgabe des Betrags, der nach derselben Zahlungsmethode gezahlt wurde, die der Kauf get\u00e4tigt hat. <\/span><span style=\"vertical-align: inherit;\">Die Frist f\u00fcr diese Zahlung wird die im Gesetz festgelegt sein.<\/span><\/span><\/span><\/span><\/p>\n<p><span style=\"font-size: medium;\"><span style=\"color: black;\"><span style=\"vertical-align: inherit;\"><span style=\"vertical-align: inherit;\"> 5.3 Das Widerrufsrecht kann nicht ausge\u00fcbt werden, wenn das Produkt nicht in der Originalverpackung zur\u00fcckgegeben wird und wenn das Produkt nicht in einwandfreiem Zustand ist.<\/span><\/span><\/span><\/span><\/p>\n<p><span style=\"font-size: medium;\"><span style=\"color: black;\"><strong><span style=\"vertical-align: inherit;\"><span style=\"vertical-align: inherit;\">6. KUNDENSERVICE<\/span><\/span><\/strong><\/span><\/span><\/p>\n<p><span style=\"font-size: medium;\"> <span style=\"color: black;\"><span style=\"vertical-align: inherit;\"><span style=\"vertical-align: inherit;\">6.1 F\u00fcr jeden Vorfall, die Geltendmachung oder Aus\u00fcbung seiner Rechte kann der Nutzer eine E-Mail an die Adresse <\/span><\/p>\n<p>  <\/span><\/p>\n<p><\/span> <span style=\"color: #1f497d;\"> <span style=\"vertical-align: inherit;\"> <span style=\"vertical-align: inherit;\">senden, comunicacion@salgar.net<\/span><\/p>\n<p>  <\/span><\/p>\n<p><\/span><\/span><\/p>\n<p><span style=\"font-size: medium;\"><span style=\"color: black;\"><strong><span style=\"vertical-align: inherit;\"><span style=\"vertical-align: inherit;\">7. LIEFERSERVICE<\/span><\/span><\/strong><\/span><\/span><\/p>\n<p><span style=\"font-size: medium;\"><span style=\"color: black;\"><span style=\"vertical-align: inherit;\"><span style=\"vertical-align: inherit;\"> 7.1 Der r\u00e4umliche Umfang der Verk\u00e4ufe \u00fcber den Store gilt ausschlie\u00dflich f\u00fcr das Gebiet der Europ\u00e4ischen Union und anderer von Salgar angegebener L\u00e4nder, so dass der Lieferservice nur f\u00fcr diese Gebiete bestimmt ist. <\/span><span style=\"vertical-align: inherit;\">Produkte, die \u00fcber den Store gekauft wurden, werden an die Lieferadresse gesendet, die der Benutzer nach der \u00dcberpr\u00fcfung der Zahlung als Lieferadresse in der Salgar-Datenbank registriert hat, wobei die Lieferzeit je nach Produktverf\u00fcgbarkeit so schnell wie m\u00f6glich ist.<\/span><\/span><\/span><\/span><\/p>\n<p><span style=\"font-size: medium;\"><span style=\"color: black;\"><span style=\"vertical-align: inherit;\"><span style=\"vertical-align: inherit;\"> 7.2 Der Lieferservice von SALGAR erfolgt in Zusammenarbeit mit verschiedenen renommierten Logistikunternehmen. <\/span><span style=\"vertical-align: inherit;\">Bestellungen werden nicht in Po-Boxen oder in Hotels oder anderen nicht-permanenten Adressen serviert.<\/span><\/span><\/span><\/span><\/p>\n<p><span style=\"font-size: medium;\"><span style=\"color: black;\"><span style=\"vertical-align: inherit;\"><span style=\"vertical-align: inherit;\"> 7.3 Die Versandkosten sind nicht im Preis der Produkte enthalten. <\/span><span style=\"vertical-align: inherit;\">Zum Zeitpunkt des Kaufs des Produkts wird der Benutzer \u00fcber die genauen Versandkosten informiert.<\/span><\/span><\/span><\/span><\/p>\n<p><span style=\"font-size: medium;\"><span style=\"color: black;\"><strong><span style=\"vertical-align: inherit;\"><span style=\"vertical-align: inherit;\">8. GEISTIGES UND GEWERBLICHES EIGENTUM<\/span><\/span><\/strong><\/span><\/span><\/p>\n<p style=\"text-align: justify;\"><span style=\"color: black;\"><span style=\"font-size: medium;\"><span style=\"vertical-align: inherit;\"><span style=\"vertical-align: inherit;\"> 8.1 Diese Bedingungen gelten zum Zeitpunkt der Annahme der Gesch\u00e4ftsbeziehung zwischen dem professionellen Nutzer und SALGAR in Bezug auf die Verwendung und den Download von Bildern, CAD-Dateien, Zertifikaten, technischen Bl\u00e4ttern und Anweisungen, die auf der WWW.SALGAR-Website erscheinen. .NET. <\/span><span style=\"vertical-align: inherit;\">Der blo\u00dfe Zugriff und\/oder die Nutzung des Portals, ganz oder teilweise seiner Inhalte und\/oder Dienstleistungen bedeutet die uneingeschr\u00e4nkte Annahme dieser Nutzungsbedingungen. <\/span><\/span><\/span><\/span><\/p>\n<p style=\"text-align: justify;\"><span style=\"color: black;\"><span style=\"font-size: medium;\"><span style=\"vertical-align: inherit;\"><span style=\"vertical-align: inherit;\">Diese Inhalte sind durch das entsprechende Urheberrecht gem\u00e4\u00df den Bestimmungen des K\u00f6niglichen Gesetzesdekrets 1\/1996 vom 12. April gesch\u00fctzt, das den \u00fcberarbeiteten Text des Gesetzes \u00fcber geistiges Eigentum genehmigt. <\/span><span style=\"vertical-align: inherit;\">Als Eigent\u00fcmer SALGAR stellt die Nutzungsbefugnis keine Abtretung, ver\u00e4u\u00dferung oder \u00dcbertragung des Eigentums an den Rechten an geistigem Eigentum dar.<\/span><\/span><\/span><\/span><\/p>\n<p style=\"text-align: justify;\"><span style=\"color: black;\"><span style=\"font-size: medium;\"><span style=\"vertical-align: inherit;\"><span style=\"vertical-align: inherit;\"> 8.2 Der Nutzer erkennt an, dass alle Elemente des Stores und jedes der Produkte, die darin enthaltenen Informationen und Materialien (insbesondere Bilder, Texte, Logos und Handelsnamen), die Marken, die Struktur, Auswahl, Anordnung und Darstellung ihrer Inhalte sowie die in Bezug auf sie verwendeten Computerprogramme durch geistige und gewerbliche Schutzrechte von SALGAR selbst oder Dritter gesch\u00fctzt sind. , und dass die Allgemeinen Gesch\u00e4ftsbedingungen ihr in Bezug auf diese gewerblichen und geistigen Eigentumsrechte kein anderes Recht als die darin vorgesehenen zuschreiben.<\/span><\/span><\/span><\/span><\/p>\n<p style=\"text-align: justify;\"><span style=\"color: black;\"><span style=\"font-size: medium;\"><span style=\"vertical-align: inherit;\"><span style=\"vertical-align: inherit;\">Sofern von SALGAR oder gegebenenfalls von den Drittinhabern der entsprechenden Rechte genehmigt oder rechtlich nicht gestattet, darf der Nutzer keine Elemente, die im vorstehenden Absatz genannt werden, transformieren, demontieren, zur\u00fcckentwickeln, verteilen, vermieten, verleihen, vorenthalten oder den Zugang zur \u00d6ffentlichkeit durch irgendeine Form der \u00f6ffentlichen Kommunikation \u00fcber irgendeine formische \u00f6ffentliche Kommunikation erm\u00f6glichen.<\/span><\/span><\/span><\/span><\/p>\n<p style=\"text-align: justify;\"><span style=\"color: black;\"><span style=\"font-size: medium;\"><span style=\"vertical-align: inherit;\"><span style=\"vertical-align: inherit;\"> 8.3 Der professionelle Nutzer ist verpflichtet, die von SALGAR zur Verf\u00fcgung gestellten Bilder, CAD-Dateien, Zertifikate, technischen Bl\u00e4tter und Anweisungen der Produkte rechtm\u00e4\u00dfig zu verwenden und muss die geltenden Handelsvereinbarungen und -bedingungen strikt einhalten. <\/span><span style=\"vertical-align: inherit;\">Durch das Herunterladen und Die Nutzung der von SALGAR bereitgestellten Inhalte erkl\u00e4rt sich der professionelle Nutzer damit einverstanden: (i) keine unangemessene, betr\u00fcgerische oder unfaire Nutzung der von SALGAR bereitgestellten Inhalte vornehmen. <\/span><span style=\"vertical-align: inherit;\">(ii) nicht geistiges Eigentum und Datenschutzrechte verletzen, unter anderem die urheberrechtlich gesch\u00fctzten Rechte, (iii) nicht die von SALGAR zur Verf\u00fcgung gestellten Inhalte im Falle der Beendigung der Gesch\u00e4ftsbeziehung zwischen dem professionellen Nutzer und dem Unternehmen nutzen.<\/span><\/span><\/span><\/span><\/p>\n<p style=\"text-align: justify;\"><span style=\"color: black;\"><span style=\"font-size: medium;\"><span style=\"vertical-align: inherit;\"><span style=\"vertical-align: inherit;\">SALGAR kann jederzeit die Nutzungsbedingungen der \u00fcber das Professional User Portal bereitgestellten Inhalte \u00e4ndern.<\/span><\/span><\/span><\/span><\/p>\n<p style=\"text-align: justify;\"><span style=\"color: black;\"><span style=\"font-size: medium;\"><span style=\"vertical-align: inherit;\"><span style=\"vertical-align: inherit;\"> 8.4 Jeder Konflikt, der sich aus der Auslegung und Durchf\u00fchrung dieser Vereinbarung ergeben kann, wird der Gerichtsbarkeit der Gerichte der Stadt Saragossa unterworfiert.<\/span><\/span><\/span><\/span><\/p>\n<p><span style=\"font-size: medium;\"><span style=\"color: black;\"><strong><span style=\"vertical-align: inherit;\"><span style=\"vertical-align: inherit;\">9. DATENSCHUTZ<\/span><\/span><\/strong><\/span><\/span><\/p>\n<p><span style=\"font-size: medium;\"><span style=\"color: black;\"><span style=\"vertical-align: inherit;\"><span style=\"vertical-align: inherit;\"> 9.1 In \u00dcbereinstimmung mit dem Gesetz 15\/99 LOPD informieren wir Sie dar\u00fcber, dass Ihre personenbezogenen Daten und andere Informationen, die \u00fcber das Registrierungsformular bereitgestellt werden, sowie die informationen aus den get\u00e4tigten Transaktionen in einer Datei zur Behandlung, die SALGAR geh\u00f6rt, aufgenommen und aufbewahrt werden, solange ihre L\u00f6schung nicht verlangt wird. <\/span><span style=\"vertical-align: inherit;\">Die Behandlung wird f\u00fcr die Entwicklung und Ausf\u00fchrung des Verkaufs bestimmt sein, die personalisierte Aufmerksamkeit der Produkte und Dienstleistungen, die es erwirbt und die Verbesserung der besagten Aufmerksamkeit, sowie die F\u00f6rderung seiner eigenen Produkte und Dienstleistungen und die von dritten Unternehmen mit SALGAR verbunden.<\/span><\/span><\/span><\/span><\/p>\n<p><span style=\"font-size: medium;\"><span style=\"color: black;\"><span style=\"vertical-align: inherit;\"><span style=\"vertical-align: inherit;\">Ebenso werden Sie dar\u00fcber informiert, dass Ihre Daten Transportunternehmen (DHL, <\/span><\/span><\/span><span style=\"color: #454545;\"><span style=\"vertical-align: inherit;\"><span style=\"vertical-align: inherit;\"> S <\/span><\/span><\/span><span style=\"color: black;\"><span style=\"vertical-align: inherit;\"><span style=\"vertical-align: inherit;\">chenker, Dachser, TNT) f\u00fcr Logistik- und Transportzwecke behandelt SALGAR diese Daten mit gr\u00f6\u00dfter Vertraulichkeit, da sie der einzige und ausschlie\u00dfliche Empf\u00e4nger desselben sind und keine Auftr\u00e4ge oder Mitteilungen an Dritte vornehmen, au\u00dfer den geltenden Vorschriften.<\/span><\/span><\/span><\/span><\/p>\n<p><span style=\"font-size: medium;\"><span style=\"color: black;\"><span style=\"vertical-align: inherit;\"><span style=\"vertical-align: inherit;\">Der Nutzer erm\u00e4chtigt SALGAR ausdr\u00fccklich, auch auf elektronischem Wege, durch SALGAR und die oben genannten Einrichtungen kommerzielle Mitteilungen und Werbeangebote und Wettbewerbe zu versenden. <\/span><span style=\"vertical-align: inherit;\">Ja, ich akzeptiere.<\/span><\/span><\/span><\/span><\/p>\n<p><span style=\"font-size: medium;\"> <span style=\"color: black;\"><span style=\"vertical-align: inherit;\"><span style=\"vertical-align: inherit;\">9.2 Der Nutzer kann jederzeit die Rechte auf Zugang, Berichtigung, Widerspruch oder L\u00f6schung aus\u00fcben, indem er sich an SALGAR, SALGARX oder per E-Mail an <\/span><\/p>\n<p>  <\/span><\/p>\n<p><\/span> <span style=\"color: #0070c0;\"><span style=\"vertical-align: inherit;\"><span style=\"vertical-align: inherit;\">lopd@salgar.net <\/span><\/p>\n<p>  <\/span><\/p>\n<p><\/span>wendet und eine Kopie <span style=\"color: black;\"><span style=\"vertical-align: inherit;\"><span style=\"vertical-align: inherit;\">seines NIF oder Ersatzausweises beif\u00fcgt.<\/span><\/p>\n<p>  <\/span><\/p>\n<p><\/span><\/span><\/p>\n<p><span style=\"font-size: medium;\"><span style=\"vertical-align: inherit;\"><span style=\"vertical-align: inherit;\">  9.3.  <\/span><span style=\"vertical-align: inherit;\">Antworten, die im Anmeldeformular mit * gekennzeichnet sind, sind obligatorisch. <\/span><span style=\"vertical-align: inherit;\">Ihre Nichtbeantwortung verhindert den Kauf der ausgew\u00e4hlten Produkte.<\/span><\/span><\/span><\/p>\n<p><span style=\"font-size: medium;\"><span style=\"color: black;\"><strong><span style=\"vertical-align: inherit;\"><span style=\"vertical-align: inherit;\">10. PASSW\u00d6RTER<\/span><\/span><\/strong><\/span><\/span><\/p>\n<p><span style=\"font-size: medium;\"><span style=\"color: black;\"><span style=\"vertical-align: inherit;\"><span style=\"vertical-align: inherit;\"> 10.1 SALGAR erleichtert dem Benutzer, der sich als solcher auf der Website registriert, die Verwendung pers\u00f6nlicher Passw\u00f6rter. <\/span><span style=\"vertical-align: inherit;\">Diese Passw\u00f6rter werden f\u00fcr den Zugriff auf die \u00fcber die Website bereitgestellten Dienste verwendet. <\/span><span style=\"vertical-align: inherit;\">Der Nutzer muss die Passw\u00f6rter in seiner alleinigen Verantwortung in strengster und absoluter Vertraulichkeit aufbewahren, wobei er daher davon ausgeht, wie viele Sch\u00e4den oder Folgen aus der Verletzung oder Offenlegung des Geheimnisses hervorgehen. <\/span><span style=\"vertical-align: inherit;\">Aus Sicherheitsgr\u00fcnden kann das Passwort f\u00fcr den Telematikzugriff auf die mit der Website verlinkten Dienste jederzeit vom Nutzer ge\u00e4ndert werden. <\/span><span style=\"vertical-align: inherit;\">Der Nutzer verpflichtet sich, SALGAR unverz\u00fcglich \u00fcber jede unbefugte Nutzung seines Passworts sowie den Zugriff unberechtigter Dritter darauf zu informieren.<\/span><\/span><\/span><\/span><\/p>\n<p><span style=\"font-size: medium;\"><span style=\"color: black;\"><strong><span style=\"vertical-align: inherit;\"><span style=\"vertical-align: inherit;\">11. COOKIES<\/span><\/span><\/strong><\/span><\/span><\/p>\n<p><span style=\"font-size: medium;\"><span style=\"color: black;\"><span style=\"vertical-align: inherit;\"><span style=\"vertical-align: inherit;\"> 11.1 SALGAR verwendet Cookies, um seine Dienste zu verbessern, die Navigation zu erleichtern, die Sicherheit aufrechtzuerhalten, die Identit\u00e4t des Nutzers zu \u00fcberpr\u00fcfen, den Zugriff auf pers\u00f6nliche Pr\u00e4ferenzen zu erleichtern und deren Nutzung des Stores zu verfolgen. <\/span><span style=\"vertical-align: inherit;\">Cookies sind Dateien, die auf der Festplatte des Computers oder im Speicher des Browsers in dem vom Computerbetriebssystem des Benutzers vorkonfigurierten Ordner installiert sind, um Sie zu identifizieren.<\/span><\/span><\/span><\/span><\/p>\n<p><span style=\"font-size: medium;\"><span style=\"color: black;\"><span style=\"vertical-align: inherit;\"><span style=\"vertical-align: inherit;\"> 11.2 Wenn der Nutzer nicht m\u00f6chte, dass ein Cookie auf seiner Festplatte installiert wird, muss er sein Internet-Browsing-Programm so konfigurieren, dass es nicht empfangen wird. <\/span><span style=\"vertical-align: inherit;\">Ebenso kann der Nutzer Cookies frei zerst\u00f6ren. <\/span><span style=\"vertical-align: inherit;\">F\u00fcr den Fall, dass der Benutzer beschlie\u00dft, Cookies zu deaktivieren, kann die Qualit\u00e4t und Geschwindigkeit des Dienstes abnehmen und sogar den Zugriff auf einige der im Store angebotenen Dienste verlieren. <\/span><\/span><\/span><\/span><\/p>\n<p><span style=\"font-size: medium;\"><strong><span style=\"color: black;\"><span style=\"vertical-align: inherit;\"><span style=\"vertical-align: inherit;\">12. ANWENDBARES RECHT UND ZUST\u00c4NDIGKEIT<\/span><\/span><\/span><\/strong><\/span><\/p>\n<p><span style=\"color: black;\"><span style=\"font-size: medium;\"><span style=\"vertical-align: inherit;\"><span style=\"vertical-align: inherit;\">Diese allgemeinen Bedingungen unterliegen spanischem Recht. <\/span><span style=\"vertical-align: inherit;\">Jede Kontroverse, die sich aus der Auslegung oder Ausf\u00fchrung ergibt, die sich in Bezug auf die G\u00fcltigkeit, Auslegung, Erf\u00fcllung oder Abwicklung dieses Vertrags ergeben kann, wird der Gerichtsbarkeit und dem Wettbewerb der Gerichte der Stadt Saragossa vorgelegt, unter Verzicht auf jegliche Gerichtsbarkeit, die dem Nutzer entsprechen k\u00f6nnte, sofern die geltenden Rechtsvorschriften dies erlauben.<\/span><\/span><\/span><\/span><\/p>\n<\/div>\n<\/div>\n\t\t<\/div>\n\t\t\t\t\t<\/div>\n\n\t\n<\/div>\n","protected":false},"excerpt":{"rendered":"","protected":false},"author":1,"featured_media":0,"parent":0,"menu_order":0,"comment_status":"closed","ping_status":"closed","template":"","meta":{"_acf_changed":false,"footnotes":""},"class_list":["post-7496","page","type-page","status-publish","hentry"],"acf":[],"_links":{"self":[{"href":"https:\/\/gasdum.com\/de\/wp-json\/wp\/v2\/pages\/7496","targetHints":{"allow":["GET"]}}],"collection":[{"href":"https:\/\/gasdum.com\/de\/wp-json\/wp\/v2\/pages"}],"about":[{"href":"https:\/\/gasdum.com\/de\/wp-json\/wp\/v2\/types\/page"}],"author":[{"embeddable":true,"href":"https:\/\/gasdum.com\/de\/wp-json\/wp\/v2\/users\/1"}],"replies":[{"embeddable":true,"href":"https:\/\/gasdum.com\/de\/wp-json\/wp\/v2\/comments?post=7496"}],"version-history":[{"count":0,"href":"https:\/\/gasdum.com\/de\/wp-json\/wp\/v2\/pages\/7496\/revisions"}],"wp:attachment":[{"href":"https:\/\/gasdum.com\/de\/wp-json\/wp\/v2\/media?parent=7496"}],"curies":[{"name":"wp","href":"https:\/\/api.w.org\/{rel}","templated":true}]}}