{"id":4098,"date":"2020-04-01T20:55:41","date_gmt":"2020-04-01T19:55:41","guid":{"rendered":"https:\/\/www.gasdum.com\/?page_id=4098"},"modified":"2023-10-28T15:41:39","modified_gmt":"2023-10-28T07:41:39","slug":"profile","status":"publish","type":"page","link":"https:\/\/gasdum.com\/de\/about-gasdum\/profile\/","title":{"rendered":"Profil"},"content":{"rendered":"\n  <div class=\"banner has-hover\" id=\"banner-526568843\">\n          <div class=\"banner-inner fill\">\n        <div class=\"banner-bg fill\" >\n            <img loading=\"lazy\" decoding=\"async\" width=\"1500\" height=\"297\" src=\"https:\/\/gasdum.com\/wp-content\/uploads\/2019\/12\/banner-image.jpg\" class=\"bg attachment-original size-original\" alt=\"\" \/>                        <div class=\"overlay\"><\/div>            \n                    <\/div>\n\t\t\n        <div class=\"banner-layers container\">\n            <div class=\"fill banner-link\"><\/div>            \n   <div id=\"text-box-143037069\" class=\"text-box banner-layer x50 md-x50 lg-x50 y50 md-y50 lg-y50 res-text\">\n                                <div class=\"text-box-content text dark\">\n              \n              <div class=\"text-inner text-center\">\n                  \n              <\/div>\n           <\/div>\n                            \n<style>\n#text-box-143037069 {\n  width: 60%;\n}\n#text-box-143037069 .text-box-content {\n  font-size: 100%;\n}\n<\/style>\n    <\/div>\n \n        <\/div>\n      <\/div>\n\n              <div class=\"height-fix is-invisible\"><img loading=\"lazy\" decoding=\"async\" width=\"1500\" height=\"297\" src=\"https:\/\/gasdum.com\/wp-content\/uploads\/2019\/12\/banner-image.jpg\" class=\"attachment-original size-original\" alt=\"\" srcset=\"https:\/\/gasdum.com\/wp-content\/uploads\/2019\/12\/banner-image.jpg 1500w, https:\/\/gasdum.com\/wp-content\/uploads\/2019\/12\/banner-image-510x101.jpg 510w, https:\/\/gasdum.com\/wp-content\/uploads\/2019\/12\/banner-image-800x158.jpg 800w, https:\/\/gasdum.com\/wp-content\/uploads\/2019\/12\/banner-image-1400x277.jpg 1400w, https:\/\/gasdum.com\/wp-content\/uploads\/2019\/12\/banner-image-768x152.jpg 768w, https:\/\/gasdum.com\/wp-content\/uploads\/2019\/12\/banner-image-1536x304.jpg 1536w\" sizes=\"auto, (max-width: 1500px) 100vw, 1500px\" \/><\/div>\n            \n<style>\n#banner-526568843 {\n  padding-top: 96px;\n}\n#banner-526568843 .overlay {\n  background-color: rgba(163, 163, 163, 0.22);\n}\n#banner-526568843 .banner-bg img {\n  object-position: 22% 0%;\n}\n<\/style>\n  <\/div>\n\n\n\n\t<section class=\"section\" id=\"section_1422587775\">\n\t\t<div class=\"section-bg fill\" >\n\t\t\t<img loading=\"lazy\" decoding=\"async\" width=\"1500\" height=\"297\" src=\"https:\/\/gasdum.com\/wp-content\/uploads\/2019\/12\/banner-image.jpg\" class=\"bg attachment- size-\" alt=\"\" \/>\t\t\t\t\t\t<div class=\"section-bg-overlay absolute fill\"><\/div>\n\t\t\t\n\n\t\t<\/div>\n\n\t\t\n\n\t\t<div class=\"section-content relative\">\n\t\t\t\n  <div class=\"banner-grid-wrapper\">\n  <div id=\"banner-grid-1954936430\" class=\"banner-grid row row-grid row-small\" data-packery-options=\"\">\n                      \n<div class=\"col grid-col large-6 grid-col-1\" ><div class=\"col-inner\">\n\t<div class=\"img has-hover x md-x lg-x y md-y lg-y\" id=\"image_1025532403\">\n\t\t\t\t\t\t\t\t<div class=\"img-inner dark\" >\n\t\t\t<img loading=\"lazy\" decoding=\"async\" width=\"1020\" height=\"765\" src=\"https:\/\/gasdum.com\/wp-content\/uploads\/2023\/10\/59a1a23dc3e35229dd0463513c6a85a-1067x800.jpg\" class=\"attachment-large size-large\" alt=\"\" srcset=\"https:\/\/gasdum.com\/wp-content\/uploads\/2023\/10\/59a1a23dc3e35229dd0463513c6a85a-1067x800.jpg 1067w, https:\/\/gasdum.com\/wp-content\/uploads\/2023\/10\/59a1a23dc3e35229dd0463513c6a85a-533x400.jpg 533w, https:\/\/gasdum.com\/wp-content\/uploads\/2023\/10\/59a1a23dc3e35229dd0463513c6a85a-768x576.jpg 768w, https:\/\/gasdum.com\/wp-content\/uploads\/2023\/10\/59a1a23dc3e35229dd0463513c6a85a-1536x1152.jpg 1536w, https:\/\/gasdum.com\/wp-content\/uploads\/2023\/10\/59a1a23dc3e35229dd0463513c6a85a-2048x1536.jpg 2048w, https:\/\/gasdum.com\/wp-content\/uploads\/2023\/10\/59a1a23dc3e35229dd0463513c6a85a-610x458.jpg 610w, https:\/\/gasdum.com\/wp-content\/uploads\/2023\/10\/59a1a23dc3e35229dd0463513c6a85a-510x383.jpg 510w\" sizes=\"auto, (max-width: 1020px) 100vw, 1020px\" \/>\t\t\t\t\t\t\n\t\t\t\t\t<\/div>\n\t\t\t\t\t\t\t\t\n<style>\n#image_1025532403 {\n  width: 100%;\n}\n<\/style>\n\t<\/div>\n\t\n<\/div><\/div>\n<div class=\"col grid-col large-3 grid-col-1\" ><div class=\"col-inner\">\n\t<div class=\"img has-hover x md-x lg-x y md-y lg-y\" id=\"image_495880525\">\n\t\t\t\t\t\t\t\t<div class=\"img-inner dark\" >\n\t\t\t<img loading=\"lazy\" decoding=\"async\" width=\"1020\" height=\"574\" src=\"https:\/\/gasdum.com\/wp-content\/uploads\/2022\/09\/IMG_0872-1400x788.jpg\" class=\"attachment-large size-large\" alt=\"\" srcset=\"https:\/\/gasdum.com\/wp-content\/uploads\/2022\/09\/IMG_0872-1400x788.jpg 1400w, https:\/\/gasdum.com\/wp-content\/uploads\/2022\/09\/IMG_0872-710x400.jpg 710w, https:\/\/gasdum.com\/wp-content\/uploads\/2022\/09\/IMG_0872-768x432.jpg 768w, https:\/\/gasdum.com\/wp-content\/uploads\/2022\/09\/IMG_0872-1536x865.jpg 1536w, https:\/\/gasdum.com\/wp-content\/uploads\/2022\/09\/IMG_0872-610x344.jpg 610w, https:\/\/gasdum.com\/wp-content\/uploads\/2022\/09\/IMG_0872-510x287.jpg 510w, https:\/\/gasdum.com\/wp-content\/uploads\/2022\/09\/IMG_0872.jpg 1600w\" sizes=\"auto, (max-width: 1020px) 100vw, 1020px\" \/>\t\t\t\t\t\t\n\t\t\t\t\t<\/div>\n\t\t\t\t\t\t\t\t\n<style>\n#image_495880525 {\n  width: 100%;\n}\n<\/style>\n\t<\/div>\n\t\n<\/div><\/div>\n<div class=\"col grid-col large-3 grid-col-1-2\" ><div class=\"col-inner\">\n\t<div class=\"img has-hover x md-x lg-x y md-y lg-y\" id=\"image_1642133130\">\n\t\t\t\t\t\t\t\t<div class=\"img-inner dark\" >\n\t\t\t<img loading=\"lazy\" decoding=\"async\" width=\"1020\" height=\"765\" src=\"https:\/\/gasdum.com\/wp-content\/uploads\/2023\/10\/a94425460daa5bd932844237683d994-1-1067x800.jpg\" class=\"attachment-large size-large\" alt=\"\" srcset=\"https:\/\/gasdum.com\/wp-content\/uploads\/2023\/10\/a94425460daa5bd932844237683d994-1-1067x800.jpg 1067w, https:\/\/gasdum.com\/wp-content\/uploads\/2023\/10\/a94425460daa5bd932844237683d994-1-533x400.jpg 533w, https:\/\/gasdum.com\/wp-content\/uploads\/2023\/10\/a94425460daa5bd932844237683d994-1-768x576.jpg 768w, https:\/\/gasdum.com\/wp-content\/uploads\/2023\/10\/a94425460daa5bd932844237683d994-1-1536x1152.jpg 1536w, https:\/\/gasdum.com\/wp-content\/uploads\/2023\/10\/a94425460daa5bd932844237683d994-1-2048x1536.jpg 2048w, https:\/\/gasdum.com\/wp-content\/uploads\/2023\/10\/a94425460daa5bd932844237683d994-1-610x458.jpg 610w, https:\/\/gasdum.com\/wp-content\/uploads\/2023\/10\/a94425460daa5bd932844237683d994-1-510x383.jpg 510w\" sizes=\"auto, (max-width: 1020px) 100vw, 1020px\" \/>\t\t\t\t\t\t\n\t\t\t\t\t<\/div>\n\t\t\t\t\t\t\t\t\n<style>\n#image_1642133130 {\n  width: 100%;\n}\n<\/style>\n\t<\/div>\n\t\n<\/div><\/div>\n<div class=\"col grid-col large-3 grid-col-1-2\" ><div class=\"col-inner\">\n\t<div class=\"img has-hover x md-x lg-x y md-y lg-y\" id=\"image_1209945778\">\n\t\t\t\t\t\t\t\t<div class=\"img-inner dark\" >\n\t\t\t<img loading=\"lazy\" decoding=\"async\" width=\"600\" height=\"800\" src=\"https:\/\/gasdum.com\/wp-content\/uploads\/2022\/10\/IMG_1880-600x800.jpg\" class=\"attachment-large size-large\" alt=\"\" srcset=\"https:\/\/gasdum.com\/wp-content\/uploads\/2022\/10\/IMG_1880-600x800.jpg 600w, https:\/\/gasdum.com\/wp-content\/uploads\/2022\/10\/IMG_1880-300x400.jpg 300w, https:\/\/gasdum.com\/wp-content\/uploads\/2022\/10\/IMG_1880-768x1024.jpg 768w, https:\/\/gasdum.com\/wp-content\/uploads\/2022\/10\/IMG_1880-610x813.jpg 610w, https:\/\/gasdum.com\/wp-content\/uploads\/2022\/10\/IMG_1880-510x680.jpg 510w, https:\/\/gasdum.com\/wp-content\/uploads\/2022\/10\/IMG_1880.jpg 960w\" sizes=\"auto, (max-width: 600px) 100vw, 600px\" \/>\t\t\t\t\t\t\n\t\t\t\t\t<\/div>\n\t\t\t\t\t\t\t\t\n<style>\n#image_1209945778 {\n  width: 100%;\n}\n<\/style>\n\t<\/div>\n\t\n<\/div><\/div>\n            <\/div>\n    <style>\n    #banner-grid-1954936430 .grid-col-1{height: 600px}\n    #banner-grid-1954936430 .grid-col-1-2{height: 300px}\n    #banner-grid-1954936430 .grid-col-1-3{height:200px}\n    #banner-grid-1954936430 .grid-col-2-3{height: 400px}\n    #banner-grid-1954936430 .grid-col-1-4{height: 150px}\n    #banner-grid-1954936430 .grid-col-3-4{height: 450px}\n\n\n    \n    \n\n  <\/style>\n    <\/div>\n  \n\t\t<\/div>\n\n\t\t\n<style>\n#section_1422587775 {\n  padding-top: 30px;\n  padding-bottom: 30px;\n}\n#section_1422587775 .section-bg-overlay {\n  background-color: rgba(255, 255, 255, 0.9);\n}\n<\/style>\n\t<\/section>\n\t\n\n\t<section class=\"section\" id=\"section_967954814\">\n\t\t<div class=\"section-bg fill\" >\n\t\t\t\t\t\t\t\t\t\n\t\t\t\n\n\t\t<\/div>\n\n\t\t\n\n\t\t<div class=\"section-content relative\">\n\t\t\t\n<div class=\"row\"  id=\"row-1384030081\">\n\n\t<div id=\"col-1166258736\" class=\"col medium-6 small-12 large-6\"  >\n\t\t\t\t<div class=\"col-inner\"  >\n\t\t\t\n\t\t\t\n<h3><span style=\"font-size: 130%;\" data-text-color=\"primary\">\u00dcber uns -Gasdum, der Name, dem Sie immer vertrauen k\u00f6nnen&#8230;!<\/span><\/h3>\n<h4>Morton Sanitary Ware manufacture limited ist aus jahrelangem Wissen und Know-how in der Herstellung hochwertiger Sanit\u00e4rkeramikprodukte entstanden. Getreu dem Konzept, Tradition mit Innovation zu verbinden, streben wir danach, ein gn\u00e4diges Leben zu schaffen und das beste Sanit\u00e4rwarenunternehmen der Welt zu werden.<\/h4>\n<h4>Im Laufe der Jahre hat Gasdum eine breite Palette von Hochleistungsprodukten mit unverwechselbaren Funktionen und modernstem Design entwickelt, die f\u00fcr alle Sektoren und Budgets geeignet sind, einschlie\u00dflich der M\u00e4rkte f\u00fcr gewerbliche Waschr\u00e4ume, Wohnr\u00e4ume, Bildungseinrichtungen und das Gesundheitswesen. Wir verbessern unsere Innovation und Produktivit\u00e4t durch Personalschulung und Unternehmensmanagement, um der Konkurrenz immer einen Schritt voraus zu sein.<\/h4>\n<h4>Im Laufe der Jahre hat Gasdum eine breite Palette von Hochleistungsprodukten mit unverwechselbaren Funktionen und modernstem Design entwickelt, die f\u00fcr alle Sektoren und Budgets geeignet sind, einschlie\u00dflich der M\u00e4rkte f\u00fcr gewerbliche Waschr\u00e4ume, Wohnr\u00e4ume, Bildungseinrichtungen und das Gesundheitswesen. Wir verbessern unsere Innovation und Produktivit\u00e4t durch Personalschulung und Unternehmensmanagement, um der Konkurrenz immer einen Schritt voraus zu sein.<\/h4>\n<h4><span data-text-color=\"primary\"><strong>Unsere MissionDie <\/strong><\/span><br \/>\nAnpassung an die sich schnell entwickelnde Technologie und die Aufrechterhaltung eines Vorsprungs durch die Bereitstellung unvergleichlicher Produkte und Dienstleistungen f\u00fcr unsere Kunden zu einem wettbewerbsf\u00e4higen Preis.<\/h4>\n<h4><\/h4>\n\t\t<\/div>\n\t\t\t\t\n<style>\n#col-1166258736 > .col-inner {\n  padding: 40px 0px 0px 0px;\n}\n<\/style>\n\t<\/div>\n\n\t\n\n\t<div id=\"col-1860677379\" class=\"col medium-6 small-12 large-6\"  >\n\t\t\t\t<div class=\"col-inner\"  >\n\t\t\t\n\t\t\t\n\t<div class=\"img has-hover x md-x lg-x y md-y lg-y\" id=\"image_1994707443\">\n\t\t\t\t\t\t\t\t<div class=\"img-inner dark\" >\n\t\t\t<img loading=\"lazy\" decoding=\"async\" width=\"485\" height=\"476\" src=\"https:\/\/gasdum.com\/wp-content\/uploads\/2019\/12\/profile.png\" class=\"attachment-original size-original\" alt=\"\" srcset=\"https:\/\/gasdum.com\/wp-content\/uploads\/2019\/12\/profile.png 485w, https:\/\/gasdum.com\/wp-content\/uploads\/2019\/12\/profile-408x400.png 408w\" sizes=\"auto, (max-width: 485px) 100vw, 485px\" \/>\t\t\t\t\t\t\n\t\t\t\t\t<\/div>\n\t\t\t\t\t\t\t\t\n<style>\n#image_1994707443 {\n  width: 100%;\n}\n<\/style>\n\t<\/div>\n\t\n\t\t<\/div>\n\t\t\t\t\n<style>\n#col-1860677379 > .col-inner {\n  margin: -20px 0px 0px 0px;\n}\n<\/style>\n\t<\/div>\n\n\t\n\n\t<div id=\"col-814941315\" class=\"col small-12 large-12\"  >\n\t\t\t\t<div class=\"col-inner\"  >\n\t\t\t\n\t\t\t\n<h4><span data-text-color=\"primary\"><strong>Unsere VisionDie<\/strong><\/span><br \/>Qualit\u00e4t des Lebensstils mit unseren Innovationen in der Produktentwicklung zu verbessern und ein Pionier auf dem Markt der Sanit\u00e4rprodukte zu werden.<\/h4>\n<h4><span data-text-color=\"primary\"><strong>Unsere Qualit\u00e4tspolitik Gasdum<\/strong><\/span><br \/>verfolgt bei der Herstellung aller Produkte den<br \/>Ansatz &#8222;keine Kompromisse bei der Qualit\u00e4t&#8220; und achtet dabei auf den Umweltfaktor in der Struktur. Unser Unternehmen ist nach ISO 9001:2000 zertifiziert, und alle Richtlinien \u00fcbertreffen die nationale Norm GB\/T6952-2005 f\u00fcr Sanit\u00e4rporzellanwaren.<\/h4>\n<h4><span data-text-color=\"primary\"><strong>Unsere Grundwerte<\/strong><\/span><\/h4>\n<h4>Teamarbeit &#8211; Wir arbeiten in Teams, um unseren Brainstorming-Prozess zu verbessern und kreative Wege zur Herstellung von Produkten zu finden.<br \/>Innovation-Innovation ist das Herzst\u00fcck von Gasdum, das in jedem unserer Produkte und Prozesse gef\u00f6rdert wird, um einen un\u00fcbertroffenen Wert f\u00fcr unsere Kunden zu schaffen.<br \/>Agilit\u00e4t &#8211; Wir sind bestrebt, auf neue M\u00f6glichkeiten effektiv zu reagieren und technologische Ver\u00e4nderungen schnell aufzugreifen, um fortschrittliche Chancen zu ergreifen.<br \/>Kundenzentriertheit &#8211; Was immer wir tun, ist die Lebensqualit\u00e4t unserer Kunden zu verbessern, indem wir eine erstklassige Erfahrung und frische Designs anbieten.<br \/>Qualit\u00e4t-Wir sch\u00e4tzen jeden Kunden und setzen alles daran, gesicherte Qualit\u00e4tsprodukte zu liefern, um ihren Erwartungen und ihrem Vertrauen gerecht zu werden.<\/h4>\n<h4><span data-text-color=\"primary\">Was wir tun &#8211; Eleganz. Extravaganz.Jahren begannen wir als QC-Team f\u00fcr Sanit\u00e4rprodukte und f\u00fchrten Qualit\u00e4tskontrollen f\u00fcr viele gro\u00dfe Marken durch, ohne sie zu entt\u00e4uschen. Nachdem wir ein Experte in der Qualit\u00e4tskontrolle geworden waren, stiegen wir in die Herstellung von Sanit\u00e4rprodukten ein. Am Anfang begannen wir nur mit Waschbecken und Toiletten, und heute bieten wir unsere Expertise in allen Arten von Sanit\u00e4rprodukten f\u00fcr Gesch\u00e4fts- und Wohngeb\u00e4ude, Hotels und B\u00fcros an.<\/span><\/h4>\n<h4>Wir bieten eine breite Palette von langlebigen Produkten mit verschiedenen Designs, Themen und Farben, um alle Arten von Kundenanforderungen zu erf\u00fcllen.<\/h4>\n<h4><span data-text-color=\"primary\">ToilettenBei<\/span><br \/>Gasdum haben wir Toiletten mit zahlreichen Designs und Funktionen, die die Einrichtung eines jeden Badezimmers perfekt erg\u00e4nzen werden. Unsere Toiletten-Kollektion umfasst ein- und zweiteilige, wandh\u00e4ngende und geschlossene WCs. Sie sind benutzerfreundlich und haben eine Zweimengensp\u00fcltechnik, die die Wahl zwischen zwei Sp\u00fcloptionen bietet.<br \/>BeckenUnsere<br \/>breite Palette von Waschbecken hat einzigartige Designs und Farben, die unseren Kunden zahlreiche Optionen zur Auswahl bieten. Unsere Becken reichen vom Sockel, gl\u00e4nzend wei\u00df, Farbe Kunst Becken zu Bad Waschbecken mit zeitgen\u00f6ssischen Designs und hochwertige, die perfekt in jedes Badezimmer passen.<br \/>Badezimmer-Schrank<br \/>Die Badezimmerschr\u00e4nke von Gasdum bieten starke Widerstandsf\u00e4higkeit, Korrosionsschutz, Wasserdichtigkeit, gro\u00dfe Tragf\u00e4higkeit und hohe Festigkeit. Es gibt Badschr\u00e4nke f\u00fcr jeden Kundenbedarf; klassisch oder modern, luxuri\u00f6s oder einfach; wir haben f\u00fcr jeden etwas auf Lager.<br \/>Schrank- und LED-SpiegelNeben den<br \/>Sanit\u00e4rartikeln bieten wir auch Schrankspiegel und LED-Spiegel an, die gut zu unseren Waschbecken und Schr\u00e4nken im Bad passen. Diese Spiegel sind mit hochmodernen Designs hergestellt, die das Aussehen jedes Badezimmers aufwerten werden.<\/h4>\n<h4>Warum w\u00e4hlen Sie uns<\/h4>\n<h4>Attraktive DesignsUnsere<br \/>Produkte sind aus einzigartigen und attraktiven Designs gemacht. Mit einem scharfen Auge auf internationale Trends und die neueste Technologie, aktualisieren wir unsere Produktpalette von Zeit zu Zeit, um Ihnen zeitgen\u00f6ssische Designs und glorreiches Leben zu bieten. Unsere Designs umfassen bedruckte Sanit\u00e4rkeramik, bunte Sanit\u00e4rkeramik, antike Sanit\u00e4rkeramik und vieles mehr.<br \/>Hohe Qualit\u00e4tWir<br \/>haben zuvor als Qualit\u00e4tskontrolle Agenten f\u00fcr viele gro\u00dfe Marken und Kunden gedient, die uns ein Experte im Bereich der Qualit\u00e4t gemacht hat. Als ISO 9001:2000-zertifiziertes Unternehmen \u00fcbertreffen alle unsere Richtlinien die nationale Norm GB\/T6952-2005 f\u00fcr Sanit\u00e4rporzellanwaren. Dabei verfolgen wir den Ansatz &#8222;Keine Kompromisse bei der Qualit\u00e4t&#8220;. Alle unsere Produkte werden mit Sorgfalt hergestellt und sind absolut umweltfreundlich.<br \/>LanglebigkeitUm<br \/>unseren Kunden Unannehmlichkeiten und Wartungskosten zu ersparen, stellen wir sehr langlebige Produkte her. Unsere hohen Qualit\u00e4tsstandards stellen sicher, dass jedes Produkt die Erwartungen unserer Kunden \u00fcbertreffen sollte. Wir bieten auch eine Garantie mit jedem Produkt, um ihnen Seelenfrieden zu geben.<br \/><span data-text-color=\"primary\">Forschung und EntwicklungWir<\/span><br \/><span data-text-color=\"primary\">haben hochkompetente Forschungs- und Entwicklungsexperten, die ihre Anstrengungen in die Einf\u00fchrung neuer Techniken und innovativer Technologien f\u00fcr unsere Produkte stecken. Sie sind der Hauptgrund f\u00fcr unsere einzigartig gestalteten Sanit\u00e4rprodukte.<\/span><br \/>UnternehmensmanagementBei<br \/>Gasdum konzentrieren wir uns auf das Unternehmensmanagement, wo wir Personalschulung, Wertsch\u00e4tzung und Belohnungen anbieten. Dies f\u00fchrt letztendlich zu einer besseren Produktivit\u00e4t und hohen Leistung unseres Personals und zu besseren Produkten f\u00fcr unsere Kunden.<br \/>KundenzufriedenheitWir<br \/>sind in unserer Kundenbetreuung immer einen Schritt voraus. Ob sie hochwertige Qualit\u00e4t oder zeitgem\u00e4\u00dfes Design w\u00fcnschen, wir erf\u00fcllen ihre W\u00fcnsche stets zur vollsten Zufriedenheit.<\/h4>\n<h4><span data-text-color=\"primary\"><strong>Bitte kontaktieren Sie uns<\/strong><\/span><\/h4>\n\t\t<\/div>\n\t\t\t\t\n<style>\n#col-814941315 > .col-inner {\n  margin: -20px 0px 0px 0px;\n}\n<\/style>\n\t<\/div>\n\n\t\n<\/div>\n\t\t<\/div>\n\n\t\t\n<style>\n#section_967954814 {\n  padding-top: 30px;\n  padding-bottom: 30px;\n}\n<\/style>\n\t<\/section>\n\t\n","protected":false},"excerpt":{"rendered":"","protected":false},"author":1,"featured_media":4100,"parent":4766,"menu_order":0,"comment_status":"closed","ping_status":"closed","template":"page-blank.php","meta":{"_acf_changed":false,"footnotes":""},"class_list":["post-4098","page","type-page","status-publish","has-post-thumbnail","hentry"],"acf":[],"_links":{"self":[{"href":"https:\/\/gasdum.com\/de\/wp-json\/wp\/v2\/pages\/4098","targetHints":{"allow":["GET"]}}],"collection":[{"href":"https:\/\/gasdum.com\/de\/wp-json\/wp\/v2\/pages"}],"about":[{"href":"https:\/\/gasdum.com\/de\/wp-json\/wp\/v2\/types\/page"}],"author":[{"embeddable":true,"href":"https:\/\/gasdum.com\/de\/wp-json\/wp\/v2\/users\/1"}],"replies":[{"embeddable":true,"href":"https:\/\/gasdum.com\/de\/wp-json\/wp\/v2\/comments?post=4098"}],"version-history":[{"count":0,"href":"https:\/\/gasdum.com\/de\/wp-json\/wp\/v2\/pages\/4098\/revisions"}],"up":[{"embeddable":true,"href":"https:\/\/gasdum.com\/de\/wp-json\/wp\/v2\/pages\/4766"}],"wp:featuredmedia":[{"embeddable":true,"href":"https:\/\/gasdum.com\/de\/wp-json\/wp\/v2\/media\/4100"}],"wp:attachment":[{"href":"https:\/\/gasdum.com\/de\/wp-json\/wp\/v2\/media?parent=4098"}],"curies":[{"name":"wp","href":"https:\/\/api.w.org\/{rel}","templated":true}]}}